{"id":2783,"date":"2026-04-04T08:15:17","date_gmt":"2026-04-04T06:15:17","guid":{"rendered":"https:\/\/vivotis.com\/?post_type=product&#038;p=2783"},"modified":"2026-04-04T11:34:36","modified_gmt":"2026-04-04T09:34:36","slug":"1-2-3-burada-gizlilik-var","status":"publish","type":"product","link":"https:\/\/vivotis.com\/tr\/product\/1-2-3-here-is-privacy\/","title":{"rendered":"1, 2, 3, \u0130\u015fte Gizlilik!"},"content":{"rendered":"<p>K\u00fc\u00e7\u00fck Fil, kendi alan\u0131na, bedenine ve ba\u015fkalar\u0131n\u0131n bedenine sayg\u0131 duymay\u0131 \u00f6\u011frenir. Kendine zaman ay\u0131rabilece\u011fini, hay\u0131r diyebilece\u011fini ve s\u0131n\u0131rlar koyabilece\u011fini ke\u015ffeder. \u00d6zel hayat\u0131n ne oldu\u011funu ve nas\u0131l korunaca\u011f\u0131n\u0131 anlamak i\u00e7in bir kitap.<\/p>","protected":false},"excerpt":{"rendered":"<p>K\u00fc\u00e7\u00fck Fil, kendi alan\u0131na, bedenine ve ba\u015fkalar\u0131n\u0131n bedenine sayg\u0131 duymay\u0131 \u00f6\u011frenir. Kendine zaman ay\u0131rabilece\u011fini, hay\u0131r diyebilece\u011fini ve s\u0131n\u0131rlar koyabilece\u011fini ke\u015ffeder. \u00d6zel hayat\u0131n ne oldu\u011funu ve nas\u0131l korunaca\u011f\u0131n\u0131 anlamak i\u00e7in bir kitap.<\/p>","protected":false},"featured_media":2686,"template":"","meta":{"pmpro_default_level":""},"product_brand":[],"product_cat":[148,66,150,146],"product_tag":[],"class_list":{"0":"post-2783","1":"product","2":"type-product","3":"status-publish","4":"has-post-thumbnail","6":"product_cat-books","7":"product_cat-childrens-books","8":"product_cat-books-little-elephant","9":"product_cat-pdf-gift-premium","10":"pmpro-has-access","12":"first","13":"instock","14":"shipping-taxable","15":"purchasable","16":"product-type-variable"},"yoast_head":"<!-- This site is optimized with the Yoast SEO plugin v27.3 - https:\/\/yoast.com\/product\/yoast-seo-wordpress\/ -->\n<title>1, 2, 3, Here Is Privacy! - Vivotis<\/title>\n<meta name=\"robots\" content=\"index, follow, max-snippet:-1, max-image-preview:large, max-video-preview:-1\" \/>\n<link rel=\"canonical\" href=\"https:\/\/vivotis.com\/tr\/urun\/1-2-3-burada-gizlilik-var\/\" \/>\n<meta property=\"og:locale\" content=\"tr_TR\" \/>\n<meta property=\"og:type\" content=\"article\" \/>\n<meta property=\"og:title\" content=\"1, 2, 3, Here Is Privacy! - Vivotis\" \/>\n<meta property=\"og:description\" content=\"Little Elephant learns to respect his space, his body, and those of others. He discovers he can have time for himself, say no, and set boundaries. A book to understand what is private and how to protect it.\" \/>\n<meta property=\"og:url\" content=\"https:\/\/vivotis.com\/tr\/urun\/1-2-3-burada-gizlilik-var\/\" \/>\n<meta property=\"og:site_name\" content=\"Vivotis\" \/>\n<meta property=\"article:modified_time\" content=\"2026-04-04T09:34:36+00:00\" \/>\n<meta property=\"og:image\" content=\"https:\/\/vivotis.com\/wp-content\/uploads\/2026\/04\/15.png\" \/>\n\t<meta property=\"og:image:width\" content=\"1024\" \/>\n\t<meta property=\"og:image:height\" content=\"1024\" \/>\n\t<meta property=\"og:image:type\" content=\"image\/png\" \/>\n<meta name=\"twitter:card\" content=\"summary_large_image\" \/>\n<meta name=\"twitter:label1\" content=\"Tahmini okuma s\u00fcresi\" \/>\n\t<meta name=\"twitter:data1\" content=\"1 dakika\" \/>\n<script type=\"application\/ld+json\" class=\"yoast-schema-graph\">{\"@context\":\"https:\\\/\\\/schema.org\",\"@graph\":[{\"@type\":\"WebPage\",\"@id\":\"https:\\\/\\\/vivotis.com\\\/product\\\/1-2-3-here-is-privacy\\\/\",\"url\":\"https:\\\/\\\/vivotis.com\\\/product\\\/1-2-3-here-is-privacy\\\/\",\"name\":\"1, 2, 3, Here Is Privacy! - Vivotis\",\"isPartOf\":{\"@id\":\"https:\\\/\\\/vivotis.com\\\/#website\"},\"primaryImageOfPage\":{\"@id\":\"https:\\\/\\\/vivotis.com\\\/product\\\/1-2-3-here-is-privacy\\\/#primaryimage\"},\"image\":{\"@id\":\"https:\\\/\\\/vivotis.com\\\/product\\\/1-2-3-here-is-privacy\\\/#primaryimage\"},\"thumbnailUrl\":\"https:\\\/\\\/vivotis.com\\\/wp-content\\\/uploads\\\/2026\\\/04\\\/15.png\",\"datePublished\":\"2026-04-04T06:15:17+00:00\",\"dateModified\":\"2026-04-04T09:34:36+00:00\",\"breadcrumb\":{\"@id\":\"https:\\\/\\\/vivotis.com\\\/product\\\/1-2-3-here-is-privacy\\\/#breadcrumb\"},\"inLanguage\":\"tr\",\"potentialAction\":[{\"@type\":\"ReadAction\",\"target\":[\"https:\\\/\\\/vivotis.com\\\/product\\\/1-2-3-here-is-privacy\\\/\"]}]},{\"@type\":\"ImageObject\",\"inLanguage\":\"tr\",\"@id\":\"https:\\\/\\\/vivotis.com\\\/product\\\/1-2-3-here-is-privacy\\\/#primaryimage\",\"url\":\"https:\\\/\\\/vivotis.com\\\/wp-content\\\/uploads\\\/2026\\\/04\\\/15.png\",\"contentUrl\":\"https:\\\/\\\/vivotis.com\\\/wp-content\\\/uploads\\\/2026\\\/04\\\/15.png\",\"width\":1024,\"height\":1024},{\"@type\":\"BreadcrumbList\",\"@id\":\"https:\\\/\\\/vivotis.com\\\/product\\\/1-2-3-here-is-privacy\\\/#breadcrumb\",\"itemListElement\":[{\"@type\":\"ListItem\",\"position\":1,\"name\":\"Home\",\"item\":\"https:\\\/\\\/vivotis.com\\\/\"},{\"@type\":\"ListItem\",\"position\":2,\"name\":\"Shop\",\"item\":\"https:\\\/\\\/vivotis.com\\\/shop\\\/\"},{\"@type\":\"ListItem\",\"position\":3,\"name\":\"1, 2, 3, Here Is Privacy!\"}]},{\"@type\":\"WebSite\",\"@id\":\"https:\\\/\\\/vivotis.com\\\/#website\",\"url\":\"https:\\\/\\\/vivotis.com\\\/\",\"name\":\"Vivotis\",\"description\":\"\",\"publisher\":{\"@id\":\"https:\\\/\\\/vivotis.com\\\/#organization\"},\"potentialAction\":[{\"@type\":\"SearchAction\",\"target\":{\"@type\":\"EntryPoint\",\"urlTemplate\":\"https:\\\/\\\/vivotis.com\\\/?s={search_term_string}\"},\"query-input\":{\"@type\":\"PropertyValueSpecification\",\"valueRequired\":true,\"valueName\":\"search_term_string\"}}],\"inLanguage\":\"tr\"},{\"@type\":\"Organization\",\"@id\":\"https:\\\/\\\/vivotis.com\\\/#organization\",\"name\":\"Vivotis\",\"url\":\"https:\\\/\\\/vivotis.com\\\/\",\"logo\":{\"@type\":\"ImageObject\",\"inLanguage\":\"tr\",\"@id\":\"https:\\\/\\\/vivotis.com\\\/#\\\/schema\\\/logo\\\/image\\\/\",\"url\":\"https:\\\/\\\/vivotis.com\\\/wp-content\\\/uploads\\\/2025\\\/11\\\/logo-brand-000000-m-scaled.png\",\"contentUrl\":\"https:\\\/\\\/vivotis.com\\\/wp-content\\\/uploads\\\/2025\\\/11\\\/logo-brand-000000-m-scaled.png\",\"width\":2560,\"height\":1281,\"caption\":\"Vivotis\"},\"image\":{\"@id\":\"https:\\\/\\\/vivotis.com\\\/#\\\/schema\\\/logo\\\/image\\\/\"}}]}<\/script>\n<!-- \/ Yoast SEO plugin. -->","yoast_head_json":{"title":"1, 2, 3, \u0130\u015fte Gizlilik! - Vivotis","robots":{"index":"index","follow":"follow","max-snippet":"max-snippet:-1","max-image-preview":"max-image-preview:large","max-video-preview":"max-video-preview:-1"},"canonical":"https:\/\/vivotis.com\/tr\/urun\/1-2-3-burada-gizlilik-var\/","og_locale":"tr_TR","og_type":"article","og_title":"1, 2, 3, Here Is Privacy! - Vivotis","og_description":"Little Elephant learns to respect his space, his body, and those of others. He discovers he can have time for himself, say no, and set boundaries. A book to understand what is private and how to protect it.","og_url":"https:\/\/vivotis.com\/tr\/urun\/1-2-3-burada-gizlilik-var\/","og_site_name":"Vivotis","article_modified_time":"2026-04-04T09:34:36+00:00","og_image":[{"width":1024,"height":1024,"url":"https:\/\/vivotis.com\/wp-content\/uploads\/2026\/04\/15.png","type":"image\/png"}],"twitter_card":"summary_large_image","twitter_misc":{"Tahmini okuma s\u00fcresi":"1 dakika"},"schema":{"@context":"https:\/\/schema.org","@graph":[{"@type":"WebPage","@id":"https:\/\/vivotis.com\/product\/1-2-3-here-is-privacy\/","url":"https:\/\/vivotis.com\/product\/1-2-3-here-is-privacy\/","name":"1, 2, 3, \u0130\u015fte Gizlilik! - Vivotis","isPartOf":{"@id":"https:\/\/vivotis.com\/#website"},"primaryImageOfPage":{"@id":"https:\/\/vivotis.com\/product\/1-2-3-here-is-privacy\/#primaryimage"},"image":{"@id":"https:\/\/vivotis.com\/product\/1-2-3-here-is-privacy\/#primaryimage"},"thumbnailUrl":"https:\/\/vivotis.com\/wp-content\/uploads\/2026\/04\/15.png","datePublished":"2026-04-04T06:15:17+00:00","dateModified":"2026-04-04T09:34:36+00:00","breadcrumb":{"@id":"https:\/\/vivotis.com\/product\/1-2-3-here-is-privacy\/#breadcrumb"},"inLanguage":"tr","potentialAction":[{"@type":"ReadAction","target":["https:\/\/vivotis.com\/product\/1-2-3-here-is-privacy\/"]}]},{"@type":"ImageObject","inLanguage":"tr","@id":"https:\/\/vivotis.com\/product\/1-2-3-here-is-privacy\/#primaryimage","url":"https:\/\/vivotis.com\/wp-content\/uploads\/2026\/04\/15.png","contentUrl":"https:\/\/vivotis.com\/wp-content\/uploads\/2026\/04\/15.png","width":1024,"height":1024},{"@type":"BreadcrumbList","@id":"https:\/\/vivotis.com\/product\/1-2-3-here-is-privacy\/#breadcrumb","itemListElement":[{"@type":"ListItem","position":1,"name":"Home","item":"https:\/\/vivotis.com\/"},{"@type":"ListItem","position":2,"name":"Shop","item":"https:\/\/vivotis.com\/shop\/"},{"@type":"ListItem","position":3,"name":"1, 2, 3, Here Is Privacy!"}]},{"@type":"WebSite","@id":"https:\/\/vivotis.com\/#website","url":"https:\/\/vivotis.com\/","name":"Vivotis","description":"","publisher":{"@id":"https:\/\/vivotis.com\/#organization"},"potentialAction":[{"@type":"SearchAction","target":{"@type":"EntryPoint","urlTemplate":"https:\/\/vivotis.com\/?s={search_term_string}"},"query-input":{"@type":"PropertyValueSpecification","valueRequired":true,"valueName":"search_term_string"}}],"inLanguage":"tr"},{"@type":"Organization","@id":"https:\/\/vivotis.com\/#organization","name":"Vivotis","url":"https:\/\/vivotis.com\/","logo":{"@type":"ImageObject","inLanguage":"tr","@id":"https:\/\/vivotis.com\/#\/schema\/logo\/image\/","url":"https:\/\/vivotis.com\/wp-content\/uploads\/2025\/11\/logo-brand-000000-m-scaled.png","contentUrl":"https:\/\/vivotis.com\/wp-content\/uploads\/2025\/11\/logo-brand-000000-m-scaled.png","width":2560,"height":1281,"caption":"Vivotis"},"image":{"@id":"https:\/\/vivotis.com\/#\/schema\/logo\/image\/"}}]}},"_links":{"self":[{"href":"https:\/\/vivotis.com\/tr\/wp-json\/wp\/v2\/product\/2783","targetHints":{"allow":["GET"]}}],"collection":[{"href":"https:\/\/vivotis.com\/tr\/wp-json\/wp\/v2\/product"}],"about":[{"href":"https:\/\/vivotis.com\/tr\/wp-json\/wp\/v2\/types\/product"}],"wp:featuredmedia":[{"embeddable":true,"href":"https:\/\/vivotis.com\/tr\/wp-json\/wp\/v2\/media\/2686"}],"wp:attachment":[{"href":"https:\/\/vivotis.com\/tr\/wp-json\/wp\/v2\/media?parent=2783"}],"wp:term":[{"taxonomy":"product_brand","embeddable":true,"href":"https:\/\/vivotis.com\/tr\/wp-json\/wp\/v2\/product_brand?post=2783"},{"taxonomy":"product_cat","embeddable":true,"href":"https:\/\/vivotis.com\/tr\/wp-json\/wp\/v2\/product_cat?post=2783"},{"taxonomy":"product_tag","embeddable":true,"href":"https:\/\/vivotis.com\/tr\/wp-json\/wp\/v2\/product_tag?post=2783"}],"curies":[{"name":"wp","href":"https:\/\/api.w.org\/{rel}","templated":true}]}}