{"id":276,"date":"2025-11-15T14:20:43","date_gmt":"2025-11-15T14:20:43","guid":{"rendered":"https:\/\/vivotis.com\/product\/awareness-mug-adults-are-here-to-protect\/"},"modified":"2025-11-15T14:20:43","modified_gmt":"2025-11-15T14:20:43","slug":"farkindalik-kupa-yetiskinler-korumak-icin-buradalar","status":"publish","type":"product","link":"https:\/\/vivotis.com\/tr\/product\/awareness-mug-adults-are-here-to-protect\/","title":{"rendered":"Fark\u0131ndal\u0131k Kupa - \u201cYeti\u015fkinler korumak i\u00e7in buradad\u0131r.\u201d"},"content":{"rendered":"<p>Bu seramik kupa, g\u00fcnl\u00fck anlar\u0131 \u00f6\u011frenme ve koruma f\u0131rsatlar\u0131na d\u00f6n\u00fc\u015ft\u00fcrmek i\u00e7in tasarlanm\u0131\u015f Vivotis Fark\u0131ndal\u0131k Koleksiyonunun bir par\u00e7as\u0131d\u0131r. Parlak beyaz y\u00fczeyi her tasar\u0131m\u0131n g\u00fczel bir \u015fekilde \u00f6ne \u00e7\u0131kmas\u0131n\u0131 sa\u011flar. Dayan\u0131kl\u0131, mikrodalgada ve bula\u015f\u0131k makinesinde y\u0131kanabilir, uzun \u00f6m\u00fcrl\u00fc kalite sa\u011flar. 325 ml (11 oz). \u00dcr\u00fcn g\u00fcvenli\u011fi ba\u011f\u0131ms\u0131z \u00fc\u00e7\u00fcnc\u00fc taraf laboratuvarlar taraf\u0131ndan test edilmi\u015ftir.<\/p>","protected":false},"excerpt":{"rendered":"<p>Bu seramik kupa, g\u00fcnl\u00fck anlar\u0131 \u00f6\u011frenme ve koruma f\u0131rsatlar\u0131na d\u00f6n\u00fc\u015ft\u00fcrmek i\u00e7in tasarlanm\u0131\u015f Vivotis Fark\u0131ndal\u0131k Koleksiyonunun bir par\u00e7as\u0131d\u0131r. Parlak beyaz y\u00fczeyi her tasar\u0131m\u0131n g\u00fczel bir \u015fekilde \u00f6ne \u00e7\u0131kmas\u0131n\u0131 sa\u011flar. Dayan\u0131kl\u0131, mikrodalgada ve bula\u015f\u0131k makinesinde y\u0131kanabilir, uzun \u00f6m\u00fcrl\u00fc kalite sa\u011flar. 325 ml (11 oz). \u00dcr\u00fcn g\u00fcvenli\u011fi ba\u011f\u0131ms\u0131z \u00fc\u00e7\u00fcnc\u00fc taraf laboratuvarlar taraf\u0131ndan test edilmi\u015ftir.<\/p>","protected":false},"featured_media":275,"template":"","meta":{"pmpro_default_level":""},"product_brand":[],"product_cat":[15],"product_tag":[],"class_list":{"0":"post-276","1":"product","2":"type-product","3":"status-publish","4":"has-post-thumbnail","6":"product_cat-awareness-collection","7":"pmpro-has-access","9":"first","10":"instock","11":"shipping-taxable","12":"purchasable","13":"product-type-simple"},"yoast_head":"<!-- This site is optimized with the Yoast SEO plugin v27.3 - https:\/\/yoast.com\/product\/yoast-seo-wordpress\/ -->\n<title>Awareness Mug \u2013 \u201cAdults are here to protect.\u201d - Vivotis<\/title>\n<meta name=\"robots\" content=\"index, follow, max-snippet:-1, max-image-preview:large, max-video-preview:-1\" \/>\n<link rel=\"canonical\" href=\"https:\/\/vivotis.com\/tr\/urun\/farkindalik-kupa-yetiskinler-korumak-icin-buradalar\/\" \/>\n<meta property=\"og:locale\" content=\"tr_TR\" \/>\n<meta property=\"og:type\" content=\"article\" \/>\n<meta property=\"og:title\" content=\"Awareness Mug \u2013 \u201cAdults are here to protect.\u201d - Vivotis\" \/>\n<meta property=\"og:description\" content=\"This ceramic mug is part of the Vivotis Awareness Collection, designed to turn everyday moments into opportunities for learning and protection. Its glossy white finish makes every design stand out beautifully. Durable, microwave-safe and dishwasher-safe, it ensures long-lasting quality. 325 ml (11 oz). Product safety tested by independent third-party laboratories.\" \/>\n<meta property=\"og:url\" content=\"https:\/\/vivotis.com\/tr\/urun\/farkindalik-kupa-yetiskinler-korumak-icin-buradalar\/\" \/>\n<meta property=\"og:site_name\" content=\"Vivotis\" \/>\n<meta property=\"og:image\" content=\"https:\/\/vivotis.com\/wp-content\/uploads\/2025\/11\/44c16a67-8927-4073-8a6c-081b788676a2.jpg\" \/>\n\t<meta property=\"og:image:width\" content=\"2048\" \/>\n\t<meta property=\"og:image:height\" content=\"2048\" \/>\n\t<meta property=\"og:image:type\" content=\"image\/jpeg\" \/>\n<meta name=\"twitter:card\" content=\"summary_large_image\" \/>\n<script type=\"application\/ld+json\" class=\"yoast-schema-graph\">{\"@context\":\"https:\\\/\\\/schema.org\",\"@graph\":[{\"@type\":\"WebPage\",\"@id\":\"https:\\\/\\\/vivotis.com\\\/product\\\/awareness-mug-adults-are-here-to-protect\\\/\",\"url\":\"https:\\\/\\\/vivotis.com\\\/product\\\/awareness-mug-adults-are-here-to-protect\\\/\",\"name\":\"Awareness Mug \u2013 \u201cAdults are here to protect.\u201d - Vivotis\",\"isPartOf\":{\"@id\":\"https:\\\/\\\/vivotis.com\\\/#website\"},\"primaryImageOfPage\":{\"@id\":\"https:\\\/\\\/vivotis.com\\\/product\\\/awareness-mug-adults-are-here-to-protect\\\/#primaryimage\"},\"image\":{\"@id\":\"https:\\\/\\\/vivotis.com\\\/product\\\/awareness-mug-adults-are-here-to-protect\\\/#primaryimage\"},\"thumbnailUrl\":\"https:\\\/\\\/vivotis.com\\\/wp-content\\\/uploads\\\/2025\\\/11\\\/44c16a67-8927-4073-8a6c-081b788676a2.jpg\",\"datePublished\":\"2025-11-15T14:20:43+00:00\",\"breadcrumb\":{\"@id\":\"https:\\\/\\\/vivotis.com\\\/product\\\/awareness-mug-adults-are-here-to-protect\\\/#breadcrumb\"},\"inLanguage\":\"tr\",\"potentialAction\":[{\"@type\":\"ReadAction\",\"target\":[\"https:\\\/\\\/vivotis.com\\\/product\\\/awareness-mug-adults-are-here-to-protect\\\/\"]}]},{\"@type\":\"ImageObject\",\"inLanguage\":\"tr\",\"@id\":\"https:\\\/\\\/vivotis.com\\\/product\\\/awareness-mug-adults-are-here-to-protect\\\/#primaryimage\",\"url\":\"https:\\\/\\\/vivotis.com\\\/wp-content\\\/uploads\\\/2025\\\/11\\\/44c16a67-8927-4073-8a6c-081b788676a2.jpg\",\"contentUrl\":\"https:\\\/\\\/vivotis.com\\\/wp-content\\\/uploads\\\/2025\\\/11\\\/44c16a67-8927-4073-8a6c-081b788676a2.jpg\",\"width\":2048,\"height\":2048},{\"@type\":\"BreadcrumbList\",\"@id\":\"https:\\\/\\\/vivotis.com\\\/product\\\/awareness-mug-adults-are-here-to-protect\\\/#breadcrumb\",\"itemListElement\":[{\"@type\":\"ListItem\",\"position\":1,\"name\":\"Home\",\"item\":\"https:\\\/\\\/vivotis.com\\\/\"},{\"@type\":\"ListItem\",\"position\":2,\"name\":\"Shop\",\"item\":\"https:\\\/\\\/vivotis.com\\\/shop\\\/\"},{\"@type\":\"ListItem\",\"position\":3,\"name\":\"Awareness Mug \u2013 \u201cAdults are here to protect.\u201d\"}]},{\"@type\":\"WebSite\",\"@id\":\"https:\\\/\\\/vivotis.com\\\/#website\",\"url\":\"https:\\\/\\\/vivotis.com\\\/\",\"name\":\"Vivotis\",\"description\":\"\",\"publisher\":{\"@id\":\"https:\\\/\\\/vivotis.com\\\/#organization\"},\"potentialAction\":[{\"@type\":\"SearchAction\",\"target\":{\"@type\":\"EntryPoint\",\"urlTemplate\":\"https:\\\/\\\/vivotis.com\\\/?s={search_term_string}\"},\"query-input\":{\"@type\":\"PropertyValueSpecification\",\"valueRequired\":true,\"valueName\":\"search_term_string\"}}],\"inLanguage\":\"tr\"},{\"@type\":\"Organization\",\"@id\":\"https:\\\/\\\/vivotis.com\\\/#organization\",\"name\":\"Vivotis\",\"url\":\"https:\\\/\\\/vivotis.com\\\/\",\"logo\":{\"@type\":\"ImageObject\",\"inLanguage\":\"tr\",\"@id\":\"https:\\\/\\\/vivotis.com\\\/#\\\/schema\\\/logo\\\/image\\\/\",\"url\":\"https:\\\/\\\/vivotis.com\\\/wp-content\\\/uploads\\\/2025\\\/11\\\/logo-brand-000000-m-scaled.png\",\"contentUrl\":\"https:\\\/\\\/vivotis.com\\\/wp-content\\\/uploads\\\/2025\\\/11\\\/logo-brand-000000-m-scaled.png\",\"width\":2560,\"height\":1281,\"caption\":\"Vivotis\"},\"image\":{\"@id\":\"https:\\\/\\\/vivotis.com\\\/#\\\/schema\\\/logo\\\/image\\\/\"}}]}<\/script>\n<!-- \/ Yoast SEO plugin. -->","yoast_head_json":{"title":"Fark\u0131ndal\u0131k Kupa - \u201cYeti\u015fkinler korumak i\u00e7in buradad\u0131r.\u201d - Vivotis","robots":{"index":"index","follow":"follow","max-snippet":"max-snippet:-1","max-image-preview":"max-image-preview:large","max-video-preview":"max-video-preview:-1"},"canonical":"https:\/\/vivotis.com\/tr\/urun\/farkindalik-kupa-yetiskinler-korumak-icin-buradalar\/","og_locale":"tr_TR","og_type":"article","og_title":"Awareness Mug \u2013 \u201cAdults are here to protect.\u201d - Vivotis","og_description":"This ceramic mug is part of the Vivotis Awareness Collection, designed to turn everyday moments into opportunities for learning and protection. Its glossy white finish makes every design stand out beautifully. Durable, microwave-safe and dishwasher-safe, it ensures long-lasting quality. 325 ml (11 oz). Product safety tested by independent third-party laboratories.","og_url":"https:\/\/vivotis.com\/tr\/urun\/farkindalik-kupa-yetiskinler-korumak-icin-buradalar\/","og_site_name":"Vivotis","og_image":[{"width":2048,"height":2048,"url":"https:\/\/vivotis.com\/wp-content\/uploads\/2025\/11\/44c16a67-8927-4073-8a6c-081b788676a2.jpg","type":"image\/jpeg"}],"twitter_card":"summary_large_image","schema":{"@context":"https:\/\/schema.org","@graph":[{"@type":"WebPage","@id":"https:\/\/vivotis.com\/product\/awareness-mug-adults-are-here-to-protect\/","url":"https:\/\/vivotis.com\/product\/awareness-mug-adults-are-here-to-protect\/","name":"Fark\u0131ndal\u0131k Kupa - \u201cYeti\u015fkinler korumak i\u00e7in buradad\u0131r.\u201d - Vivotis","isPartOf":{"@id":"https:\/\/vivotis.com\/#website"},"primaryImageOfPage":{"@id":"https:\/\/vivotis.com\/product\/awareness-mug-adults-are-here-to-protect\/#primaryimage"},"image":{"@id":"https:\/\/vivotis.com\/product\/awareness-mug-adults-are-here-to-protect\/#primaryimage"},"thumbnailUrl":"https:\/\/vivotis.com\/wp-content\/uploads\/2025\/11\/44c16a67-8927-4073-8a6c-081b788676a2.jpg","datePublished":"2025-11-15T14:20:43+00:00","breadcrumb":{"@id":"https:\/\/vivotis.com\/product\/awareness-mug-adults-are-here-to-protect\/#breadcrumb"},"inLanguage":"tr","potentialAction":[{"@type":"ReadAction","target":["https:\/\/vivotis.com\/product\/awareness-mug-adults-are-here-to-protect\/"]}]},{"@type":"ImageObject","inLanguage":"tr","@id":"https:\/\/vivotis.com\/product\/awareness-mug-adults-are-here-to-protect\/#primaryimage","url":"https:\/\/vivotis.com\/wp-content\/uploads\/2025\/11\/44c16a67-8927-4073-8a6c-081b788676a2.jpg","contentUrl":"https:\/\/vivotis.com\/wp-content\/uploads\/2025\/11\/44c16a67-8927-4073-8a6c-081b788676a2.jpg","width":2048,"height":2048},{"@type":"BreadcrumbList","@id":"https:\/\/vivotis.com\/product\/awareness-mug-adults-are-here-to-protect\/#breadcrumb","itemListElement":[{"@type":"ListItem","position":1,"name":"Home","item":"https:\/\/vivotis.com\/"},{"@type":"ListItem","position":2,"name":"Shop","item":"https:\/\/vivotis.com\/shop\/"},{"@type":"ListItem","position":3,"name":"Awareness Mug \u2013 \u201cAdults are here to protect.\u201d"}]},{"@type":"WebSite","@id":"https:\/\/vivotis.com\/#website","url":"https:\/\/vivotis.com\/","name":"Vivotis","description":"","publisher":{"@id":"https:\/\/vivotis.com\/#organization"},"potentialAction":[{"@type":"SearchAction","target":{"@type":"EntryPoint","urlTemplate":"https:\/\/vivotis.com\/?s={search_term_string}"},"query-input":{"@type":"PropertyValueSpecification","valueRequired":true,"valueName":"search_term_string"}}],"inLanguage":"tr"},{"@type":"Organization","@id":"https:\/\/vivotis.com\/#organization","name":"Vivotis","url":"https:\/\/vivotis.com\/","logo":{"@type":"ImageObject","inLanguage":"tr","@id":"https:\/\/vivotis.com\/#\/schema\/logo\/image\/","url":"https:\/\/vivotis.com\/wp-content\/uploads\/2025\/11\/logo-brand-000000-m-scaled.png","contentUrl":"https:\/\/vivotis.com\/wp-content\/uploads\/2025\/11\/logo-brand-000000-m-scaled.png","width":2560,"height":1281,"caption":"Vivotis"},"image":{"@id":"https:\/\/vivotis.com\/#\/schema\/logo\/image\/"}}]}},"_links":{"self":[{"href":"https:\/\/vivotis.com\/tr\/wp-json\/wp\/v2\/product\/276","targetHints":{"allow":["GET"]}}],"collection":[{"href":"https:\/\/vivotis.com\/tr\/wp-json\/wp\/v2\/product"}],"about":[{"href":"https:\/\/vivotis.com\/tr\/wp-json\/wp\/v2\/types\/product"}],"wp:featuredmedia":[{"embeddable":true,"href":"https:\/\/vivotis.com\/tr\/wp-json\/wp\/v2\/media\/275"}],"wp:attachment":[{"href":"https:\/\/vivotis.com\/tr\/wp-json\/wp\/v2\/media?parent=276"}],"wp:term":[{"taxonomy":"product_brand","embeddable":true,"href":"https:\/\/vivotis.com\/tr\/wp-json\/wp\/v2\/product_brand?post=276"},{"taxonomy":"product_cat","embeddable":true,"href":"https:\/\/vivotis.com\/tr\/wp-json\/wp\/v2\/product_cat?post=276"},{"taxonomy":"product_tag","embeddable":true,"href":"https:\/\/vivotis.com\/tr\/wp-json\/wp\/v2\/product_tag?post=276"}],"curies":[{"name":"wp","href":"https:\/\/api.w.org\/{rel}","templated":true}]}}