{"id":1947,"date":"2025-12-27T16:19:37","date_gmt":"2025-12-27T16:19:37","guid":{"rendered":"https:\/\/vivotis.com\/?post_type=product&#038;p=1947"},"modified":"2026-04-03T19:38:19","modified_gmt":"2026-04-03T19:38:19","slug":"dur-dedigimiz-gun","status":"publish","type":"product","link":"https:\/\/vivotis.com\/tr\/product\/the-day-we-said-stop\/","title":{"rendered":"\u201cDur\u201d Dedi\u011fimiz G\u00fcn\u201d"},"content":{"rendered":"<p>Okul bah\u00e7esinde can yakan bir sessizlik vard\u0131r. Ta ki \u00e7ocuklar uzaklara bakmay\u0131 b\u0131rakacak cesareti bulana kadar. \u00c7ocuklar\u0131n zorbal\u0131k durumlar\u0131nda g\u00f6rg\u00fc tan\u0131klar\u0131n\u0131n \u00f6nemli rol\u00fcn\u00fc anlamalar\u0131na yard\u0131mc\u0131 olacak nazik bir hikaye.<\/p>","protected":false},"excerpt":{"rendered":"<p>Okul bah\u00e7esinde can yakan bir sessizlik vard\u0131r. Ta ki \u00e7ocuklar uzaklara bakmay\u0131 b\u0131rakacak cesareti bulana kadar. \u00c7ocuklar\u0131n zorbal\u0131k durumlar\u0131nda g\u00f6rg\u00fc tan\u0131klar\u0131n\u0131n \u00f6nemli rol\u00fcn\u00fc anlamalar\u0131na yard\u0131mc\u0131 olacak nazik bir hikaye.<\/p>","protected":false},"featured_media":1963,"template":"","meta":{"pmpro_default_level":""},"product_brand":[],"product_cat":[148,66,151,146],"product_tag":[],"class_list":{"0":"post-1947","1":"product","2":"type-product","3":"status-publish","4":"has-post-thumbnail","6":"product_cat-books","7":"product_cat-childrens-books","8":"product_cat-books-not-little-elephant","9":"product_cat-pdf-gift-premium","10":"pmpro-has-access","12":"first","13":"instock","14":"shipping-taxable","15":"purchasable","16":"product-type-variable"},"yoast_head":"<!-- This site is optimized with the Yoast SEO plugin v27.3 - https:\/\/yoast.com\/product\/yoast-seo-wordpress\/ -->\n<title>The Day We Said \u201cStop\u201d - Vivotis<\/title>\n<meta name=\"robots\" content=\"index, follow, max-snippet:-1, max-image-preview:large, max-video-preview:-1\" \/>\n<link rel=\"canonical\" href=\"https:\/\/vivotis.com\/tr\/urun\/dur-dedigimiz-gun\/\" \/>\n<meta property=\"og:locale\" content=\"tr_TR\" \/>\n<meta property=\"og:type\" content=\"article\" \/>\n<meta property=\"og:title\" content=\"The Day We Said \u201cStop\u201d - Vivotis\" \/>\n<meta property=\"og:description\" content=\"In the schoolyard, there is a silence that hurts. Until the day children find the courage to stop looking away. A gentle story to help children understand the essential role of bystanders in situations of bullying.\" \/>\n<meta property=\"og:url\" content=\"https:\/\/vivotis.com\/tr\/urun\/dur-dedigimiz-gun\/\" \/>\n<meta property=\"og:site_name\" content=\"Vivotis\" \/>\n<meta property=\"article:modified_time\" content=\"2026-04-03T19:38:19+00:00\" \/>\n<meta property=\"og:image\" content=\"https:\/\/vivotis.com\/wp-content\/uploads\/2025\/12\/L004.jpg\" \/>\n\t<meta property=\"og:image:width\" content=\"600\" \/>\n\t<meta property=\"og:image:height\" content=\"600\" \/>\n\t<meta property=\"og:image:type\" content=\"image\/jpeg\" \/>\n<meta name=\"twitter:card\" content=\"summary_large_image\" \/>\n<meta name=\"twitter:label1\" content=\"Tahmini okuma s\u00fcresi\" \/>\n\t<meta name=\"twitter:data1\" content=\"1 dakika\" \/>\n<script type=\"application\/ld+json\" class=\"yoast-schema-graph\">{\"@context\":\"https:\\\/\\\/schema.org\",\"@graph\":[{\"@type\":\"WebPage\",\"@id\":\"https:\\\/\\\/vivotis.com\\\/product\\\/the-day-we-said-stop\\\/\",\"url\":\"https:\\\/\\\/vivotis.com\\\/product\\\/the-day-we-said-stop\\\/\",\"name\":\"The Day We Said \u201cStop\u201d - Vivotis\",\"isPartOf\":{\"@id\":\"https:\\\/\\\/vivotis.com\\\/#website\"},\"primaryImageOfPage\":{\"@id\":\"https:\\\/\\\/vivotis.com\\\/product\\\/the-day-we-said-stop\\\/#primaryimage\"},\"image\":{\"@id\":\"https:\\\/\\\/vivotis.com\\\/product\\\/the-day-we-said-stop\\\/#primaryimage\"},\"thumbnailUrl\":\"https:\\\/\\\/vivotis.com\\\/wp-content\\\/uploads\\\/2025\\\/12\\\/L004.jpg\",\"datePublished\":\"2025-12-27T16:19:37+00:00\",\"dateModified\":\"2026-04-03T19:38:19+00:00\",\"breadcrumb\":{\"@id\":\"https:\\\/\\\/vivotis.com\\\/product\\\/the-day-we-said-stop\\\/#breadcrumb\"},\"inLanguage\":\"tr\",\"potentialAction\":[{\"@type\":\"ReadAction\",\"target\":[\"https:\\\/\\\/vivotis.com\\\/product\\\/the-day-we-said-stop\\\/\"]}]},{\"@type\":\"ImageObject\",\"inLanguage\":\"tr\",\"@id\":\"https:\\\/\\\/vivotis.com\\\/product\\\/the-day-we-said-stop\\\/#primaryimage\",\"url\":\"https:\\\/\\\/vivotis.com\\\/wp-content\\\/uploads\\\/2025\\\/12\\\/L004.jpg\",\"contentUrl\":\"https:\\\/\\\/vivotis.com\\\/wp-content\\\/uploads\\\/2025\\\/12\\\/L004.jpg\",\"width\":600,\"height\":600},{\"@type\":\"BreadcrumbList\",\"@id\":\"https:\\\/\\\/vivotis.com\\\/product\\\/the-day-we-said-stop\\\/#breadcrumb\",\"itemListElement\":[{\"@type\":\"ListItem\",\"position\":1,\"name\":\"Home\",\"item\":\"https:\\\/\\\/vivotis.com\\\/\"},{\"@type\":\"ListItem\",\"position\":2,\"name\":\"Shop\",\"item\":\"https:\\\/\\\/vivotis.com\\\/shop\\\/\"},{\"@type\":\"ListItem\",\"position\":3,\"name\":\"The Day We Said \u201cStop\u201d\"}]},{\"@type\":\"WebSite\",\"@id\":\"https:\\\/\\\/vivotis.com\\\/#website\",\"url\":\"https:\\\/\\\/vivotis.com\\\/\",\"name\":\"Vivotis\",\"description\":\"\",\"publisher\":{\"@id\":\"https:\\\/\\\/vivotis.com\\\/#organization\"},\"potentialAction\":[{\"@type\":\"SearchAction\",\"target\":{\"@type\":\"EntryPoint\",\"urlTemplate\":\"https:\\\/\\\/vivotis.com\\\/?s={search_term_string}\"},\"query-input\":{\"@type\":\"PropertyValueSpecification\",\"valueRequired\":true,\"valueName\":\"search_term_string\"}}],\"inLanguage\":\"tr\"},{\"@type\":\"Organization\",\"@id\":\"https:\\\/\\\/vivotis.com\\\/#organization\",\"name\":\"Vivotis\",\"url\":\"https:\\\/\\\/vivotis.com\\\/\",\"logo\":{\"@type\":\"ImageObject\",\"inLanguage\":\"tr\",\"@id\":\"https:\\\/\\\/vivotis.com\\\/#\\\/schema\\\/logo\\\/image\\\/\",\"url\":\"https:\\\/\\\/vivotis.com\\\/wp-content\\\/uploads\\\/2025\\\/11\\\/logo-brand-000000-m-scaled.png\",\"contentUrl\":\"https:\\\/\\\/vivotis.com\\\/wp-content\\\/uploads\\\/2025\\\/11\\\/logo-brand-000000-m-scaled.png\",\"width\":2560,\"height\":1281,\"caption\":\"Vivotis\"},\"image\":{\"@id\":\"https:\\\/\\\/vivotis.com\\\/#\\\/schema\\\/logo\\\/image\\\/\"}}]}<\/script>\n<!-- \/ Yoast SEO plugin. -->","yoast_head_json":{"title":"\u201cDur\u201d Dedi\u011fimiz G\u00fcn - Vivotis","robots":{"index":"index","follow":"follow","max-snippet":"max-snippet:-1","max-image-preview":"max-image-preview:large","max-video-preview":"max-video-preview:-1"},"canonical":"https:\/\/vivotis.com\/tr\/urun\/dur-dedigimiz-gun\/","og_locale":"tr_TR","og_type":"article","og_title":"The Day We Said \u201cStop\u201d - Vivotis","og_description":"In the schoolyard, there is a silence that hurts. Until the day children find the courage to stop looking away. A gentle story to help children understand the essential role of bystanders in situations of bullying.","og_url":"https:\/\/vivotis.com\/tr\/urun\/dur-dedigimiz-gun\/","og_site_name":"Vivotis","article_modified_time":"2026-04-03T19:38:19+00:00","og_image":[{"width":600,"height":600,"url":"https:\/\/vivotis.com\/wp-content\/uploads\/2025\/12\/L004.jpg","type":"image\/jpeg"}],"twitter_card":"summary_large_image","twitter_misc":{"Tahmini okuma s\u00fcresi":"1 dakika"},"schema":{"@context":"https:\/\/schema.org","@graph":[{"@type":"WebPage","@id":"https:\/\/vivotis.com\/product\/the-day-we-said-stop\/","url":"https:\/\/vivotis.com\/product\/the-day-we-said-stop\/","name":"\u201cDur\u201d Dedi\u011fimiz G\u00fcn - Vivotis","isPartOf":{"@id":"https:\/\/vivotis.com\/#website"},"primaryImageOfPage":{"@id":"https:\/\/vivotis.com\/product\/the-day-we-said-stop\/#primaryimage"},"image":{"@id":"https:\/\/vivotis.com\/product\/the-day-we-said-stop\/#primaryimage"},"thumbnailUrl":"https:\/\/vivotis.com\/wp-content\/uploads\/2025\/12\/L004.jpg","datePublished":"2025-12-27T16:19:37+00:00","dateModified":"2026-04-03T19:38:19+00:00","breadcrumb":{"@id":"https:\/\/vivotis.com\/product\/the-day-we-said-stop\/#breadcrumb"},"inLanguage":"tr","potentialAction":[{"@type":"ReadAction","target":["https:\/\/vivotis.com\/product\/the-day-we-said-stop\/"]}]},{"@type":"ImageObject","inLanguage":"tr","@id":"https:\/\/vivotis.com\/product\/the-day-we-said-stop\/#primaryimage","url":"https:\/\/vivotis.com\/wp-content\/uploads\/2025\/12\/L004.jpg","contentUrl":"https:\/\/vivotis.com\/wp-content\/uploads\/2025\/12\/L004.jpg","width":600,"height":600},{"@type":"BreadcrumbList","@id":"https:\/\/vivotis.com\/product\/the-day-we-said-stop\/#breadcrumb","itemListElement":[{"@type":"ListItem","position":1,"name":"Home","item":"https:\/\/vivotis.com\/"},{"@type":"ListItem","position":2,"name":"Shop","item":"https:\/\/vivotis.com\/shop\/"},{"@type":"ListItem","position":3,"name":"The Day We Said \u201cStop\u201d"}]},{"@type":"WebSite","@id":"https:\/\/vivotis.com\/#website","url":"https:\/\/vivotis.com\/","name":"Vivotis","description":"","publisher":{"@id":"https:\/\/vivotis.com\/#organization"},"potentialAction":[{"@type":"SearchAction","target":{"@type":"EntryPoint","urlTemplate":"https:\/\/vivotis.com\/?s={search_term_string}"},"query-input":{"@type":"PropertyValueSpecification","valueRequired":true,"valueName":"search_term_string"}}],"inLanguage":"tr"},{"@type":"Organization","@id":"https:\/\/vivotis.com\/#organization","name":"Vivotis","url":"https:\/\/vivotis.com\/","logo":{"@type":"ImageObject","inLanguage":"tr","@id":"https:\/\/vivotis.com\/#\/schema\/logo\/image\/","url":"https:\/\/vivotis.com\/wp-content\/uploads\/2025\/11\/logo-brand-000000-m-scaled.png","contentUrl":"https:\/\/vivotis.com\/wp-content\/uploads\/2025\/11\/logo-brand-000000-m-scaled.png","width":2560,"height":1281,"caption":"Vivotis"},"image":{"@id":"https:\/\/vivotis.com\/#\/schema\/logo\/image\/"}}]}},"_links":{"self":[{"href":"https:\/\/vivotis.com\/tr\/wp-json\/wp\/v2\/product\/1947","targetHints":{"allow":["GET"]}}],"collection":[{"href":"https:\/\/vivotis.com\/tr\/wp-json\/wp\/v2\/product"}],"about":[{"href":"https:\/\/vivotis.com\/tr\/wp-json\/wp\/v2\/types\/product"}],"wp:featuredmedia":[{"embeddable":true,"href":"https:\/\/vivotis.com\/tr\/wp-json\/wp\/v2\/media\/1963"}],"wp:attachment":[{"href":"https:\/\/vivotis.com\/tr\/wp-json\/wp\/v2\/media?parent=1947"}],"wp:term":[{"taxonomy":"product_brand","embeddable":true,"href":"https:\/\/vivotis.com\/tr\/wp-json\/wp\/v2\/product_brand?post=1947"},{"taxonomy":"product_cat","embeddable":true,"href":"https:\/\/vivotis.com\/tr\/wp-json\/wp\/v2\/product_cat?post=1947"},{"taxonomy":"product_tag","embeddable":true,"href":"https:\/\/vivotis.com\/tr\/wp-json\/wp\/v2\/product_tag?post=1947"}],"curies":[{"name":"wp","href":"https:\/\/api.w.org\/{rel}","templated":true}]}}