{"id":1397,"date":"2025-11-27T19:20:05","date_gmt":"2025-11-27T19:20:05","guid":{"rendered":"https:\/\/vivotis.com\/?post_type=product&#038;p=1397"},"modified":"2026-04-03T18:23:10","modified_gmt":"2026-04-03T18:23:10","slug":"cocuklar-ve-ergenler-i%cc%87ci%cc%87n-kapsamli-duygusal-egi%cc%87ti%cc%87m-programi","status":"publish","type":"product","link":"https:\/\/vivotis.com\/tr\/product\/comprehensive-affective-education-program-for-children-and-adolescents\/","title":{"rendered":"\u00c7ocuklar ve Ergenler i\u00e7in Kapsaml\u0131 Duygusal E\u011fitim Program\u0131"},"content":{"rendered":"<p>Bu kitap, D\u00fcnya Sa\u011fl\u0131k \u00d6rg\u00fct\u00fc (WHO) ve UNICEF'in uluslararas\u0131 tavsiyeleriyle uyumlu, kapsaml\u0131 bir duygusal e\u011fitim program\u0131 sunmaktad\u0131r. Farkl\u0131 k\u00fclt\u00fcrel ge\u00e7mi\u015flerden gelen \u00e7ocuklar ve ergenler i\u00e7in tasarlanan bu kitap, duygusal, ili\u015fkisel ve sosyal geli\u015fime, her bireye \u00f6zen, haysiyet ve sayg\u0131 temelinde k\u00fcresel bir yakla\u015f\u0131m sunmaktad\u0131r.<\/p>","protected":false},"excerpt":{"rendered":"<p>Bu kitap, D\u00fcnya Sa\u011fl\u0131k \u00d6rg\u00fct\u00fc (WHO) ve UNICEF'in uluslararas\u0131 tavsiyeleriyle uyumlu, kapsaml\u0131 bir duygusal e\u011fitim program\u0131 sunmaktad\u0131r. Farkl\u0131 k\u00fclt\u00fcrel ge\u00e7mi\u015flerden gelen \u00e7ocuklar ve ergenler i\u00e7in tasarlanan bu kitap, duygusal, ili\u015fkisel ve sosyal geli\u015fime, her bireye \u00f6zen, haysiyet ve sayg\u0131 temelinde k\u00fcresel bir yakla\u015f\u0131m sunmaktad\u0131r.<\/p>","protected":false},"featured_media":1398,"template":"","meta":{"pmpro_default_level":""},"product_brand":[],"product_cat":[68,148],"product_tag":[],"class_list":{"0":"post-1397","1":"product","2":"type-product","3":"status-publish","4":"has-post-thumbnail","6":"product_cat-adult-reads","7":"product_cat-books","8":"pmpro-has-access","10":"first","11":"instock","12":"shipping-taxable","13":"purchasable","14":"product-type-variable"},"yoast_head":"<!-- This site is optimized with the Yoast SEO plugin v27.3 - https:\/\/yoast.com\/product\/yoast-seo-wordpress\/ -->\n<title>Comprehensive Affective Education Program for Children and Adolescents - Vivotis<\/title>\n<meta name=\"robots\" content=\"index, follow, max-snippet:-1, max-image-preview:large, max-video-preview:-1\" \/>\n<link rel=\"canonical\" href=\"https:\/\/vivotis.com\/tr\/urun\/cocuklar-ve-ergenler-i\u0307ci\u0307n-kapsamli-duygusal-egi\u0307ti\u0307m-programi\/\" \/>\n<meta property=\"og:locale\" content=\"tr_TR\" \/>\n<meta property=\"og:type\" content=\"article\" \/>\n<meta property=\"og:title\" content=\"Comprehensive Affective Education Program for Children and Adolescents - Vivotis\" \/>\n<meta property=\"og:description\" content=\"This book presents a comprehensive program of affective education, aligned with the international recommendations of the World Health Organization (WHO) and UNICEF. Designed for children and adolescents from diverse cultural backgrounds, it offers a global approach to emotional, relational, and social development, grounded in care, dignity, and respect for every individual.\" \/>\n<meta property=\"og:url\" content=\"https:\/\/vivotis.com\/tr\/urun\/cocuklar-ve-ergenler-i\u0307ci\u0307n-kapsamli-duygusal-egi\u0307ti\u0307m-programi\/\" \/>\n<meta property=\"og:site_name\" content=\"Vivotis\" \/>\n<meta property=\"article:modified_time\" content=\"2026-04-03T18:23:10+00:00\" \/>\n<meta property=\"og:image\" content=\"https:\/\/vivotis.com\/wp-content\/uploads\/2025\/11\/L001.jpeg\" \/>\n\t<meta property=\"og:image:width\" content=\"1107\" \/>\n\t<meta property=\"og:image:height\" content=\"1105\" \/>\n\t<meta property=\"og:image:type\" content=\"image\/jpeg\" \/>\n<meta name=\"twitter:card\" content=\"summary_large_image\" \/>\n<meta name=\"twitter:label1\" content=\"Tahmini okuma s\u00fcresi\" \/>\n\t<meta name=\"twitter:data1\" content=\"1 dakika\" \/>\n<script type=\"application\/ld+json\" class=\"yoast-schema-graph\">{\"@context\":\"https:\\\/\\\/schema.org\",\"@graph\":[{\"@type\":\"WebPage\",\"@id\":\"https:\\\/\\\/vivotis.com\\\/product\\\/comprehensive-affective-education-program-for-children-and-adolescents\\\/\",\"url\":\"https:\\\/\\\/vivotis.com\\\/product\\\/comprehensive-affective-education-program-for-children-and-adolescents\\\/\",\"name\":\"Comprehensive Affective Education Program for Children and Adolescents - Vivotis\",\"isPartOf\":{\"@id\":\"https:\\\/\\\/vivotis.com\\\/#website\"},\"primaryImageOfPage\":{\"@id\":\"https:\\\/\\\/vivotis.com\\\/product\\\/comprehensive-affective-education-program-for-children-and-adolescents\\\/#primaryimage\"},\"image\":{\"@id\":\"https:\\\/\\\/vivotis.com\\\/product\\\/comprehensive-affective-education-program-for-children-and-adolescents\\\/#primaryimage\"},\"thumbnailUrl\":\"https:\\\/\\\/vivotis.com\\\/wp-content\\\/uploads\\\/2025\\\/11\\\/L001.jpeg\",\"datePublished\":\"2025-11-27T19:20:05+00:00\",\"dateModified\":\"2026-04-03T18:23:10+00:00\",\"breadcrumb\":{\"@id\":\"https:\\\/\\\/vivotis.com\\\/product\\\/comprehensive-affective-education-program-for-children-and-adolescents\\\/#breadcrumb\"},\"inLanguage\":\"tr\",\"potentialAction\":[{\"@type\":\"ReadAction\",\"target\":[\"https:\\\/\\\/vivotis.com\\\/product\\\/comprehensive-affective-education-program-for-children-and-adolescents\\\/\"]}]},{\"@type\":\"ImageObject\",\"inLanguage\":\"tr\",\"@id\":\"https:\\\/\\\/vivotis.com\\\/product\\\/comprehensive-affective-education-program-for-children-and-adolescents\\\/#primaryimage\",\"url\":\"https:\\\/\\\/vivotis.com\\\/wp-content\\\/uploads\\\/2025\\\/11\\\/L001.jpeg\",\"contentUrl\":\"https:\\\/\\\/vivotis.com\\\/wp-content\\\/uploads\\\/2025\\\/11\\\/L001.jpeg\",\"width\":1107,\"height\":1105},{\"@type\":\"BreadcrumbList\",\"@id\":\"https:\\\/\\\/vivotis.com\\\/product\\\/comprehensive-affective-education-program-for-children-and-adolescents\\\/#breadcrumb\",\"itemListElement\":[{\"@type\":\"ListItem\",\"position\":1,\"name\":\"Home\",\"item\":\"https:\\\/\\\/vivotis.com\\\/\"},{\"@type\":\"ListItem\",\"position\":2,\"name\":\"Shop\",\"item\":\"https:\\\/\\\/vivotis.com\\\/shop\\\/\"},{\"@type\":\"ListItem\",\"position\":3,\"name\":\"Comprehensive Affective Education Program for Children and Adolescents\"}]},{\"@type\":\"WebSite\",\"@id\":\"https:\\\/\\\/vivotis.com\\\/#website\",\"url\":\"https:\\\/\\\/vivotis.com\\\/\",\"name\":\"Vivotis\",\"description\":\"\",\"publisher\":{\"@id\":\"https:\\\/\\\/vivotis.com\\\/#organization\"},\"potentialAction\":[{\"@type\":\"SearchAction\",\"target\":{\"@type\":\"EntryPoint\",\"urlTemplate\":\"https:\\\/\\\/vivotis.com\\\/?s={search_term_string}\"},\"query-input\":{\"@type\":\"PropertyValueSpecification\",\"valueRequired\":true,\"valueName\":\"search_term_string\"}}],\"inLanguage\":\"tr\"},{\"@type\":\"Organization\",\"@id\":\"https:\\\/\\\/vivotis.com\\\/#organization\",\"name\":\"Vivotis\",\"url\":\"https:\\\/\\\/vivotis.com\\\/\",\"logo\":{\"@type\":\"ImageObject\",\"inLanguage\":\"tr\",\"@id\":\"https:\\\/\\\/vivotis.com\\\/#\\\/schema\\\/logo\\\/image\\\/\",\"url\":\"https:\\\/\\\/vivotis.com\\\/wp-content\\\/uploads\\\/2025\\\/11\\\/logo-brand-000000-m-scaled.png\",\"contentUrl\":\"https:\\\/\\\/vivotis.com\\\/wp-content\\\/uploads\\\/2025\\\/11\\\/logo-brand-000000-m-scaled.png\",\"width\":2560,\"height\":1281,\"caption\":\"Vivotis\"},\"image\":{\"@id\":\"https:\\\/\\\/vivotis.com\\\/#\\\/schema\\\/logo\\\/image\\\/\"}}]}<\/script>\n<!-- \/ Yoast SEO plugin. -->","yoast_head_json":{"title":"\u00c7ocuklar ve Ergenler i\u00e7in Kapsaml\u0131 Duygusal E\u011fitim Program\u0131 - Vivotis","robots":{"index":"index","follow":"follow","max-snippet":"max-snippet:-1","max-image-preview":"max-image-preview:large","max-video-preview":"max-video-preview:-1"},"canonical":"https:\/\/vivotis.com\/tr\/urun\/cocuklar-ve-ergenler-i\u0307ci\u0307n-kapsamli-duygusal-egi\u0307ti\u0307m-programi\/","og_locale":"tr_TR","og_type":"article","og_title":"Comprehensive Affective Education Program for Children and Adolescents - Vivotis","og_description":"This book presents a comprehensive program of affective education, aligned with the international recommendations of the World Health Organization (WHO) and UNICEF. Designed for children and adolescents from diverse cultural backgrounds, it offers a global approach to emotional, relational, and social development, grounded in care, dignity, and respect for every individual.","og_url":"https:\/\/vivotis.com\/tr\/urun\/cocuklar-ve-ergenler-i\u0307ci\u0307n-kapsamli-duygusal-egi\u0307ti\u0307m-programi\/","og_site_name":"Vivotis","article_modified_time":"2026-04-03T18:23:10+00:00","og_image":[{"width":1107,"height":1105,"url":"https:\/\/vivotis.com\/wp-content\/uploads\/2025\/11\/L001.jpeg","type":"image\/jpeg"}],"twitter_card":"summary_large_image","twitter_misc":{"Tahmini okuma s\u00fcresi":"1 dakika"},"schema":{"@context":"https:\/\/schema.org","@graph":[{"@type":"WebPage","@id":"https:\/\/vivotis.com\/product\/comprehensive-affective-education-program-for-children-and-adolescents\/","url":"https:\/\/vivotis.com\/product\/comprehensive-affective-education-program-for-children-and-adolescents\/","name":"\u00c7ocuklar ve Ergenler i\u00e7in Kapsaml\u0131 Duygusal E\u011fitim Program\u0131 - Vivotis","isPartOf":{"@id":"https:\/\/vivotis.com\/#website"},"primaryImageOfPage":{"@id":"https:\/\/vivotis.com\/product\/comprehensive-affective-education-program-for-children-and-adolescents\/#primaryimage"},"image":{"@id":"https:\/\/vivotis.com\/product\/comprehensive-affective-education-program-for-children-and-adolescents\/#primaryimage"},"thumbnailUrl":"https:\/\/vivotis.com\/wp-content\/uploads\/2025\/11\/L001.jpeg","datePublished":"2025-11-27T19:20:05+00:00","dateModified":"2026-04-03T18:23:10+00:00","breadcrumb":{"@id":"https:\/\/vivotis.com\/product\/comprehensive-affective-education-program-for-children-and-adolescents\/#breadcrumb"},"inLanguage":"tr","potentialAction":[{"@type":"ReadAction","target":["https:\/\/vivotis.com\/product\/comprehensive-affective-education-program-for-children-and-adolescents\/"]}]},{"@type":"ImageObject","inLanguage":"tr","@id":"https:\/\/vivotis.com\/product\/comprehensive-affective-education-program-for-children-and-adolescents\/#primaryimage","url":"https:\/\/vivotis.com\/wp-content\/uploads\/2025\/11\/L001.jpeg","contentUrl":"https:\/\/vivotis.com\/wp-content\/uploads\/2025\/11\/L001.jpeg","width":1107,"height":1105},{"@type":"BreadcrumbList","@id":"https:\/\/vivotis.com\/product\/comprehensive-affective-education-program-for-children-and-adolescents\/#breadcrumb","itemListElement":[{"@type":"ListItem","position":1,"name":"Home","item":"https:\/\/vivotis.com\/"},{"@type":"ListItem","position":2,"name":"Shop","item":"https:\/\/vivotis.com\/shop\/"},{"@type":"ListItem","position":3,"name":"Comprehensive Affective Education Program for Children and Adolescents"}]},{"@type":"WebSite","@id":"https:\/\/vivotis.com\/#website","url":"https:\/\/vivotis.com\/","name":"Vivotis","description":"","publisher":{"@id":"https:\/\/vivotis.com\/#organization"},"potentialAction":[{"@type":"SearchAction","target":{"@type":"EntryPoint","urlTemplate":"https:\/\/vivotis.com\/?s={search_term_string}"},"query-input":{"@type":"PropertyValueSpecification","valueRequired":true,"valueName":"search_term_string"}}],"inLanguage":"tr"},{"@type":"Organization","@id":"https:\/\/vivotis.com\/#organization","name":"Vivotis","url":"https:\/\/vivotis.com\/","logo":{"@type":"ImageObject","inLanguage":"tr","@id":"https:\/\/vivotis.com\/#\/schema\/logo\/image\/","url":"https:\/\/vivotis.com\/wp-content\/uploads\/2025\/11\/logo-brand-000000-m-scaled.png","contentUrl":"https:\/\/vivotis.com\/wp-content\/uploads\/2025\/11\/logo-brand-000000-m-scaled.png","width":2560,"height":1281,"caption":"Vivotis"},"image":{"@id":"https:\/\/vivotis.com\/#\/schema\/logo\/image\/"}}]}},"_links":{"self":[{"href":"https:\/\/vivotis.com\/tr\/wp-json\/wp\/v2\/product\/1397","targetHints":{"allow":["GET"]}}],"collection":[{"href":"https:\/\/vivotis.com\/tr\/wp-json\/wp\/v2\/product"}],"about":[{"href":"https:\/\/vivotis.com\/tr\/wp-json\/wp\/v2\/types\/product"}],"wp:featuredmedia":[{"embeddable":true,"href":"https:\/\/vivotis.com\/tr\/wp-json\/wp\/v2\/media\/1398"}],"wp:attachment":[{"href":"https:\/\/vivotis.com\/tr\/wp-json\/wp\/v2\/media?parent=1397"}],"wp:term":[{"taxonomy":"product_brand","embeddable":true,"href":"https:\/\/vivotis.com\/tr\/wp-json\/wp\/v2\/product_brand?post=1397"},{"taxonomy":"product_cat","embeddable":true,"href":"https:\/\/vivotis.com\/tr\/wp-json\/wp\/v2\/product_cat?post=1397"},{"taxonomy":"product_tag","embeddable":true,"href":"https:\/\/vivotis.com\/tr\/wp-json\/wp\/v2\/product_tag?post=1397"}],"curies":[{"name":"wp","href":"https:\/\/api.w.org\/{rel}","templated":true}]}}