{"id":582,"date":"2025-11-18T17:32:39","date_gmt":"2025-11-18T17:32:39","guid":{"rendered":"https:\/\/vivotis.com\/?page_id=582"},"modified":"2025-11-18T19:21:54","modified_gmt":"2025-11-18T19:21:54","slug":"gizlilik-politikasi","status":"publish","type":"page","link":"https:\/\/vivotis.com\/tr\/privacy-policy\/","title":{"rendered":"Gizlilik Politikas\u0131"},"content":{"rendered":"<div class=\"wpb-content-wrapper\"><div class=\"vc_row wpb_row vc_row-fluid\"><div class=\"wpb_column vc_column_container vc_col-sm-12\"><div class=\"vc_column-inner\"><div class=\"wpb_wrapper\">\n\t<div class=\"wpb_text_column wpb_content_element\" >\n\t\t<div class=\"wpb_wrapper\">\n\t\t\t<p data-start=\"3124\" data-end=\"3371\">Bu Gizlilik Politikas\u0131, Vivotis\u2122'in ki\u015fisel verilerinizi a\u015fa\u011f\u0131dakilere uygun olarak nas\u0131l toplad\u0131\u011f\u0131n\u0131, i\u015fledi\u011fini ve korudu\u011funu a\u00e7\u0131klamaktad\u0131r <strong data-start=\"3241\" data-end=\"3300\">Genel Veri Koruma Y\u00f6netmeli\u011fi (AB) 2016\/679 (GDPR)<\/strong> ve <strong data-start=\"3309\" data-end=\"3370\">Frans\u0131z Veri Koruma Yasas\u0131 (Loi Informatique et Libert\u00e9s)<\/strong>.<\/p>\n<p data-start=\"3373\" data-end=\"3441\">Bu web sitesini kullanarak, a\u015fa\u011f\u0131da a\u00e7\u0131klanan uygulamalar\u0131 kabul etmi\u015f olursunuz.<\/p>\n<hr data-start=\"3443\" data-end=\"3446\" \/>\n<h2 data-start=\"3448\" data-end=\"3473\"><strong data-start=\"3451\" data-end=\"3473\">1. Veri Kontrol\u00f6r\u00fc<\/strong><\/h2>\n<p data-start=\"3474\" data-end=\"3576\">Veri denetleyicisi:<br data-start=\"3497\" data-end=\"3500\" \/><strong data-start=\"3500\" data-end=\"3543\">SBrochot - Bireysel \u0130\u015fletme<\/strong><br data-start=\"3543\" data-end=\"3546\" \/>URL: <strong data-start=\"3553\" data-end=\"3576\"><a class=\"decorated-link cursor-pointer\" href=\"https:\/\/vivotis.com\/tr\/gi%cc%87zli%cc%87li%cc%87k-talebi%cc%87\/\" rel=\"noopener\" data-start=\"3555\" data-end=\"3574\">https:\/\/vivotis.com\/privacy-request\/<\/a><\/strong><\/p>\n<p data-start=\"3578\" data-end=\"3652\">Association Une Vie\u2122 Network editoryal ve operasyonel bir ortak olarak hareket eder.<\/p>\n<hr data-start=\"3654\" data-end=\"3657\" \/>\n<h2 data-start=\"3659\" data-end=\"3684\"><strong data-start=\"3662\" data-end=\"3684\">2. Toplad\u0131\u011f\u0131m\u0131z Veriler<\/strong><\/h2>\n<p data-start=\"3685\" data-end=\"3735\">Siteyi nas\u0131l kulland\u0131\u011f\u0131n\u0131za ba\u011fl\u0131 olarak, toplayabiliriz:<\/p>\n<h3 data-start=\"3737\" data-end=\"3768\"><strong data-start=\"3741\" data-end=\"3768\">Sa\u011flad\u0131\u011f\u0131n\u0131z bilgiler<\/strong><\/h3>\n<ul data-start=\"3769\" data-end=\"4039\">\n<li data-start=\"3769\" data-end=\"3816\">\n<p data-start=\"3771\" data-end=\"3816\">\u0130sim, e-posta (ileti\u015fim formlar\u0131 - Gravity Forms)<\/p>\n<\/li>\n<li data-start=\"3817\" data-end=\"3861\">\n<p data-start=\"3819\" data-end=\"3861\">Hesap bilgileri (WooCommerce, PMPro)<\/p>\n<\/li>\n<li data-start=\"3862\" data-end=\"3955\">\n<p data-start=\"3864\" data-end=\"3955\">\u00d6deme bilgileri (Stripe arac\u0131l\u0131\u011f\u0131yla g\u00fcvenli bir \u015fekilde i\u015flenir - Vivotis kart bilgilerini saklamaz)<\/p>\n<\/li>\n<li data-start=\"3956\" data-end=\"4039\">\n<p data-start=\"3958\" data-end=\"4039\">AI Engine sohbet robotu arac\u0131l\u0131\u011f\u0131yla g\u00f6nderilen mesajlar (yan\u0131t sa\u011flamak i\u00e7in i\u015flenir)<\/p>\n<\/li>\n<\/ul>\n<h3 data-start=\"4041\" data-end=\"4084\"><strong data-start=\"4045\" data-end=\"4084\">Otomatik olarak toplanan bilgiler<\/strong><\/h3>\n<ul data-start=\"4085\" data-end=\"4237\">\n<li data-start=\"4085\" data-end=\"4109\">\n<p data-start=\"4087\" data-end=\"4109\">Dil tercihleri<\/p>\n<\/li>\n<li data-start=\"4110\" data-end=\"4151\">\n<p data-start=\"4112\" data-end=\"4151\">IP adresi (analizler i\u00e7in anonimle\u015ftirilmi\u015f)<\/p>\n<\/li>\n<li data-start=\"4152\" data-end=\"4186\">\n<p data-start=\"4154\" data-end=\"4186\">Taray\u0131c\u0131 ve cihaz bilgileri<\/p>\n<\/li>\n<li data-start=\"4187\" data-end=\"4237\">\n<p data-start=\"4189\" data-end=\"4237\">Navigasyon verileri (Google Analytics, onay ile)<\/p>\n<\/li>\n<\/ul>\n<hr data-start=\"4239\" data-end=\"4242\" \/>\n<h2 data-start=\"4244\" data-end=\"4277\"><strong data-start=\"4247\" data-end=\"4277\">3. Ama\u00e7 ve Yasal Dayanak<\/strong><\/h2>\n<p data-start=\"4278\" data-end=\"4300\">Verileriniz \u015funlar i\u00e7in kullan\u0131l\u0131r:<\/p>\n<div class=\"_tableContainer_1rjym_1\">\n<div class=\"group _tableWrapper_1rjym_13 flex w-fit flex-col-reverse\" tabindex=\"-1\">\n<table class=\"w-fit min-w-(--thread-content-width)\" data-start=\"4302\" data-end=\"4722\">\n<thead data-start=\"4302\" data-end=\"4327\">\n<tr data-start=\"4302\" data-end=\"4327\">\n<th data-start=\"4302\" data-end=\"4312\" data-col-size=\"sm\">Ama\u00e7<\/th>\n<th data-start=\"4312\" data-end=\"4327\" data-col-size=\"sm\">Yasal Dayanak<\/th>\n<\/tr>\n<\/thead>\n<tbody data-start=\"4353\" data-end=\"4722\">\n<tr data-start=\"4353\" data-end=\"4402\">\n<td data-start=\"4353\" data-end=\"4390\" data-col-size=\"sm\">Hesab\u0131n\u0131z\u0131 olu\u015fturma ve y\u00f6netme<\/td>\n<td data-col-size=\"sm\" data-start=\"4390\" data-end=\"4402\">S\u00f6zle\u015fme<\/td>\n<\/tr>\n<tr data-start=\"4403\" data-end=\"4438\">\n<td data-start=\"4403\" data-end=\"4426\" data-col-size=\"sm\">Sat\u0131n alma i\u015flemleri<\/td>\n<td data-col-size=\"sm\" data-start=\"4426\" data-end=\"4438\">S\u00f6zle\u015fme<\/td>\n<\/tr>\n<tr data-start=\"4439\" data-end=\"4488\">\n<td data-start=\"4439\" data-end=\"4465\" data-col-size=\"sm\">Taleplere yan\u0131t verme<\/td>\n<td data-col-size=\"sm\" data-start=\"4465\" data-end=\"4488\">Me\u015fru menfaat<\/td>\n<\/tr>\n<tr data-start=\"4489\" data-end=\"4546\">\n<td data-start=\"4489\" data-end=\"4523\" data-col-size=\"sm\">\u0130dari mesajlar\u0131n g\u00f6nderilmesi<\/td>\n<td data-col-size=\"sm\" data-start=\"4523\" data-end=\"4546\">Me\u015fru menfaat<\/td>\n<\/tr>\n<tr data-start=\"4547\" data-end=\"4602\">\n<td data-start=\"4547\" data-end=\"4579\" data-col-size=\"sm\">Doland\u0131r\u0131c\u0131l\u0131k \u00f6nleme ve g\u00fcvenlik<\/td>\n<td data-col-size=\"sm\" data-start=\"4579\" data-end=\"4602\">Me\u015fru menfaat<\/td>\n<\/tr>\n<tr data-start=\"4603\" data-end=\"4654\">\n<td data-start=\"4603\" data-end=\"4643\" data-col-size=\"sm\">Analitik ve performans \u00f6l\u00e7\u00fcm\u00fc<\/td>\n<td data-col-size=\"sm\" data-start=\"4643\" data-end=\"4654\">R\u0131za<\/td>\n<\/tr>\n<tr data-start=\"4655\" data-end=\"4722\">\n<td data-start=\"4655\" data-end=\"4679\" data-col-size=\"sm\">Chatbot i\u015flevselli\u011fi<\/td>\n<td data-col-size=\"sm\" data-start=\"4679\" data-end=\"4722\">Me\u015fru menfaat (hizmet sunumu)<\/td>\n<\/tr>\n<\/tbody>\n<\/table>\n<\/div>\n<\/div>\n<hr data-start=\"4724\" data-end=\"4727\" \/>\n<h2 data-start=\"4729\" data-end=\"4747\"><strong data-start=\"4732\" data-end=\"4747\">4. \u00d6demeler<\/strong><\/h2>\n<p data-start=\"4748\" data-end=\"4871\">\u00d6demeler \u015fu yollarla ger\u00e7ekle\u015ftirilir <strong data-start=\"4779\" data-end=\"4789\">\u015eerit<\/strong>, tamamen PCI-DSS uyumludur.<br data-start=\"4824\" data-end=\"4827\" \/>Vivotis \u00f6deme kart\u0131 bilgilerini saklamaz.<\/p>\n<hr data-start=\"4873\" data-end=\"4876\" \/>\n<h2 data-start=\"4878\" data-end=\"4902\"><strong data-start=\"4881\" data-end=\"4902\">5. Veri Saklama<\/strong><\/h2>\n<ul data-start=\"4903\" data-end=\"5141\">\n<li data-start=\"4903\" data-end=\"4954\">\n<p data-start=\"4905\" data-end=\"4954\">Hesap verileri: hesab\u0131n\u0131z aktif oldu\u011fu s\u00fcrece<\/p>\n<\/li>\n<li data-start=\"4955\" data-end=\"4996\">\n<p data-start=\"4957\" data-end=\"4996\">Sat\u0131n al\u0131mlar: 6 y\u0131l (yasal zorunluluk)<\/p>\n<\/li>\n<li data-start=\"4997\" data-end=\"5025\">\n<p data-start=\"4999\" data-end=\"5025\">\u0130leti\u015fim formlar\u0131: 12 ay<\/p>\n<\/li>\n<li data-start=\"5026\" data-end=\"5082\">\n<p data-start=\"5028\" data-end=\"5082\">Analitik verileri: \u00e7erez tercihlerinize g\u00f6re<\/p>\n<\/li>\n<li data-start=\"5083\" data-end=\"5141\">\n<p data-start=\"5085\" data-end=\"5141\">Chatbot verileri: teknik i\u015flem i\u00e7in ge\u00e7ici olarak saklan\u0131r<\/p>\n<\/li>\n<\/ul>\n<hr data-start=\"5143\" data-end=\"5146\" \/>\n<h2 data-start=\"5148\" data-end=\"5173\"><strong data-start=\"5151\" data-end=\"5173\">6. Veri Payla\u015f\u0131m\u0131<\/strong><\/h2>\n<p data-start=\"5174\" data-end=\"5285\">Verilerinizi asla satm\u0131yoruz.<br data-start=\"5198\" data-end=\"5201\" \/>Veriler yaln\u0131zca sitenin \u00e7al\u0131\u015fmas\u0131 i\u00e7in gerekli olan g\u00fcvenilir hizmet sa\u011flay\u0131c\u0131larla payla\u015f\u0131labilir:<\/p>\n<ul data-start=\"5287\" data-end=\"5471\">\n<li data-start=\"5287\" data-end=\"5312\">\n<p data-start=\"5289\" data-end=\"5312\"><strong data-start=\"5289\" data-end=\"5299\">\u015eerit<\/strong> (\u00f6demeler)<\/p>\n<\/li>\n<li data-start=\"5313\" data-end=\"5364\">\n<p data-start=\"5315\" data-end=\"5364\"><strong data-start=\"5315\" data-end=\"5335\">Google Analytics<\/strong> (istatistik, onay ile)<\/p>\n<\/li>\n<li data-start=\"5365\" data-end=\"5386\">\n<p data-start=\"5367\" data-end=\"5386\"><strong data-start=\"5367\" data-end=\"5374\">OVH<\/strong> (hosting)<\/p>\n<\/li>\n<li data-start=\"5387\" data-end=\"5425\">\n<p data-start=\"5389\" data-end=\"5425\"><strong data-start=\"5389\" data-end=\"5402\">Yapay Zeka Motoru<\/strong> (chatbot i\u015fleme)<\/p>\n<\/li>\n<li data-start=\"5426\" data-end=\"5471\">\n<p data-start=\"5428\" data-end=\"5471\"><strong data-start=\"5428\" data-end=\"5457\">Gravity Forms \/ WordPress<\/strong> (formlar &amp; CMS)<\/p>\n<\/li>\n<\/ul>\n<p data-start=\"5473\" data-end=\"5529\">T\u00fcm sa\u011flay\u0131c\u0131lar GDPR veya e\u015fde\u011fer koruma \u00f6nlemlerine uymaktad\u0131r.<\/p>\n<hr data-start=\"5531\" data-end=\"5534\" \/>\n<h2 data-start=\"5536\" data-end=\"5557\"><strong data-start=\"5539\" data-end=\"5557\">7. Sizin Haklar\u0131n\u0131z<\/strong><\/h2>\n<p data-start=\"5558\" data-end=\"5578\">\u0130stedi\u011finiz zaman yapabilirsiniz:<\/p>\n<ul data-start=\"5580\" data-end=\"5747\">\n<li data-start=\"5580\" data-end=\"5600\">\n<p data-start=\"5582\" data-end=\"5600\">Verilerinize eri\u015fin<\/p>\n<\/li>\n<li data-start=\"5601\" data-end=\"5622\">\n<p data-start=\"5603\" data-end=\"5622\">Verilerinizi d\u00fczeltin<\/p>\n<\/li>\n<li data-start=\"5623\" data-end=\"5669\">\n<p data-start=\"5625\" data-end=\"5669\">Silme talebi (\u201cunutulma hakk\u0131\u201d)<\/p>\n<\/li>\n<li data-start=\"5670\" data-end=\"5693\">\n<p data-start=\"5672\" data-end=\"5693\">\u0130\u015flemeyi k\u0131s\u0131tlama<\/p>\n<\/li>\n<li data-start=\"5694\" data-end=\"5718\">\n<p data-start=\"5696\" data-end=\"5718\">\u0130\u015flemeye itiraz<\/p>\n<\/li>\n<li data-start=\"5719\" data-end=\"5747\">\n<p data-start=\"5721\" data-end=\"5747\">Veri ta\u015f\u0131nabilirli\u011fi talep edin<\/p>\n<\/li>\n<\/ul>\n<p data-start=\"5749\" data-end=\"5811\">Haklar\u0131n\u0131z\u0131 kullanmak i\u00e7in ileti\u015fime ge\u00e7in:<br data-start=\"5782\" data-end=\"5785\" \/>URL: <strong data-start=\"3553\" data-end=\"3576\"><a class=\"decorated-link cursor-pointer\" href=\"https:\/\/vivotis.com\/tr\/gi%cc%87zli%cc%87li%cc%87k-talebi%cc%87\/\" rel=\"noopener\" data-start=\"3555\" data-end=\"3574\">https:\/\/vivotis.com\/privacy-request\/<\/a><\/strong><\/p>\n<p data-start=\"5813\" data-end=\"5897\">Ayr\u0131ca a\u015fa\u011f\u0131daki kurumlara da \u015fikayette bulunabilirsiniz <strong data-start=\"5853\" data-end=\"5861\">CNIL<\/strong> (Frans\u0131z Veri Koruma Kurumu).<\/p>\n<hr data-start=\"5899\" data-end=\"5902\" \/>\n<h2 data-start=\"5904\" data-end=\"5942\"><strong data-start=\"5907\" data-end=\"5942\">8. Uluslararas\u0131 Veri Aktar\u0131mlar\u0131<\/strong><\/h2>\n<p data-start=\"5943\" data-end=\"6098\">Baz\u0131 sa\u011flay\u0131c\u0131lar (\u00f6rn. Stripe, Google) verileri AB d\u0131\u015f\u0131nda i\u015fleyebilir.<br data-start=\"6013\" data-end=\"6016\" \/>Aktar\u0131mlar GDPR uyumlu koruma \u00f6nlemleri (Standart S\u00f6zle\u015fme Maddeleri) kapsam\u0131ndad\u0131r.<\/p>\n<hr data-start=\"6100\" data-end=\"6103\" \/>\n<h2 data-start=\"6105\" data-end=\"6122\"><strong data-start=\"6108\" data-end=\"6122\">9. G\u00fcncellemeler<\/strong><\/h2>\n<p data-start=\"6123\" data-end=\"6203\">Bu Politika g\u00fcncellenebilir. En son s\u00fcr\u00fcm her zaman bu sayfada mevcuttur.<\/p>\n\n\t\t<\/div>\n\t<\/div>\n<\/div><\/div><\/div><\/div>\n<\/div>","protected":false},"excerpt":{"rendered":"This Privacy Policy explains how Vivotis\u2122 collects, processes and protects your personal data in accordance with the General Data Protection Regulation (EU) 2016\/679 (GDPR) and the French Data Protection Act (Loi Informatique et Libert\u00e9s). By using this website, you consent to the practices described below. 1. Data Controller The data controller is:SBrochot \u2013 Individual BusinessURL: [...]","protected":false},"author":1,"featured_media":0,"parent":0,"menu_order":0,"comment_status":"closed","ping_status":"closed","template":"","meta":{"pmpro_default_level":"","footnotes":""},"class_list":["post-582","page","type-page","status-publish","hentry","pmpro-has-access"],"yoast_head":"<!-- This site is optimized with the Yoast SEO plugin v27.3 - https:\/\/yoast.com\/product\/yoast-seo-wordpress\/ -->\n<title>Privacy Policy<\/title>\n<meta name=\"robots\" content=\"index, follow, max-snippet:-1, max-image-preview:large, max-video-preview:-1\" \/>\n<link rel=\"canonical\" href=\"https:\/\/vivotis.com\/tr\/gizlilik-politikasi\/\" \/>\n<meta property=\"og:locale\" content=\"tr_TR\" \/>\n<meta property=\"og:type\" content=\"article\" \/>\n<meta property=\"og:title\" content=\"Privacy Policy\" \/>\n<meta property=\"og:url\" content=\"https:\/\/vivotis.com\/tr\/gizlilik-politikasi\/\" \/>\n<meta property=\"og:site_name\" content=\"Vivotis\" \/>\n<meta property=\"article:modified_time\" content=\"2025-11-18T19:21:54+00:00\" \/>\n<meta name=\"twitter:card\" content=\"summary_large_image\" \/>\n<meta name=\"twitter:label1\" content=\"Tahmini okuma s\u00fcresi\" \/>\n\t<meta name=\"twitter:data1\" content=\"2 dakika\" \/>\n<script type=\"application\/ld+json\" class=\"yoast-schema-graph\">{\"@context\":\"https:\\\/\\\/schema.org\",\"@graph\":[{\"@type\":\"WebPage\",\"@id\":\"https:\\\/\\\/vivotis.com\\\/privacy-policy\\\/\",\"url\":\"https:\\\/\\\/vivotis.com\\\/privacy-policy\\\/\",\"name\":\"Privacy Policy\",\"isPartOf\":{\"@id\":\"https:\\\/\\\/vivotis.com\\\/#website\"},\"datePublished\":\"2025-11-18T17:32:39+00:00\",\"dateModified\":\"2025-11-18T19:21:54+00:00\",\"breadcrumb\":{\"@id\":\"https:\\\/\\\/vivotis.com\\\/privacy-policy\\\/#breadcrumb\"},\"inLanguage\":\"tr\",\"potentialAction\":[{\"@type\":\"ReadAction\",\"target\":[\"https:\\\/\\\/vivotis.com\\\/privacy-policy\\\/\"]}]},{\"@type\":\"BreadcrumbList\",\"@id\":\"https:\\\/\\\/vivotis.com\\\/privacy-policy\\\/#breadcrumb\",\"itemListElement\":[{\"@type\":\"ListItem\",\"position\":1,\"name\":\"Home\",\"item\":\"https:\\\/\\\/vivotis.com\\\/\"},{\"@type\":\"ListItem\",\"position\":2,\"name\":\"Privacy Policy\"}]},{\"@type\":\"WebSite\",\"@id\":\"https:\\\/\\\/vivotis.com\\\/#website\",\"url\":\"https:\\\/\\\/vivotis.com\\\/\",\"name\":\"Vivotis\",\"description\":\"\",\"publisher\":{\"@id\":\"https:\\\/\\\/vivotis.com\\\/#organization\"},\"potentialAction\":[{\"@type\":\"SearchAction\",\"target\":{\"@type\":\"EntryPoint\",\"urlTemplate\":\"https:\\\/\\\/vivotis.com\\\/?s={search_term_string}\"},\"query-input\":{\"@type\":\"PropertyValueSpecification\",\"valueRequired\":true,\"valueName\":\"search_term_string\"}}],\"inLanguage\":\"tr\"},{\"@type\":\"Organization\",\"@id\":\"https:\\\/\\\/vivotis.com\\\/#organization\",\"name\":\"Vivotis\",\"url\":\"https:\\\/\\\/vivotis.com\\\/\",\"logo\":{\"@type\":\"ImageObject\",\"inLanguage\":\"tr\",\"@id\":\"https:\\\/\\\/vivotis.com\\\/#\\\/schema\\\/logo\\\/image\\\/\",\"url\":\"https:\\\/\\\/vivotis.com\\\/wp-content\\\/uploads\\\/2025\\\/11\\\/logo-brand-000000-m-scaled.png\",\"contentUrl\":\"https:\\\/\\\/vivotis.com\\\/wp-content\\\/uploads\\\/2025\\\/11\\\/logo-brand-000000-m-scaled.png\",\"width\":2560,\"height\":1281,\"caption\":\"Vivotis\"},\"image\":{\"@id\":\"https:\\\/\\\/vivotis.com\\\/#\\\/schema\\\/logo\\\/image\\\/\"}}]}<\/script>\n<!-- \/ Yoast SEO plugin. -->","yoast_head_json":{"title":"Gizlilik Politikas\u0131","robots":{"index":"index","follow":"follow","max-snippet":"max-snippet:-1","max-image-preview":"max-image-preview:large","max-video-preview":"max-video-preview:-1"},"canonical":"https:\/\/vivotis.com\/tr\/gizlilik-politikasi\/","og_locale":"tr_TR","og_type":"article","og_title":"Privacy Policy","og_url":"https:\/\/vivotis.com\/tr\/gizlilik-politikasi\/","og_site_name":"Vivotis","article_modified_time":"2025-11-18T19:21:54+00:00","twitter_card":"summary_large_image","twitter_misc":{"Tahmini okuma s\u00fcresi":"2 dakika"},"schema":{"@context":"https:\/\/schema.org","@graph":[{"@type":"WebPage","@id":"https:\/\/vivotis.com\/privacy-policy\/","url":"https:\/\/vivotis.com\/privacy-policy\/","name":"Gizlilik Politikas\u0131","isPartOf":{"@id":"https:\/\/vivotis.com\/#website"},"datePublished":"2025-11-18T17:32:39+00:00","dateModified":"2025-11-18T19:21:54+00:00","breadcrumb":{"@id":"https:\/\/vivotis.com\/privacy-policy\/#breadcrumb"},"inLanguage":"tr","potentialAction":[{"@type":"ReadAction","target":["https:\/\/vivotis.com\/privacy-policy\/"]}]},{"@type":"BreadcrumbList","@id":"https:\/\/vivotis.com\/privacy-policy\/#breadcrumb","itemListElement":[{"@type":"ListItem","position":1,"name":"Home","item":"https:\/\/vivotis.com\/"},{"@type":"ListItem","position":2,"name":"Privacy Policy"}]},{"@type":"WebSite","@id":"https:\/\/vivotis.com\/#website","url":"https:\/\/vivotis.com\/","name":"Vivotis","description":"","publisher":{"@id":"https:\/\/vivotis.com\/#organization"},"potentialAction":[{"@type":"SearchAction","target":{"@type":"EntryPoint","urlTemplate":"https:\/\/vivotis.com\/?s={search_term_string}"},"query-input":{"@type":"PropertyValueSpecification","valueRequired":true,"valueName":"search_term_string"}}],"inLanguage":"tr"},{"@type":"Organization","@id":"https:\/\/vivotis.com\/#organization","name":"Vivotis","url":"https:\/\/vivotis.com\/","logo":{"@type":"ImageObject","inLanguage":"tr","@id":"https:\/\/vivotis.com\/#\/schema\/logo\/image\/","url":"https:\/\/vivotis.com\/wp-content\/uploads\/2025\/11\/logo-brand-000000-m-scaled.png","contentUrl":"https:\/\/vivotis.com\/wp-content\/uploads\/2025\/11\/logo-brand-000000-m-scaled.png","width":2560,"height":1281,"caption":"Vivotis"},"image":{"@id":"https:\/\/vivotis.com\/#\/schema\/logo\/image\/"}}]}},"_links":{"self":[{"href":"https:\/\/vivotis.com\/tr\/wp-json\/wp\/v2\/pages\/582","targetHints":{"allow":["GET"]}}],"collection":[{"href":"https:\/\/vivotis.com\/tr\/wp-json\/wp\/v2\/pages"}],"about":[{"href":"https:\/\/vivotis.com\/tr\/wp-json\/wp\/v2\/types\/page"}],"author":[{"embeddable":true,"href":"https:\/\/vivotis.com\/tr\/wp-json\/wp\/v2\/users\/1"}],"replies":[{"embeddable":true,"href":"https:\/\/vivotis.com\/tr\/wp-json\/wp\/v2\/comments?post=582"}],"version-history":[{"count":3,"href":"https:\/\/vivotis.com\/tr\/wp-json\/wp\/v2\/pages\/582\/revisions"}],"predecessor-version":[{"id":613,"href":"https:\/\/vivotis.com\/tr\/wp-json\/wp\/v2\/pages\/582\/revisions\/613"}],"wp:attachment":[{"href":"https:\/\/vivotis.com\/tr\/wp-json\/wp\/v2\/media?parent=582"}],"curies":[{"name":"wp","href":"https:\/\/api.w.org\/{rel}","templated":true}]}}