{"id":556,"date":"2025-11-18T17:06:41","date_gmt":"2025-11-18T17:06:41","guid":{"rendered":"https:\/\/vivotis.com\/?page_id=556"},"modified":"2025-11-18T19:20:59","modified_gmt":"2025-11-18T19:20:59","slug":"yasal-uyari","status":"publish","type":"page","link":"https:\/\/vivotis.com\/tr\/legal-notice\/","title":{"rendered":"Yasal Uyar\u0131"},"content":{"rendered":"<div class=\"wpb-content-wrapper\"><div class=\"vc_row wpb_row vc_row-fluid\"><div class=\"wpb_column vc_column_container vc_col-sm-12\"><div class=\"vc_column-inner\"><div class=\"wpb_wrapper\">\n\t<div class=\"wpb_text_column wpb_content_element\" >\n\t\t<div class=\"wpb_wrapper\">\n\t\t\t<p data-start=\"347\" data-end=\"576\">Bu web sitesi (<a class=\"decorated-link\" href=\"https:\/\/vivotis.com\/tr\/\" target=\"_new\" rel=\"noopener\" data-start=\"361\" data-end=\"376\">www.vivotis.com<\/a>) Fransa'da yasal olarak kay\u0131tl\u0131 bireysel bir i\u015fletme taraf\u0131ndan i\u015fletilmekte ve Association Une Vie\u2122 ile ortakla\u015fa geli\u015ftirilmektedir. Bu web sitesine eri\u015fim, mevcut Yasal Bildirimin tam olarak kabul edildi\u011fi anlam\u0131na gelir.<\/p>\n<h2 data-start=\"578\" data-end=\"603\"><strong data-start=\"581\" data-end=\"603\">Yay\u0131nc\u0131 \/ Edit\u00f6r<\/strong><\/h2>\n<p data-start=\"604\" data-end=\"814\"><strong data-start=\"604\" data-end=\"647\">SBrochot - Bireysel \u0130\u015fletme<\/strong><br data-start=\"647\" data-end=\"650\" \/>SIRA: 491<span style=\"color: #ffffff;\">-<\/span>749<span style=\"color: #ffffff;\">-<\/span>966<span style=\"color: #ffffff;\">-<\/span>00017<br data-start=\"674\" data-end=\"677\" \/>Kay\u0131tl\u0131 ofis: 73<span style=\"color: #ffffff;\">-<\/span>bd Richard-Lenoir, 75011 Paris, Fransa<br data-start=\"744\" data-end=\"747\" \/>URL: <a class=\"decorated-link cursor-pointer\" href=\"https:\/\/vivotis.com\/tr\/gi%cc%87zli%cc%87li%cc%87k-talebi%cc%87\/\" rel=\"noopener\" data-start=\"754\" data-end=\"773\">https:\/\/vivotis.com\/privacy-request\/<\/a><\/p>\n<p data-start=\"816\" data-end=\"957\">Bu proje ortakla\u015fa d\u00fczenlenmi\u015f ve desteklenmi\u015ftir:<br data-start=\"873\" data-end=\"876\" \/><strong data-start=\"876\" data-end=\"908\">Association Une Vie\u2122<\/strong>, Fransa'da kay\u0131tl\u0131, k\u00e2r amac\u0131 g\u00fctmeyen bir kurulu\u015ftur.<\/p>\n<h2 data-start=\"959\" data-end=\"973\"><strong data-start=\"962\" data-end=\"973\">Bar\u0131nd\u0131rma<\/strong><\/h2>\n<p data-start=\"974\" data-end=\"1103\">OVH SAS<br data-start=\"981\" data-end=\"984\" \/>2 rue Kellermann, BP 80157<br data-start=\"1010\" data-end=\"1013\" \/>59053 ROUBAIX Cedex 1 - Fransa<br data-start=\"1043\" data-end=\"1046\" \/>Tel: +33 (0)9 72 10 10 07<br data-start=\"1071\" data-end=\"1074\" \/>Web sitesi: <a class=\"decorated-link\" href=\"https:\/\/www.ovh.com\/\" target=\"_new\" rel=\"noopener\" data-start=\"1083\" data-end=\"1103\">https:\/\/www.ovh.com\/<\/a><\/p>\n<h2 data-start=\"1105\" data-end=\"1133\"><strong data-start=\"1108\" data-end=\"1133\">Fikri M\u00fclkiyet<\/strong><\/h2>\n<p data-start=\"1134\" data-end=\"1380\">T\u00fcm metinler, \u00e7izimler, dijital \u00fcr\u00fcnler, indirilebilir materyaller, e\u011fitimler, grafikler ve genel i\u00e7erik telif hakk\u0131 ile korunmaktad\u0131r. Aksi belirtilmedik\u00e7e, t\u00fcm materyaller yay\u0131nc\u0131n\u0131n m\u00fcnhas\u0131r m\u00fclkiyetindedir veya izin al\u0131narak kullan\u0131lm\u0131\u015ft\u0131r.<\/p>\n<p data-start=\"1382\" data-end=\"1598\">\u00a9, \u00ae veya \u2122 ile i\u015faretlenmi\u015f isimler ve logolar Frans\u0131z ve uluslararas\u0131 yasalar kapsam\u0131nda korunan ticari markalard\u0131r.<br data-start=\"1484\" data-end=\"1487\" \/>\u00d6nceden yaz\u0131l\u0131 izin al\u0131nmadan \u00e7o\u011falt\u0131lmas\u0131, de\u011fi\u015ftirilmesi, da\u011f\u0131t\u0131lmas\u0131 veya kullan\u0131lmas\u0131 kesinlikle yasakt\u0131r.<\/p>\n<p data-start=\"1600\" data-end=\"1724\">Kullan\u0131c\u0131lara web sitesine eri\u015fim i\u00e7in ki\u015fisel, devredilemez ve m\u00fcnhas\u0131r olmayan bir lisans verilir. Ba\u015fka hi\u00e7bir hak verilmemektedir.<\/p>\n<h2 data-start=\"1726\" data-end=\"1756\"><strong data-start=\"1729\" data-end=\"1756\">Dijital \u00dcr\u00fcnlerin Kullan\u0131m\u0131<\/strong><\/h2>\n<p data-start=\"1757\" data-end=\"2092\">T\u00fcm dijital \u00fcr\u00fcnler (PDF'ler, \u00e7evrimi\u00e7i e\u011fitimler, e\u011fitim materyalleri) telif hakk\u0131 ile korunan gayri maddi \u00fcr\u00fcnlerdir.<br data-start=\"1870\" data-end=\"1873\" \/>Sat\u0131n alanlar, bireysel kullan\u0131m i\u00e7in ki\u015fisel, devredilemez bir lisans al\u0131rlar. Ek lisanslar sat\u0131n almadan ayn\u0131 i\u00e7eri\u011fi payla\u015famaz, \u00e7o\u011faltamaz, yeniden satamaz veya ayn\u0131 anda birden fazla yerde g\u00f6r\u00fcnt\u00fcleyemezler.<\/p>\n<p data-start=\"2094\" data-end=\"2214\">Dijital \u00fcr\u00fcnlerin iadesi veya iptali ile ilgili ko\u015fullar \u201c\u0130ade ve \u0130ptal Politikas\u0131\u201d sayfas\u0131nda ayr\u0131nt\u0131l\u0131 olarak a\u00e7\u0131klanm\u0131\u015ft\u0131r.<\/p>\n<h2 data-start=\"2216\" data-end=\"2232\"><strong data-start=\"2219\" data-end=\"2232\">Sorumluluk<\/strong><\/h2>\n<p data-start=\"2233\" data-end=\"2345\">Yay\u0131nc\u0131, bilgilerin do\u011frulu\u011funu ve d\u00fczenli olarak g\u00fcncellenmesini sa\u011flamak i\u00e7in \u00e7aba g\u00f6stermektedir. Hatalar veya eksiklikler meydana gelebilir.<\/p>\n<p data-start=\"2347\" data-end=\"2566\">Yay\u0131nc\u0131 sorumluluk kabul etmemektedir:<br data-start=\"2384\" data-end=\"2387\" \/>- Sitenin ge\u00e7ici olarak kullan\u0131lamamas\u0131,<br data-start=\"2426\" data-end=\"2429\" \/>- sitenin kullan\u0131m\u0131ndan kaynaklanan zararlar,<br data-start=\"2473\" data-end=\"2476\" \/>- i\u00e7erikteki yanl\u0131\u015fl\u0131klar veya eksiklikler,<br data-start=\"2519\" data-end=\"2522\" \/>- vivotis.com'dan ba\u011flant\u0131 verilen harici web siteleri.<\/p>\n<h2 data-start=\"2568\" data-end=\"2585\"><strong data-start=\"2571\" data-end=\"2585\">K\u00f6pr\u00fcler<\/strong><\/h2>\n<p data-start=\"2586\" data-end=\"2703\">Harici ba\u011flant\u0131lar kolayl\u0131k sa\u011flamak amac\u0131yla verilmi\u015ftir. Yay\u0131nc\u0131, bunlar\u0131n i\u00e7eri\u011finden veya gizlilik uygulamalar\u0131ndan sorumlu de\u011fildir.<\/p>\n<h2 data-start=\"2705\" data-end=\"2732\"><strong data-start=\"2708\" data-end=\"2732\">Web Sitesi Kullan\u0131labilirli\u011fi<\/strong><\/h2>\n<p data-start=\"2733\" data-end=\"2851\">Yay\u0131nc\u0131, siteye eri\u015fimi s\u00fcrd\u00fcrmek i\u00e7in \u00e7aba g\u00f6sterir, ancak bak\u0131m veya g\u00fcncellemeler i\u00e7in eri\u015fimi ge\u00e7ici olarak ask\u0131ya alabilir.<\/p>\n<h2 data-start=\"2853\" data-end=\"2873\"><strong data-start=\"2856\" data-end=\"2873\">De\u011fi\u015fiklikler<\/strong><\/h2>\n<p data-start=\"2874\" data-end=\"2967\">Bu Yasal Bildirim herhangi bir zamanda de\u011fi\u015ftirilebilir.<br data-start=\"2919\" data-end=\"2922\" \/>Kullan\u0131c\u0131lar\u0131n d\u00fczenli olarak bu belgeye ba\u015fvurmalar\u0131 tavsiye edilir.<\/p>\n<h2 data-start=\"2969\" data-end=\"2987\"><strong data-start=\"2972\" data-end=\"2987\">\u00dcyelik<\/strong><\/h2>\n<p data-start=\"2988\" data-end=\"3045\"><strong data-start=\"2988\" data-end=\"3045\">Vivotis\u2122, Association Une Vie\u2122 A\u011f\u0131n\u0131n bir par\u00e7as\u0131d\u0131r.<\/strong><\/p>\n\n\t\t<\/div>\n\t<\/div>\n<\/div><\/div><\/div><\/div>\n<\/div>","protected":false},"excerpt":{"rendered":"This website (www.vivotis.com) is operated by an individual business legally registered in France and developed in partnership with Association Une Vie\u2122. Accessing this website implies full acceptance of the present Legal Notice. Publisher \/ Editor SBrochot \u2013 Individual BusinessSIRET: 491-749-966-00017Registered office: 73-bd Richard-Lenoir, 75011 Paris, FranceURL: https:\/\/vivotis.com\/privacy-request\/ This project is edited and supported in partnership [...]","protected":false},"author":1,"featured_media":0,"parent":0,"menu_order":0,"comment_status":"closed","ping_status":"closed","template":"","meta":{"pmpro_default_level":"","footnotes":""},"class_list":["post-556","page","type-page","status-publish","hentry","pmpro-has-access"],"yoast_head":"<!-- This site is optimized with the Yoast SEO plugin v27.3 - https:\/\/yoast.com\/product\/yoast-seo-wordpress\/ -->\n<title>Legal Notice<\/title>\n<meta name=\"robots\" content=\"index, follow, max-snippet:-1, max-image-preview:large, max-video-preview:-1\" \/>\n<link rel=\"canonical\" href=\"https:\/\/vivotis.com\/tr\/yasal-uyari\/\" \/>\n<meta property=\"og:locale\" content=\"tr_TR\" \/>\n<meta property=\"og:type\" content=\"article\" \/>\n<meta property=\"og:title\" content=\"Legal Notice\" \/>\n<meta property=\"og:url\" content=\"https:\/\/vivotis.com\/tr\/yasal-uyari\/\" \/>\n<meta property=\"og:site_name\" content=\"Vivotis\" \/>\n<meta property=\"article:modified_time\" content=\"2025-11-18T19:20:59+00:00\" \/>\n<meta name=\"twitter:card\" content=\"summary_large_image\" \/>\n<meta name=\"twitter:label1\" content=\"Tahmini okuma s\u00fcresi\" \/>\n\t<meta name=\"twitter:data1\" content=\"2 dakika\" \/>\n<script type=\"application\/ld+json\" class=\"yoast-schema-graph\">{\"@context\":\"https:\\\/\\\/schema.org\",\"@graph\":[{\"@type\":\"WebPage\",\"@id\":\"https:\\\/\\\/vivotis.com\\\/legal-notice\\\/\",\"url\":\"https:\\\/\\\/vivotis.com\\\/legal-notice\\\/\",\"name\":\"Legal Notice\",\"isPartOf\":{\"@id\":\"https:\\\/\\\/vivotis.com\\\/#website\"},\"datePublished\":\"2025-11-18T17:06:41+00:00\",\"dateModified\":\"2025-11-18T19:20:59+00:00\",\"breadcrumb\":{\"@id\":\"https:\\\/\\\/vivotis.com\\\/legal-notice\\\/#breadcrumb\"},\"inLanguage\":\"tr\",\"potentialAction\":[{\"@type\":\"ReadAction\",\"target\":[\"https:\\\/\\\/vivotis.com\\\/legal-notice\\\/\"]}]},{\"@type\":\"BreadcrumbList\",\"@id\":\"https:\\\/\\\/vivotis.com\\\/legal-notice\\\/#breadcrumb\",\"itemListElement\":[{\"@type\":\"ListItem\",\"position\":1,\"name\":\"Home\",\"item\":\"https:\\\/\\\/vivotis.com\\\/\"},{\"@type\":\"ListItem\",\"position\":2,\"name\":\"Legal Notice\"}]},{\"@type\":\"WebSite\",\"@id\":\"https:\\\/\\\/vivotis.com\\\/#website\",\"url\":\"https:\\\/\\\/vivotis.com\\\/\",\"name\":\"Vivotis\",\"description\":\"\",\"publisher\":{\"@id\":\"https:\\\/\\\/vivotis.com\\\/#organization\"},\"potentialAction\":[{\"@type\":\"SearchAction\",\"target\":{\"@type\":\"EntryPoint\",\"urlTemplate\":\"https:\\\/\\\/vivotis.com\\\/?s={search_term_string}\"},\"query-input\":{\"@type\":\"PropertyValueSpecification\",\"valueRequired\":true,\"valueName\":\"search_term_string\"}}],\"inLanguage\":\"tr\"},{\"@type\":\"Organization\",\"@id\":\"https:\\\/\\\/vivotis.com\\\/#organization\",\"name\":\"Vivotis\",\"url\":\"https:\\\/\\\/vivotis.com\\\/\",\"logo\":{\"@type\":\"ImageObject\",\"inLanguage\":\"tr\",\"@id\":\"https:\\\/\\\/vivotis.com\\\/#\\\/schema\\\/logo\\\/image\\\/\",\"url\":\"https:\\\/\\\/vivotis.com\\\/wp-content\\\/uploads\\\/2025\\\/11\\\/logo-brand-000000-m-scaled.png\",\"contentUrl\":\"https:\\\/\\\/vivotis.com\\\/wp-content\\\/uploads\\\/2025\\\/11\\\/logo-brand-000000-m-scaled.png\",\"width\":2560,\"height\":1281,\"caption\":\"Vivotis\"},\"image\":{\"@id\":\"https:\\\/\\\/vivotis.com\\\/#\\\/schema\\\/logo\\\/image\\\/\"}}]}<\/script>\n<!-- \/ Yoast SEO plugin. -->","yoast_head_json":{"title":"Yasal Uyar\u0131","robots":{"index":"index","follow":"follow","max-snippet":"max-snippet:-1","max-image-preview":"max-image-preview:large","max-video-preview":"max-video-preview:-1"},"canonical":"https:\/\/vivotis.com\/tr\/yasal-uyari\/","og_locale":"tr_TR","og_type":"article","og_title":"Legal Notice","og_url":"https:\/\/vivotis.com\/tr\/yasal-uyari\/","og_site_name":"Vivotis","article_modified_time":"2025-11-18T19:20:59+00:00","twitter_card":"summary_large_image","twitter_misc":{"Tahmini okuma s\u00fcresi":"2 dakika"},"schema":{"@context":"https:\/\/schema.org","@graph":[{"@type":"WebPage","@id":"https:\/\/vivotis.com\/legal-notice\/","url":"https:\/\/vivotis.com\/legal-notice\/","name":"Yasal Uyar\u0131","isPartOf":{"@id":"https:\/\/vivotis.com\/#website"},"datePublished":"2025-11-18T17:06:41+00:00","dateModified":"2025-11-18T19:20:59+00:00","breadcrumb":{"@id":"https:\/\/vivotis.com\/legal-notice\/#breadcrumb"},"inLanguage":"tr","potentialAction":[{"@type":"ReadAction","target":["https:\/\/vivotis.com\/legal-notice\/"]}]},{"@type":"BreadcrumbList","@id":"https:\/\/vivotis.com\/legal-notice\/#breadcrumb","itemListElement":[{"@type":"ListItem","position":1,"name":"Home","item":"https:\/\/vivotis.com\/"},{"@type":"ListItem","position":2,"name":"Legal Notice"}]},{"@type":"WebSite","@id":"https:\/\/vivotis.com\/#website","url":"https:\/\/vivotis.com\/","name":"Vivotis","description":"","publisher":{"@id":"https:\/\/vivotis.com\/#organization"},"potentialAction":[{"@type":"SearchAction","target":{"@type":"EntryPoint","urlTemplate":"https:\/\/vivotis.com\/?s={search_term_string}"},"query-input":{"@type":"PropertyValueSpecification","valueRequired":true,"valueName":"search_term_string"}}],"inLanguage":"tr"},{"@type":"Organization","@id":"https:\/\/vivotis.com\/#organization","name":"Vivotis","url":"https:\/\/vivotis.com\/","logo":{"@type":"ImageObject","inLanguage":"tr","@id":"https:\/\/vivotis.com\/#\/schema\/logo\/image\/","url":"https:\/\/vivotis.com\/wp-content\/uploads\/2025\/11\/logo-brand-000000-m-scaled.png","contentUrl":"https:\/\/vivotis.com\/wp-content\/uploads\/2025\/11\/logo-brand-000000-m-scaled.png","width":2560,"height":1281,"caption":"Vivotis"},"image":{"@id":"https:\/\/vivotis.com\/#\/schema\/logo\/image\/"}}]}},"_links":{"self":[{"href":"https:\/\/vivotis.com\/tr\/wp-json\/wp\/v2\/pages\/556","targetHints":{"allow":["GET"]}}],"collection":[{"href":"https:\/\/vivotis.com\/tr\/wp-json\/wp\/v2\/pages"}],"about":[{"href":"https:\/\/vivotis.com\/tr\/wp-json\/wp\/v2\/types\/page"}],"author":[{"embeddable":true,"href":"https:\/\/vivotis.com\/tr\/wp-json\/wp\/v2\/users\/1"}],"replies":[{"embeddable":true,"href":"https:\/\/vivotis.com\/tr\/wp-json\/wp\/v2\/comments?post=556"}],"version-history":[{"count":5,"href":"https:\/\/vivotis.com\/tr\/wp-json\/wp\/v2\/pages\/556\/revisions"}],"predecessor-version":[{"id":612,"href":"https:\/\/vivotis.com\/tr\/wp-json\/wp\/v2\/pages\/556\/revisions\/612"}],"wp:attachment":[{"href":"https:\/\/vivotis.com\/tr\/wp-json\/wp\/v2\/media?parent=556"}],"curies":[{"name":"wp","href":"https:\/\/api.w.org\/{rel}","templated":true}]}}