{"id":1851,"date":"2025-12-07T06:46:52","date_gmt":"2025-12-07T06:46:52","guid":{"rendered":"https:\/\/vivotis.com\/?page_id=1851"},"modified":"2026-04-06T18:14:05","modified_gmt":"2026-04-06T16:14:05","slug":"cinselsiddet","status":"publish","type":"page","link":"https:\/\/vivotis.com\/tr\/sexualviolence\/","title":{"rendered":"Cinsel \u015eiddeti \u00d6nleme \u00c7al\u0131\u015ftay\u0131"},"content":{"rendered":"<div class=\"wpb-content-wrapper\"><div class=\"vc_row wpb_row vc_row-fluid\"><div class=\"wpb_column vc_column_container vc_col-sm-12\"><div class=\"vc_column-inner\"><div class=\"wpb_wrapper\"><div class=\"vc_row wpb_row vc_inner vc_row-fluid\"><div class=\"wpb_column vc_column_container vc_col-sm-4\"><div class=\"vc_column-inner\"><div class=\"wpb_wrapper\">\n\t<div class=\"wpb_raw_code wpb_raw_html wpb_content_element\" >\n\t\t<div class=\"wpb_wrapper\">\n\t\t\t<div class=\"lang-dropdown\">\n  <button class=\"lang-current\">\n    <span class=\"flag\">\ud83c\udf10<\/span>\n    <span class=\"label\">Dil<\/span>\n    <span class=\"arrow\">\u25be<\/span>\n  <\/button>\n\n  <ul class=\"lang-list\">\n    <li><a href=\"https:\/\/sexual-violence.info\/\"><span class=\"flag\">\ud83c\uddec\ud83c\udde7<\/span> \u0130ngilizce<\/a><\/li>\n    <li><a href=\"https:\/\/vivotis.com\/fr\/sexualviolence\/\"><span class=\"flag\">\ud83c\uddeb\ud83c\uddf7<\/span> Fran\u00e7ais<\/a><\/li>\n    <li><a href=\"https:\/\/vivotis.com\/nl\/sexualviolence\/\"><span class=\"flag\">\ud83c\uddf3\ud83c\uddf1<\/span> Nederlands<\/a><\/li>\n    <li><a href=\"https:\/\/vivotis.com\/de\/sexualviolence\/\"><span class=\"flag\">\ud83c\udde9\ud83c\uddea<\/span> Almanca<\/a><\/li>\n    <li><a href=\"https:\/\/vivotis.com\/es\/sexualviolence\/\"><span class=\"flag\">\ud83c\uddea\ud83c\uddf8<\/span> Espa\u00f1ol<\/a><\/li>\n    <li><a href=\"https:\/\/vivotis.com\/it\/sexualviolence\/\"><span class=\"flag\">\ud83c\uddee\ud83c\uddf9<\/span> \u0130talyan<\/a><\/li>\n    <li><a href=\"https:\/\/vivotis.com\/pt\/sexualviolence\/\"><span class=\"flag\">\ud83c\uddf5\ud83c\uddf9<\/span> Portugu\u00eas<\/a><\/li>\n    <li><a href=\"https:\/\/vivotis.com\/pl\/sexualviolence\/\"><span class=\"flag\">\ud83c\uddf5\ud83c\uddf1<\/span> Polski<\/a><\/li>\n    <li><a href=\"https:\/\/vivotis.com\/ru\/sexualviolence\/\"><span class=\"flag\">\ud83c\uddf7\ud83c\uddfa<\/span> \u0420\u0443\u0441\u0441\u043a\u0438\u0439<\/a><\/li>\n    <li><a href=\"https:\/\/vivotis.com\/tr\/sexualviolence\/\"><span class=\"flag\">\ud83c\uddf9\ud83c\uddf7<\/span> T\u00fcrk\u00e7e<\/a><\/li>\n    <li><a href=\"https:\/\/vivotis.com\/ar\/sexualviolence\/\"><span class=\"flag\">\ud83c\uddf8\ud83c\udde6<\/span> \u0627\u0644\u0639\u0631\u0628\u064a\u0629<\/a><\/li>\n    <li><a href=\"https:\/\/vivotis.com\/hi\/sexualviolence\/\"><span class=\"flag\">\ud83c\uddee\ud83c\uddf3<\/span> \u0391\u03a5\u03a4\u039f\u039a\u038a\u039d\u0397\u03a4\u0391\u0399<\/a><\/li>\n    <li><a href=\"https:\/\/vivotis.com\/ja\/sexualviolence\/\"><span class=\"flag\">\ud83c\uddef\ud83c\uddf5<\/span> \u65e5\u672c\u8a9e<\/a><\/li>\n    <li><a href=\"https:\/\/vivotis.com\/ko\/sexualviolence\/\"><span class=\"flag\">\ud83c\uddf0\ud83c\uddf7<\/span> BIRBIRINE BA\u011eLI<\/a><\/li>\n    <li><a href=\"https:\/\/vivotis.com\/zh\/sexualviolence\/\"><span class=\"flag\">\ud83c\udde8\ud83c\uddf3<\/span> \u4e2d\u6587<\/a><\/li>\n  <\/ul>\n<\/div>\n\t\t<\/div>\n\t<\/div>\n<\/div><\/div><\/div><div class=\"wpb_column vc_column_container vc_col-sm-8\"><div class=\"vc_column-inner\"><div class=\"wpb_wrapper\"><\/div><\/div><\/div><\/div>\n\t<div  class=\"wpb_single_image wpb_content_element vc_align_center wpb_content_element vc_custom_1775492043248\">\n\t\t\n\t\t<figure class=\"wpb_wrapper vc_figure\">\n\t\t\t<div class=\"vc_single_image-wrapper   vc_box_border_grey\"><img loading=\"lazy\" decoding=\"async\" width=\"300\" height=\"160\" src=\"https:\/\/vivotis.com\/wp-content\/uploads\/2026\/04\/logo-300x160.png\" class=\"vc_single_image-img attachment-medium\" alt=\"\" title=\"logo\" srcset=\"https:\/\/vivotis.com\/wp-content\/uploads\/2026\/04\/logo-300x160.png 300w, https:\/\/vivotis.com\/wp-content\/uploads\/2026\/04\/logo-1024x548.png 1024w, https:\/\/vivotis.com\/wp-content\/uploads\/2026\/04\/logo-768x411.png 768w, https:\/\/vivotis.com\/wp-content\/uploads\/2026\/04\/logo-18x10.png 18w, https:\/\/vivotis.com\/wp-content\/uploads\/2026\/04\/logo-600x321.png 600w, https:\/\/vivotis.com\/wp-content\/uploads\/2026\/04\/logo.png 1032w\" sizes=\"auto, (max-width: 300px) 100vw, 300px\" \/><\/div>\n\t\t<\/figure>\n\t<\/div>\n\n\t<div class=\"wpb_text_column wpb_content_element\" >\n\t\t<div class=\"wpb_wrapper\">\n\t\t\t<p data-start=\"832\" data-end=\"967\"><strong data-start=\"832\" data-end=\"967\">Cinsel \u015fiddetin nas\u0131l ger\u00e7ekle\u015fti\u011fini, neden devam etti\u011fini ve bunu birlikte nas\u0131l \u00f6nleyebilece\u011fimizi anlamak i\u00e7in g\u00fc\u00e7l\u00fc ve interaktif bir at\u00f6lye \u00e7al\u0131\u015fmas\u0131.<\/strong><\/p>\n\n\t\t<\/div>\n\t<\/div>\n<\/div><\/div><\/div><\/div><div class=\"vc_row wpb_row vc_row-fluid vc_custom_1765119288927\"><div class=\"wpb_column vc_column_container vc_col-sm-12\"><div class=\"vc_column-inner\"><div class=\"wpb_wrapper\">\n\t<div class=\"wpb_text_column wpb_content_element\" >\n\t\t<div class=\"wpb_wrapper\">\n\t\t\t<p>Cinsel \u015eiddet Etki At\u00f6lyesi, cinsel \u015fiddetin mekanizmalar\u0131n\u0131, kal\u0131plar\u0131n\u0131 ve sonu\u00e7lar\u0131n\u0131 ortaya \u00e7\u0131karan interaktif bir \u00f6\u011frenme deneyimidir. \u0130\u015fbirli\u011fine dayal\u0131 analiz ve rehberli d\u00fc\u015f\u00fcnme yoluyla kat\u0131l\u0131mc\u0131lar, \u00f6nlemeyi g\u00fc\u00e7lendirmek ve daha g\u00fcvenli ortamlar\u0131 desteklemek i\u00e7in net, eyleme ge\u00e7irilebilir i\u00e7g\u00f6r\u00fcler elde eder.<\/p>\n\n\t\t<\/div>\n\t<\/div>\n\n\t<div class=\"wpb_text_column wpb_content_element\" >\n\t\t<div class=\"wpb_wrapper\">\n\t\t\t<p>Cinsel \u015eiddet Etki At\u00f6lyesi, kat\u0131l\u0131mc\u0131lar\u0131n cinsel \u015fiddetin nas\u0131l ortaya \u00e7\u0131kt\u0131\u011f\u0131n\u0131, geli\u015fti\u011fini ve bireyleri ve toplumlar\u0131 nas\u0131l etkiledi\u011fini anlamalar\u0131na yard\u0131mc\u0131 olmak i\u00e7in tasarlanm\u0131\u015f interaktif, kan\u0131ta dayal\u0131 bir e\u011fitimdir. Yap\u0131land\u0131r\u0131lm\u0131\u015f, i\u015fbirli\u011fine dayal\u0131 bir deneyim arac\u0131l\u0131\u011f\u0131yla kat\u0131l\u0131mc\u0131lar ger\u00e7ek d\u00fcnyadaki \u00f6r\u00fcnt\u00fcleri analiz eder, altta yatan mekanizmalar\u0131 ke\u015ffeder ve cinsel \u015fiddetin devam etmesine izin veren sosyal, psikolojik ve kurumsal fakt\u00f6rler \u00fczerinde d\u00fc\u015f\u00fcn\u00fcrler.<br data-start=\"1951\" data-end=\"1954\" \/>\u00c7al\u0131\u015ftay, bilimsel bilgiyi eri\u015filebilir \u00f6\u011fretim y\u00f6ntemleriyle birle\u015ftirerek her grubun konuya ili\u015fkin net ve ortak bir anlay\u0131\u015f geli\u015ftirmesini sa\u011flar. Temel risk fakt\u00f6rlerini ve koruyucu fakt\u00f6rleri belirleyerek, kat\u0131l\u0131mc\u0131lar nas\u0131l harekete ge\u00e7eceklerini, \u00f6nleme stratejilerini nas\u0131l geli\u015ftireceklerini ve okullarda, kurumlarda, i\u015fyerlerinde ve topluluk ortamlar\u0131nda daha g\u00fcvenli ortamlar\u0131 nas\u0131l te\u015fvik edeceklerini \u00f6\u011frenirler.<br data-start=\"2324\" data-end=\"2327\" \/>Bu at\u00f6lye \u00e7al\u0131\u015fmas\u0131 profesyoneller, e\u011fitimciler, \u00f6\u011frenciler, kurulu\u015flar ve cinsel \u015fiddeti \u00f6nlemeye y\u00f6nelik bilin\u00e7li ve etkili yakla\u015f\u0131mlar geli\u015ftirmeye kendini adam\u0131\u015f herkes i\u00e7in uygundur.<\/p>\n\n\t\t<\/div>\n\t<\/div>\n<\/div><\/div><\/div><\/div>\n<\/div>","protected":false},"excerpt":{"rendered":"\ud83c\udf10 Language \u25be \ud83c\uddec\ud83c\udde7 English \ud83c\uddeb\ud83c\uddf7 Fran\u00e7ais \ud83c\uddf3\ud83c\uddf1 Nederlands \ud83c\udde9\ud83c\uddea Deutsch \ud83c\uddea\ud83c\uddf8 Espa\u00f1ol \ud83c\uddee\ud83c\uddf9 Italiano \ud83c\uddf5\ud83c\uddf9 Portugu\u00eas \ud83c\uddf5\ud83c\uddf1 Polski \ud83c\uddf7\ud83c\uddfa \u0420\u0443\u0441\u0441\u043a\u0438\u0439 \ud83c\uddf9\ud83c\uddf7 T\u00fcrk\u00e7e \ud83c\uddf8\ud83c\udde6 \u0627\u0644\u0639\u0631\u0628\u064a\u0629 \ud83c\uddee\ud83c\uddf3 \u0939\u093f\u0928\u094d\u0926\u0940 \ud83c\uddef\ud83c\uddf5 \u65e5\u672c\u8a9e \ud83c\uddf0\ud83c\uddf7 \ud55c\uad6d\uc5b4 \ud83c\udde8\ud83c\uddf3 \u4e2d\u6587 A powerful and interactive workshop to understand how sexual violence happens, why it persists, and how we can prevent it together. The [...]","protected":false},"author":1,"featured_media":0,"parent":0,"menu_order":0,"comment_status":"closed","ping_status":"closed","template":"","meta":{"pmpro_default_level":"","footnotes":""},"class_list":["post-1851","page","type-page","status-publish","hentry","pmpro-has-access"],"yoast_head":"<!-- This site is optimized with the Yoast SEO plugin v27.3 - https:\/\/yoast.com\/product\/yoast-seo-wordpress\/ -->\n<title>The Sexual Violence Prevention Workshop<\/title>\n<meta name=\"robots\" content=\"index, follow, max-snippet:-1, max-image-preview:large, max-video-preview:-1\" \/>\n<link rel=\"canonical\" href=\"https:\/\/sexual-violence.info\/\" \/>\n<meta property=\"og:locale\" content=\"tr_TR\" \/>\n<meta property=\"og:type\" content=\"article\" \/>\n<meta property=\"og:title\" content=\"The Sexual Violence Prevention Workshop\" \/>\n<meta property=\"og:url\" content=\"https:\/\/sexual-violence.info\/\" \/>\n<meta property=\"og:site_name\" content=\"Vivotis\" \/>\n<meta property=\"article:modified_time\" content=\"2026-04-06T16:14:05+00:00\" \/>\n<meta name=\"twitter:card\" content=\"summary_large_image\" \/>\n<meta name=\"twitter:label1\" content=\"Tahmini okuma s\u00fcresi\" \/>\n\t<meta name=\"twitter:data1\" content=\"2 dakika\" \/>\n<script type=\"application\/ld+json\" class=\"yoast-schema-graph\">{\"@context\":\"https:\\\/\\\/schema.org\",\"@graph\":[{\"@type\":\"WebPage\",\"@id\":\"https:\\\/\\\/sexual-violence.info\\\/\",\"url\":\"https:\\\/\\\/sexual-violence.info\\\/\",\"name\":\"The Sexual Violence Prevention Workshop\",\"isPartOf\":{\"@id\":\"https:\\\/\\\/vivotis.com\\\/#website\"},\"datePublished\":\"2025-12-07T06:46:52+00:00\",\"dateModified\":\"2026-04-06T16:14:05+00:00\",\"breadcrumb\":{\"@id\":\"https:\\\/\\\/sexual-violence.info\\\/#breadcrumb\"},\"inLanguage\":\"tr\",\"potentialAction\":[{\"@type\":\"ReadAction\",\"target\":[\"https:\\\/\\\/sexual-violence.info\\\/\"]}]},{\"@type\":\"BreadcrumbList\",\"@id\":\"https:\\\/\\\/sexual-violence.info\\\/#breadcrumb\",\"itemListElement\":[{\"@type\":\"ListItem\",\"position\":1,\"name\":\"Home\",\"item\":\"https:\\\/\\\/vivotis.com\\\/\"},{\"@type\":\"ListItem\",\"position\":2,\"name\":\"The Sexual Violence Prevention Workshop\"}]},{\"@type\":\"WebSite\",\"@id\":\"https:\\\/\\\/vivotis.com\\\/#website\",\"url\":\"https:\\\/\\\/vivotis.com\\\/\",\"name\":\"Vivotis\",\"description\":\"\",\"publisher\":{\"@id\":\"https:\\\/\\\/vivotis.com\\\/#organization\"},\"potentialAction\":[{\"@type\":\"SearchAction\",\"target\":{\"@type\":\"EntryPoint\",\"urlTemplate\":\"https:\\\/\\\/vivotis.com\\\/?s={search_term_string}\"},\"query-input\":{\"@type\":\"PropertyValueSpecification\",\"valueRequired\":true,\"valueName\":\"search_term_string\"}}],\"inLanguage\":\"tr\"},{\"@type\":\"Organization\",\"@id\":\"https:\\\/\\\/vivotis.com\\\/#organization\",\"name\":\"Vivotis\",\"url\":\"https:\\\/\\\/vivotis.com\\\/\",\"logo\":{\"@type\":\"ImageObject\",\"inLanguage\":\"tr\",\"@id\":\"https:\\\/\\\/vivotis.com\\\/#\\\/schema\\\/logo\\\/image\\\/\",\"url\":\"https:\\\/\\\/vivotis.com\\\/wp-content\\\/uploads\\\/2025\\\/11\\\/logo-brand-000000-m-scaled.png\",\"contentUrl\":\"https:\\\/\\\/vivotis.com\\\/wp-content\\\/uploads\\\/2025\\\/11\\\/logo-brand-000000-m-scaled.png\",\"width\":2560,\"height\":1281,\"caption\":\"Vivotis\"},\"image\":{\"@id\":\"https:\\\/\\\/vivotis.com\\\/#\\\/schema\\\/logo\\\/image\\\/\"}}]}<\/script>\n<!-- \/ Yoast SEO plugin. -->","yoast_head_json":{"title":"Cinsel \u015eiddeti \u00d6nleme \u00c7al\u0131\u015ftay\u0131","robots":{"index":"index","follow":"follow","max-snippet":"max-snippet:-1","max-image-preview":"max-image-preview:large","max-video-preview":"max-video-preview:-1"},"canonical":"https:\/\/sexual-violence.info\/","og_locale":"tr_TR","og_type":"article","og_title":"The Sexual Violence Prevention Workshop","og_url":"https:\/\/sexual-violence.info\/","og_site_name":"Vivotis","article_modified_time":"2026-04-06T16:14:05+00:00","twitter_card":"summary_large_image","twitter_misc":{"Tahmini okuma s\u00fcresi":"2 dakika"},"schema":{"@context":"https:\/\/schema.org","@graph":[{"@type":"WebPage","@id":"https:\/\/sexual-violence.info\/","url":"https:\/\/sexual-violence.info\/","name":"Cinsel \u015eiddeti \u00d6nleme \u00c7al\u0131\u015ftay\u0131","isPartOf":{"@id":"https:\/\/vivotis.com\/#website"},"datePublished":"2025-12-07T06:46:52+00:00","dateModified":"2026-04-06T16:14:05+00:00","breadcrumb":{"@id":"https:\/\/sexual-violence.info\/#breadcrumb"},"inLanguage":"tr","potentialAction":[{"@type":"ReadAction","target":["https:\/\/sexual-violence.info\/"]}]},{"@type":"BreadcrumbList","@id":"https:\/\/sexual-violence.info\/#breadcrumb","itemListElement":[{"@type":"ListItem","position":1,"name":"Home","item":"https:\/\/vivotis.com\/"},{"@type":"ListItem","position":2,"name":"The Sexual Violence Prevention Workshop"}]},{"@type":"WebSite","@id":"https:\/\/vivotis.com\/#website","url":"https:\/\/vivotis.com\/","name":"Vivotis","description":"","publisher":{"@id":"https:\/\/vivotis.com\/#organization"},"potentialAction":[{"@type":"SearchAction","target":{"@type":"EntryPoint","urlTemplate":"https:\/\/vivotis.com\/?s={search_term_string}"},"query-input":{"@type":"PropertyValueSpecification","valueRequired":true,"valueName":"search_term_string"}}],"inLanguage":"tr"},{"@type":"Organization","@id":"https:\/\/vivotis.com\/#organization","name":"Vivotis","url":"https:\/\/vivotis.com\/","logo":{"@type":"ImageObject","inLanguage":"tr","@id":"https:\/\/vivotis.com\/#\/schema\/logo\/image\/","url":"https:\/\/vivotis.com\/wp-content\/uploads\/2025\/11\/logo-brand-000000-m-scaled.png","contentUrl":"https:\/\/vivotis.com\/wp-content\/uploads\/2025\/11\/logo-brand-000000-m-scaled.png","width":2560,"height":1281,"caption":"Vivotis"},"image":{"@id":"https:\/\/vivotis.com\/#\/schema\/logo\/image\/"}}]}},"_links":{"self":[{"href":"https:\/\/vivotis.com\/tr\/wp-json\/wp\/v2\/pages\/1851","targetHints":{"allow":["GET"]}}],"collection":[{"href":"https:\/\/vivotis.com\/tr\/wp-json\/wp\/v2\/pages"}],"about":[{"href":"https:\/\/vivotis.com\/tr\/wp-json\/wp\/v2\/types\/page"}],"author":[{"embeddable":true,"href":"https:\/\/vivotis.com\/tr\/wp-json\/wp\/v2\/users\/1"}],"replies":[{"embeddable":true,"href":"https:\/\/vivotis.com\/tr\/wp-json\/wp\/v2\/comments?post=1851"}],"version-history":[{"count":16,"href":"https:\/\/vivotis.com\/tr\/wp-json\/wp\/v2\/pages\/1851\/revisions"}],"predecessor-version":[{"id":3125,"href":"https:\/\/vivotis.com\/tr\/wp-json\/wp\/v2\/pages\/1851\/revisions\/3125"}],"wp:attachment":[{"href":"https:\/\/vivotis.com\/tr\/wp-json\/wp\/v2\/media?parent=1851"}],"curies":[{"name":"wp","href":"https:\/\/api.w.org\/{rel}","templated":true}]}}