{"id":556,"date":"2025-11-18T17:06:41","date_gmt":"2025-11-18T17:06:41","guid":{"rendered":"https:\/\/vivotis.com\/?page_id=556"},"modified":"2025-11-18T19:20:59","modified_gmt":"2025-11-18T19:20:59","slug":"aviso-legal","status":"publish","type":"page","link":"https:\/\/vivotis.com\/pt\/legal-notice\/","title":{"rendered":"Aviso legal"},"content":{"rendered":"<div class=\"wpb-content-wrapper\"><div class=\"vc_row wpb_row vc_row-fluid\"><div class=\"wpb_column vc_column_container vc_col-sm-12\"><div class=\"vc_column-inner\"><div class=\"wpb_wrapper\">\n\t<div class=\"wpb_text_column wpb_content_element\" >\n\t\t<div class=\"wpb_wrapper\">\n\t\t\t<p data-start=\"347\" data-end=\"576\">Este s\u00edtio Web (<a class=\"decorated-link\" href=\"https:\/\/vivotis.com\/pt\/\" target=\"_new\" rel=\"noopener\" data-start=\"361\" data-end=\"376\">www.vivotis.com<\/a>) \u00e9 operado por uma empresa individual legalmente registada em Fran\u00e7a e desenvolvido em parceria com a Association Une Vie\u2122. O acesso a este s\u00edtio Web implica a plena aceita\u00e7\u00e3o do presente Aviso Legal.<\/p>\n<h2 data-start=\"578\" data-end=\"603\"><strong data-start=\"581\" data-end=\"603\">Editora \/ Editor<\/strong><\/h2>\n<p data-start=\"604\" data-end=\"814\"><strong data-start=\"604\" data-end=\"647\">SBrochot - Empresa individual<\/strong><br data-start=\"647\" data-end=\"650\" \/>SIRET: 491<span style=\"color: #ffffff;\">-<\/span>749<span style=\"color: #ffffff;\">-<\/span>966<span style=\"color: #ffffff;\">-<\/span>00017<br data-start=\"674\" data-end=\"677\" \/>Sede social: 73<span style=\"color: #ffffff;\">-<\/span>bd Richard-Lenoir, 75011 Paris, Fran\u00e7a<br data-start=\"744\" data-end=\"747\" \/>URL: <a class=\"decorated-link cursor-pointer\" href=\"https:\/\/vivotis.com\/pt\/pedido-de-privacidade\/\" rel=\"noopener\" data-start=\"754\" data-end=\"773\">https:\/\/vivotis.com\/privacy-request\/<\/a><\/p>\n<p data-start=\"816\" data-end=\"957\">Este projeto \u00e9 editado e apoiado em parceria com:<br data-start=\"873\" data-end=\"876\" \/><strong data-start=\"876\" data-end=\"908\">Association Une Vie\u2122<\/strong>, uma organiza\u00e7\u00e3o sem fins lucrativos registada em Fran\u00e7a.<\/p>\n<h2 data-start=\"959\" data-end=\"973\"><strong data-start=\"962\" data-end=\"973\">Alojamento<\/strong><\/h2>\n<p data-start=\"974\" data-end=\"1103\">OVH SAS<br data-start=\"981\" data-end=\"984\" \/>2 rue Kellermann, BP 80157<br data-start=\"1010\" data-end=\"1013\" \/>59053 ROUBAIX Cedex 1 - Fran\u00e7a<br data-start=\"1043\" data-end=\"1046\" \/>Tel: +33 (0)9 72 10 10 07<br data-start=\"1071\" data-end=\"1074\" \/>S\u00edtio Web: <a class=\"decorated-link\" href=\"https:\/\/www.ovh.com\/\" target=\"_new\" rel=\"noopener\" data-start=\"1083\" data-end=\"1103\">https:\/\/www.ovh.com\/<\/a><\/p>\n<h2 data-start=\"1105\" data-end=\"1133\"><strong data-start=\"1108\" data-end=\"1133\">Propriedade intelectual<\/strong><\/h2>\n<p data-start=\"1134\" data-end=\"1380\">Todos os textos, ilustra\u00e7\u00f5es, produtos digitais, materiais descarreg\u00e1veis, forma\u00e7\u00f5es, gr\u00e1ficos e conte\u00fados em geral est\u00e3o protegidos por direitos de autor. Salvo indica\u00e7\u00e3o em contr\u00e1rio, todos os materiais s\u00e3o propriedade exclusiva do editor ou utilizados com autoriza\u00e7\u00e3o.<\/p>\n<p data-start=\"1382\" data-end=\"1598\">Os nomes e log\u00f3tipos marcados com \u00a9, \u00ae ou \u2122 s\u00e3o marcas comerciais protegidas pela legisla\u00e7\u00e3o francesa e internacional.<br data-start=\"1484\" data-end=\"1487\" \/>Qualquer reprodu\u00e7\u00e3o, modifica\u00e7\u00e3o, distribui\u00e7\u00e3o ou utiliza\u00e7\u00e3o sem autoriza\u00e7\u00e3o pr\u00e9via por escrito \u00e9 estritamente proibida.<\/p>\n<p data-start=\"1600\" data-end=\"1724\">\u00c9 concedida aos utilizadores uma licen\u00e7a pessoal, intransmiss\u00edvel e n\u00e3o exclusiva para aceder ao s\u00edtio Web. N\u00e3o s\u00e3o concedidos quaisquer outros direitos.<\/p>\n<h2 data-start=\"1726\" data-end=\"1756\"><strong data-start=\"1729\" data-end=\"1756\">Utiliza\u00e7\u00e3o de produtos digitais<\/strong><\/h2>\n<p data-start=\"1757\" data-end=\"2092\">Todos os produtos digitais (PDFs, forma\u00e7\u00f5es em linha, materiais did\u00e1cticos) s\u00e3o bens imateriais protegidos por direitos de autor.<br data-start=\"1870\" data-end=\"1873\" \/>Os compradores recebem uma licen\u00e7a pessoal e intransmiss\u00edvel para utiliza\u00e7\u00e3o individual. N\u00e3o podem partilhar, duplicar, revender ou apresentar o mesmo conte\u00fado simultaneamente em v\u00e1rios locais sem adquirir licen\u00e7as adicionais.<\/p>\n<p data-start=\"2094\" data-end=\"2214\">As condi\u00e7\u00f5es relativas ao reembolso ou cancelamento de produtos digitais est\u00e3o descritas na p\u00e1gina \u201cPol\u00edtica de reembolso e cancelamento\u201d.<\/p>\n<h2 data-start=\"2216\" data-end=\"2232\"><strong data-start=\"2219\" data-end=\"2232\">Responsabilidade civil<\/strong><\/h2>\n<p data-start=\"2233\" data-end=\"2345\">O editor esfor\u00e7a-se por garantir a exatid\u00e3o e a atualiza\u00e7\u00e3o regular das informa\u00e7\u00f5es. Podem ocorrer erros ou omiss\u00f5es.<\/p>\n<p data-start=\"2347\" data-end=\"2566\">O editor declina a responsabilidade por:<br data-start=\"2384\" data-end=\"2387\" \/>- indisponibilidade tempor\u00e1ria do s\u00edtio,<br data-start=\"2426\" data-end=\"2429\" \/>- danos resultantes da utiliza\u00e7\u00e3o do s\u00edtio,<br data-start=\"2473\" data-end=\"2476\" \/>- inexactid\u00f5es ou omiss\u00f5es no conte\u00fado,<br data-start=\"2519\" data-end=\"2522\" \/>- s\u00edtios externos ligados a partir de vivotis.com.<\/p>\n<h2 data-start=\"2568\" data-end=\"2585\"><strong data-start=\"2571\" data-end=\"2585\">Hiperliga\u00e7\u00f5es<\/strong><\/h2>\n<p data-start=\"2586\" data-end=\"2703\">As liga\u00e7\u00f5es externas s\u00e3o fornecidas por conveni\u00eancia. O editor n\u00e3o \u00e9 respons\u00e1vel pelo seu conte\u00fado ou pr\u00e1ticas de privacidade.<\/p>\n<h2 data-start=\"2705\" data-end=\"2732\"><strong data-start=\"2708\" data-end=\"2732\">Disponibilidade do s\u00edtio Web<\/strong><\/h2>\n<p data-start=\"2733\" data-end=\"2851\">O editor esfor\u00e7a-se por manter o acesso ao s\u00edtio, mas pode suspend\u00ea-lo temporariamente para manuten\u00e7\u00e3o ou actualiza\u00e7\u00f5es.<\/p>\n<h2 data-start=\"2853\" data-end=\"2873\"><strong data-start=\"2856\" data-end=\"2873\">Altera\u00e7\u00f5es<\/strong><\/h2>\n<p data-start=\"2874\" data-end=\"2967\">O presente aviso legal pode ser alterado em qualquer altura.<br data-start=\"2919\" data-end=\"2922\" \/>Os utilizadores s\u00e3o encorajados a consult\u00e1-lo regularmente.<\/p>\n<h2 data-start=\"2969\" data-end=\"2987\"><strong data-start=\"2972\" data-end=\"2987\">Filia\u00e7\u00e3o<\/strong><\/h2>\n<p data-start=\"2988\" data-end=\"3045\"><strong data-start=\"2988\" data-end=\"3045\">Vivotis\u2122 faz parte da rede Association Une Vie\u2122.<\/strong><\/p>\n\n\t\t<\/div>\n\t<\/div>\n<\/div><\/div><\/div><\/div>\n<\/div>","protected":false},"excerpt":{"rendered":"This website (www.vivotis.com) is operated by an individual business legally registered in France and developed in partnership with Association Une Vie\u2122. Accessing this website implies full acceptance of the present Legal Notice. Publisher \/ Editor SBrochot \u2013 Individual BusinessSIRET: 491-749-966-00017Registered office: 73-bd Richard-Lenoir, 75011 Paris, FranceURL: https:\/\/vivotis.com\/privacy-request\/ This project is edited and supported in partnership [...]","protected":false},"author":1,"featured_media":0,"parent":0,"menu_order":0,"comment_status":"closed","ping_status":"closed","template":"","meta":{"pmpro_default_level":"","footnotes":""},"class_list":["post-556","page","type-page","status-publish","hentry","pmpro-has-access"],"yoast_head":"<!-- This site is optimized with the Yoast SEO plugin v27.3 - https:\/\/yoast.com\/product\/yoast-seo-wordpress\/ -->\n<title>Legal Notice<\/title>\n<meta name=\"robots\" content=\"index, follow, max-snippet:-1, max-image-preview:large, max-video-preview:-1\" \/>\n<link rel=\"canonical\" href=\"https:\/\/vivotis.com\/pt\/aviso-legal\/\" \/>\n<meta property=\"og:locale\" content=\"pt_PT\" \/>\n<meta property=\"og:type\" content=\"article\" \/>\n<meta property=\"og:title\" content=\"Legal Notice\" \/>\n<meta property=\"og:url\" content=\"https:\/\/vivotis.com\/pt\/aviso-legal\/\" \/>\n<meta property=\"og:site_name\" content=\"Vivotis\" \/>\n<meta property=\"article:modified_time\" content=\"2025-11-18T19:20:59+00:00\" \/>\n<meta name=\"twitter:card\" content=\"summary_large_image\" \/>\n<meta name=\"twitter:label1\" content=\"Tempo estimado de leitura\" \/>\n\t<meta name=\"twitter:data1\" content=\"2 minutos\" \/>\n<script type=\"application\/ld+json\" class=\"yoast-schema-graph\">{\"@context\":\"https:\\\/\\\/schema.org\",\"@graph\":[{\"@type\":\"WebPage\",\"@id\":\"https:\\\/\\\/vivotis.com\\\/legal-notice\\\/\",\"url\":\"https:\\\/\\\/vivotis.com\\\/legal-notice\\\/\",\"name\":\"Legal Notice\",\"isPartOf\":{\"@id\":\"https:\\\/\\\/vivotis.com\\\/#website\"},\"datePublished\":\"2025-11-18T17:06:41+00:00\",\"dateModified\":\"2025-11-18T19:20:59+00:00\",\"breadcrumb\":{\"@id\":\"https:\\\/\\\/vivotis.com\\\/legal-notice\\\/#breadcrumb\"},\"inLanguage\":\"pt-PT\",\"potentialAction\":[{\"@type\":\"ReadAction\",\"target\":[\"https:\\\/\\\/vivotis.com\\\/legal-notice\\\/\"]}]},{\"@type\":\"BreadcrumbList\",\"@id\":\"https:\\\/\\\/vivotis.com\\\/legal-notice\\\/#breadcrumb\",\"itemListElement\":[{\"@type\":\"ListItem\",\"position\":1,\"name\":\"Home\",\"item\":\"https:\\\/\\\/vivotis.com\\\/\"},{\"@type\":\"ListItem\",\"position\":2,\"name\":\"Legal Notice\"}]},{\"@type\":\"WebSite\",\"@id\":\"https:\\\/\\\/vivotis.com\\\/#website\",\"url\":\"https:\\\/\\\/vivotis.com\\\/\",\"name\":\"Vivotis\",\"description\":\"\",\"publisher\":{\"@id\":\"https:\\\/\\\/vivotis.com\\\/#organization\"},\"potentialAction\":[{\"@type\":\"SearchAction\",\"target\":{\"@type\":\"EntryPoint\",\"urlTemplate\":\"https:\\\/\\\/vivotis.com\\\/?s={search_term_string}\"},\"query-input\":{\"@type\":\"PropertyValueSpecification\",\"valueRequired\":true,\"valueName\":\"search_term_string\"}}],\"inLanguage\":\"pt-PT\"},{\"@type\":\"Organization\",\"@id\":\"https:\\\/\\\/vivotis.com\\\/#organization\",\"name\":\"Vivotis\",\"url\":\"https:\\\/\\\/vivotis.com\\\/\",\"logo\":{\"@type\":\"ImageObject\",\"inLanguage\":\"pt-PT\",\"@id\":\"https:\\\/\\\/vivotis.com\\\/#\\\/schema\\\/logo\\\/image\\\/\",\"url\":\"https:\\\/\\\/vivotis.com\\\/wp-content\\\/uploads\\\/2025\\\/11\\\/logo-brand-000000-m-scaled.png\",\"contentUrl\":\"https:\\\/\\\/vivotis.com\\\/wp-content\\\/uploads\\\/2025\\\/11\\\/logo-brand-000000-m-scaled.png\",\"width\":2560,\"height\":1281,\"caption\":\"Vivotis\"},\"image\":{\"@id\":\"https:\\\/\\\/vivotis.com\\\/#\\\/schema\\\/logo\\\/image\\\/\"}}]}<\/script>\n<!-- \/ Yoast SEO plugin. -->","yoast_head_json":{"title":"Aviso legal","robots":{"index":"index","follow":"follow","max-snippet":"max-snippet:-1","max-image-preview":"max-image-preview:large","max-video-preview":"max-video-preview:-1"},"canonical":"https:\/\/vivotis.com\/pt\/aviso-legal\/","og_locale":"pt_PT","og_type":"article","og_title":"Legal Notice","og_url":"https:\/\/vivotis.com\/pt\/aviso-legal\/","og_site_name":"Vivotis","article_modified_time":"2025-11-18T19:20:59+00:00","twitter_card":"summary_large_image","twitter_misc":{"Tempo estimado de leitura":"2 minutos"},"schema":{"@context":"https:\/\/schema.org","@graph":[{"@type":"WebPage","@id":"https:\/\/vivotis.com\/legal-notice\/","url":"https:\/\/vivotis.com\/legal-notice\/","name":"Aviso legal","isPartOf":{"@id":"https:\/\/vivotis.com\/#website"},"datePublished":"2025-11-18T17:06:41+00:00","dateModified":"2025-11-18T19:20:59+00:00","breadcrumb":{"@id":"https:\/\/vivotis.com\/legal-notice\/#breadcrumb"},"inLanguage":"pt-PT","potentialAction":[{"@type":"ReadAction","target":["https:\/\/vivotis.com\/legal-notice\/"]}]},{"@type":"BreadcrumbList","@id":"https:\/\/vivotis.com\/legal-notice\/#breadcrumb","itemListElement":[{"@type":"ListItem","position":1,"name":"Home","item":"https:\/\/vivotis.com\/"},{"@type":"ListItem","position":2,"name":"Legal Notice"}]},{"@type":"WebSite","@id":"https:\/\/vivotis.com\/#website","url":"https:\/\/vivotis.com\/","name":"Vivotis","description":"","publisher":{"@id":"https:\/\/vivotis.com\/#organization"},"potentialAction":[{"@type":"SearchAction","target":{"@type":"EntryPoint","urlTemplate":"https:\/\/vivotis.com\/?s={search_term_string}"},"query-input":{"@type":"PropertyValueSpecification","valueRequired":true,"valueName":"search_term_string"}}],"inLanguage":"pt-PT"},{"@type":"Organization","@id":"https:\/\/vivotis.com\/#organization","name":"Vivotis","url":"https:\/\/vivotis.com\/","logo":{"@type":"ImageObject","inLanguage":"pt-PT","@id":"https:\/\/vivotis.com\/#\/schema\/logo\/image\/","url":"https:\/\/vivotis.com\/wp-content\/uploads\/2025\/11\/logo-brand-000000-m-scaled.png","contentUrl":"https:\/\/vivotis.com\/wp-content\/uploads\/2025\/11\/logo-brand-000000-m-scaled.png","width":2560,"height":1281,"caption":"Vivotis"},"image":{"@id":"https:\/\/vivotis.com\/#\/schema\/logo\/image\/"}}]}},"_links":{"self":[{"href":"https:\/\/vivotis.com\/pt\/wp-json\/wp\/v2\/pages\/556","targetHints":{"allow":["GET"]}}],"collection":[{"href":"https:\/\/vivotis.com\/pt\/wp-json\/wp\/v2\/pages"}],"about":[{"href":"https:\/\/vivotis.com\/pt\/wp-json\/wp\/v2\/types\/page"}],"author":[{"embeddable":true,"href":"https:\/\/vivotis.com\/pt\/wp-json\/wp\/v2\/users\/1"}],"replies":[{"embeddable":true,"href":"https:\/\/vivotis.com\/pt\/wp-json\/wp\/v2\/comments?post=556"}],"version-history":[{"count":5,"href":"https:\/\/vivotis.com\/pt\/wp-json\/wp\/v2\/pages\/556\/revisions"}],"predecessor-version":[{"id":612,"href":"https:\/\/vivotis.com\/pt\/wp-json\/wp\/v2\/pages\/556\/revisions\/612"}],"wp:attachment":[{"href":"https:\/\/vivotis.com\/pt\/wp-json\/wp\/v2\/media?parent=556"}],"curies":[{"name":"wp","href":"https:\/\/api.w.org\/{rel}","templated":true}]}}