{"id":1851,"date":"2025-12-07T06:46:52","date_gmt":"2025-12-07T06:46:52","guid":{"rendered":"https:\/\/vivotis.com\/?page_id=1851"},"modified":"2026-04-06T18:14:05","modified_gmt":"2026-04-06T16:14:05","slug":"violencia-sexual","status":"publish","type":"page","link":"https:\/\/vivotis.com\/pt\/sexualviolence\/","title":{"rendered":"Oficina de Preven\u00e7\u00e3o da Viol\u00eancia Sexual"},"content":{"rendered":"<div class=\"wpb-content-wrapper\"><div class=\"vc_row wpb_row vc_row-fluid\"><div class=\"wpb_column vc_column_container vc_col-sm-12\"><div class=\"vc_column-inner\"><div class=\"wpb_wrapper\"><div class=\"vc_row wpb_row vc_inner vc_row-fluid\"><div class=\"wpb_column vc_column_container vc_col-sm-4\"><div class=\"vc_column-inner\"><div class=\"wpb_wrapper\">\n\t<div class=\"wpb_raw_code wpb_raw_html wpb_content_element\" >\n\t\t<div class=\"wpb_wrapper\">\n\t\t\t<div class=\"lang-dropdown\">\n  <button class=\"lang-current\">\n    <span class=\"flag\">\ud83c\udf10<\/span>\n    <span class=\"label\">L\u00edngua<\/span>\n    <span class=\"arrow\">\u25be<\/span>\n  <\/button>\n\n  <ul class=\"lang-list\">\n    <li><a href=\"https:\/\/sexual-violence.info\/\"><span class=\"flag\">\ud83c\uddec\ud83c\udde7<\/span> Ingl\u00eas<\/a><\/li>\n    <li><a href=\"https:\/\/vivotis.com\/fr\/sexualviolence\/\"><span class=\"flag\">\ud83c\uddeb\ud83c\uddf7<\/span> Franc\u00eas<\/a><\/li>\n    <li><a href=\"https:\/\/vivotis.com\/nl\/sexualviolence\/\"><span class=\"flag\">\ud83c\uddf3\ud83c\uddf1<\/span> Pa\u00edses Baixos<\/a><\/li>\n    <li><a href=\"https:\/\/vivotis.com\/de\/sexualviolence\/\"><span class=\"flag\">\ud83c\udde9\ud83c\uddea<\/span> Alem\u00e3o<\/a><\/li>\n    <li><a href=\"https:\/\/vivotis.com\/es\/sexualviolence\/\"><span class=\"flag\">\ud83c\uddea\ud83c\uddf8<\/span> Espanhol<\/a><\/li>\n    <li><a href=\"https:\/\/vivotis.com\/it\/sexualviolence\/\"><span class=\"flag\">\ud83c\uddee\ud83c\uddf9<\/span> Italiano<\/a><\/li>\n    <li><a href=\"https:\/\/vivotis.com\/pt\/sexualviolence\/\"><span class=\"flag\">\ud83c\uddf5\ud83c\uddf9<\/span> Portugu\u00eas<\/a><\/li>\n    <li><a href=\"https:\/\/vivotis.com\/pl\/sexualviolence\/\"><span class=\"flag\">\ud83c\uddf5\ud83c\uddf1<\/span> Polaco<\/a><\/li>\n    <li><a href=\"https:\/\/vivotis.com\/ru\/sexualviolence\/\"><span class=\"flag\">\ud83c\uddf7\ud83c\uddfa<\/span> \u0420\u0443\u0441\u0441\u043a\u0438\u0439<\/a><\/li>\n    <li><a href=\"https:\/\/vivotis.com\/tr\/sexualviolence\/\"><span class=\"flag\">\ud83c\uddf9\ud83c\uddf7<\/span> T\u00fcrk\u00e7e<\/a><\/li>\n    <li><a href=\"https:\/\/vivotis.com\/ar\/sexualviolence\/\"><span class=\"flag\">\ud83c\uddf8\ud83c\udde6<\/span> \u0627\u0644\u0639\u0631\u0628\u064a\u0629<\/a><\/li>\n    <li><a href=\"https:\/\/vivotis.com\/hi\/sexualviolence\/\"><span class=\"flag\">\ud83c\uddee\ud83c\uddf3<\/span> \u0939\u093f\u0928\u094d\u0926\u0940<\/a><\/li>\n    <li><a href=\"https:\/\/vivotis.com\/ja\/sexualviolence\/\"><span class=\"flag\">\ud83c\uddef\ud83c\uddf5<\/span> \u65e5\u672c\u8a9e<\/a><\/li>\n    <li><a href=\"https:\/\/vivotis.com\/ko\/sexualviolence\/\"><span class=\"flag\">\ud83c\uddf0\ud83c\uddf7<\/span> \ud55c\uad6d\uc5b4<\/a><\/li>\n    <li><a href=\"https:\/\/vivotis.com\/zh\/sexualviolence\/\"><span class=\"flag\">\ud83c\udde8\ud83c\uddf3<\/span> \u4e2d\u6587<\/a><\/li>\n  <\/ul>\n<\/div>\n\t\t<\/div>\n\t<\/div>\n<\/div><\/div><\/div><div class=\"wpb_column vc_column_container vc_col-sm-8\"><div class=\"vc_column-inner\"><div class=\"wpb_wrapper\"><\/div><\/div><\/div><\/div>\n\t<div  class=\"wpb_single_image wpb_content_element vc_align_center wpb_content_element vc_custom_1775492043248\">\n\t\t\n\t\t<figure class=\"wpb_wrapper vc_figure\">\n\t\t\t<div class=\"vc_single_image-wrapper   vc_box_border_grey\"><img loading=\"lazy\" decoding=\"async\" width=\"300\" height=\"160\" src=\"https:\/\/vivotis.com\/wp-content\/uploads\/2026\/04\/logo-300x160.png\" class=\"vc_single_image-img attachment-medium\" alt=\"\" title=\"logotipo\" srcset=\"https:\/\/vivotis.com\/wp-content\/uploads\/2026\/04\/logo-300x160.png 300w, https:\/\/vivotis.com\/wp-content\/uploads\/2026\/04\/logo-1024x548.png 1024w, https:\/\/vivotis.com\/wp-content\/uploads\/2026\/04\/logo-768x411.png 768w, https:\/\/vivotis.com\/wp-content\/uploads\/2026\/04\/logo-18x10.png 18w, https:\/\/vivotis.com\/wp-content\/uploads\/2026\/04\/logo-600x321.png 600w, https:\/\/vivotis.com\/wp-content\/uploads\/2026\/04\/logo.png 1032w\" sizes=\"auto, (max-width: 300px) 100vw, 300px\" \/><\/div>\n\t\t<\/figure>\n\t<\/div>\n\n\t<div class=\"wpb_text_column wpb_content_element\" >\n\t\t<div class=\"wpb_wrapper\">\n\t\t\t<p data-start=\"832\" data-end=\"967\"><strong data-start=\"832\" data-end=\"967\">Um workshop poderoso e interativo para compreender como acontece a viol\u00eancia sexual, porque persiste e como podemos preveni-la em conjunto.<\/strong><\/p>\n\n\t\t<\/div>\n\t<\/div>\n<\/div><\/div><\/div><\/div><div class=\"vc_row wpb_row vc_row-fluid vc_custom_1765119288927\"><div class=\"wpb_column vc_column_container vc_col-sm-12\"><div class=\"vc_column-inner\"><div class=\"wpb_wrapper\">\n\t<div class=\"wpb_text_column wpb_content_element\" >\n\t\t<div class=\"wpb_wrapper\">\n\t\t\t<p>O Workshop de Impacto da Viol\u00eancia Sexual \u00e9 uma experi\u00eancia de aprendizagem interactiva que revela os mecanismos, padr\u00f5es e consequ\u00eancias da viol\u00eancia sexual. Atrav\u00e9s da an\u00e1lise colaborativa e da reflex\u00e3o guiada, os participantes obt\u00eam percep\u00e7\u00f5es claras e acion\u00e1veis para refor\u00e7ar a preven\u00e7\u00e3o e apoiar ambientes mais seguros.<\/p>\n\n\t\t<\/div>\n\t<\/div>\n\n\t<div class=\"wpb_text_column wpb_content_element\" >\n\t\t<div class=\"wpb_wrapper\">\n\t\t\t<p>A Oficina de Impacto da Viol\u00eancia Sexual \u00e9 uma forma\u00e7\u00e3o interactiva, baseada em evid\u00eancias, concebida para ajudar os participantes a entender como a viol\u00eancia sexual surge, evolui e tem impacto sobre indiv\u00edduos e comunidades. Atrav\u00e9s de uma experi\u00eancia estruturada e colaborativa, os participantes analisam padr\u00f5es do mundo real, exploram os mecanismos subjacentes e reflectem sobre os factores sociais, psicol\u00f3gicos e institucionais que permitem a persist\u00eancia da viol\u00eancia sexual.<br data-start=\"1951\" data-end=\"1954\" \/>O workshop combina conhecimentos cient\u00edficos com m\u00e9todos de ensino acess\u00edveis, permitindo que cada grupo construa uma compreens\u00e3o clara e partilhada da quest\u00e3o. Ao identificar os principais factores de risco e os factores de prote\u00e7\u00e3o, os participantes aprendem a agir, a melhorar as estrat\u00e9gias de preven\u00e7\u00e3o e a promover ambientes mais seguros nas escolas, institui\u00e7\u00f5es, locais de trabalho e contextos comunit\u00e1rios.<br data-start=\"2324\" data-end=\"2327\" \/>Este workshop \u00e9 adequado para profissionais, educadores, estudantes, organiza\u00e7\u00f5es e qualquer pessoa empenhada em desenvolver abordagens informadas e eficazes para prevenir a viol\u00eancia sexual.<\/p>\n\n\t\t<\/div>\n\t<\/div>\n<\/div><\/div><\/div><\/div>\n<\/div>","protected":false},"excerpt":{"rendered":"\ud83c\udf10 Language \u25be \ud83c\uddec\ud83c\udde7 English \ud83c\uddeb\ud83c\uddf7 Fran\u00e7ais \ud83c\uddf3\ud83c\uddf1 Nederlands \ud83c\udde9\ud83c\uddea Deutsch \ud83c\uddea\ud83c\uddf8 Espa\u00f1ol \ud83c\uddee\ud83c\uddf9 Italiano \ud83c\uddf5\ud83c\uddf9 Portugu\u00eas \ud83c\uddf5\ud83c\uddf1 Polski \ud83c\uddf7\ud83c\uddfa \u0420\u0443\u0441\u0441\u043a\u0438\u0439 \ud83c\uddf9\ud83c\uddf7 T\u00fcrk\u00e7e \ud83c\uddf8\ud83c\udde6 \u0627\u0644\u0639\u0631\u0628\u064a\u0629 \ud83c\uddee\ud83c\uddf3 \u0939\u093f\u0928\u094d\u0926\u0940 \ud83c\uddef\ud83c\uddf5 \u65e5\u672c\u8a9e \ud83c\uddf0\ud83c\uddf7 \ud55c\uad6d\uc5b4 \ud83c\udde8\ud83c\uddf3 \u4e2d\u6587 A powerful and interactive workshop to understand how sexual violence happens, why it persists, and how we can prevent it together. The [...]","protected":false},"author":1,"featured_media":0,"parent":0,"menu_order":0,"comment_status":"closed","ping_status":"closed","template":"","meta":{"pmpro_default_level":"","footnotes":""},"class_list":["post-1851","page","type-page","status-publish","hentry","pmpro-has-access"],"yoast_head":"<!-- This site is optimized with the Yoast SEO plugin v27.3 - https:\/\/yoast.com\/product\/yoast-seo-wordpress\/ -->\n<title>The Sexual Violence Prevention Workshop<\/title>\n<meta name=\"robots\" content=\"index, follow, max-snippet:-1, max-image-preview:large, max-video-preview:-1\" \/>\n<link rel=\"canonical\" href=\"https:\/\/sexual-violence.info\/\" \/>\n<meta property=\"og:locale\" content=\"pt_PT\" \/>\n<meta property=\"og:type\" content=\"article\" \/>\n<meta property=\"og:title\" content=\"The Sexual Violence Prevention Workshop\" \/>\n<meta property=\"og:url\" content=\"https:\/\/sexual-violence.info\/\" \/>\n<meta property=\"og:site_name\" content=\"Vivotis\" \/>\n<meta property=\"article:modified_time\" content=\"2026-04-06T16:14:05+00:00\" \/>\n<meta name=\"twitter:card\" content=\"summary_large_image\" \/>\n<meta name=\"twitter:label1\" content=\"Tempo estimado de leitura\" \/>\n\t<meta name=\"twitter:data1\" content=\"2 minutos\" \/>\n<script type=\"application\/ld+json\" class=\"yoast-schema-graph\">{\"@context\":\"https:\\\/\\\/schema.org\",\"@graph\":[{\"@type\":\"WebPage\",\"@id\":\"https:\\\/\\\/sexual-violence.info\\\/\",\"url\":\"https:\\\/\\\/sexual-violence.info\\\/\",\"name\":\"The Sexual Violence Prevention Workshop\",\"isPartOf\":{\"@id\":\"https:\\\/\\\/vivotis.com\\\/#website\"},\"datePublished\":\"2025-12-07T06:46:52+00:00\",\"dateModified\":\"2026-04-06T16:14:05+00:00\",\"breadcrumb\":{\"@id\":\"https:\\\/\\\/sexual-violence.info\\\/#breadcrumb\"},\"inLanguage\":\"pt-PT\",\"potentialAction\":[{\"@type\":\"ReadAction\",\"target\":[\"https:\\\/\\\/sexual-violence.info\\\/\"]}]},{\"@type\":\"BreadcrumbList\",\"@id\":\"https:\\\/\\\/sexual-violence.info\\\/#breadcrumb\",\"itemListElement\":[{\"@type\":\"ListItem\",\"position\":1,\"name\":\"Home\",\"item\":\"https:\\\/\\\/vivotis.com\\\/\"},{\"@type\":\"ListItem\",\"position\":2,\"name\":\"The Sexual Violence Prevention Workshop\"}]},{\"@type\":\"WebSite\",\"@id\":\"https:\\\/\\\/vivotis.com\\\/#website\",\"url\":\"https:\\\/\\\/vivotis.com\\\/\",\"name\":\"Vivotis\",\"description\":\"\",\"publisher\":{\"@id\":\"https:\\\/\\\/vivotis.com\\\/#organization\"},\"potentialAction\":[{\"@type\":\"SearchAction\",\"target\":{\"@type\":\"EntryPoint\",\"urlTemplate\":\"https:\\\/\\\/vivotis.com\\\/?s={search_term_string}\"},\"query-input\":{\"@type\":\"PropertyValueSpecification\",\"valueRequired\":true,\"valueName\":\"search_term_string\"}}],\"inLanguage\":\"pt-PT\"},{\"@type\":\"Organization\",\"@id\":\"https:\\\/\\\/vivotis.com\\\/#organization\",\"name\":\"Vivotis\",\"url\":\"https:\\\/\\\/vivotis.com\\\/\",\"logo\":{\"@type\":\"ImageObject\",\"inLanguage\":\"pt-PT\",\"@id\":\"https:\\\/\\\/vivotis.com\\\/#\\\/schema\\\/logo\\\/image\\\/\",\"url\":\"https:\\\/\\\/vivotis.com\\\/wp-content\\\/uploads\\\/2025\\\/11\\\/logo-brand-000000-m-scaled.png\",\"contentUrl\":\"https:\\\/\\\/vivotis.com\\\/wp-content\\\/uploads\\\/2025\\\/11\\\/logo-brand-000000-m-scaled.png\",\"width\":2560,\"height\":1281,\"caption\":\"Vivotis\"},\"image\":{\"@id\":\"https:\\\/\\\/vivotis.com\\\/#\\\/schema\\\/logo\\\/image\\\/\"}}]}<\/script>\n<!-- \/ Yoast SEO plugin. -->","yoast_head_json":{"title":"Oficina de Preven\u00e7\u00e3o da Viol\u00eancia Sexual","robots":{"index":"index","follow":"follow","max-snippet":"max-snippet:-1","max-image-preview":"max-image-preview:large","max-video-preview":"max-video-preview:-1"},"canonical":"https:\/\/sexual-violence.info\/","og_locale":"pt_PT","og_type":"article","og_title":"The Sexual Violence Prevention Workshop","og_url":"https:\/\/sexual-violence.info\/","og_site_name":"Vivotis","article_modified_time":"2026-04-06T16:14:05+00:00","twitter_card":"summary_large_image","twitter_misc":{"Tempo estimado de leitura":"2 minutos"},"schema":{"@context":"https:\/\/schema.org","@graph":[{"@type":"WebPage","@id":"https:\/\/sexual-violence.info\/","url":"https:\/\/sexual-violence.info\/","name":"Oficina de Preven\u00e7\u00e3o da Viol\u00eancia Sexual","isPartOf":{"@id":"https:\/\/vivotis.com\/#website"},"datePublished":"2025-12-07T06:46:52+00:00","dateModified":"2026-04-06T16:14:05+00:00","breadcrumb":{"@id":"https:\/\/sexual-violence.info\/#breadcrumb"},"inLanguage":"pt-PT","potentialAction":[{"@type":"ReadAction","target":["https:\/\/sexual-violence.info\/"]}]},{"@type":"BreadcrumbList","@id":"https:\/\/sexual-violence.info\/#breadcrumb","itemListElement":[{"@type":"ListItem","position":1,"name":"Home","item":"https:\/\/vivotis.com\/"},{"@type":"ListItem","position":2,"name":"The Sexual Violence Prevention Workshop"}]},{"@type":"WebSite","@id":"https:\/\/vivotis.com\/#website","url":"https:\/\/vivotis.com\/","name":"Vivotis","description":"","publisher":{"@id":"https:\/\/vivotis.com\/#organization"},"potentialAction":[{"@type":"SearchAction","target":{"@type":"EntryPoint","urlTemplate":"https:\/\/vivotis.com\/?s={search_term_string}"},"query-input":{"@type":"PropertyValueSpecification","valueRequired":true,"valueName":"search_term_string"}}],"inLanguage":"pt-PT"},{"@type":"Organization","@id":"https:\/\/vivotis.com\/#organization","name":"Vivotis","url":"https:\/\/vivotis.com\/","logo":{"@type":"ImageObject","inLanguage":"pt-PT","@id":"https:\/\/vivotis.com\/#\/schema\/logo\/image\/","url":"https:\/\/vivotis.com\/wp-content\/uploads\/2025\/11\/logo-brand-000000-m-scaled.png","contentUrl":"https:\/\/vivotis.com\/wp-content\/uploads\/2025\/11\/logo-brand-000000-m-scaled.png","width":2560,"height":1281,"caption":"Vivotis"},"image":{"@id":"https:\/\/vivotis.com\/#\/schema\/logo\/image\/"}}]}},"_links":{"self":[{"href":"https:\/\/vivotis.com\/pt\/wp-json\/wp\/v2\/pages\/1851","targetHints":{"allow":["GET"]}}],"collection":[{"href":"https:\/\/vivotis.com\/pt\/wp-json\/wp\/v2\/pages"}],"about":[{"href":"https:\/\/vivotis.com\/pt\/wp-json\/wp\/v2\/types\/page"}],"author":[{"embeddable":true,"href":"https:\/\/vivotis.com\/pt\/wp-json\/wp\/v2\/users\/1"}],"replies":[{"embeddable":true,"href":"https:\/\/vivotis.com\/pt\/wp-json\/wp\/v2\/comments?post=1851"}],"version-history":[{"count":16,"href":"https:\/\/vivotis.com\/pt\/wp-json\/wp\/v2\/pages\/1851\/revisions"}],"predecessor-version":[{"id":3125,"href":"https:\/\/vivotis.com\/pt\/wp-json\/wp\/v2\/pages\/1851\/revisions\/3125"}],"wp:attachment":[{"href":"https:\/\/vivotis.com\/pt\/wp-json\/wp\/v2\/media?parent=1851"}],"curies":[{"name":"wp","href":"https:\/\/api.w.org\/{rel}","templated":true}]}}