{"id":2306,"date":"2025-11-27T19:20:05","date_gmt":"2025-11-27T19:20:05","guid":{"rendered":"https:\/\/vivotis.com\/?post_type=product&#038;p=2306"},"modified":"2026-04-03T19:38:19","modified_gmt":"2026-04-03T19:38:19","slug":"wszyscy-wydaja-sie-w-porzadku-oprocz-mnie","status":"publish","type":"product","link":"https:\/\/vivotis.com\/pl\/product\/everyone-seems-fine-except-me\/","title":{"rendered":"Wszyscy wydaj\u0105 si\u0119 w porz\u0105dku (opr\u00f3cz mnie)"},"content":{"rendered":"<p>W wieku pi\u0119tnastu lat ma wra\u017cenie, \u017ce jest jedyn\u0105 osob\u0105, kt\u00f3ra nie radzi sobie dobrze. Wok\u00f3\u0142 niego wszyscy wydaj\u0105 si\u0119 pewni siebie, szcz\u0119\u015bliwi i czuj\u0105 si\u0119 komfortowo na swoim miejscu. Do dnia, w kt\u00f3rym zdaje sobie spraw\u0119, \u017ce za pozorami kryje si\u0119 wiele innych w\u0105tpliwo\u015bci.<\/p>","protected":false},"excerpt":{"rendered":"<p>W wieku pi\u0119tnastu lat ma wra\u017cenie, \u017ce jest jedyn\u0105 osob\u0105, kt\u00f3ra nie radzi sobie dobrze. Wok\u00f3\u0142 niego wszyscy wydaj\u0105 si\u0119 pewni siebie, szcz\u0119\u015bliwi i czuj\u0105 si\u0119 komfortowo na swoim miejscu. Do dnia, w kt\u00f3rym zdaje sobie spraw\u0119, \u017ce za pozorami kryje si\u0119 wiele innych w\u0105tpliwo\u015bci.<\/p>","protected":false},"featured_media":2326,"template":"","meta":{"pmpro_default_level":""},"product_brand":[],"product_cat":[148,151,146,67],"product_tag":[],"class_list":{"0":"post-2306","1":"product","2":"type-product","3":"status-publish","4":"has-post-thumbnail","6":"product_cat-books","7":"product_cat-books-not-little-elephant","8":"product_cat-pdf-gift-premium","9":"product_cat-teen-reads","10":"pmpro-has-access","12":"first","13":"instock","14":"shipping-taxable","15":"purchasable","16":"product-type-variable"},"yoast_head":"<!-- This site is optimized with the Yoast SEO plugin v27.3 - https:\/\/yoast.com\/product\/yoast-seo-wordpress\/ -->\n<title>Everyone Seems Fine (Except Me) - Vivotis<\/title>\n<meta name=\"robots\" content=\"index, follow, max-snippet:-1, max-image-preview:large, max-video-preview:-1\" \/>\n<link rel=\"canonical\" href=\"https:\/\/vivotis.com\/pl\/produkt\/wszyscy-wydaja-sie-w-porzadku-oprocz-mnie\/\" \/>\n<meta property=\"og:locale\" content=\"pl_PL\" \/>\n<meta property=\"og:type\" content=\"article\" \/>\n<meta property=\"og:title\" content=\"Everyone Seems Fine (Except Me) - Vivotis\" \/>\n<meta property=\"og:description\" content=\"At fifteen, he feels like he\u2019s the only one who isn\u2019t doing well. Around him, everyone seems confident, happy, and comfortable in their place. Until the day he realizes that behind appearances, many others are doubting too.\" \/>\n<meta property=\"og:url\" content=\"https:\/\/vivotis.com\/pl\/produkt\/wszyscy-wydaja-sie-w-porzadku-oprocz-mnie\/\" \/>\n<meta property=\"og:site_name\" content=\"Vivotis\" \/>\n<meta property=\"article:modified_time\" content=\"2026-04-03T19:38:19+00:00\" \/>\n<meta property=\"og:image\" content=\"https:\/\/vivotis.com\/wp-content\/uploads\/2025\/11\/L010.jpg\" \/>\n\t<meta property=\"og:image:width\" content=\"604\" \/>\n\t<meta property=\"og:image:height\" content=\"604\" \/>\n\t<meta property=\"og:image:type\" content=\"image\/jpeg\" \/>\n<meta name=\"twitter:card\" content=\"summary_large_image\" \/>\n<meta name=\"twitter:label1\" content=\"Szacowany czas czytania\" \/>\n\t<meta name=\"twitter:data1\" content=\"1 minuta\" \/>\n<script type=\"application\/ld+json\" class=\"yoast-schema-graph\">{\"@context\":\"https:\\\/\\\/schema.org\",\"@graph\":[{\"@type\":\"WebPage\",\"@id\":\"https:\\\/\\\/vivotis.com\\\/product\\\/everyone-seems-fine-except-me\\\/\",\"url\":\"https:\\\/\\\/vivotis.com\\\/product\\\/everyone-seems-fine-except-me\\\/\",\"name\":\"Everyone Seems Fine (Except Me) - Vivotis\",\"isPartOf\":{\"@id\":\"https:\\\/\\\/vivotis.com\\\/#website\"},\"primaryImageOfPage\":{\"@id\":\"https:\\\/\\\/vivotis.com\\\/product\\\/everyone-seems-fine-except-me\\\/#primaryimage\"},\"image\":{\"@id\":\"https:\\\/\\\/vivotis.com\\\/product\\\/everyone-seems-fine-except-me\\\/#primaryimage\"},\"thumbnailUrl\":\"https:\\\/\\\/vivotis.com\\\/wp-content\\\/uploads\\\/2025\\\/11\\\/L010.jpg\",\"datePublished\":\"2025-11-27T19:20:05+00:00\",\"dateModified\":\"2026-04-03T19:38:19+00:00\",\"breadcrumb\":{\"@id\":\"https:\\\/\\\/vivotis.com\\\/product\\\/everyone-seems-fine-except-me\\\/#breadcrumb\"},\"inLanguage\":\"pl-PL\",\"potentialAction\":[{\"@type\":\"ReadAction\",\"target\":[\"https:\\\/\\\/vivotis.com\\\/product\\\/everyone-seems-fine-except-me\\\/\"]}]},{\"@type\":\"ImageObject\",\"inLanguage\":\"pl-PL\",\"@id\":\"https:\\\/\\\/vivotis.com\\\/product\\\/everyone-seems-fine-except-me\\\/#primaryimage\",\"url\":\"https:\\\/\\\/vivotis.com\\\/wp-content\\\/uploads\\\/2025\\\/11\\\/L010.jpg\",\"contentUrl\":\"https:\\\/\\\/vivotis.com\\\/wp-content\\\/uploads\\\/2025\\\/11\\\/L010.jpg\",\"width\":604,\"height\":604},{\"@type\":\"BreadcrumbList\",\"@id\":\"https:\\\/\\\/vivotis.com\\\/product\\\/everyone-seems-fine-except-me\\\/#breadcrumb\",\"itemListElement\":[{\"@type\":\"ListItem\",\"position\":1,\"name\":\"Home\",\"item\":\"https:\\\/\\\/vivotis.com\\\/\"},{\"@type\":\"ListItem\",\"position\":2,\"name\":\"Shop\",\"item\":\"https:\\\/\\\/vivotis.com\\\/shop\\\/\"},{\"@type\":\"ListItem\",\"position\":3,\"name\":\"Everyone Seems Fine (Except Me)\"}]},{\"@type\":\"WebSite\",\"@id\":\"https:\\\/\\\/vivotis.com\\\/#website\",\"url\":\"https:\\\/\\\/vivotis.com\\\/\",\"name\":\"Vivotis\",\"description\":\"\",\"publisher\":{\"@id\":\"https:\\\/\\\/vivotis.com\\\/#organization\"},\"potentialAction\":[{\"@type\":\"SearchAction\",\"target\":{\"@type\":\"EntryPoint\",\"urlTemplate\":\"https:\\\/\\\/vivotis.com\\\/?s={search_term_string}\"},\"query-input\":{\"@type\":\"PropertyValueSpecification\",\"valueRequired\":true,\"valueName\":\"search_term_string\"}}],\"inLanguage\":\"pl-PL\"},{\"@type\":\"Organization\",\"@id\":\"https:\\\/\\\/vivotis.com\\\/#organization\",\"name\":\"Vivotis\",\"url\":\"https:\\\/\\\/vivotis.com\\\/\",\"logo\":{\"@type\":\"ImageObject\",\"inLanguage\":\"pl-PL\",\"@id\":\"https:\\\/\\\/vivotis.com\\\/#\\\/schema\\\/logo\\\/image\\\/\",\"url\":\"https:\\\/\\\/vivotis.com\\\/wp-content\\\/uploads\\\/2025\\\/11\\\/logo-brand-000000-m-scaled.png\",\"contentUrl\":\"https:\\\/\\\/vivotis.com\\\/wp-content\\\/uploads\\\/2025\\\/11\\\/logo-brand-000000-m-scaled.png\",\"width\":2560,\"height\":1281,\"caption\":\"Vivotis\"},\"image\":{\"@id\":\"https:\\\/\\\/vivotis.com\\\/#\\\/schema\\\/logo\\\/image\\\/\"}}]}<\/script>\n<!-- \/ Yoast SEO plugin. -->","yoast_head_json":{"title":"Wszyscy wydaj\u0105 si\u0119 w porz\u0105dku (opr\u00f3cz mnie) - Vivotis","robots":{"index":"index","follow":"follow","max-snippet":"max-snippet:-1","max-image-preview":"max-image-preview:large","max-video-preview":"max-video-preview:-1"},"canonical":"https:\/\/vivotis.com\/pl\/produkt\/wszyscy-wydaja-sie-w-porzadku-oprocz-mnie\/","og_locale":"pl_PL","og_type":"article","og_title":"Everyone Seems Fine (Except Me) - Vivotis","og_description":"At fifteen, he feels like he\u2019s the only one who isn\u2019t doing well. Around him, everyone seems confident, happy, and comfortable in their place. Until the day he realizes that behind appearances, many others are doubting too.","og_url":"https:\/\/vivotis.com\/pl\/produkt\/wszyscy-wydaja-sie-w-porzadku-oprocz-mnie\/","og_site_name":"Vivotis","article_modified_time":"2026-04-03T19:38:19+00:00","og_image":[{"width":604,"height":604,"url":"https:\/\/vivotis.com\/wp-content\/uploads\/2025\/11\/L010.jpg","type":"image\/jpeg"}],"twitter_card":"summary_large_image","twitter_misc":{"Szacowany czas czytania":"1 minuta"},"schema":{"@context":"https:\/\/schema.org","@graph":[{"@type":"WebPage","@id":"https:\/\/vivotis.com\/product\/everyone-seems-fine-except-me\/","url":"https:\/\/vivotis.com\/product\/everyone-seems-fine-except-me\/","name":"Wszyscy wydaj\u0105 si\u0119 w porz\u0105dku (opr\u00f3cz mnie) - Vivotis","isPartOf":{"@id":"https:\/\/vivotis.com\/#website"},"primaryImageOfPage":{"@id":"https:\/\/vivotis.com\/product\/everyone-seems-fine-except-me\/#primaryimage"},"image":{"@id":"https:\/\/vivotis.com\/product\/everyone-seems-fine-except-me\/#primaryimage"},"thumbnailUrl":"https:\/\/vivotis.com\/wp-content\/uploads\/2025\/11\/L010.jpg","datePublished":"2025-11-27T19:20:05+00:00","dateModified":"2026-04-03T19:38:19+00:00","breadcrumb":{"@id":"https:\/\/vivotis.com\/product\/everyone-seems-fine-except-me\/#breadcrumb"},"inLanguage":"pl-PL","potentialAction":[{"@type":"ReadAction","target":["https:\/\/vivotis.com\/product\/everyone-seems-fine-except-me\/"]}]},{"@type":"ImageObject","inLanguage":"pl-PL","@id":"https:\/\/vivotis.com\/product\/everyone-seems-fine-except-me\/#primaryimage","url":"https:\/\/vivotis.com\/wp-content\/uploads\/2025\/11\/L010.jpg","contentUrl":"https:\/\/vivotis.com\/wp-content\/uploads\/2025\/11\/L010.jpg","width":604,"height":604},{"@type":"BreadcrumbList","@id":"https:\/\/vivotis.com\/product\/everyone-seems-fine-except-me\/#breadcrumb","itemListElement":[{"@type":"ListItem","position":1,"name":"Home","item":"https:\/\/vivotis.com\/"},{"@type":"ListItem","position":2,"name":"Shop","item":"https:\/\/vivotis.com\/shop\/"},{"@type":"ListItem","position":3,"name":"Everyone Seems Fine (Except Me)"}]},{"@type":"WebSite","@id":"https:\/\/vivotis.com\/#website","url":"https:\/\/vivotis.com\/","name":"Vivotis","description":"","publisher":{"@id":"https:\/\/vivotis.com\/#organization"},"potentialAction":[{"@type":"SearchAction","target":{"@type":"EntryPoint","urlTemplate":"https:\/\/vivotis.com\/?s={search_term_string}"},"query-input":{"@type":"PropertyValueSpecification","valueRequired":true,"valueName":"search_term_string"}}],"inLanguage":"pl-PL"},{"@type":"Organization","@id":"https:\/\/vivotis.com\/#organization","name":"Vivotis","url":"https:\/\/vivotis.com\/","logo":{"@type":"ImageObject","inLanguage":"pl-PL","@id":"https:\/\/vivotis.com\/#\/schema\/logo\/image\/","url":"https:\/\/vivotis.com\/wp-content\/uploads\/2025\/11\/logo-brand-000000-m-scaled.png","contentUrl":"https:\/\/vivotis.com\/wp-content\/uploads\/2025\/11\/logo-brand-000000-m-scaled.png","width":2560,"height":1281,"caption":"Vivotis"},"image":{"@id":"https:\/\/vivotis.com\/#\/schema\/logo\/image\/"}}]}},"_links":{"self":[{"href":"https:\/\/vivotis.com\/pl\/wp-json\/wp\/v2\/product\/2306","targetHints":{"allow":["GET"]}}],"collection":[{"href":"https:\/\/vivotis.com\/pl\/wp-json\/wp\/v2\/product"}],"about":[{"href":"https:\/\/vivotis.com\/pl\/wp-json\/wp\/v2\/types\/product"}],"wp:featuredmedia":[{"embeddable":true,"href":"https:\/\/vivotis.com\/pl\/wp-json\/wp\/v2\/media\/2326"}],"wp:attachment":[{"href":"https:\/\/vivotis.com\/pl\/wp-json\/wp\/v2\/media?parent=2306"}],"wp:term":[{"taxonomy":"product_brand","embeddable":true,"href":"https:\/\/vivotis.com\/pl\/wp-json\/wp\/v2\/product_brand?post=2306"},{"taxonomy":"product_cat","embeddable":true,"href":"https:\/\/vivotis.com\/pl\/wp-json\/wp\/v2\/product_cat?post=2306"},{"taxonomy":"product_tag","embeddable":true,"href":"https:\/\/vivotis.com\/pl\/wp-json\/wp\/v2\/product_tag?post=2306"}],"curies":[{"name":"wp","href":"https:\/\/api.w.org\/{rel}","templated":true}]}}