{"id":1543,"date":"2025-11-27T19:20:05","date_gmt":"2025-11-27T19:20:05","guid":{"rendered":"https:\/\/vivotis.com\/?post_type=product&#038;p=1543"},"modified":"2026-04-03T19:38:19","modified_gmt":"2026-04-03T19:38:19","slug":"moje-cialo-moje-tak-i-nie","status":"publish","type":"product","link":"https:\/\/vivotis.com\/pl\/product\/my-body-my-yes-and-no\/","title":{"rendered":"Moje cia\u0142o, moje \u201ctak\u201d i \u201cnie\u201d"},"content":{"rendered":"<p>Delikatna ksi\u0105\u017cka, kt\u00f3ra pomaga dzieciom zrozumie\u0107 ich cia\u0142a i granice. Poprzez wewn\u0119trzny ogr\u00f3d, kt\u00f3ry ro\u015bnie, otwiera si\u0119 lub chroni, dzieci odkrywaj\u0105, \u017ce mog\u0105 powiedzie\u0107 \"tak\", \"nie\", zatrzyma\u0107 si\u0119 lub poczeka\u0107. Jasny i poetycki spos\u00f3b na rozmow\u0119 o zgodzie od najm\u0142odszych lat.<\/p>","protected":false},"excerpt":{"rendered":"<p>Delikatna ksi\u0105\u017cka, kt\u00f3ra pomaga dzieciom zrozumie\u0107 ich cia\u0142a i granice. Poprzez wewn\u0119trzny ogr\u00f3d, kt\u00f3ry ro\u015bnie, otwiera si\u0119 lub chroni, dzieci odkrywaj\u0105, \u017ce mog\u0105 powiedzie\u0107 \"tak\", \"nie\", zatrzyma\u0107 si\u0119 lub poczeka\u0107. Jasny i poetycki spos\u00f3b na rozmow\u0119 o zgodzie od najm\u0142odszych lat.<\/p>","protected":false},"featured_media":1544,"template":"","meta":{"pmpro_default_level":""},"product_brand":[],"product_cat":[148,66,151,146],"product_tag":[],"class_list":{"0":"post-1543","1":"product","2":"type-product","3":"status-publish","4":"has-post-thumbnail","6":"product_cat-books","7":"product_cat-childrens-books","8":"product_cat-books-not-little-elephant","9":"product_cat-pdf-gift-premium","10":"pmpro-has-access","12":"first","13":"instock","14":"shipping-taxable","15":"purchasable","16":"product-type-variable"},"yoast_head":"<!-- This site is optimized with the Yoast SEO plugin v27.3 - https:\/\/yoast.com\/product\/yoast-seo-wordpress\/ -->\n<title>My Body, My \u201cYes\u201d and \u201cNo\u201d - Vivotis<\/title>\n<meta name=\"robots\" content=\"index, follow, max-snippet:-1, max-image-preview:large, max-video-preview:-1\" \/>\n<link rel=\"canonical\" href=\"https:\/\/vivotis.com\/pl\/produkt\/moje-cialo-moje-tak-i-nie\/\" \/>\n<meta property=\"og:locale\" content=\"pl_PL\" \/>\n<meta property=\"og:type\" content=\"article\" \/>\n<meta property=\"og:title\" content=\"My Body, My \u201cYes\u201d and \u201cNo\u201d - Vivotis\" \/>\n<meta property=\"og:description\" content=\"A gentle book to help children understand their bodies and their boundaries. Through an inner garden that grows, opens, or protects itself, children discover that they can say yes, no, stop, or wait. A clear and poetic way to talk about consent from an early age.\" \/>\n<meta property=\"og:url\" content=\"https:\/\/vivotis.com\/pl\/produkt\/moje-cialo-moje-tak-i-nie\/\" \/>\n<meta property=\"og:site_name\" content=\"Vivotis\" \/>\n<meta property=\"article:modified_time\" content=\"2026-04-03T19:38:19+00:00\" \/>\n<meta property=\"og:image\" content=\"https:\/\/vivotis.com\/wp-content\/uploads\/2025\/11\/L003.jpg\" \/>\n\t<meta property=\"og:image:width\" content=\"603\" \/>\n\t<meta property=\"og:image:height\" content=\"603\" \/>\n\t<meta property=\"og:image:type\" content=\"image\/jpeg\" \/>\n<meta name=\"twitter:card\" content=\"summary_large_image\" \/>\n<meta name=\"twitter:label1\" content=\"Szacowany czas czytania\" \/>\n\t<meta name=\"twitter:data1\" content=\"1 minuta\" \/>\n<script type=\"application\/ld+json\" class=\"yoast-schema-graph\">{\"@context\":\"https:\\\/\\\/schema.org\",\"@graph\":[{\"@type\":\"WebPage\",\"@id\":\"https:\\\/\\\/vivotis.com\\\/product\\\/my-body-my-yes-and-no\\\/\",\"url\":\"https:\\\/\\\/vivotis.com\\\/product\\\/my-body-my-yes-and-no\\\/\",\"name\":\"My Body, My \u201cYes\u201d and \u201cNo\u201d - Vivotis\",\"isPartOf\":{\"@id\":\"https:\\\/\\\/vivotis.com\\\/#website\"},\"primaryImageOfPage\":{\"@id\":\"https:\\\/\\\/vivotis.com\\\/product\\\/my-body-my-yes-and-no\\\/#primaryimage\"},\"image\":{\"@id\":\"https:\\\/\\\/vivotis.com\\\/product\\\/my-body-my-yes-and-no\\\/#primaryimage\"},\"thumbnailUrl\":\"https:\\\/\\\/vivotis.com\\\/wp-content\\\/uploads\\\/2025\\\/11\\\/L003.jpg\",\"datePublished\":\"2025-11-27T19:20:05+00:00\",\"dateModified\":\"2026-04-03T19:38:19+00:00\",\"breadcrumb\":{\"@id\":\"https:\\\/\\\/vivotis.com\\\/product\\\/my-body-my-yes-and-no\\\/#breadcrumb\"},\"inLanguage\":\"pl-PL\",\"potentialAction\":[{\"@type\":\"ReadAction\",\"target\":[\"https:\\\/\\\/vivotis.com\\\/product\\\/my-body-my-yes-and-no\\\/\"]}]},{\"@type\":\"ImageObject\",\"inLanguage\":\"pl-PL\",\"@id\":\"https:\\\/\\\/vivotis.com\\\/product\\\/my-body-my-yes-and-no\\\/#primaryimage\",\"url\":\"https:\\\/\\\/vivotis.com\\\/wp-content\\\/uploads\\\/2025\\\/11\\\/L003.jpg\",\"contentUrl\":\"https:\\\/\\\/vivotis.com\\\/wp-content\\\/uploads\\\/2025\\\/11\\\/L003.jpg\",\"width\":603,\"height\":603},{\"@type\":\"BreadcrumbList\",\"@id\":\"https:\\\/\\\/vivotis.com\\\/product\\\/my-body-my-yes-and-no\\\/#breadcrumb\",\"itemListElement\":[{\"@type\":\"ListItem\",\"position\":1,\"name\":\"Home\",\"item\":\"https:\\\/\\\/vivotis.com\\\/\"},{\"@type\":\"ListItem\",\"position\":2,\"name\":\"Shop\",\"item\":\"https:\\\/\\\/vivotis.com\\\/shop\\\/\"},{\"@type\":\"ListItem\",\"position\":3,\"name\":\"My Body, My \u201cYes\u201d and \u201cNo\u201d\"}]},{\"@type\":\"WebSite\",\"@id\":\"https:\\\/\\\/vivotis.com\\\/#website\",\"url\":\"https:\\\/\\\/vivotis.com\\\/\",\"name\":\"Vivotis\",\"description\":\"\",\"publisher\":{\"@id\":\"https:\\\/\\\/vivotis.com\\\/#organization\"},\"potentialAction\":[{\"@type\":\"SearchAction\",\"target\":{\"@type\":\"EntryPoint\",\"urlTemplate\":\"https:\\\/\\\/vivotis.com\\\/?s={search_term_string}\"},\"query-input\":{\"@type\":\"PropertyValueSpecification\",\"valueRequired\":true,\"valueName\":\"search_term_string\"}}],\"inLanguage\":\"pl-PL\"},{\"@type\":\"Organization\",\"@id\":\"https:\\\/\\\/vivotis.com\\\/#organization\",\"name\":\"Vivotis\",\"url\":\"https:\\\/\\\/vivotis.com\\\/\",\"logo\":{\"@type\":\"ImageObject\",\"inLanguage\":\"pl-PL\",\"@id\":\"https:\\\/\\\/vivotis.com\\\/#\\\/schema\\\/logo\\\/image\\\/\",\"url\":\"https:\\\/\\\/vivotis.com\\\/wp-content\\\/uploads\\\/2025\\\/11\\\/logo-brand-000000-m-scaled.png\",\"contentUrl\":\"https:\\\/\\\/vivotis.com\\\/wp-content\\\/uploads\\\/2025\\\/11\\\/logo-brand-000000-m-scaled.png\",\"width\":2560,\"height\":1281,\"caption\":\"Vivotis\"},\"image\":{\"@id\":\"https:\\\/\\\/vivotis.com\\\/#\\\/schema\\\/logo\\\/image\\\/\"}}]}<\/script>\n<!-- \/ Yoast SEO plugin. -->","yoast_head_json":{"title":"Moje cia\u0142o, moje \u201ctak\u201d i \u201cnie\u201d - Vivotis","robots":{"index":"index","follow":"follow","max-snippet":"max-snippet:-1","max-image-preview":"max-image-preview:large","max-video-preview":"max-video-preview:-1"},"canonical":"https:\/\/vivotis.com\/pl\/produkt\/moje-cialo-moje-tak-i-nie\/","og_locale":"pl_PL","og_type":"article","og_title":"My Body, My \u201cYes\u201d and \u201cNo\u201d - Vivotis","og_description":"A gentle book to help children understand their bodies and their boundaries. Through an inner garden that grows, opens, or protects itself, children discover that they can say yes, no, stop, or wait. A clear and poetic way to talk about consent from an early age.","og_url":"https:\/\/vivotis.com\/pl\/produkt\/moje-cialo-moje-tak-i-nie\/","og_site_name":"Vivotis","article_modified_time":"2026-04-03T19:38:19+00:00","og_image":[{"width":603,"height":603,"url":"https:\/\/vivotis.com\/wp-content\/uploads\/2025\/11\/L003.jpg","type":"image\/jpeg"}],"twitter_card":"summary_large_image","twitter_misc":{"Szacowany czas czytania":"1 minuta"},"schema":{"@context":"https:\/\/schema.org","@graph":[{"@type":"WebPage","@id":"https:\/\/vivotis.com\/product\/my-body-my-yes-and-no\/","url":"https:\/\/vivotis.com\/product\/my-body-my-yes-and-no\/","name":"Moje cia\u0142o, moje \u201ctak\u201d i \u201cnie\u201d - Vivotis","isPartOf":{"@id":"https:\/\/vivotis.com\/#website"},"primaryImageOfPage":{"@id":"https:\/\/vivotis.com\/product\/my-body-my-yes-and-no\/#primaryimage"},"image":{"@id":"https:\/\/vivotis.com\/product\/my-body-my-yes-and-no\/#primaryimage"},"thumbnailUrl":"https:\/\/vivotis.com\/wp-content\/uploads\/2025\/11\/L003.jpg","datePublished":"2025-11-27T19:20:05+00:00","dateModified":"2026-04-03T19:38:19+00:00","breadcrumb":{"@id":"https:\/\/vivotis.com\/product\/my-body-my-yes-and-no\/#breadcrumb"},"inLanguage":"pl-PL","potentialAction":[{"@type":"ReadAction","target":["https:\/\/vivotis.com\/product\/my-body-my-yes-and-no\/"]}]},{"@type":"ImageObject","inLanguage":"pl-PL","@id":"https:\/\/vivotis.com\/product\/my-body-my-yes-and-no\/#primaryimage","url":"https:\/\/vivotis.com\/wp-content\/uploads\/2025\/11\/L003.jpg","contentUrl":"https:\/\/vivotis.com\/wp-content\/uploads\/2025\/11\/L003.jpg","width":603,"height":603},{"@type":"BreadcrumbList","@id":"https:\/\/vivotis.com\/product\/my-body-my-yes-and-no\/#breadcrumb","itemListElement":[{"@type":"ListItem","position":1,"name":"Home","item":"https:\/\/vivotis.com\/"},{"@type":"ListItem","position":2,"name":"Shop","item":"https:\/\/vivotis.com\/shop\/"},{"@type":"ListItem","position":3,"name":"My Body, My \u201cYes\u201d and \u201cNo\u201d"}]},{"@type":"WebSite","@id":"https:\/\/vivotis.com\/#website","url":"https:\/\/vivotis.com\/","name":"Vivotis","description":"","publisher":{"@id":"https:\/\/vivotis.com\/#organization"},"potentialAction":[{"@type":"SearchAction","target":{"@type":"EntryPoint","urlTemplate":"https:\/\/vivotis.com\/?s={search_term_string}"},"query-input":{"@type":"PropertyValueSpecification","valueRequired":true,"valueName":"search_term_string"}}],"inLanguage":"pl-PL"},{"@type":"Organization","@id":"https:\/\/vivotis.com\/#organization","name":"Vivotis","url":"https:\/\/vivotis.com\/","logo":{"@type":"ImageObject","inLanguage":"pl-PL","@id":"https:\/\/vivotis.com\/#\/schema\/logo\/image\/","url":"https:\/\/vivotis.com\/wp-content\/uploads\/2025\/11\/logo-brand-000000-m-scaled.png","contentUrl":"https:\/\/vivotis.com\/wp-content\/uploads\/2025\/11\/logo-brand-000000-m-scaled.png","width":2560,"height":1281,"caption":"Vivotis"},"image":{"@id":"https:\/\/vivotis.com\/#\/schema\/logo\/image\/"}}]}},"_links":{"self":[{"href":"https:\/\/vivotis.com\/pl\/wp-json\/wp\/v2\/product\/1543","targetHints":{"allow":["GET"]}}],"collection":[{"href":"https:\/\/vivotis.com\/pl\/wp-json\/wp\/v2\/product"}],"about":[{"href":"https:\/\/vivotis.com\/pl\/wp-json\/wp\/v2\/types\/product"}],"wp:featuredmedia":[{"embeddable":true,"href":"https:\/\/vivotis.com\/pl\/wp-json\/wp\/v2\/media\/1544"}],"wp:attachment":[{"href":"https:\/\/vivotis.com\/pl\/wp-json\/wp\/v2\/media?parent=1543"}],"wp:term":[{"taxonomy":"product_brand","embeddable":true,"href":"https:\/\/vivotis.com\/pl\/wp-json\/wp\/v2\/product_brand?post=1543"},{"taxonomy":"product_cat","embeddable":true,"href":"https:\/\/vivotis.com\/pl\/wp-json\/wp\/v2\/product_cat?post=1543"},{"taxonomy":"product_tag","embeddable":true,"href":"https:\/\/vivotis.com\/pl\/wp-json\/wp\/v2\/product_tag?post=1543"}],"curies":[{"name":"wp","href":"https:\/\/api.w.org\/{rel}","templated":true}]}}