{"id":582,"date":"2025-11-18T17:32:39","date_gmt":"2025-11-18T17:32:39","guid":{"rendered":"https:\/\/vivotis.com\/?page_id=582"},"modified":"2025-11-18T19:21:54","modified_gmt":"2025-11-18T19:21:54","slug":"informativa-sulla-privacy","status":"publish","type":"page","link":"https:\/\/vivotis.com\/it\/privacy-policy\/","title":{"rendered":"Informativa sulla privacy"},"content":{"rendered":"<div class=\"wpb-content-wrapper\"><div class=\"vc_row wpb_row vc_row-fluid\"><div class=\"wpb_column vc_column_container vc_col-sm-12\"><div class=\"vc_column-inner\"><div class=\"wpb_wrapper\">\n\t<div class=\"wpb_text_column wpb_content_element\" >\n\t\t<div class=\"wpb_wrapper\">\n\t\t\t<p data-start=\"3124\" data-end=\"3371\">La presente Informativa sulla privacy illustra le modalit\u00e0 con cui Vivotis\u2122 raccoglie, elabora e protegge i dati personali dell'utente, in conformit\u00e0 alla <strong data-start=\"3241\" data-end=\"3300\">Regolamento generale sulla protezione dei dati (UE) 2016\/679 (GDPR)<\/strong> e il <strong data-start=\"3309\" data-end=\"3370\">Legge francese sulla protezione dei dati (Loi Informatique et Libert\u00e9s)<\/strong>.<\/p>\n<p data-start=\"3373\" data-end=\"3441\">Utilizzando questo sito web, l'utente acconsente alle pratiche descritte di seguito.<\/p>\n<hr data-start=\"3443\" data-end=\"3446\" \/>\n<h2 data-start=\"3448\" data-end=\"3473\"><strong data-start=\"3451\" data-end=\"3473\">1. Titolare del trattamento dei dati<\/strong><\/h2>\n<p data-start=\"3474\" data-end=\"3576\">Il titolare del trattamento \u00e8:<br data-start=\"3497\" data-end=\"3500\" \/><strong data-start=\"3500\" data-end=\"3543\">SBrochot - Azienda individuale<\/strong><br data-start=\"3543\" data-end=\"3546\" \/>URL: <strong data-start=\"3553\" data-end=\"3576\"><a class=\"decorated-link cursor-pointer\" href=\"https:\/\/vivotis.com\/it\/richiesta-di-privacy\/\" rel=\"noopener\" data-start=\"3555\" data-end=\"3574\">https:\/\/vivotis.com\/privacy-request\/<\/a><\/strong><\/p>\n<p data-start=\"3578\" data-end=\"3652\">Association Une Vie\u2122 Network agisce come partner editoriale e operativo.<\/p>\n<hr data-start=\"3654\" data-end=\"3657\" \/>\n<h2 data-start=\"3659\" data-end=\"3684\"><strong data-start=\"3662\" data-end=\"3684\">2. Dati raccolti<\/strong><\/h2>\n<p data-start=\"3685\" data-end=\"3735\">A seconda dell'utilizzo del sito da parte dell'utente, potremmo raccogliere:<\/p>\n<h3 data-start=\"3737\" data-end=\"3768\"><strong data-start=\"3741\" data-end=\"3768\">Informazioni fornite dall'utente<\/strong><\/h3>\n<ul data-start=\"3769\" data-end=\"4039\">\n<li data-start=\"3769\" data-end=\"3816\">\n<p data-start=\"3771\" data-end=\"3816\">Nome, e-mail (moduli di contatto - Gravity Forms)<\/p>\n<\/li>\n<li data-start=\"3817\" data-end=\"3861\">\n<p data-start=\"3819\" data-end=\"3861\">Informazioni sull'account (WooCommerce, PMPro)<\/p>\n<\/li>\n<li data-start=\"3862\" data-end=\"3955\">\n<p data-start=\"3864\" data-end=\"3955\">Informazioni sul pagamento (elaborate in modo sicuro tramite Stripe - Vivotis non memorizza i dati della carta)<\/p>\n<\/li>\n<li data-start=\"3956\" data-end=\"4039\">\n<p data-start=\"3958\" data-end=\"4039\">Messaggi inviati attraverso il chatbot AI Engine (elaborati per fornire risposte)<\/p>\n<\/li>\n<\/ul>\n<h3 data-start=\"4041\" data-end=\"4084\"><strong data-start=\"4045\" data-end=\"4084\">Informazioni raccolte automaticamente<\/strong><\/h3>\n<ul data-start=\"4085\" data-end=\"4237\">\n<li data-start=\"4085\" data-end=\"4109\">\n<p data-start=\"4087\" data-end=\"4109\">Preferenze linguistiche<\/p>\n<\/li>\n<li data-start=\"4110\" data-end=\"4151\">\n<p data-start=\"4112\" data-end=\"4151\">Indirizzo IP (anonimo per l'analisi)<\/p>\n<\/li>\n<li data-start=\"4152\" data-end=\"4186\">\n<p data-start=\"4154\" data-end=\"4186\">Informazioni sul browser e sul dispositivo<\/p>\n<\/li>\n<li data-start=\"4187\" data-end=\"4237\">\n<p data-start=\"4189\" data-end=\"4237\">Dati di navigazione (Google Analytics, con consenso)<\/p>\n<\/li>\n<\/ul>\n<hr data-start=\"4239\" data-end=\"4242\" \/>\n<h2 data-start=\"4244\" data-end=\"4277\"><strong data-start=\"4247\" data-end=\"4277\">3. Scopo e base giuridica<\/strong><\/h2>\n<p data-start=\"4278\" data-end=\"4300\">I vostri dati vengono utilizzati per:<\/p>\n<div class=\"_tableContainer_1rjym_1\">\n<div class=\"group _tableWrapper_1rjym_13 flex w-fit flex-col-reverse\" tabindex=\"-1\">\n<table class=\"w-fit min-w-(--thread-content-width)\" data-start=\"4302\" data-end=\"4722\">\n<thead data-start=\"4302\" data-end=\"4327\">\n<tr data-start=\"4302\" data-end=\"4327\">\n<th data-start=\"4302\" data-end=\"4312\" data-col-size=\"sm\">Scopo<\/th>\n<th data-start=\"4312\" data-end=\"4327\" data-col-size=\"sm\">Base legale<\/th>\n<\/tr>\n<\/thead>\n<tbody data-start=\"4353\" data-end=\"4722\">\n<tr data-start=\"4353\" data-end=\"4402\">\n<td data-start=\"4353\" data-end=\"4390\" data-col-size=\"sm\">Creare e gestire il proprio account<\/td>\n<td data-col-size=\"sm\" data-start=\"4390\" data-end=\"4402\">Contratto<\/td>\n<\/tr>\n<tr data-start=\"4403\" data-end=\"4438\">\n<td data-start=\"4403\" data-end=\"4426\" data-col-size=\"sm\">Elaborazione degli acquisti<\/td>\n<td data-col-size=\"sm\" data-start=\"4426\" data-end=\"4438\">Contratto<\/td>\n<\/tr>\n<tr data-start=\"4439\" data-end=\"4488\">\n<td data-start=\"4439\" data-end=\"4465\" data-col-size=\"sm\">Rispondere alle richieste di informazioni<\/td>\n<td data-col-size=\"sm\" data-start=\"4465\" data-end=\"4488\">Interesse legittimo<\/td>\n<\/tr>\n<tr data-start=\"4489\" data-end=\"4546\">\n<td data-start=\"4489\" data-end=\"4523\" data-col-size=\"sm\">Invio di messaggi amministrativi<\/td>\n<td data-col-size=\"sm\" data-start=\"4523\" data-end=\"4546\">Interesse legittimo<\/td>\n<\/tr>\n<tr data-start=\"4547\" data-end=\"4602\">\n<td data-start=\"4547\" data-end=\"4579\" data-col-size=\"sm\">Prevenzione delle frodi e sicurezza<\/td>\n<td data-col-size=\"sm\" data-start=\"4579\" data-end=\"4602\">Interesse legittimo<\/td>\n<\/tr>\n<tr data-start=\"4603\" data-end=\"4654\">\n<td data-start=\"4603\" data-end=\"4643\" data-col-size=\"sm\">Analisi e misurazione delle prestazioni<\/td>\n<td data-col-size=\"sm\" data-start=\"4643\" data-end=\"4654\">Consenso<\/td>\n<\/tr>\n<tr data-start=\"4655\" data-end=\"4722\">\n<td data-start=\"4655\" data-end=\"4679\" data-col-size=\"sm\">Funzionalit\u00e0 chatbot<\/td>\n<td data-col-size=\"sm\" data-start=\"4679\" data-end=\"4722\">Interesse legittimo (fornitura di servizi)<\/td>\n<\/tr>\n<\/tbody>\n<\/table>\n<\/div>\n<\/div>\n<hr data-start=\"4724\" data-end=\"4727\" \/>\n<h2 data-start=\"4729\" data-end=\"4747\"><strong data-start=\"4732\" data-end=\"4747\">4. Pagamenti<\/strong><\/h2>\n<p data-start=\"4748\" data-end=\"4871\">I pagamenti vengono elaborati tramite <strong data-start=\"4779\" data-end=\"4789\">Striscia<\/strong>, che \u00e8 completamente conforme agli standard PCI-DSS.<br data-start=\"4824\" data-end=\"4827\" \/>Vivotis non memorizza i dati della carta di pagamento.<\/p>\n<hr data-start=\"4873\" data-end=\"4876\" \/>\n<h2 data-start=\"4878\" data-end=\"4902\"><strong data-start=\"4881\" data-end=\"4902\">5. Conservazione dei dati<\/strong><\/h2>\n<ul data-start=\"4903\" data-end=\"5141\">\n<li data-start=\"4903\" data-end=\"4954\">\n<p data-start=\"4905\" data-end=\"4954\">Dati dell'account: finch\u00e9 l'account \u00e8 attivo<\/p>\n<\/li>\n<li data-start=\"4955\" data-end=\"4996\">\n<p data-start=\"4957\" data-end=\"4996\">Acquisti: 6 anni (obbligo di legge)<\/p>\n<\/li>\n<li data-start=\"4997\" data-end=\"5025\">\n<p data-start=\"4999\" data-end=\"5025\">Moduli di contatto: 12 mesi<\/p>\n<\/li>\n<li data-start=\"5026\" data-end=\"5082\">\n<p data-start=\"5028\" data-end=\"5082\">Dati analitici: in base alle vostre preferenze sui cookie<\/p>\n<\/li>\n<li data-start=\"5083\" data-end=\"5141\">\n<p data-start=\"5085\" data-end=\"5141\">Dati del Chatbot: memorizzati temporaneamente per il funzionamento tecnico<\/p>\n<\/li>\n<\/ul>\n<hr data-start=\"5143\" data-end=\"5146\" \/>\n<h2 data-start=\"5148\" data-end=\"5173\"><strong data-start=\"5151\" data-end=\"5173\">6. Condivisione dei dati<\/strong><\/h2>\n<p data-start=\"5174\" data-end=\"5285\">Non vendiamo mai i vostri dati.<br data-start=\"5198\" data-end=\"5201\" \/>I dati possono essere condivisi solo con fornitori di servizi fidati necessari per il funzionamento del sito:<\/p>\n<ul data-start=\"5287\" data-end=\"5471\">\n<li data-start=\"5287\" data-end=\"5312\">\n<p data-start=\"5289\" data-end=\"5312\"><strong data-start=\"5289\" data-end=\"5299\">Striscia<\/strong> (pagamenti)<\/p>\n<\/li>\n<li data-start=\"5313\" data-end=\"5364\">\n<p data-start=\"5315\" data-end=\"5364\"><strong data-start=\"5315\" data-end=\"5335\">Google Analytics<\/strong> (statistiche, con consenso)<\/p>\n<\/li>\n<li data-start=\"5365\" data-end=\"5386\">\n<p data-start=\"5367\" data-end=\"5386\"><strong data-start=\"5367\" data-end=\"5374\">OVH<\/strong> (hosting)<\/p>\n<\/li>\n<li data-start=\"5387\" data-end=\"5425\">\n<p data-start=\"5389\" data-end=\"5425\"><strong data-start=\"5389\" data-end=\"5402\">Motore AI<\/strong> (elaborazione di chatbot)<\/p>\n<\/li>\n<li data-start=\"5426\" data-end=\"5471\">\n<p data-start=\"5428\" data-end=\"5471\"><strong data-start=\"5428\" data-end=\"5457\">Gravity Forms \/ WordPress<\/strong> (moduli e CMS)<\/p>\n<\/li>\n<\/ul>\n<p data-start=\"5473\" data-end=\"5529\">Tutti i fornitori rispettano il GDPR o garanzie equivalenti.<\/p>\n<hr data-start=\"5531\" data-end=\"5534\" \/>\n<h2 data-start=\"5536\" data-end=\"5557\"><strong data-start=\"5539\" data-end=\"5557\">7. I vostri diritti<\/strong><\/h2>\n<p data-start=\"5558\" data-end=\"5578\">Potete in qualsiasi momento:<\/p>\n<ul data-start=\"5580\" data-end=\"5747\">\n<li data-start=\"5580\" data-end=\"5600\">\n<p data-start=\"5582\" data-end=\"5600\">Accesso ai dati<\/p>\n<\/li>\n<li data-start=\"5601\" data-end=\"5622\">\n<p data-start=\"5603\" data-end=\"5622\">Rettifica dei dati<\/p>\n<\/li>\n<li data-start=\"5623\" data-end=\"5669\">\n<p data-start=\"5625\" data-end=\"5669\">Richiesta di cancellazione (\u201cdiritto all'oblio\u201d)<\/p>\n<\/li>\n<li data-start=\"5670\" data-end=\"5693\">\n<p data-start=\"5672\" data-end=\"5693\">Limitare l'elaborazione<\/p>\n<\/li>\n<li data-start=\"5694\" data-end=\"5718\">\n<p data-start=\"5696\" data-end=\"5718\">Obiezione al trattamento<\/p>\n<\/li>\n<li data-start=\"5719\" data-end=\"5747\">\n<p data-start=\"5721\" data-end=\"5747\">Richiesta di portabilit\u00e0 dei dati<\/p>\n<\/li>\n<\/ul>\n<p data-start=\"5749\" data-end=\"5811\">Per esercitare i propri diritti, contattare:<br data-start=\"5782\" data-end=\"5785\" \/>URL: <strong data-start=\"3553\" data-end=\"3576\"><a class=\"decorated-link cursor-pointer\" href=\"https:\/\/vivotis.com\/it\/richiesta-di-privacy\/\" rel=\"noopener\" data-start=\"3555\" data-end=\"3574\">https:\/\/vivotis.com\/privacy-request\/<\/a><\/strong><\/p>\n<p data-start=\"5813\" data-end=\"5897\">\u00c8 inoltre possibile presentare un reclamo al <strong data-start=\"5853\" data-end=\"5861\">CNIL<\/strong> (Autorit\u00e0 francese per la protezione dei dati).<\/p>\n<hr data-start=\"5899\" data-end=\"5902\" \/>\n<h2 data-start=\"5904\" data-end=\"5942\"><strong data-start=\"5907\" data-end=\"5942\">8. Trasferimenti internazionali di dati<\/strong><\/h2>\n<p data-start=\"5943\" data-end=\"6098\">Alcuni fornitori (ad esempio, Stripe, Google) possono elaborare i dati al di fuori dell'UE.<br data-start=\"6013\" data-end=\"6016\" \/>I trasferimenti sono coperti da garanzie conformi al GDPR (Clausole contrattuali standard).<\/p>\n<hr data-start=\"6100\" data-end=\"6103\" \/>\n<h2 data-start=\"6105\" data-end=\"6122\"><strong data-start=\"6108\" data-end=\"6122\">9. Aggiornamenti<\/strong><\/h2>\n<p data-start=\"6123\" data-end=\"6203\">La presente Politica pu\u00f2 essere aggiornata. La versione pi\u00f9 recente \u00e8 sempre disponibile su questa pagina.<\/p>\n\n\t\t<\/div>\n\t<\/div>\n<\/div><\/div><\/div><\/div>\n<\/div>","protected":false},"excerpt":{"rendered":"This Privacy Policy explains how Vivotis\u2122 collects, processes and protects your personal data in accordance with the General Data Protection Regulation (EU) 2016\/679 (GDPR) and the French Data Protection Act (Loi Informatique et Libert\u00e9s). By using this website, you consent to the practices described below. 1. Data Controller The data controller is:SBrochot \u2013 Individual BusinessURL: [...]","protected":false},"author":1,"featured_media":0,"parent":0,"menu_order":0,"comment_status":"closed","ping_status":"closed","template":"","meta":{"pmpro_default_level":"","footnotes":""},"class_list":["post-582","page","type-page","status-publish","hentry","pmpro-has-access"],"yoast_head":"<!-- This site is optimized with the Yoast SEO plugin v27.3 - https:\/\/yoast.com\/product\/yoast-seo-wordpress\/ -->\n<title>Privacy Policy<\/title>\n<meta name=\"robots\" content=\"index, follow, max-snippet:-1, max-image-preview:large, max-video-preview:-1\" \/>\n<link rel=\"canonical\" href=\"https:\/\/vivotis.com\/it\/informativa-sulla-privacy\/\" \/>\n<meta property=\"og:locale\" content=\"it_IT\" \/>\n<meta property=\"og:type\" content=\"article\" \/>\n<meta property=\"og:title\" content=\"Privacy Policy\" \/>\n<meta property=\"og:url\" content=\"https:\/\/vivotis.com\/it\/informativa-sulla-privacy\/\" \/>\n<meta property=\"og:site_name\" content=\"Vivotis\" \/>\n<meta property=\"article:modified_time\" content=\"2025-11-18T19:21:54+00:00\" \/>\n<meta name=\"twitter:card\" content=\"summary_large_image\" \/>\n<meta name=\"twitter:label1\" content=\"Tempo di lettura stimato\" \/>\n\t<meta name=\"twitter:data1\" content=\"2 minuti\" \/>\n<script type=\"application\/ld+json\" class=\"yoast-schema-graph\">{\"@context\":\"https:\\\/\\\/schema.org\",\"@graph\":[{\"@type\":\"WebPage\",\"@id\":\"https:\\\/\\\/vivotis.com\\\/privacy-policy\\\/\",\"url\":\"https:\\\/\\\/vivotis.com\\\/privacy-policy\\\/\",\"name\":\"Privacy Policy\",\"isPartOf\":{\"@id\":\"https:\\\/\\\/vivotis.com\\\/#website\"},\"datePublished\":\"2025-11-18T17:32:39+00:00\",\"dateModified\":\"2025-11-18T19:21:54+00:00\",\"breadcrumb\":{\"@id\":\"https:\\\/\\\/vivotis.com\\\/privacy-policy\\\/#breadcrumb\"},\"inLanguage\":\"it-IT\",\"potentialAction\":[{\"@type\":\"ReadAction\",\"target\":[\"https:\\\/\\\/vivotis.com\\\/privacy-policy\\\/\"]}]},{\"@type\":\"BreadcrumbList\",\"@id\":\"https:\\\/\\\/vivotis.com\\\/privacy-policy\\\/#breadcrumb\",\"itemListElement\":[{\"@type\":\"ListItem\",\"position\":1,\"name\":\"Home\",\"item\":\"https:\\\/\\\/vivotis.com\\\/\"},{\"@type\":\"ListItem\",\"position\":2,\"name\":\"Privacy Policy\"}]},{\"@type\":\"WebSite\",\"@id\":\"https:\\\/\\\/vivotis.com\\\/#website\",\"url\":\"https:\\\/\\\/vivotis.com\\\/\",\"name\":\"Vivotis\",\"description\":\"\",\"publisher\":{\"@id\":\"https:\\\/\\\/vivotis.com\\\/#organization\"},\"potentialAction\":[{\"@type\":\"SearchAction\",\"target\":{\"@type\":\"EntryPoint\",\"urlTemplate\":\"https:\\\/\\\/vivotis.com\\\/?s={search_term_string}\"},\"query-input\":{\"@type\":\"PropertyValueSpecification\",\"valueRequired\":true,\"valueName\":\"search_term_string\"}}],\"inLanguage\":\"it-IT\"},{\"@type\":\"Organization\",\"@id\":\"https:\\\/\\\/vivotis.com\\\/#organization\",\"name\":\"Vivotis\",\"url\":\"https:\\\/\\\/vivotis.com\\\/\",\"logo\":{\"@type\":\"ImageObject\",\"inLanguage\":\"it-IT\",\"@id\":\"https:\\\/\\\/vivotis.com\\\/#\\\/schema\\\/logo\\\/image\\\/\",\"url\":\"https:\\\/\\\/vivotis.com\\\/wp-content\\\/uploads\\\/2025\\\/11\\\/logo-brand-000000-m-scaled.png\",\"contentUrl\":\"https:\\\/\\\/vivotis.com\\\/wp-content\\\/uploads\\\/2025\\\/11\\\/logo-brand-000000-m-scaled.png\",\"width\":2560,\"height\":1281,\"caption\":\"Vivotis\"},\"image\":{\"@id\":\"https:\\\/\\\/vivotis.com\\\/#\\\/schema\\\/logo\\\/image\\\/\"}}]}<\/script>\n<!-- \/ Yoast SEO plugin. -->","yoast_head_json":{"title":"Informativa sulla privacy","robots":{"index":"index","follow":"follow","max-snippet":"max-snippet:-1","max-image-preview":"max-image-preview:large","max-video-preview":"max-video-preview:-1"},"canonical":"https:\/\/vivotis.com\/it\/informativa-sulla-privacy\/","og_locale":"it_IT","og_type":"article","og_title":"Privacy Policy","og_url":"https:\/\/vivotis.com\/it\/informativa-sulla-privacy\/","og_site_name":"Vivotis","article_modified_time":"2025-11-18T19:21:54+00:00","twitter_card":"summary_large_image","twitter_misc":{"Tempo di lettura stimato":"2 minuti"},"schema":{"@context":"https:\/\/schema.org","@graph":[{"@type":"WebPage","@id":"https:\/\/vivotis.com\/privacy-policy\/","url":"https:\/\/vivotis.com\/privacy-policy\/","name":"Informativa sulla privacy","isPartOf":{"@id":"https:\/\/vivotis.com\/#website"},"datePublished":"2025-11-18T17:32:39+00:00","dateModified":"2025-11-18T19:21:54+00:00","breadcrumb":{"@id":"https:\/\/vivotis.com\/privacy-policy\/#breadcrumb"},"inLanguage":"it-IT","potentialAction":[{"@type":"ReadAction","target":["https:\/\/vivotis.com\/privacy-policy\/"]}]},{"@type":"BreadcrumbList","@id":"https:\/\/vivotis.com\/privacy-policy\/#breadcrumb","itemListElement":[{"@type":"ListItem","position":1,"name":"Home","item":"https:\/\/vivotis.com\/"},{"@type":"ListItem","position":2,"name":"Privacy Policy"}]},{"@type":"WebSite","@id":"https:\/\/vivotis.com\/#website","url":"https:\/\/vivotis.com\/","name":"Vivotis","description":"","publisher":{"@id":"https:\/\/vivotis.com\/#organization"},"potentialAction":[{"@type":"SearchAction","target":{"@type":"EntryPoint","urlTemplate":"https:\/\/vivotis.com\/?s={search_term_string}"},"query-input":{"@type":"PropertyValueSpecification","valueRequired":true,"valueName":"search_term_string"}}],"inLanguage":"it-IT"},{"@type":"Organization","@id":"https:\/\/vivotis.com\/#organization","name":"Vivotis","url":"https:\/\/vivotis.com\/","logo":{"@type":"ImageObject","inLanguage":"it-IT","@id":"https:\/\/vivotis.com\/#\/schema\/logo\/image\/","url":"https:\/\/vivotis.com\/wp-content\/uploads\/2025\/11\/logo-brand-000000-m-scaled.png","contentUrl":"https:\/\/vivotis.com\/wp-content\/uploads\/2025\/11\/logo-brand-000000-m-scaled.png","width":2560,"height":1281,"caption":"Vivotis"},"image":{"@id":"https:\/\/vivotis.com\/#\/schema\/logo\/image\/"}}]}},"_links":{"self":[{"href":"https:\/\/vivotis.com\/it\/wp-json\/wp\/v2\/pages\/582","targetHints":{"allow":["GET"]}}],"collection":[{"href":"https:\/\/vivotis.com\/it\/wp-json\/wp\/v2\/pages"}],"about":[{"href":"https:\/\/vivotis.com\/it\/wp-json\/wp\/v2\/types\/page"}],"author":[{"embeddable":true,"href":"https:\/\/vivotis.com\/it\/wp-json\/wp\/v2\/users\/1"}],"replies":[{"embeddable":true,"href":"https:\/\/vivotis.com\/it\/wp-json\/wp\/v2\/comments?post=582"}],"version-history":[{"count":3,"href":"https:\/\/vivotis.com\/it\/wp-json\/wp\/v2\/pages\/582\/revisions"}],"predecessor-version":[{"id":613,"href":"https:\/\/vivotis.com\/it\/wp-json\/wp\/v2\/pages\/582\/revisions\/613"}],"wp:attachment":[{"href":"https:\/\/vivotis.com\/it\/wp-json\/wp\/v2\/media?parent=582"}],"curies":[{"name":"wp","href":"https:\/\/api.w.org\/{rel}","templated":true}]}}