{"id":2767,"date":"2026-04-04T08:14:14","date_gmt":"2026-04-04T06:14:14","guid":{"rendered":"https:\/\/vivotis.com\/?post_type=product&#038;p=2767"},"modified":"2026-04-04T11:35:46","modified_gmt":"2026-04-04T09:35:46","slug":"1-2-3-voici-des-arguments","status":"publish","type":"product","link":"https:\/\/vivotis.com\/fr\/product\/1-2-3-here-are-arguments\/","title":{"rendered":"1, 2, 3, voici les arguments !"},"content":{"rendered":"<p>Petit \u00c9l\u00e9phant se dispute avec ses amis et apprend \u00e0 se calmer, \u00e0 utiliser les mots, \u00e0 patienter et \u00e0 arranger les choses. Un livre pour comprendre que les conflits font partie de la vie et que le calme peut revenir.<\/p>","protected":false},"excerpt":{"rendered":"<p>Petit \u00c9l\u00e9phant se dispute avec ses amis et apprend \u00e0 se calmer, \u00e0 utiliser les mots, \u00e0 patienter et \u00e0 arranger les choses. Un livre pour comprendre que les conflits font partie de la vie et que le calme peut revenir.<\/p>","protected":false},"featured_media":2685,"template":"","meta":{"pmpro_default_level":""},"product_brand":[],"product_cat":[148,66,150,146],"product_tag":[],"class_list":{"0":"post-2767","1":"product","2":"type-product","3":"status-publish","4":"has-post-thumbnail","6":"product_cat-books","7":"product_cat-childrens-books","8":"product_cat-books-little-elephant","9":"product_cat-pdf-gift-premium","10":"pmpro-has-access","12":"first","13":"instock","14":"shipping-taxable","15":"purchasable","16":"product-type-variable"},"yoast_head":"<!-- This site is optimized with the Yoast SEO plugin v27.3 - https:\/\/yoast.com\/product\/yoast-seo-wordpress\/ -->\n<title>1, 2, 3, Here Are Arguments! - Vivotis<\/title>\n<meta name=\"robots\" content=\"index, follow, max-snippet:-1, max-image-preview:large, max-video-preview:-1\" \/>\n<link rel=\"canonical\" href=\"https:\/\/vivotis.com\/fr\/produit\/1-2-3-voici-des-arguments\/\" \/>\n<meta property=\"og:locale\" content=\"fr_FR\" \/>\n<meta property=\"og:type\" content=\"article\" \/>\n<meta property=\"og:title\" content=\"1, 2, 3, Here Are Arguments! - Vivotis\" \/>\n<meta property=\"og:description\" content=\"Little Elephant argues with his friends and learns how to calm down, use words, wait, and make things right. A book to understand that conflicts are part of life and that calm can return.\" \/>\n<meta property=\"og:url\" content=\"https:\/\/vivotis.com\/fr\/produit\/1-2-3-voici-des-arguments\/\" \/>\n<meta property=\"og:site_name\" content=\"Vivotis\" \/>\n<meta property=\"article:modified_time\" content=\"2026-04-04T09:35:46+00:00\" \/>\n<meta property=\"og:image\" content=\"https:\/\/vivotis.com\/wp-content\/uploads\/2026\/04\/14.png\" \/>\n\t<meta property=\"og:image:width\" content=\"1024\" \/>\n\t<meta property=\"og:image:height\" content=\"1024\" \/>\n\t<meta property=\"og:image:type\" content=\"image\/png\" \/>\n<meta name=\"twitter:card\" content=\"summary_large_image\" \/>\n<meta name=\"twitter:label1\" content=\"Dur\u00e9e de lecture estim\u00e9e\" \/>\n\t<meta name=\"twitter:data1\" content=\"1 minute\" \/>\n<script type=\"application\/ld+json\" class=\"yoast-schema-graph\">{\"@context\":\"https:\\\/\\\/schema.org\",\"@graph\":[{\"@type\":\"WebPage\",\"@id\":\"https:\\\/\\\/vivotis.com\\\/product\\\/1-2-3-here-are-arguments\\\/\",\"url\":\"https:\\\/\\\/vivotis.com\\\/product\\\/1-2-3-here-are-arguments\\\/\",\"name\":\"1, 2, 3, Here Are Arguments! - Vivotis\",\"isPartOf\":{\"@id\":\"https:\\\/\\\/vivotis.com\\\/#website\"},\"primaryImageOfPage\":{\"@id\":\"https:\\\/\\\/vivotis.com\\\/product\\\/1-2-3-here-are-arguments\\\/#primaryimage\"},\"image\":{\"@id\":\"https:\\\/\\\/vivotis.com\\\/product\\\/1-2-3-here-are-arguments\\\/#primaryimage\"},\"thumbnailUrl\":\"https:\\\/\\\/vivotis.com\\\/wp-content\\\/uploads\\\/2026\\\/04\\\/14.png\",\"datePublished\":\"2026-04-04T06:14:14+00:00\",\"dateModified\":\"2026-04-04T09:35:46+00:00\",\"breadcrumb\":{\"@id\":\"https:\\\/\\\/vivotis.com\\\/product\\\/1-2-3-here-are-arguments\\\/#breadcrumb\"},\"inLanguage\":\"fr-FR\",\"potentialAction\":[{\"@type\":\"ReadAction\",\"target\":[\"https:\\\/\\\/vivotis.com\\\/product\\\/1-2-3-here-are-arguments\\\/\"]}]},{\"@type\":\"ImageObject\",\"inLanguage\":\"fr-FR\",\"@id\":\"https:\\\/\\\/vivotis.com\\\/product\\\/1-2-3-here-are-arguments\\\/#primaryimage\",\"url\":\"https:\\\/\\\/vivotis.com\\\/wp-content\\\/uploads\\\/2026\\\/04\\\/14.png\",\"contentUrl\":\"https:\\\/\\\/vivotis.com\\\/wp-content\\\/uploads\\\/2026\\\/04\\\/14.png\",\"width\":1024,\"height\":1024},{\"@type\":\"BreadcrumbList\",\"@id\":\"https:\\\/\\\/vivotis.com\\\/product\\\/1-2-3-here-are-arguments\\\/#breadcrumb\",\"itemListElement\":[{\"@type\":\"ListItem\",\"position\":1,\"name\":\"Home\",\"item\":\"https:\\\/\\\/vivotis.com\\\/\"},{\"@type\":\"ListItem\",\"position\":2,\"name\":\"Shop\",\"item\":\"https:\\\/\\\/vivotis.com\\\/shop\\\/\"},{\"@type\":\"ListItem\",\"position\":3,\"name\":\"1, 2, 3, Here Are Arguments!\"}]},{\"@type\":\"WebSite\",\"@id\":\"https:\\\/\\\/vivotis.com\\\/#website\",\"url\":\"https:\\\/\\\/vivotis.com\\\/\",\"name\":\"Vivotis\",\"description\":\"\",\"publisher\":{\"@id\":\"https:\\\/\\\/vivotis.com\\\/#organization\"},\"potentialAction\":[{\"@type\":\"SearchAction\",\"target\":{\"@type\":\"EntryPoint\",\"urlTemplate\":\"https:\\\/\\\/vivotis.com\\\/?s={search_term_string}\"},\"query-input\":{\"@type\":\"PropertyValueSpecification\",\"valueRequired\":true,\"valueName\":\"search_term_string\"}}],\"inLanguage\":\"fr-FR\"},{\"@type\":\"Organization\",\"@id\":\"https:\\\/\\\/vivotis.com\\\/#organization\",\"name\":\"Vivotis\",\"url\":\"https:\\\/\\\/vivotis.com\\\/\",\"logo\":{\"@type\":\"ImageObject\",\"inLanguage\":\"fr-FR\",\"@id\":\"https:\\\/\\\/vivotis.com\\\/#\\\/schema\\\/logo\\\/image\\\/\",\"url\":\"https:\\\/\\\/vivotis.com\\\/wp-content\\\/uploads\\\/2025\\\/11\\\/logo-brand-000000-m-scaled.png\",\"contentUrl\":\"https:\\\/\\\/vivotis.com\\\/wp-content\\\/uploads\\\/2025\\\/11\\\/logo-brand-000000-m-scaled.png\",\"width\":2560,\"height\":1281,\"caption\":\"Vivotis\"},\"image\":{\"@id\":\"https:\\\/\\\/vivotis.com\\\/#\\\/schema\\\/logo\\\/image\\\/\"}}]}<\/script>\n<!-- \/ Yoast SEO plugin. -->","yoast_head_json":{"title":"1, 2, 3, voici les arguments ! - Vivotis","robots":{"index":"index","follow":"follow","max-snippet":"max-snippet:-1","max-image-preview":"max-image-preview:large","max-video-preview":"max-video-preview:-1"},"canonical":"https:\/\/vivotis.com\/fr\/produit\/1-2-3-voici-des-arguments\/","og_locale":"fr_FR","og_type":"article","og_title":"1, 2, 3, Here Are Arguments! - Vivotis","og_description":"Little Elephant argues with his friends and learns how to calm down, use words, wait, and make things right. A book to understand that conflicts are part of life and that calm can return.","og_url":"https:\/\/vivotis.com\/fr\/produit\/1-2-3-voici-des-arguments\/","og_site_name":"Vivotis","article_modified_time":"2026-04-04T09:35:46+00:00","og_image":[{"width":1024,"height":1024,"url":"https:\/\/vivotis.com\/wp-content\/uploads\/2026\/04\/14.png","type":"image\/png"}],"twitter_card":"summary_large_image","twitter_misc":{"Dur\u00e9e de lecture estim\u00e9e":"1 minute"},"schema":{"@context":"https:\/\/schema.org","@graph":[{"@type":"WebPage","@id":"https:\/\/vivotis.com\/product\/1-2-3-here-are-arguments\/","url":"https:\/\/vivotis.com\/product\/1-2-3-here-are-arguments\/","name":"1, 2, 3, voici les arguments ! - Vivotis","isPartOf":{"@id":"https:\/\/vivotis.com\/#website"},"primaryImageOfPage":{"@id":"https:\/\/vivotis.com\/product\/1-2-3-here-are-arguments\/#primaryimage"},"image":{"@id":"https:\/\/vivotis.com\/product\/1-2-3-here-are-arguments\/#primaryimage"},"thumbnailUrl":"https:\/\/vivotis.com\/wp-content\/uploads\/2026\/04\/14.png","datePublished":"2026-04-04T06:14:14+00:00","dateModified":"2026-04-04T09:35:46+00:00","breadcrumb":{"@id":"https:\/\/vivotis.com\/product\/1-2-3-here-are-arguments\/#breadcrumb"},"inLanguage":"fr-FR","potentialAction":[{"@type":"ReadAction","target":["https:\/\/vivotis.com\/product\/1-2-3-here-are-arguments\/"]}]},{"@type":"ImageObject","inLanguage":"fr-FR","@id":"https:\/\/vivotis.com\/product\/1-2-3-here-are-arguments\/#primaryimage","url":"https:\/\/vivotis.com\/wp-content\/uploads\/2026\/04\/14.png","contentUrl":"https:\/\/vivotis.com\/wp-content\/uploads\/2026\/04\/14.png","width":1024,"height":1024},{"@type":"BreadcrumbList","@id":"https:\/\/vivotis.com\/product\/1-2-3-here-are-arguments\/#breadcrumb","itemListElement":[{"@type":"ListItem","position":1,"name":"Home","item":"https:\/\/vivotis.com\/"},{"@type":"ListItem","position":2,"name":"Shop","item":"https:\/\/vivotis.com\/shop\/"},{"@type":"ListItem","position":3,"name":"1, 2, 3, Here Are Arguments!"}]},{"@type":"WebSite","@id":"https:\/\/vivotis.com\/#website","url":"https:\/\/vivotis.com\/","name":"Vivotis","description":"","publisher":{"@id":"https:\/\/vivotis.com\/#organization"},"potentialAction":[{"@type":"SearchAction","target":{"@type":"EntryPoint","urlTemplate":"https:\/\/vivotis.com\/?s={search_term_string}"},"query-input":{"@type":"PropertyValueSpecification","valueRequired":true,"valueName":"search_term_string"}}],"inLanguage":"fr-FR"},{"@type":"Organization","@id":"https:\/\/vivotis.com\/#organization","name":"Vivotis","url":"https:\/\/vivotis.com\/","logo":{"@type":"ImageObject","inLanguage":"fr-FR","@id":"https:\/\/vivotis.com\/#\/schema\/logo\/image\/","url":"https:\/\/vivotis.com\/wp-content\/uploads\/2025\/11\/logo-brand-000000-m-scaled.png","contentUrl":"https:\/\/vivotis.com\/wp-content\/uploads\/2025\/11\/logo-brand-000000-m-scaled.png","width":2560,"height":1281,"caption":"Vivotis"},"image":{"@id":"https:\/\/vivotis.com\/#\/schema\/logo\/image\/"}}]}},"_links":{"self":[{"href":"https:\/\/vivotis.com\/fr\/wp-json\/wp\/v2\/product\/2767","targetHints":{"allow":["GET"]}}],"collection":[{"href":"https:\/\/vivotis.com\/fr\/wp-json\/wp\/v2\/product"}],"about":[{"href":"https:\/\/vivotis.com\/fr\/wp-json\/wp\/v2\/types\/product"}],"wp:featuredmedia":[{"embeddable":true,"href":"https:\/\/vivotis.com\/fr\/wp-json\/wp\/v2\/media\/2685"}],"wp:attachment":[{"href":"https:\/\/vivotis.com\/fr\/wp-json\/wp\/v2\/media?parent=2767"}],"wp:term":[{"taxonomy":"product_brand","embeddable":true,"href":"https:\/\/vivotis.com\/fr\/wp-json\/wp\/v2\/product_brand?post=2767"},{"taxonomy":"product_cat","embeddable":true,"href":"https:\/\/vivotis.com\/fr\/wp-json\/wp\/v2\/product_cat?post=2767"},{"taxonomy":"product_tag","embeddable":true,"href":"https:\/\/vivotis.com\/fr\/wp-json\/wp\/v2\/product_tag?post=2767"}],"curies":[{"name":"wp","href":"https:\/\/api.w.org\/{rel}","templated":true}]}}