{"id":2751,"date":"2026-04-04T08:13:11","date_gmt":"2026-04-04T06:13:11","guid":{"rendered":"https:\/\/vivotis.com\/?post_type=product&#038;p=2751"},"modified":"2026-04-04T11:33:51","modified_gmt":"2026-04-04T09:33:51","slug":"1-2-3-here-are-secrets","status":"publish","type":"product","link":"https:\/\/vivotis.com\/fr\/product\/1-2-3-here-are-secrets\/","title":{"rendered":"1, 2, 3, voici les secrets !"},"content":{"rendered":"<p>Petit \u00c9l\u00e9phant apprend \u00e0 distinguer les secrets qui font du bien de ceux qui font peur ou blessent. Il d\u00e9couvre qu&#039;il a le droit de parler et de demander de l&#039;aide. Un livre essentiel pour apprendre \u00e0 ne pas garder pour soi les choses douloureuses.<\/p>","protected":false},"excerpt":{"rendered":"<p>Petit \u00c9l\u00e9phant apprend \u00e0 distinguer les secrets qui font du bien de ceux qui font peur ou blessent. Il d\u00e9couvre qu&#039;il a le droit de parler et de demander de l&#039;aide. Un livre essentiel pour apprendre \u00e0 ne pas garder pour soi les choses douloureuses.<\/p>","protected":false},"featured_media":2684,"template":"","meta":{"pmpro_default_level":""},"product_brand":[],"product_cat":[148,150,66,146],"product_tag":[],"class_list":{"0":"post-2751","1":"product","2":"type-product","3":"status-publish","4":"has-post-thumbnail","6":"product_cat-books","7":"product_cat-books-little-elephant","8":"product_cat-childrens-books","9":"product_cat-pdf-gift-premium","10":"pmpro-has-access","12":"first","13":"instock","14":"shipping-taxable","15":"purchasable","16":"product-type-variable"},"yoast_head":"<!-- This site is optimized with the Yoast SEO plugin v27.3 - https:\/\/yoast.com\/product\/yoast-seo-wordpress\/ -->\n<title>1, 2, 3, Here Are Secrets! - Vivotis<\/title>\n<meta name=\"robots\" content=\"index, follow, max-snippet:-1, max-image-preview:large, max-video-preview:-1\" \/>\n<link rel=\"canonical\" href=\"https:\/\/vivotis.com\/fr\/produit\/1-2-3-here-are-secrets\/\" \/>\n<meta property=\"og:locale\" content=\"fr_FR\" \/>\n<meta property=\"og:type\" content=\"article\" \/>\n<meta property=\"og:title\" content=\"1, 2, 3, Here Are Secrets! - Vivotis\" \/>\n<meta property=\"og:description\" content=\"Little Elephant learns to tell the difference between secrets that feel good and those that feel scary or hurtful. He discovers that he has the right to talk and to ask for help. An essential book for learning not to keep painful things to oneself.\" \/>\n<meta property=\"og:url\" content=\"https:\/\/vivotis.com\/fr\/produit\/1-2-3-here-are-secrets\/\" \/>\n<meta property=\"og:site_name\" content=\"Vivotis\" \/>\n<meta property=\"article:modified_time\" content=\"2026-04-04T09:33:51+00:00\" \/>\n<meta property=\"og:image\" content=\"https:\/\/vivotis.com\/wp-content\/uploads\/2026\/04\/13.png\" \/>\n\t<meta property=\"og:image:width\" content=\"1024\" \/>\n\t<meta property=\"og:image:height\" content=\"1024\" \/>\n\t<meta property=\"og:image:type\" content=\"image\/png\" \/>\n<meta name=\"twitter:card\" content=\"summary_large_image\" \/>\n<meta name=\"twitter:label1\" content=\"Dur\u00e9e de lecture estim\u00e9e\" \/>\n\t<meta name=\"twitter:data1\" content=\"1 minute\" \/>\n<script type=\"application\/ld+json\" class=\"yoast-schema-graph\">{\"@context\":\"https:\\\/\\\/schema.org\",\"@graph\":[{\"@type\":\"WebPage\",\"@id\":\"https:\\\/\\\/vivotis.com\\\/product\\\/1-2-3-here-are-secrets\\\/\",\"url\":\"https:\\\/\\\/vivotis.com\\\/product\\\/1-2-3-here-are-secrets\\\/\",\"name\":\"1, 2, 3, Here Are Secrets! - Vivotis\",\"isPartOf\":{\"@id\":\"https:\\\/\\\/vivotis.com\\\/#website\"},\"primaryImageOfPage\":{\"@id\":\"https:\\\/\\\/vivotis.com\\\/product\\\/1-2-3-here-are-secrets\\\/#primaryimage\"},\"image\":{\"@id\":\"https:\\\/\\\/vivotis.com\\\/product\\\/1-2-3-here-are-secrets\\\/#primaryimage\"},\"thumbnailUrl\":\"https:\\\/\\\/vivotis.com\\\/wp-content\\\/uploads\\\/2026\\\/04\\\/13.png\",\"datePublished\":\"2026-04-04T06:13:11+00:00\",\"dateModified\":\"2026-04-04T09:33:51+00:00\",\"breadcrumb\":{\"@id\":\"https:\\\/\\\/vivotis.com\\\/product\\\/1-2-3-here-are-secrets\\\/#breadcrumb\"},\"inLanguage\":\"fr-FR\",\"potentialAction\":[{\"@type\":\"ReadAction\",\"target\":[\"https:\\\/\\\/vivotis.com\\\/product\\\/1-2-3-here-are-secrets\\\/\"]}]},{\"@type\":\"ImageObject\",\"inLanguage\":\"fr-FR\",\"@id\":\"https:\\\/\\\/vivotis.com\\\/product\\\/1-2-3-here-are-secrets\\\/#primaryimage\",\"url\":\"https:\\\/\\\/vivotis.com\\\/wp-content\\\/uploads\\\/2026\\\/04\\\/13.png\",\"contentUrl\":\"https:\\\/\\\/vivotis.com\\\/wp-content\\\/uploads\\\/2026\\\/04\\\/13.png\",\"width\":1024,\"height\":1024},{\"@type\":\"BreadcrumbList\",\"@id\":\"https:\\\/\\\/vivotis.com\\\/product\\\/1-2-3-here-are-secrets\\\/#breadcrumb\",\"itemListElement\":[{\"@type\":\"ListItem\",\"position\":1,\"name\":\"Home\",\"item\":\"https:\\\/\\\/vivotis.com\\\/\"},{\"@type\":\"ListItem\",\"position\":2,\"name\":\"Shop\",\"item\":\"https:\\\/\\\/vivotis.com\\\/shop\\\/\"},{\"@type\":\"ListItem\",\"position\":3,\"name\":\"1, 2, 3, Here Are Secrets!\"}]},{\"@type\":\"WebSite\",\"@id\":\"https:\\\/\\\/vivotis.com\\\/#website\",\"url\":\"https:\\\/\\\/vivotis.com\\\/\",\"name\":\"Vivotis\",\"description\":\"\",\"publisher\":{\"@id\":\"https:\\\/\\\/vivotis.com\\\/#organization\"},\"potentialAction\":[{\"@type\":\"SearchAction\",\"target\":{\"@type\":\"EntryPoint\",\"urlTemplate\":\"https:\\\/\\\/vivotis.com\\\/?s={search_term_string}\"},\"query-input\":{\"@type\":\"PropertyValueSpecification\",\"valueRequired\":true,\"valueName\":\"search_term_string\"}}],\"inLanguage\":\"fr-FR\"},{\"@type\":\"Organization\",\"@id\":\"https:\\\/\\\/vivotis.com\\\/#organization\",\"name\":\"Vivotis\",\"url\":\"https:\\\/\\\/vivotis.com\\\/\",\"logo\":{\"@type\":\"ImageObject\",\"inLanguage\":\"fr-FR\",\"@id\":\"https:\\\/\\\/vivotis.com\\\/#\\\/schema\\\/logo\\\/image\\\/\",\"url\":\"https:\\\/\\\/vivotis.com\\\/wp-content\\\/uploads\\\/2025\\\/11\\\/logo-brand-000000-m-scaled.png\",\"contentUrl\":\"https:\\\/\\\/vivotis.com\\\/wp-content\\\/uploads\\\/2025\\\/11\\\/logo-brand-000000-m-scaled.png\",\"width\":2560,\"height\":1281,\"caption\":\"Vivotis\"},\"image\":{\"@id\":\"https:\\\/\\\/vivotis.com\\\/#\\\/schema\\\/logo\\\/image\\\/\"}}]}<\/script>\n<!-- \/ Yoast SEO plugin. -->","yoast_head_json":{"title":"1, 2, 3, Here Are Secrets! - Vivotis","robots":{"index":"index","follow":"follow","max-snippet":"max-snippet:-1","max-image-preview":"max-image-preview:large","max-video-preview":"max-video-preview:-1"},"canonical":"https:\/\/vivotis.com\/fr\/produit\/1-2-3-here-are-secrets\/","og_locale":"fr_FR","og_type":"article","og_title":"1, 2, 3, Here Are Secrets! - Vivotis","og_description":"Little Elephant learns to tell the difference between secrets that feel good and those that feel scary or hurtful. He discovers that he has the right to talk and to ask for help. An essential book for learning not to keep painful things to oneself.","og_url":"https:\/\/vivotis.com\/fr\/produit\/1-2-3-here-are-secrets\/","og_site_name":"Vivotis","article_modified_time":"2026-04-04T09:33:51+00:00","og_image":[{"width":1024,"height":1024,"url":"https:\/\/vivotis.com\/wp-content\/uploads\/2026\/04\/13.png","type":"image\/png"}],"twitter_card":"summary_large_image","twitter_misc":{"Dur\u00e9e de lecture estim\u00e9e":"1 minute"},"schema":{"@context":"https:\/\/schema.org","@graph":[{"@type":"WebPage","@id":"https:\/\/vivotis.com\/product\/1-2-3-here-are-secrets\/","url":"https:\/\/vivotis.com\/product\/1-2-3-here-are-secrets\/","name":"1, 2, 3, Here Are Secrets! - Vivotis","isPartOf":{"@id":"https:\/\/vivotis.com\/#website"},"primaryImageOfPage":{"@id":"https:\/\/vivotis.com\/product\/1-2-3-here-are-secrets\/#primaryimage"},"image":{"@id":"https:\/\/vivotis.com\/product\/1-2-3-here-are-secrets\/#primaryimage"},"thumbnailUrl":"https:\/\/vivotis.com\/wp-content\/uploads\/2026\/04\/13.png","datePublished":"2026-04-04T06:13:11+00:00","dateModified":"2026-04-04T09:33:51+00:00","breadcrumb":{"@id":"https:\/\/vivotis.com\/product\/1-2-3-here-are-secrets\/#breadcrumb"},"inLanguage":"fr-FR","potentialAction":[{"@type":"ReadAction","target":["https:\/\/vivotis.com\/product\/1-2-3-here-are-secrets\/"]}]},{"@type":"ImageObject","inLanguage":"fr-FR","@id":"https:\/\/vivotis.com\/product\/1-2-3-here-are-secrets\/#primaryimage","url":"https:\/\/vivotis.com\/wp-content\/uploads\/2026\/04\/13.png","contentUrl":"https:\/\/vivotis.com\/wp-content\/uploads\/2026\/04\/13.png","width":1024,"height":1024},{"@type":"BreadcrumbList","@id":"https:\/\/vivotis.com\/product\/1-2-3-here-are-secrets\/#breadcrumb","itemListElement":[{"@type":"ListItem","position":1,"name":"Home","item":"https:\/\/vivotis.com\/"},{"@type":"ListItem","position":2,"name":"Shop","item":"https:\/\/vivotis.com\/shop\/"},{"@type":"ListItem","position":3,"name":"1, 2, 3, Here Are Secrets!"}]},{"@type":"WebSite","@id":"https:\/\/vivotis.com\/#website","url":"https:\/\/vivotis.com\/","name":"Vivotis","description":"","publisher":{"@id":"https:\/\/vivotis.com\/#organization"},"potentialAction":[{"@type":"SearchAction","target":{"@type":"EntryPoint","urlTemplate":"https:\/\/vivotis.com\/?s={search_term_string}"},"query-input":{"@type":"PropertyValueSpecification","valueRequired":true,"valueName":"search_term_string"}}],"inLanguage":"fr-FR"},{"@type":"Organization","@id":"https:\/\/vivotis.com\/#organization","name":"Vivotis","url":"https:\/\/vivotis.com\/","logo":{"@type":"ImageObject","inLanguage":"fr-FR","@id":"https:\/\/vivotis.com\/#\/schema\/logo\/image\/","url":"https:\/\/vivotis.com\/wp-content\/uploads\/2025\/11\/logo-brand-000000-m-scaled.png","contentUrl":"https:\/\/vivotis.com\/wp-content\/uploads\/2025\/11\/logo-brand-000000-m-scaled.png","width":2560,"height":1281,"caption":"Vivotis"},"image":{"@id":"https:\/\/vivotis.com\/#\/schema\/logo\/image\/"}}]}},"_links":{"self":[{"href":"https:\/\/vivotis.com\/fr\/wp-json\/wp\/v2\/product\/2751","targetHints":{"allow":["GET"]}}],"collection":[{"href":"https:\/\/vivotis.com\/fr\/wp-json\/wp\/v2\/product"}],"about":[{"href":"https:\/\/vivotis.com\/fr\/wp-json\/wp\/v2\/types\/product"}],"wp:featuredmedia":[{"embeddable":true,"href":"https:\/\/vivotis.com\/fr\/wp-json\/wp\/v2\/media\/2684"}],"wp:attachment":[{"href":"https:\/\/vivotis.com\/fr\/wp-json\/wp\/v2\/media?parent=2751"}],"wp:term":[{"taxonomy":"product_brand","embeddable":true,"href":"https:\/\/vivotis.com\/fr\/wp-json\/wp\/v2\/product_brand?post=2751"},{"taxonomy":"product_cat","embeddable":true,"href":"https:\/\/vivotis.com\/fr\/wp-json\/wp\/v2\/product_cat?post=2751"},{"taxonomy":"product_tag","embeddable":true,"href":"https:\/\/vivotis.com\/fr\/wp-json\/wp\/v2\/product_tag?post=2751"}],"curies":[{"name":"wp","href":"https:\/\/api.w.org\/{rel}","templated":true}]}}