{"id":3,"date":"2025-11-13T19:55:09","date_gmt":"2025-11-13T19:55:09","guid":{"rendered":"http:\/\/vivotis.com\/?page_id=3"},"modified":"2025-11-18T19:22:11","modified_gmt":"2025-11-18T19:22:11","slug":"conditions-dutilisation","status":"publish","type":"page","link":"https:\/\/vivotis.com\/fr\/terms-of-use\/","title":{"rendered":"Conditions d'utilisation"},"content":{"rendered":"<div class=\"wpb-content-wrapper\"><div class=\"vc_row wpb_row vc_row-fluid\"><div class=\"wpb_column vc_column_container vc_col-sm-12\"><div class=\"vc_column-inner\"><div class=\"wpb_wrapper\">\n\t<div class=\"wpb_text_column wpb_content_element\" >\n\t\t<div class=\"wpb_wrapper\">\n\t\t\t<p data-start=\"6280\" data-end=\"6430\">Vivotis\u2122 utilise des cookies pour assurer le bon fonctionnement du site web et, avec votre consentement, pour am\u00e9liorer nos services et mesurer l'engagement de l'audience.<\/p>\n<hr data-start=\"6432\" data-end=\"6435\" \/>\n<h2 data-start=\"6437\" data-end=\"6464\"><strong data-start=\"6440\" data-end=\"6464\">1. Qu'est-ce qu'un cookie ?<\/strong><\/h2>\n<p data-start=\"6465\" data-end=\"6524\">Les cookies sont de petits fichiers stock\u00e9s sur votre appareil. Ils peuvent \u00eatre :<\/p>\n<ul data-start=\"6526\" data-end=\"6672\">\n<li data-start=\"6526\" data-end=\"6573\">\n<p data-start=\"6528\" data-end=\"6573\"><strong data-start=\"6528\" data-end=\"6541\">Essentiel<\/strong> (n\u00e9cessaire au fonctionnement du site)<\/p>\n<\/li>\n<li data-start=\"6574\" data-end=\"6630\">\n<p data-start=\"6576\" data-end=\"6630\"><strong data-start=\"6576\" data-end=\"6589\">Analyse<\/strong> (avec le consentement de l'utilisateur - Google Analytics)<\/p>\n<\/li>\n<li data-start=\"6631\" data-end=\"6672\">\n<p data-start=\"6633\" data-end=\"6672\"><strong data-start=\"6633\" data-end=\"6647\">Fonctionnel<\/strong> (par exemple, les param\u00e8tres linguistiques)<\/p>\n<\/li>\n<\/ul>\n<p data-start=\"6674\" data-end=\"6741\">Aucun cookie non essentiel n'est install\u00e9 sans votre consentement explicite.<\/p>\n<hr data-start=\"6743\" data-end=\"6746\" \/>\n<h2 data-start=\"6748\" data-end=\"6771\"><strong data-start=\"6751\" data-end=\"6771\">2. Banni\u00e8re de cookies<\/strong><\/h2>\n<p data-start=\"6772\" data-end=\"6839\">Lorsque vous visitez le site pour la premi\u00e8re fois, une banni\u00e8re vous permet de.. :<\/p>\n<ul data-start=\"6841\" data-end=\"6931\">\n<li data-start=\"6841\" data-end=\"6863\">\n<p data-start=\"6843\" data-end=\"6863\">Accepter tous les cookies<\/p>\n<\/li>\n<li data-start=\"6864\" data-end=\"6900\">\n<p data-start=\"6866\" data-end=\"6900\">Refuser tous les cookies non essentiels<\/p>\n<\/li>\n<li data-start=\"6901\" data-end=\"6931\">\n<p data-start=\"6903\" data-end=\"6931\">Personnalisez vos pr\u00e9f\u00e9rences<\/p>\n<\/li>\n<\/ul>\n<p data-start=\"6933\" data-end=\"6999\">Votre choix est conserv\u00e9 pendant 6 mois et peut \u00eatre modifi\u00e9 \u00e0 tout moment.<\/p>\n<hr data-start=\"7001\" data-end=\"7004\" \/>\n<h2 data-start=\"7006\" data-end=\"7030\"><strong data-start=\"7009\" data-end=\"7030\">3. Les cookies que nous utilisons<\/strong><\/h2>\n<h3 data-start=\"7032\" data-end=\"7059\"><strong data-start=\"7036\" data-end=\"7057\">Cookies essentiels<\/strong><\/h3>\n<p data-start=\"7060\" data-end=\"7075\">Requis pour :<\/p>\n<ul data-start=\"7076\" data-end=\"7217\">\n<li data-start=\"7076\" data-end=\"7127\">\n<p data-start=\"7078\" data-end=\"7127\">vous connecter \u00e0 votre compte (WooCommerce \/ PMPro)<\/p>\n<\/li>\n<li data-start=\"7128\" data-end=\"7149\">\n<p data-start=\"7130\" data-end=\"7149\">navigation s\u00e9curis\u00e9e<\/p>\n<\/li>\n<li data-start=\"7150\" data-end=\"7185\">\n<p data-start=\"7152\" data-end=\"7185\">soumission de formulaire (Gravity Forms)<\/p>\n<\/li>\n<li data-start=\"7186\" data-end=\"7217\">\n<p data-start=\"7188\" data-end=\"7217\">fonctionnement du chatbot (AI Engine)<\/p>\n<\/li>\n<\/ul>\n<p data-start=\"7219\" data-end=\"7263\">Ces derniers <strong data-start=\"7228\" data-end=\"7235\">pas<\/strong> n\u00e9cessitent un consentement en vertu du GDPR.<\/p>\n<h3 data-start=\"7265\" data-end=\"7307\"><strong data-start=\"7269\" data-end=\"7305\">Cookies analytiques (avec consentement)<\/strong><\/h3>\n<p data-start=\"7308\" data-end=\"7384\">Utilis\u00e9 pour analyser le trafic via <strong data-start=\"7336\" data-end=\"7356\">Google Analytics<\/strong> (anonymisation IP activ\u00e9e).<\/p>\n<hr data-start=\"7386\" data-end=\"7389\" \/>\n<h2 data-start=\"7391\" data-end=\"7417\"><strong data-start=\"7394\" data-end=\"7417\">4. Gestion des cookies<\/strong><\/h2>\n<p data-start=\"7418\" data-end=\"7478\">Vous pouvez modifier ou retirer votre consentement \u00e0 tout moment :<\/p>\n<ul data-start=\"7480\" data-end=\"7558\">\n<li data-start=\"7480\" data-end=\"7501\">\n<p data-start=\"7482\" data-end=\"7501\">La banni\u00e8re des cookies<\/p>\n<\/li>\n<li data-start=\"7502\" data-end=\"7527\">\n<p data-start=\"7504\" data-end=\"7527\">Param\u00e8tres de votre navigateur<\/p>\n<\/li>\n<li data-start=\"7528\" data-end=\"7558\">\n<p data-start=\"7530\" data-end=\"7558\">Param\u00e8tres de confidentialit\u00e9 de votre appareil<\/p>\n<\/li>\n<\/ul>\n<hr data-start=\"7560\" data-end=\"7563\" \/>\n<h2 data-start=\"7565\" data-end=\"7582\"><strong data-start=\"7568\" data-end=\"7582\">5. Contact<\/strong><\/h2>\n<p data-start=\"7583\" data-end=\"7643\">Pour toute question concernant les cookies :<br data-start=\"7614\" data-end=\"7617\" \/>URL : <strong data-start=\"3553\" data-end=\"3576\"><a class=\"decorated-link cursor-pointer\" href=\"https:\/\/vivotis.com\/fr\/demande-de-respect-de-la-vie-privee\/\" rel=\"noopener\" data-start=\"3555\" data-end=\"3574\">https:\/\/vivotis.com\/privacy-request\/<\/a><\/strong><\/p>\n\n\t\t<\/div>\n\t<\/div>\n<\/div><\/div><\/div><\/div>\n<\/div>","protected":false},"excerpt":{"rendered":"Vivotis\u2122 uses cookies to ensure the proper functioning of the website and, with your consent, to improve our services and measure audience engagement. 1. What Are Cookies? Cookies are small files stored on your device. They may be: Essential (needed for the site to work) Analytics (with user consent \u2013 Google Analytics) Functional (e.g. language [...]","protected":false},"author":1,"featured_media":0,"parent":0,"menu_order":0,"comment_status":"closed","ping_status":"open","template":"","meta":{"pmpro_default_level":"","footnotes":""},"class_list":["post-3","page","type-page","status-publish","hentry","pmpro-has-access"],"yoast_head":"<!-- This site is optimized with the Yoast SEO plugin v27.3 - https:\/\/yoast.com\/product\/yoast-seo-wordpress\/ -->\n<title>Terms of Use<\/title>\n<meta name=\"robots\" content=\"index, follow, max-snippet:-1, max-image-preview:large, max-video-preview:-1\" \/>\n<link rel=\"canonical\" href=\"https:\/\/vivotis.com\/fr\/conditions-dutilisation\/\" \/>\n<meta property=\"og:locale\" content=\"fr_FR\" \/>\n<meta property=\"og:type\" content=\"article\" \/>\n<meta property=\"og:title\" content=\"Terms of Use\" \/>\n<meta property=\"og:url\" content=\"https:\/\/vivotis.com\/fr\/conditions-dutilisation\/\" \/>\n<meta property=\"og:site_name\" content=\"Vivotis\" \/>\n<meta property=\"article:modified_time\" content=\"2025-11-18T19:22:11+00:00\" \/>\n<meta name=\"twitter:card\" content=\"summary_large_image\" \/>\n<meta name=\"twitter:label1\" content=\"Dur\u00e9e de lecture estim\u00e9e\" \/>\n\t<meta name=\"twitter:data1\" content=\"1 minute\" \/>\n<script type=\"application\/ld+json\" class=\"yoast-schema-graph\">{\"@context\":\"https:\\\/\\\/schema.org\",\"@graph\":[{\"@type\":\"WebPage\",\"@id\":\"https:\\\/\\\/vivotis.com\\\/terms-of-use\\\/\",\"url\":\"https:\\\/\\\/vivotis.com\\\/terms-of-use\\\/\",\"name\":\"Terms of Use\",\"isPartOf\":{\"@id\":\"https:\\\/\\\/vivotis.com\\\/#website\"},\"datePublished\":\"2025-11-13T19:55:09+00:00\",\"dateModified\":\"2025-11-18T19:22:11+00:00\",\"breadcrumb\":{\"@id\":\"https:\\\/\\\/vivotis.com\\\/terms-of-use\\\/#breadcrumb\"},\"inLanguage\":\"fr-FR\",\"potentialAction\":[{\"@type\":\"ReadAction\",\"target\":[\"https:\\\/\\\/vivotis.com\\\/terms-of-use\\\/\"]}]},{\"@type\":\"BreadcrumbList\",\"@id\":\"https:\\\/\\\/vivotis.com\\\/terms-of-use\\\/#breadcrumb\",\"itemListElement\":[{\"@type\":\"ListItem\",\"position\":1,\"name\":\"Home\",\"item\":\"https:\\\/\\\/vivotis.com\\\/\"},{\"@type\":\"ListItem\",\"position\":2,\"name\":\"Terms of Use\"}]},{\"@type\":\"WebSite\",\"@id\":\"https:\\\/\\\/vivotis.com\\\/#website\",\"url\":\"https:\\\/\\\/vivotis.com\\\/\",\"name\":\"Vivotis\",\"description\":\"\",\"publisher\":{\"@id\":\"https:\\\/\\\/vivotis.com\\\/#organization\"},\"potentialAction\":[{\"@type\":\"SearchAction\",\"target\":{\"@type\":\"EntryPoint\",\"urlTemplate\":\"https:\\\/\\\/vivotis.com\\\/?s={search_term_string}\"},\"query-input\":{\"@type\":\"PropertyValueSpecification\",\"valueRequired\":true,\"valueName\":\"search_term_string\"}}],\"inLanguage\":\"fr-FR\"},{\"@type\":\"Organization\",\"@id\":\"https:\\\/\\\/vivotis.com\\\/#organization\",\"name\":\"Vivotis\",\"url\":\"https:\\\/\\\/vivotis.com\\\/\",\"logo\":{\"@type\":\"ImageObject\",\"inLanguage\":\"fr-FR\",\"@id\":\"https:\\\/\\\/vivotis.com\\\/#\\\/schema\\\/logo\\\/image\\\/\",\"url\":\"https:\\\/\\\/vivotis.com\\\/wp-content\\\/uploads\\\/2025\\\/11\\\/logo-brand-000000-m-scaled.png\",\"contentUrl\":\"https:\\\/\\\/vivotis.com\\\/wp-content\\\/uploads\\\/2025\\\/11\\\/logo-brand-000000-m-scaled.png\",\"width\":2560,\"height\":1281,\"caption\":\"Vivotis\"},\"image\":{\"@id\":\"https:\\\/\\\/vivotis.com\\\/#\\\/schema\\\/logo\\\/image\\\/\"}}]}<\/script>\n<!-- \/ Yoast SEO plugin. -->","yoast_head_json":{"title":"Conditions d'utilisation","robots":{"index":"index","follow":"follow","max-snippet":"max-snippet:-1","max-image-preview":"max-image-preview:large","max-video-preview":"max-video-preview:-1"},"canonical":"https:\/\/vivotis.com\/fr\/conditions-dutilisation\/","og_locale":"fr_FR","og_type":"article","og_title":"Terms of Use","og_url":"https:\/\/vivotis.com\/fr\/conditions-dutilisation\/","og_site_name":"Vivotis","article_modified_time":"2025-11-18T19:22:11+00:00","twitter_card":"summary_large_image","twitter_misc":{"Dur\u00e9e de lecture estim\u00e9e":"1 minute"},"schema":{"@context":"https:\/\/schema.org","@graph":[{"@type":"WebPage","@id":"https:\/\/vivotis.com\/terms-of-use\/","url":"https:\/\/vivotis.com\/terms-of-use\/","name":"Conditions d'utilisation","isPartOf":{"@id":"https:\/\/vivotis.com\/#website"},"datePublished":"2025-11-13T19:55:09+00:00","dateModified":"2025-11-18T19:22:11+00:00","breadcrumb":{"@id":"https:\/\/vivotis.com\/terms-of-use\/#breadcrumb"},"inLanguage":"fr-FR","potentialAction":[{"@type":"ReadAction","target":["https:\/\/vivotis.com\/terms-of-use\/"]}]},{"@type":"BreadcrumbList","@id":"https:\/\/vivotis.com\/terms-of-use\/#breadcrumb","itemListElement":[{"@type":"ListItem","position":1,"name":"Home","item":"https:\/\/vivotis.com\/"},{"@type":"ListItem","position":2,"name":"Terms of Use"}]},{"@type":"WebSite","@id":"https:\/\/vivotis.com\/#website","url":"https:\/\/vivotis.com\/","name":"Vivotis","description":"","publisher":{"@id":"https:\/\/vivotis.com\/#organization"},"potentialAction":[{"@type":"SearchAction","target":{"@type":"EntryPoint","urlTemplate":"https:\/\/vivotis.com\/?s={search_term_string}"},"query-input":{"@type":"PropertyValueSpecification","valueRequired":true,"valueName":"search_term_string"}}],"inLanguage":"fr-FR"},{"@type":"Organization","@id":"https:\/\/vivotis.com\/#organization","name":"Vivotis","url":"https:\/\/vivotis.com\/","logo":{"@type":"ImageObject","inLanguage":"fr-FR","@id":"https:\/\/vivotis.com\/#\/schema\/logo\/image\/","url":"https:\/\/vivotis.com\/wp-content\/uploads\/2025\/11\/logo-brand-000000-m-scaled.png","contentUrl":"https:\/\/vivotis.com\/wp-content\/uploads\/2025\/11\/logo-brand-000000-m-scaled.png","width":2560,"height":1281,"caption":"Vivotis"},"image":{"@id":"https:\/\/vivotis.com\/#\/schema\/logo\/image\/"}}]}},"_links":{"self":[{"href":"https:\/\/vivotis.com\/fr\/wp-json\/wp\/v2\/pages\/3","targetHints":{"allow":["GET"]}}],"collection":[{"href":"https:\/\/vivotis.com\/fr\/wp-json\/wp\/v2\/pages"}],"about":[{"href":"https:\/\/vivotis.com\/fr\/wp-json\/wp\/v2\/types\/page"}],"author":[{"embeddable":true,"href":"https:\/\/vivotis.com\/fr\/wp-json\/wp\/v2\/users\/1"}],"replies":[{"embeddable":true,"href":"https:\/\/vivotis.com\/fr\/wp-json\/wp\/v2\/comments?post=3"}],"version-history":[{"count":4,"href":"https:\/\/vivotis.com\/fr\/wp-json\/wp\/v2\/pages\/3\/revisions"}],"predecessor-version":[{"id":614,"href":"https:\/\/vivotis.com\/fr\/wp-json\/wp\/v2\/pages\/3\/revisions\/614"}],"wp:attachment":[{"href":"https:\/\/vivotis.com\/fr\/wp-json\/wp\/v2\/media?parent=3"}],"curies":[{"name":"wp","href":"https:\/\/api.w.org\/{rel}","templated":true}]}}