{"id":1851,"date":"2025-12-07T06:46:52","date_gmt":"2025-12-07T06:46:52","guid":{"rendered":"https:\/\/vivotis.com\/?page_id=1851"},"modified":"2026-04-06T18:14:05","modified_gmt":"2026-04-06T16:14:05","slug":"violence-sexuelle","status":"publish","type":"page","link":"https:\/\/vivotis.com\/fr\/sexualviolence\/","title":{"rendered":"Atelier de pr\u00e9vention des violences sexuelles"},"content":{"rendered":"<div class=\"wpb-content-wrapper\"><div class=\"vc_row wpb_row vc_row-fluid\"><div class=\"wpb_column vc_column_container vc_col-sm-12\"><div class=\"vc_column-inner\"><div class=\"wpb_wrapper\"><div class=\"vc_row wpb_row vc_inner vc_row-fluid\"><div class=\"wpb_column vc_column_container vc_col-sm-4\"><div class=\"vc_column-inner\"><div class=\"wpb_wrapper\">\n\t<div class=\"wpb_raw_code wpb_raw_html wpb_content_element\" >\n\t\t<div class=\"wpb_wrapper\">\n\t\t\t<div class=\"lang-dropdown\">\n  <button class=\"lang-current\">\n    <span class=\"flag\">\ud83c\udf10<\/span>\n    <span class=\"label\">Langue<\/span>\n    <span class=\"arrow\">\u25be<\/span>\n  <\/button>\n\n  <ul class=\"lang-list\">\n    <li><a href=\"https:\/\/sexual-violence.info\/\"><span class=\"flag\">\ud83c\uddec\ud83c\udde7<\/span> Anglais<\/a><\/li>\n    <li><a href=\"https:\/\/vivotis.com\/fr\/sexualviolence\/\"><span class=\"flag\">\ud83c\uddeb\ud83c\uddf7<\/span> Fran\u00e7ais<\/a><\/li>\n    <li><a href=\"https:\/\/vivotis.com\/nl\/sexualviolence\/\"><span class=\"flag\">\ud83c\uddf3\ud83c\uddf1<\/span> Pays-Bas<\/a><\/li>\n    <li><a href=\"https:\/\/vivotis.com\/de\/sexualviolence\/\"><span class=\"flag\">\ud83c\udde9\ud83c\uddea<\/span> Deutsch<\/a><\/li>\n    <li><a href=\"https:\/\/vivotis.com\/es\/sexualviolence\/\"><span class=\"flag\">\ud83c\uddea\ud83c\uddf8<\/span> Espagnol<\/a><\/li>\n    <li><a href=\"https:\/\/vivotis.com\/it\/sexualviolence\/\"><span class=\"flag\">\ud83c\uddee\ud83c\uddf9<\/span> Italiano<\/a><\/li>\n    <li><a href=\"https:\/\/vivotis.com\/pt\/sexualviolence\/\"><span class=\"flag\">\ud83c\uddf5\ud83c\uddf9<\/span> Portugu\u00eas<\/a><\/li>\n    <li><a href=\"https:\/\/vivotis.com\/pl\/sexualviolence\/\"><span class=\"flag\">\ud83c\uddf5\ud83c\uddf1<\/span> Polski<\/a><\/li>\n    <li><a href=\"https:\/\/vivotis.com\/ru\/sexualviolence\/\"><span class=\"flag\">\ud83c\uddf7\ud83c\uddfa<\/span> \u0420\u0443\u0441\u0441\u043a\u0438\u0439<\/a><\/li>\n    <li><a href=\"https:\/\/vivotis.com\/tr\/sexualviolence\/\"><span class=\"flag\">\ud83c\uddf9\ud83c\uddf7<\/span> T\u00fcrk\u00e7e<\/a><\/li>\n    <li><a href=\"https:\/\/vivotis.com\/ar\/sexualviolence\/\"><span class=\"flag\">\ud83c\uddf8\ud83c\udde6<\/span> \u0627\u0644\u0639\u0631\u0628\u064a\u0629<\/a><\/li>\n    <li><a href=\"https:\/\/vivotis.com\/hi\/sexualviolence\/\"><span class=\"flag\">\ud83c\uddee\ud83c\uddf3<\/span> \u0939\u093f\u0928\u094d\u0926\u0940<\/a><\/li>\n    <li><a href=\"https:\/\/vivotis.com\/ja\/sexualviolence\/\"><span class=\"flag\">\ud83c\uddef\ud83c\uddf5<\/span> \u65e5\u672c\u8a9e<\/a><\/li>\n    <li><a href=\"https:\/\/vivotis.com\/ko\/sexualviolence\/\"><span class=\"flag\">\ud83c\uddf0\ud83c\uddf7<\/span> \ud55c\uad6d\uc5b4<\/a><\/li>\n    <li><a href=\"https:\/\/vivotis.com\/zh\/sexualviolence\/\"><span class=\"flag\">\ud83c\udde8\ud83c\uddf3<\/span> \u4e2d\u6587<\/a><\/li>\n  <\/ul>\n<\/div>\n\t\t<\/div>\n\t<\/div>\n<\/div><\/div><\/div><div class=\"wpb_column vc_column_container vc_col-sm-8\"><div class=\"vc_column-inner\"><div class=\"wpb_wrapper\"><\/div><\/div><\/div><\/div>\n\t<div  class=\"wpb_single_image wpb_content_element vc_align_center wpb_content_element vc_custom_1775492043248\">\n\t\t\n\t\t<figure class=\"wpb_wrapper vc_figure\">\n\t\t\t<div class=\"vc_single_image-wrapper   vc_box_border_grey\"><img loading=\"lazy\" decoding=\"async\" width=\"300\" height=\"160\" src=\"https:\/\/vivotis.com\/wp-content\/uploads\/2026\/04\/logo-300x160.png\" class=\"vc_single_image-img attachment-medium\" alt=\"\" title=\"logo\" srcset=\"https:\/\/vivotis.com\/wp-content\/uploads\/2026\/04\/logo-300x160.png 300w, https:\/\/vivotis.com\/wp-content\/uploads\/2026\/04\/logo-1024x548.png 1024w, https:\/\/vivotis.com\/wp-content\/uploads\/2026\/04\/logo-768x411.png 768w, https:\/\/vivotis.com\/wp-content\/uploads\/2026\/04\/logo-18x10.png 18w, https:\/\/vivotis.com\/wp-content\/uploads\/2026\/04\/logo-600x321.png 600w, https:\/\/vivotis.com\/wp-content\/uploads\/2026\/04\/logo.png 1032w\" sizes=\"auto, (max-width: 300px) 100vw, 300px\" \/><\/div>\n\t\t<\/figure>\n\t<\/div>\n\n\t<div class=\"wpb_text_column wpb_content_element\" >\n\t\t<div class=\"wpb_wrapper\">\n\t\t\t<p data-start=\"832\" data-end=\"967\"><strong data-start=\"832\" data-end=\"967\">Un atelier puissant et interactif pour comprendre comment les violences sexuelles se produisent, pourquoi elles persistent et comment nous pouvons les pr\u00e9venir ensemble.<\/strong><\/p>\n\n\t\t<\/div>\n\t<\/div>\n<\/div><\/div><\/div><\/div><div class=\"vc_row wpb_row vc_row-fluid vc_custom_1765119288927\"><div class=\"wpb_column vc_column_container vc_col-sm-12\"><div class=\"vc_column-inner\"><div class=\"wpb_wrapper\">\n\t<div class=\"wpb_text_column wpb_content_element\" >\n\t\t<div class=\"wpb_wrapper\">\n\t\t\t<p>L'atelier sur l'impact de la violence sexuelle est une exp\u00e9rience d'apprentissage interactive qui r\u00e9v\u00e8le les m\u00e9canismes, les mod\u00e8les et les cons\u00e9quences de la violence sexuelle. Gr\u00e2ce \u00e0 une analyse collaborative et \u00e0 une r\u00e9flexion guid\u00e9e, les participants acqui\u00e8rent des connaissances claires et exploitables pour renforcer la pr\u00e9vention et soutenir des environnements plus s\u00fbrs.<\/p>\n\n\t\t<\/div>\n\t<\/div>\n\n\t<div class=\"wpb_text_column wpb_content_element\" >\n\t\t<div class=\"wpb_wrapper\">\n\t\t\t<p>L'atelier sur l'impact de la violence sexuelle est une formation interactive, fond\u00e9e sur des donn\u00e9es probantes, con\u00e7ue pour aider les participants \u00e0 comprendre comment la violence sexuelle \u00e9merge, \u00e9volue et a un impact sur les individus et les communaut\u00e9s. Gr\u00e2ce \u00e0 une exp\u00e9rience structur\u00e9e et collaborative, les participants analysent des mod\u00e8les r\u00e9els, explorent les m\u00e9canismes sous-jacents et r\u00e9fl\u00e9chissent aux facteurs sociaux, psychologiques et institutionnels qui permettent \u00e0 la violence sexuelle de persister.<br data-start=\"1951\" data-end=\"1954\" \/>L'atelier associe des connaissances scientifiques \u00e0 des m\u00e9thodes d'enseignement accessibles, ce qui permet \u00e0 chaque groupe d'acqu\u00e9rir une compr\u00e9hension claire et commune de la question. En identifiant les principaux facteurs de risque et de protection, les participants apprennent \u00e0 agir, \u00e0 am\u00e9liorer les strat\u00e9gies de pr\u00e9vention et \u00e0 cr\u00e9er des environnements plus s\u00fbrs dans les \u00e9coles, les institutions, les lieux de travail et les communaut\u00e9s.<br data-start=\"2324\" data-end=\"2327\" \/>Cet atelier s'adresse aux professionnels, aux \u00e9ducateurs, aux \u00e9tudiants, aux organisations et \u00e0 toute personne d\u00e9sireuse de d\u00e9velopper des approches inform\u00e9es et efficaces pour pr\u00e9venir la violence sexuelle.<\/p>\n\n\t\t<\/div>\n\t<\/div>\n<\/div><\/div><\/div><\/div>\n<\/div>","protected":false},"excerpt":{"rendered":"\ud83c\udf10 Language \u25be \ud83c\uddec\ud83c\udde7 English \ud83c\uddeb\ud83c\uddf7 Fran\u00e7ais \ud83c\uddf3\ud83c\uddf1 Nederlands \ud83c\udde9\ud83c\uddea Deutsch \ud83c\uddea\ud83c\uddf8 Espa\u00f1ol \ud83c\uddee\ud83c\uddf9 Italiano \ud83c\uddf5\ud83c\uddf9 Portugu\u00eas \ud83c\uddf5\ud83c\uddf1 Polski \ud83c\uddf7\ud83c\uddfa \u0420\u0443\u0441\u0441\u043a\u0438\u0439 \ud83c\uddf9\ud83c\uddf7 T\u00fcrk\u00e7e \ud83c\uddf8\ud83c\udde6 \u0627\u0644\u0639\u0631\u0628\u064a\u0629 \ud83c\uddee\ud83c\uddf3 \u0939\u093f\u0928\u094d\u0926\u0940 \ud83c\uddef\ud83c\uddf5 \u65e5\u672c\u8a9e \ud83c\uddf0\ud83c\uddf7 \ud55c\uad6d\uc5b4 \ud83c\udde8\ud83c\uddf3 \u4e2d\u6587 A powerful and interactive workshop to understand how sexual violence happens, why it persists, and how we can prevent it together. The [...]","protected":false},"author":1,"featured_media":0,"parent":0,"menu_order":0,"comment_status":"closed","ping_status":"closed","template":"","meta":{"pmpro_default_level":"","footnotes":""},"class_list":["post-1851","page","type-page","status-publish","hentry","pmpro-has-access"],"yoast_head":"<!-- This site is optimized with the Yoast SEO plugin v27.3 - https:\/\/yoast.com\/product\/yoast-seo-wordpress\/ -->\n<title>The Sexual Violence Prevention Workshop<\/title>\n<meta name=\"robots\" content=\"index, follow, max-snippet:-1, max-image-preview:large, max-video-preview:-1\" \/>\n<link rel=\"canonical\" href=\"https:\/\/sexual-violence.info\/\" \/>\n<meta property=\"og:locale\" content=\"fr_FR\" \/>\n<meta property=\"og:type\" content=\"article\" \/>\n<meta property=\"og:title\" content=\"The Sexual Violence Prevention Workshop\" \/>\n<meta property=\"og:url\" content=\"https:\/\/sexual-violence.info\/\" \/>\n<meta property=\"og:site_name\" content=\"Vivotis\" \/>\n<meta property=\"article:modified_time\" content=\"2026-04-06T16:14:05+00:00\" \/>\n<meta name=\"twitter:card\" content=\"summary_large_image\" \/>\n<meta name=\"twitter:label1\" content=\"Dur\u00e9e de lecture estim\u00e9e\" \/>\n\t<meta name=\"twitter:data1\" content=\"2 minutes\" \/>\n<script type=\"application\/ld+json\" class=\"yoast-schema-graph\">{\"@context\":\"https:\\\/\\\/schema.org\",\"@graph\":[{\"@type\":\"WebPage\",\"@id\":\"https:\\\/\\\/sexual-violence.info\\\/\",\"url\":\"https:\\\/\\\/sexual-violence.info\\\/\",\"name\":\"The Sexual Violence Prevention Workshop\",\"isPartOf\":{\"@id\":\"https:\\\/\\\/vivotis.com\\\/#website\"},\"datePublished\":\"2025-12-07T06:46:52+00:00\",\"dateModified\":\"2026-04-06T16:14:05+00:00\",\"breadcrumb\":{\"@id\":\"https:\\\/\\\/sexual-violence.info\\\/#breadcrumb\"},\"inLanguage\":\"fr-FR\",\"potentialAction\":[{\"@type\":\"ReadAction\",\"target\":[\"https:\\\/\\\/sexual-violence.info\\\/\"]}]},{\"@type\":\"BreadcrumbList\",\"@id\":\"https:\\\/\\\/sexual-violence.info\\\/#breadcrumb\",\"itemListElement\":[{\"@type\":\"ListItem\",\"position\":1,\"name\":\"Home\",\"item\":\"https:\\\/\\\/vivotis.com\\\/\"},{\"@type\":\"ListItem\",\"position\":2,\"name\":\"The Sexual Violence Prevention Workshop\"}]},{\"@type\":\"WebSite\",\"@id\":\"https:\\\/\\\/vivotis.com\\\/#website\",\"url\":\"https:\\\/\\\/vivotis.com\\\/\",\"name\":\"Vivotis\",\"description\":\"\",\"publisher\":{\"@id\":\"https:\\\/\\\/vivotis.com\\\/#organization\"},\"potentialAction\":[{\"@type\":\"SearchAction\",\"target\":{\"@type\":\"EntryPoint\",\"urlTemplate\":\"https:\\\/\\\/vivotis.com\\\/?s={search_term_string}\"},\"query-input\":{\"@type\":\"PropertyValueSpecification\",\"valueRequired\":true,\"valueName\":\"search_term_string\"}}],\"inLanguage\":\"fr-FR\"},{\"@type\":\"Organization\",\"@id\":\"https:\\\/\\\/vivotis.com\\\/#organization\",\"name\":\"Vivotis\",\"url\":\"https:\\\/\\\/vivotis.com\\\/\",\"logo\":{\"@type\":\"ImageObject\",\"inLanguage\":\"fr-FR\",\"@id\":\"https:\\\/\\\/vivotis.com\\\/#\\\/schema\\\/logo\\\/image\\\/\",\"url\":\"https:\\\/\\\/vivotis.com\\\/wp-content\\\/uploads\\\/2025\\\/11\\\/logo-brand-000000-m-scaled.png\",\"contentUrl\":\"https:\\\/\\\/vivotis.com\\\/wp-content\\\/uploads\\\/2025\\\/11\\\/logo-brand-000000-m-scaled.png\",\"width\":2560,\"height\":1281,\"caption\":\"Vivotis\"},\"image\":{\"@id\":\"https:\\\/\\\/vivotis.com\\\/#\\\/schema\\\/logo\\\/image\\\/\"}}]}<\/script>\n<!-- \/ Yoast SEO plugin. -->","yoast_head_json":{"title":"Atelier de pr\u00e9vention des violences sexuelles","robots":{"index":"index","follow":"follow","max-snippet":"max-snippet:-1","max-image-preview":"max-image-preview:large","max-video-preview":"max-video-preview:-1"},"canonical":"https:\/\/sexual-violence.info\/","og_locale":"fr_FR","og_type":"article","og_title":"The Sexual Violence Prevention Workshop","og_url":"https:\/\/sexual-violence.info\/","og_site_name":"Vivotis","article_modified_time":"2026-04-06T16:14:05+00:00","twitter_card":"summary_large_image","twitter_misc":{"Dur\u00e9e de lecture estim\u00e9e":"2 minutes"},"schema":{"@context":"https:\/\/schema.org","@graph":[{"@type":"WebPage","@id":"https:\/\/sexual-violence.info\/","url":"https:\/\/sexual-violence.info\/","name":"Atelier de pr\u00e9vention des violences sexuelles","isPartOf":{"@id":"https:\/\/vivotis.com\/#website"},"datePublished":"2025-12-07T06:46:52+00:00","dateModified":"2026-04-06T16:14:05+00:00","breadcrumb":{"@id":"https:\/\/sexual-violence.info\/#breadcrumb"},"inLanguage":"fr-FR","potentialAction":[{"@type":"ReadAction","target":["https:\/\/sexual-violence.info\/"]}]},{"@type":"BreadcrumbList","@id":"https:\/\/sexual-violence.info\/#breadcrumb","itemListElement":[{"@type":"ListItem","position":1,"name":"Home","item":"https:\/\/vivotis.com\/"},{"@type":"ListItem","position":2,"name":"The Sexual Violence Prevention Workshop"}]},{"@type":"WebSite","@id":"https:\/\/vivotis.com\/#website","url":"https:\/\/vivotis.com\/","name":"Vivotis","description":"","publisher":{"@id":"https:\/\/vivotis.com\/#organization"},"potentialAction":[{"@type":"SearchAction","target":{"@type":"EntryPoint","urlTemplate":"https:\/\/vivotis.com\/?s={search_term_string}"},"query-input":{"@type":"PropertyValueSpecification","valueRequired":true,"valueName":"search_term_string"}}],"inLanguage":"fr-FR"},{"@type":"Organization","@id":"https:\/\/vivotis.com\/#organization","name":"Vivotis","url":"https:\/\/vivotis.com\/","logo":{"@type":"ImageObject","inLanguage":"fr-FR","@id":"https:\/\/vivotis.com\/#\/schema\/logo\/image\/","url":"https:\/\/vivotis.com\/wp-content\/uploads\/2025\/11\/logo-brand-000000-m-scaled.png","contentUrl":"https:\/\/vivotis.com\/wp-content\/uploads\/2025\/11\/logo-brand-000000-m-scaled.png","width":2560,"height":1281,"caption":"Vivotis"},"image":{"@id":"https:\/\/vivotis.com\/#\/schema\/logo\/image\/"}}]}},"_links":{"self":[{"href":"https:\/\/vivotis.com\/fr\/wp-json\/wp\/v2\/pages\/1851","targetHints":{"allow":["GET"]}}],"collection":[{"href":"https:\/\/vivotis.com\/fr\/wp-json\/wp\/v2\/pages"}],"about":[{"href":"https:\/\/vivotis.com\/fr\/wp-json\/wp\/v2\/types\/page"}],"author":[{"embeddable":true,"href":"https:\/\/vivotis.com\/fr\/wp-json\/wp\/v2\/users\/1"}],"replies":[{"embeddable":true,"href":"https:\/\/vivotis.com\/fr\/wp-json\/wp\/v2\/comments?post=1851"}],"version-history":[{"count":16,"href":"https:\/\/vivotis.com\/fr\/wp-json\/wp\/v2\/pages\/1851\/revisions"}],"predecessor-version":[{"id":3125,"href":"https:\/\/vivotis.com\/fr\/wp-json\/wp\/v2\/pages\/1851\/revisions\/3125"}],"wp:attachment":[{"href":"https:\/\/vivotis.com\/fr\/wp-json\/wp\/v2\/media?parent=1851"}],"curies":[{"name":"wp","href":"https:\/\/api.w.org\/{rel}","templated":true}]}}