{"id":582,"date":"2025-11-18T17:32:39","date_gmt":"2025-11-18T17:32:39","guid":{"rendered":"https:\/\/vivotis.com\/?page_id=582"},"modified":"2025-11-18T19:21:54","modified_gmt":"2025-11-18T19:21:54","slug":"politica-de-privacidad","status":"publish","type":"page","link":"https:\/\/vivotis.com\/es\/privacy-policy\/","title":{"rendered":"Pol\u00edtica de privacidad"},"content":{"rendered":"<div class=\"wpb-content-wrapper\"><div class=\"vc_row wpb_row vc_row-fluid\"><div class=\"wpb_column vc_column_container vc_col-sm-12\"><div class=\"vc_column-inner\"><div class=\"wpb_wrapper\">\n\t<div class=\"wpb_text_column wpb_content_element\" >\n\t\t<div class=\"wpb_wrapper\">\n\t\t\t<p data-start=\"3124\" data-end=\"3371\">La presente Pol\u00edtica de Privacidad explica c\u00f3mo Vivotis\u2122 recopila, procesa y protege sus datos personales de conformidad con la <strong data-start=\"3241\" data-end=\"3300\">Reglamento general de protecci\u00f3n de datos (UE) 2016\/679 (RGPD)<\/strong> y el <strong data-start=\"3309\" data-end=\"3370\">Ley francesa de Protecci\u00f3n de Datos (Loi Informatique et Libert\u00e9s)<\/strong>.<\/p>\n<p data-start=\"3373\" data-end=\"3441\">Al utilizar este sitio web, usted acepta las pr\u00e1cticas descritas a continuaci\u00f3n.<\/p>\n<hr data-start=\"3443\" data-end=\"3446\" \/>\n<h2 data-start=\"3448\" data-end=\"3473\"><strong data-start=\"3451\" data-end=\"3473\">1. Controlador de datos<\/strong><\/h2>\n<p data-start=\"3474\" data-end=\"3576\">El responsable del tratamiento de datos es:<br data-start=\"3497\" data-end=\"3500\" \/><strong data-start=\"3500\" data-end=\"3543\">SBrochot - Empresa individual<\/strong><br data-start=\"3543\" data-end=\"3546\" \/>URL: <strong data-start=\"3553\" data-end=\"3576\"><a class=\"decorated-link cursor-pointer\" href=\"https:\/\/vivotis.com\/es\/solicitud-de-privacidad\/\" rel=\"noopener\" data-start=\"3555\" data-end=\"3574\">https:\/\/vivotis.com\/privacy-request\/<\/a><\/strong><\/p>\n<p data-start=\"3578\" data-end=\"3652\">Association Une Vie\u2122 Network act\u00faa como socio editorial y operativo.<\/p>\n<hr data-start=\"3654\" data-end=\"3657\" \/>\n<h2 data-start=\"3659\" data-end=\"3684\"><strong data-start=\"3662\" data-end=\"3684\">2. Datos que recopilamos<\/strong><\/h2>\n<p data-start=\"3685\" data-end=\"3735\">Dependiendo de c\u00f3mo utilice el sitio, podemos recopilar:<\/p>\n<h3 data-start=\"3737\" data-end=\"3768\"><strong data-start=\"3741\" data-end=\"3768\">Informaci\u00f3n que facilita<\/strong><\/h3>\n<ul data-start=\"3769\" data-end=\"4039\">\n<li data-start=\"3769\" data-end=\"3816\">\n<p data-start=\"3771\" data-end=\"3816\">Nombre, correo electr\u00f3nico (formularios de contacto - Gravity Forms)<\/p>\n<\/li>\n<li data-start=\"3817\" data-end=\"3861\">\n<p data-start=\"3819\" data-end=\"3861\">Informaci\u00f3n de la cuenta (WooCommerce, PMPro)<\/p>\n<\/li>\n<li data-start=\"3862\" data-end=\"3955\">\n<p data-start=\"3864\" data-end=\"3955\">Informaci\u00f3n de pago (procesada de forma segura a trav\u00e9s de Stripe - Vivotis no almacena los datos de la tarjeta)<\/p>\n<\/li>\n<li data-start=\"3956\" data-end=\"4039\">\n<p data-start=\"3958\" data-end=\"4039\">Mensajes enviados a trav\u00e9s del chatbot AI Engine (procesados para proporcionar respuestas)<\/p>\n<\/li>\n<\/ul>\n<h3 data-start=\"4041\" data-end=\"4084\"><strong data-start=\"4045\" data-end=\"4084\">Informaci\u00f3n recogida autom\u00e1ticamente<\/strong><\/h3>\n<ul data-start=\"4085\" data-end=\"4237\">\n<li data-start=\"4085\" data-end=\"4109\">\n<p data-start=\"4087\" data-end=\"4109\">Preferencias ling\u00fc\u00edsticas<\/p>\n<\/li>\n<li data-start=\"4110\" data-end=\"4151\">\n<p data-start=\"4112\" data-end=\"4151\">Direcci\u00f3n IP (anonimizada para an\u00e1lisis)<\/p>\n<\/li>\n<li data-start=\"4152\" data-end=\"4186\">\n<p data-start=\"4154\" data-end=\"4186\">Informaci\u00f3n sobre el navegador y el dispositivo<\/p>\n<\/li>\n<li data-start=\"4187\" data-end=\"4237\">\n<p data-start=\"4189\" data-end=\"4237\">Datos de navegaci\u00f3n (Google Analytics, con consentimiento)<\/p>\n<\/li>\n<\/ul>\n<hr data-start=\"4239\" data-end=\"4242\" \/>\n<h2 data-start=\"4244\" data-end=\"4277\"><strong data-start=\"4247\" data-end=\"4277\">3. Objeto y fundamento jur\u00eddico<\/strong><\/h2>\n<p data-start=\"4278\" data-end=\"4300\">Sus datos se utilizan para:<\/p>\n<div class=\"_tableContainer_1rjym_1\">\n<div class=\"group _tableWrapper_1rjym_13 flex w-fit flex-col-reverse\" tabindex=\"-1\">\n<table class=\"w-fit min-w-(--thread-content-width)\" data-start=\"4302\" data-end=\"4722\">\n<thead data-start=\"4302\" data-end=\"4327\">\n<tr data-start=\"4302\" data-end=\"4327\">\n<th data-start=\"4302\" data-end=\"4312\" data-col-size=\"sm\">Prop\u00f3sito<\/th>\n<th data-start=\"4312\" data-end=\"4327\" data-col-size=\"sm\">Base jur\u00eddica<\/th>\n<\/tr>\n<\/thead>\n<tbody data-start=\"4353\" data-end=\"4722\">\n<tr data-start=\"4353\" data-end=\"4402\">\n<td data-start=\"4353\" data-end=\"4390\" data-col-size=\"sm\">Crear y gestionar su cuenta<\/td>\n<td data-col-size=\"sm\" data-start=\"4390\" data-end=\"4402\">Contrato<\/td>\n<\/tr>\n<tr data-start=\"4403\" data-end=\"4438\">\n<td data-start=\"4403\" data-end=\"4426\" data-col-size=\"sm\">Tramitar las compras<\/td>\n<td data-col-size=\"sm\" data-start=\"4426\" data-end=\"4438\">Contrato<\/td>\n<\/tr>\n<tr data-start=\"4439\" data-end=\"4488\">\n<td data-start=\"4439\" data-end=\"4465\" data-col-size=\"sm\">Respuesta a las consultas<\/td>\n<td data-col-size=\"sm\" data-start=\"4465\" data-end=\"4488\">Inter\u00e9s leg\u00edtimo<\/td>\n<\/tr>\n<tr data-start=\"4489\" data-end=\"4546\">\n<td data-start=\"4489\" data-end=\"4523\" data-col-size=\"sm\">Env\u00edo de mensajes administrativos<\/td>\n<td data-col-size=\"sm\" data-start=\"4523\" data-end=\"4546\">Inter\u00e9s leg\u00edtimo<\/td>\n<\/tr>\n<tr data-start=\"4547\" data-end=\"4602\">\n<td data-start=\"4547\" data-end=\"4579\" data-col-size=\"sm\">Prevenci\u00f3n del fraude y seguridad<\/td>\n<td data-col-size=\"sm\" data-start=\"4579\" data-end=\"4602\">Inter\u00e9s leg\u00edtimo<\/td>\n<\/tr>\n<tr data-start=\"4603\" data-end=\"4654\">\n<td data-start=\"4603\" data-end=\"4643\" data-col-size=\"sm\">An\u00e1lisis y medici\u00f3n de resultados<\/td>\n<td data-col-size=\"sm\" data-start=\"4643\" data-end=\"4654\">Consentimiento<\/td>\n<\/tr>\n<tr data-start=\"4655\" data-end=\"4722\">\n<td data-start=\"4655\" data-end=\"4679\" data-col-size=\"sm\">Funcionalidad Chatbot<\/td>\n<td data-col-size=\"sm\" data-start=\"4679\" data-end=\"4722\">Inter\u00e9s leg\u00edtimo (prestaci\u00f3n de servicios)<\/td>\n<\/tr>\n<\/tbody>\n<\/table>\n<\/div>\n<\/div>\n<hr data-start=\"4724\" data-end=\"4727\" \/>\n<h2 data-start=\"4729\" data-end=\"4747\"><strong data-start=\"4732\" data-end=\"4747\">4. Pagos<\/strong><\/h2>\n<p data-start=\"4748\" data-end=\"4871\">Los pagos se tramitan a trav\u00e9s de <strong data-start=\"4779\" data-end=\"4789\">Raya<\/strong>, que cumple plenamente la normativa PCI-DSS.<br data-start=\"4824\" data-end=\"4827\" \/>Vivotis no almacena los datos de las tarjetas de pago.<\/p>\n<hr data-start=\"4873\" data-end=\"4876\" \/>\n<h2 data-start=\"4878\" data-end=\"4902\"><strong data-start=\"4881\" data-end=\"4902\">5. 5. Conservaci\u00f3n de datos<\/strong><\/h2>\n<ul data-start=\"4903\" data-end=\"5141\">\n<li data-start=\"4903\" data-end=\"4954\">\n<p data-start=\"4905\" data-end=\"4954\">Datos de la cuenta: mientras su cuenta est\u00e9 activa<\/p>\n<\/li>\n<li data-start=\"4955\" data-end=\"4996\">\n<p data-start=\"4957\" data-end=\"4996\">Compras: 6 a\u00f1os (obligaci\u00f3n legal)<\/p>\n<\/li>\n<li data-start=\"4997\" data-end=\"5025\">\n<p data-start=\"4999\" data-end=\"5025\">Formularios de contacto: 12 meses<\/p>\n<\/li>\n<li data-start=\"5026\" data-end=\"5082\">\n<p data-start=\"5028\" data-end=\"5082\">Datos anal\u00edticos: seg\u00fan sus preferencias de cookies<\/p>\n<\/li>\n<li data-start=\"5083\" data-end=\"5141\">\n<p data-start=\"5085\" data-end=\"5141\">Datos del chatbot: almacenados temporalmente para su funcionamiento t\u00e9cnico<\/p>\n<\/li>\n<\/ul>\n<hr data-start=\"5143\" data-end=\"5146\" \/>\n<h2 data-start=\"5148\" data-end=\"5173\"><strong data-start=\"5151\" data-end=\"5173\">6. Intercambio de datos<\/strong><\/h2>\n<p data-start=\"5174\" data-end=\"5285\">Nunca vendemos sus datos.<br data-start=\"5198\" data-end=\"5201\" \/>Los datos s\u00f3lo podr\u00e1n compartirse con proveedores de servicios de confianza necesarios para el funcionamiento del sitio:<\/p>\n<ul data-start=\"5287\" data-end=\"5471\">\n<li data-start=\"5287\" data-end=\"5312\">\n<p data-start=\"5289\" data-end=\"5312\"><strong data-start=\"5289\" data-end=\"5299\">Raya<\/strong> (pagos)<\/p>\n<\/li>\n<li data-start=\"5313\" data-end=\"5364\">\n<p data-start=\"5315\" data-end=\"5364\"><strong data-start=\"5315\" data-end=\"5335\">Google Analytics<\/strong> (estad\u00edsticas, con consentimiento)<\/p>\n<\/li>\n<li data-start=\"5365\" data-end=\"5386\">\n<p data-start=\"5367\" data-end=\"5386\"><strong data-start=\"5367\" data-end=\"5374\">OVH<\/strong> (alojamiento)<\/p>\n<\/li>\n<li data-start=\"5387\" data-end=\"5425\">\n<p data-start=\"5389\" data-end=\"5425\"><strong data-start=\"5389\" data-end=\"5402\">Motor de IA<\/strong> (procesamiento de chatbot)<\/p>\n<\/li>\n<li data-start=\"5426\" data-end=\"5471\">\n<p data-start=\"5428\" data-end=\"5471\"><strong data-start=\"5428\" data-end=\"5457\">Gravity Forms \/ WordPress<\/strong> (formularios y CMS)<\/p>\n<\/li>\n<\/ul>\n<p data-start=\"5473\" data-end=\"5529\">Todos los proveedores cumplen el GDPR o salvaguardias equivalentes.<\/p>\n<hr data-start=\"5531\" data-end=\"5534\" \/>\n<h2 data-start=\"5536\" data-end=\"5557\"><strong data-start=\"5539\" data-end=\"5557\">7. Sus derechos<\/strong><\/h2>\n<p data-start=\"5558\" data-end=\"5578\">Puede hacerlo en cualquier momento:<\/p>\n<ul data-start=\"5580\" data-end=\"5747\">\n<li data-start=\"5580\" data-end=\"5600\">\n<p data-start=\"5582\" data-end=\"5600\">Acceda a sus datos<\/p>\n<\/li>\n<li data-start=\"5601\" data-end=\"5622\">\n<p data-start=\"5603\" data-end=\"5622\">Rectificar sus datos<\/p>\n<\/li>\n<li data-start=\"5623\" data-end=\"5669\">\n<p data-start=\"5625\" data-end=\"5669\">Solicitar la supresi\u00f3n (\u201cderecho al olvido\u201d)<\/p>\n<\/li>\n<li data-start=\"5670\" data-end=\"5693\">\n<p data-start=\"5672\" data-end=\"5693\">Restringir el tratamiento<\/p>\n<\/li>\n<li data-start=\"5694\" data-end=\"5718\">\n<p data-start=\"5696\" data-end=\"5718\">Oponerse al tratamiento<\/p>\n<\/li>\n<li data-start=\"5719\" data-end=\"5747\">\n<p data-start=\"5721\" data-end=\"5747\">Solicitar la portabilidad de datos<\/p>\n<\/li>\n<\/ul>\n<p data-start=\"5749\" data-end=\"5811\">Para ejercer sus derechos, p\u00f3ngase en contacto con<br data-start=\"5782\" data-end=\"5785\" \/>URL: <strong data-start=\"3553\" data-end=\"3576\"><a class=\"decorated-link cursor-pointer\" href=\"https:\/\/vivotis.com\/es\/solicitud-de-privacidad\/\" rel=\"noopener\" data-start=\"3555\" data-end=\"3574\">https:\/\/vivotis.com\/privacy-request\/<\/a><\/strong><\/p>\n<p data-start=\"5813\" data-end=\"5897\">Tambi\u00e9n puede presentar una denuncia ante la <strong data-start=\"5853\" data-end=\"5861\">CNIL<\/strong> (Autoridad francesa de protecci\u00f3n de datos).<\/p>\n<hr data-start=\"5899\" data-end=\"5902\" \/>\n<h2 data-start=\"5904\" data-end=\"5942\"><strong data-start=\"5907\" data-end=\"5942\">8. Transferencias internacionales de datos<\/strong><\/h2>\n<p data-start=\"5943\" data-end=\"6098\">Algunos proveedores (por ejemplo, Stripe, Google) pueden procesar datos fuera de la UE.<br data-start=\"6013\" data-end=\"6016\" \/>Las transferencias est\u00e1n cubiertas por salvaguardias conformes con el RGPD (cl\u00e1usulas contractuales tipo).<\/p>\n<hr data-start=\"6100\" data-end=\"6103\" \/>\n<h2 data-start=\"6105\" data-end=\"6122\"><strong data-start=\"6108\" data-end=\"6122\">9. Actualiza<\/strong><\/h2>\n<p data-start=\"6123\" data-end=\"6203\">Esta Pol\u00edtica puede ser actualizada. La \u00faltima versi\u00f3n est\u00e1 siempre disponible en esta p\u00e1gina.<\/p>\n\n\t\t<\/div>\n\t<\/div>\n<\/div><\/div><\/div><\/div>\n<\/div>","protected":false},"excerpt":{"rendered":"This Privacy Policy explains how Vivotis\u2122 collects, processes and protects your personal data in accordance with the General Data Protection Regulation (EU) 2016\/679 (GDPR) and the French Data Protection Act (Loi Informatique et Libert\u00e9s). By using this website, you consent to the practices described below. 1. Data Controller The data controller is:SBrochot \u2013 Individual BusinessURL: [...]","protected":false},"author":1,"featured_media":0,"parent":0,"menu_order":0,"comment_status":"closed","ping_status":"closed","template":"","meta":{"pmpro_default_level":"","footnotes":""},"class_list":["post-582","page","type-page","status-publish","hentry","pmpro-has-access"],"yoast_head":"<!-- This site is optimized with the Yoast SEO plugin v27.3 - https:\/\/yoast.com\/product\/yoast-seo-wordpress\/ -->\n<title>Privacy Policy<\/title>\n<meta name=\"robots\" content=\"index, follow, max-snippet:-1, max-image-preview:large, max-video-preview:-1\" \/>\n<link rel=\"canonical\" href=\"https:\/\/vivotis.com\/es\/politica-de-privacidad\/\" \/>\n<meta property=\"og:locale\" content=\"es_ES\" \/>\n<meta property=\"og:type\" content=\"article\" \/>\n<meta property=\"og:title\" content=\"Privacy Policy\" \/>\n<meta property=\"og:url\" content=\"https:\/\/vivotis.com\/es\/politica-de-privacidad\/\" \/>\n<meta property=\"og:site_name\" content=\"Vivotis\" \/>\n<meta property=\"article:modified_time\" content=\"2025-11-18T19:21:54+00:00\" \/>\n<meta name=\"twitter:card\" content=\"summary_large_image\" \/>\n<meta name=\"twitter:label1\" content=\"Tiempo de lectura\" \/>\n\t<meta name=\"twitter:data1\" content=\"2 minutos\" \/>\n<script type=\"application\/ld+json\" class=\"yoast-schema-graph\">{\"@context\":\"https:\\\/\\\/schema.org\",\"@graph\":[{\"@type\":\"WebPage\",\"@id\":\"https:\\\/\\\/vivotis.com\\\/privacy-policy\\\/\",\"url\":\"https:\\\/\\\/vivotis.com\\\/privacy-policy\\\/\",\"name\":\"Privacy Policy\",\"isPartOf\":{\"@id\":\"https:\\\/\\\/vivotis.com\\\/#website\"},\"datePublished\":\"2025-11-18T17:32:39+00:00\",\"dateModified\":\"2025-11-18T19:21:54+00:00\",\"breadcrumb\":{\"@id\":\"https:\\\/\\\/vivotis.com\\\/privacy-policy\\\/#breadcrumb\"},\"inLanguage\":\"es\",\"potentialAction\":[{\"@type\":\"ReadAction\",\"target\":[\"https:\\\/\\\/vivotis.com\\\/privacy-policy\\\/\"]}]},{\"@type\":\"BreadcrumbList\",\"@id\":\"https:\\\/\\\/vivotis.com\\\/privacy-policy\\\/#breadcrumb\",\"itemListElement\":[{\"@type\":\"ListItem\",\"position\":1,\"name\":\"Home\",\"item\":\"https:\\\/\\\/vivotis.com\\\/\"},{\"@type\":\"ListItem\",\"position\":2,\"name\":\"Privacy Policy\"}]},{\"@type\":\"WebSite\",\"@id\":\"https:\\\/\\\/vivotis.com\\\/#website\",\"url\":\"https:\\\/\\\/vivotis.com\\\/\",\"name\":\"Vivotis\",\"description\":\"\",\"publisher\":{\"@id\":\"https:\\\/\\\/vivotis.com\\\/#organization\"},\"potentialAction\":[{\"@type\":\"SearchAction\",\"target\":{\"@type\":\"EntryPoint\",\"urlTemplate\":\"https:\\\/\\\/vivotis.com\\\/?s={search_term_string}\"},\"query-input\":{\"@type\":\"PropertyValueSpecification\",\"valueRequired\":true,\"valueName\":\"search_term_string\"}}],\"inLanguage\":\"es\"},{\"@type\":\"Organization\",\"@id\":\"https:\\\/\\\/vivotis.com\\\/#organization\",\"name\":\"Vivotis\",\"url\":\"https:\\\/\\\/vivotis.com\\\/\",\"logo\":{\"@type\":\"ImageObject\",\"inLanguage\":\"es\",\"@id\":\"https:\\\/\\\/vivotis.com\\\/#\\\/schema\\\/logo\\\/image\\\/\",\"url\":\"https:\\\/\\\/vivotis.com\\\/wp-content\\\/uploads\\\/2025\\\/11\\\/logo-brand-000000-m-scaled.png\",\"contentUrl\":\"https:\\\/\\\/vivotis.com\\\/wp-content\\\/uploads\\\/2025\\\/11\\\/logo-brand-000000-m-scaled.png\",\"width\":2560,\"height\":1281,\"caption\":\"Vivotis\"},\"image\":{\"@id\":\"https:\\\/\\\/vivotis.com\\\/#\\\/schema\\\/logo\\\/image\\\/\"}}]}<\/script>\n<!-- \/ Yoast SEO plugin. -->","yoast_head_json":{"title":"Pol\u00edtica de privacidad","robots":{"index":"index","follow":"follow","max-snippet":"max-snippet:-1","max-image-preview":"max-image-preview:large","max-video-preview":"max-video-preview:-1"},"canonical":"https:\/\/vivotis.com\/es\/politica-de-privacidad\/","og_locale":"es_ES","og_type":"article","og_title":"Privacy Policy","og_url":"https:\/\/vivotis.com\/es\/politica-de-privacidad\/","og_site_name":"Vivotis","article_modified_time":"2025-11-18T19:21:54+00:00","twitter_card":"summary_large_image","twitter_misc":{"Tiempo de lectura":"2 minutos"},"schema":{"@context":"https:\/\/schema.org","@graph":[{"@type":"WebPage","@id":"https:\/\/vivotis.com\/privacy-policy\/","url":"https:\/\/vivotis.com\/privacy-policy\/","name":"Pol\u00edtica de privacidad","isPartOf":{"@id":"https:\/\/vivotis.com\/#website"},"datePublished":"2025-11-18T17:32:39+00:00","dateModified":"2025-11-18T19:21:54+00:00","breadcrumb":{"@id":"https:\/\/vivotis.com\/privacy-policy\/#breadcrumb"},"inLanguage":"es","potentialAction":[{"@type":"ReadAction","target":["https:\/\/vivotis.com\/privacy-policy\/"]}]},{"@type":"BreadcrumbList","@id":"https:\/\/vivotis.com\/privacy-policy\/#breadcrumb","itemListElement":[{"@type":"ListItem","position":1,"name":"Home","item":"https:\/\/vivotis.com\/"},{"@type":"ListItem","position":2,"name":"Privacy Policy"}]},{"@type":"WebSite","@id":"https:\/\/vivotis.com\/#website","url":"https:\/\/vivotis.com\/","name":"Vivotis","description":"","publisher":{"@id":"https:\/\/vivotis.com\/#organization"},"potentialAction":[{"@type":"SearchAction","target":{"@type":"EntryPoint","urlTemplate":"https:\/\/vivotis.com\/?s={search_term_string}"},"query-input":{"@type":"PropertyValueSpecification","valueRequired":true,"valueName":"search_term_string"}}],"inLanguage":"es"},{"@type":"Organization","@id":"https:\/\/vivotis.com\/#organization","name":"Vivotis","url":"https:\/\/vivotis.com\/","logo":{"@type":"ImageObject","inLanguage":"es","@id":"https:\/\/vivotis.com\/#\/schema\/logo\/image\/","url":"https:\/\/vivotis.com\/wp-content\/uploads\/2025\/11\/logo-brand-000000-m-scaled.png","contentUrl":"https:\/\/vivotis.com\/wp-content\/uploads\/2025\/11\/logo-brand-000000-m-scaled.png","width":2560,"height":1281,"caption":"Vivotis"},"image":{"@id":"https:\/\/vivotis.com\/#\/schema\/logo\/image\/"}}]}},"_links":{"self":[{"href":"https:\/\/vivotis.com\/es\/wp-json\/wp\/v2\/pages\/582","targetHints":{"allow":["GET"]}}],"collection":[{"href":"https:\/\/vivotis.com\/es\/wp-json\/wp\/v2\/pages"}],"about":[{"href":"https:\/\/vivotis.com\/es\/wp-json\/wp\/v2\/types\/page"}],"author":[{"embeddable":true,"href":"https:\/\/vivotis.com\/es\/wp-json\/wp\/v2\/users\/1"}],"replies":[{"embeddable":true,"href":"https:\/\/vivotis.com\/es\/wp-json\/wp\/v2\/comments?post=582"}],"version-history":[{"count":3,"href":"https:\/\/vivotis.com\/es\/wp-json\/wp\/v2\/pages\/582\/revisions"}],"predecessor-version":[{"id":613,"href":"https:\/\/vivotis.com\/es\/wp-json\/wp\/v2\/pages\/582\/revisions\/613"}],"wp:attachment":[{"href":"https:\/\/vivotis.com\/es\/wp-json\/wp\/v2\/media?parent=582"}],"curies":[{"name":"wp","href":"https:\/\/api.w.org\/{rel}","templated":true}]}}