{"id":2847,"date":"2026-04-04T08:19:30","date_gmt":"2026-04-04T06:19:30","guid":{"rendered":"https:\/\/vivotis.com\/?post_type=product&#038;p=2847"},"modified":"2026-04-04T11:35:15","modified_gmt":"2026-04-04T09:35:15","slug":"1-2-3-here-are-accidents","status":"publish","type":"product","link":"https:\/\/vivotis.com\/de\/product\/1-2-3-here-are-accidents\/","title":{"rendered":"1, 2, 3, Hier sind Unf\u00e4lle!"},"content":{"rendered":"<p>Der kleine Elefant f\u00e4llt hin, verletzt sich und lernt, um Hilfe zu bitten. Er entdeckt auch, dass manche Unf\u00e4lle unbeabsichtigt passieren und dass man Dinge wieder reparieren kann. Ein Buch, das Verst\u00e4ndnis vermittelt, Trost spendet und Selbstf\u00fcrsorge lehrt.<\/p>","protected":false},"excerpt":{"rendered":"<p>Der kleine Elefant f\u00e4llt hin, verletzt sich und lernt, um Hilfe zu bitten. Er entdeckt auch, dass manche Unf\u00e4lle unbeabsichtigt passieren und dass man Dinge wieder reparieren kann. Ein Buch, das Verst\u00e4ndnis vermittelt, Trost spendet und Selbstf\u00fcrsorge lehrt.<\/p>","protected":false},"featured_media":3092,"template":"","meta":{"pmpro_default_level":""},"product_brand":[],"product_cat":[148,150,66,146],"product_tag":[],"class_list":{"0":"post-2847","1":"product","2":"type-product","3":"status-publish","4":"has-post-thumbnail","6":"product_cat-books","7":"product_cat-books-little-elephant","8":"product_cat-childrens-books","9":"product_cat-pdf-gift-premium","10":"pmpro-has-access","12":"first","13":"instock","14":"shipping-taxable","15":"purchasable","16":"product-type-variable"},"yoast_head":"<!-- This site is optimized with the Yoast SEO plugin v27.3 - https:\/\/yoast.com\/product\/yoast-seo-wordpress\/ -->\n<title>1, 2, 3, Here Are Accidents! - Vivotis<\/title>\n<meta name=\"robots\" content=\"index, follow, max-snippet:-1, max-image-preview:large, max-video-preview:-1\" \/>\n<link rel=\"canonical\" href=\"https:\/\/vivotis.com\/de\/produkt\/1-2-3-here-are-accidents\/\" \/>\n<meta property=\"og:locale\" content=\"de_DE\" \/>\n<meta property=\"og:type\" content=\"article\" \/>\n<meta property=\"og:title\" content=\"1, 2, 3, Here Are Accidents! - Vivotis\" \/>\n<meta property=\"og:description\" content=\"Little Elephant falls, gets hurt, and learns to ask for help. He also discovers that some accidents are unintentional and that things can be repaired. A book to understand, feel reassured, and learn self-care.\" \/>\n<meta property=\"og:url\" content=\"https:\/\/vivotis.com\/de\/produkt\/1-2-3-here-are-accidents\/\" \/>\n<meta property=\"og:site_name\" content=\"Vivotis\" \/>\n<meta property=\"article:modified_time\" content=\"2026-04-04T09:35:15+00:00\" \/>\n<meta property=\"og:image\" content=\"https:\/\/vivotis.com\/wp-content\/uploads\/2026\/04\/19.png\" \/>\n\t<meta property=\"og:image:width\" content=\"1024\" \/>\n\t<meta property=\"og:image:height\" content=\"1024\" \/>\n\t<meta property=\"og:image:type\" content=\"image\/png\" \/>\n<meta name=\"twitter:card\" content=\"summary_large_image\" \/>\n<meta name=\"twitter:label1\" content=\"Gesch\u00e4tzte Lesezeit\" \/>\n\t<meta name=\"twitter:data1\" content=\"1\u00a0Minute\" \/>\n<script type=\"application\/ld+json\" class=\"yoast-schema-graph\">{\"@context\":\"https:\\\/\\\/schema.org\",\"@graph\":[{\"@type\":\"WebPage\",\"@id\":\"https:\\\/\\\/vivotis.com\\\/product\\\/1-2-3-here-are-accidents\\\/\",\"url\":\"https:\\\/\\\/vivotis.com\\\/product\\\/1-2-3-here-are-accidents\\\/\",\"name\":\"1, 2, 3, Here Are Accidents! - Vivotis\",\"isPartOf\":{\"@id\":\"https:\\\/\\\/vivotis.com\\\/#website\"},\"primaryImageOfPage\":{\"@id\":\"https:\\\/\\\/vivotis.com\\\/product\\\/1-2-3-here-are-accidents\\\/#primaryimage\"},\"image\":{\"@id\":\"https:\\\/\\\/vivotis.com\\\/product\\\/1-2-3-here-are-accidents\\\/#primaryimage\"},\"thumbnailUrl\":\"https:\\\/\\\/vivotis.com\\\/wp-content\\\/uploads\\\/2026\\\/04\\\/19.png\",\"datePublished\":\"2026-04-04T06:19:30+00:00\",\"dateModified\":\"2026-04-04T09:35:15+00:00\",\"breadcrumb\":{\"@id\":\"https:\\\/\\\/vivotis.com\\\/product\\\/1-2-3-here-are-accidents\\\/#breadcrumb\"},\"inLanguage\":\"de\",\"potentialAction\":[{\"@type\":\"ReadAction\",\"target\":[\"https:\\\/\\\/vivotis.com\\\/product\\\/1-2-3-here-are-accidents\\\/\"]}]},{\"@type\":\"ImageObject\",\"inLanguage\":\"de\",\"@id\":\"https:\\\/\\\/vivotis.com\\\/product\\\/1-2-3-here-are-accidents\\\/#primaryimage\",\"url\":\"https:\\\/\\\/vivotis.com\\\/wp-content\\\/uploads\\\/2026\\\/04\\\/19.png\",\"contentUrl\":\"https:\\\/\\\/vivotis.com\\\/wp-content\\\/uploads\\\/2026\\\/04\\\/19.png\",\"width\":1024,\"height\":1024},{\"@type\":\"BreadcrumbList\",\"@id\":\"https:\\\/\\\/vivotis.com\\\/product\\\/1-2-3-here-are-accidents\\\/#breadcrumb\",\"itemListElement\":[{\"@type\":\"ListItem\",\"position\":1,\"name\":\"Home\",\"item\":\"https:\\\/\\\/vivotis.com\\\/\"},{\"@type\":\"ListItem\",\"position\":2,\"name\":\"Shop\",\"item\":\"https:\\\/\\\/vivotis.com\\\/shop\\\/\"},{\"@type\":\"ListItem\",\"position\":3,\"name\":\"1, 2, 3, Here Are Accidents!\"}]},{\"@type\":\"WebSite\",\"@id\":\"https:\\\/\\\/vivotis.com\\\/#website\",\"url\":\"https:\\\/\\\/vivotis.com\\\/\",\"name\":\"Vivotis\",\"description\":\"\",\"publisher\":{\"@id\":\"https:\\\/\\\/vivotis.com\\\/#organization\"},\"potentialAction\":[{\"@type\":\"SearchAction\",\"target\":{\"@type\":\"EntryPoint\",\"urlTemplate\":\"https:\\\/\\\/vivotis.com\\\/?s={search_term_string}\"},\"query-input\":{\"@type\":\"PropertyValueSpecification\",\"valueRequired\":true,\"valueName\":\"search_term_string\"}}],\"inLanguage\":\"de\"},{\"@type\":\"Organization\",\"@id\":\"https:\\\/\\\/vivotis.com\\\/#organization\",\"name\":\"Vivotis\",\"url\":\"https:\\\/\\\/vivotis.com\\\/\",\"logo\":{\"@type\":\"ImageObject\",\"inLanguage\":\"de\",\"@id\":\"https:\\\/\\\/vivotis.com\\\/#\\\/schema\\\/logo\\\/image\\\/\",\"url\":\"https:\\\/\\\/vivotis.com\\\/wp-content\\\/uploads\\\/2025\\\/11\\\/logo-brand-000000-m-scaled.png\",\"contentUrl\":\"https:\\\/\\\/vivotis.com\\\/wp-content\\\/uploads\\\/2025\\\/11\\\/logo-brand-000000-m-scaled.png\",\"width\":2560,\"height\":1281,\"caption\":\"Vivotis\"},\"image\":{\"@id\":\"https:\\\/\\\/vivotis.com\\\/#\\\/schema\\\/logo\\\/image\\\/\"}}]}<\/script>\n<!-- \/ Yoast SEO plugin. -->","yoast_head_json":{"title":"1, 2, 3, Here Are Accidents! - Vivotis","robots":{"index":"index","follow":"follow","max-snippet":"max-snippet:-1","max-image-preview":"max-image-preview:large","max-video-preview":"max-video-preview:-1"},"canonical":"https:\/\/vivotis.com\/de\/produkt\/1-2-3-here-are-accidents\/","og_locale":"de_DE","og_type":"article","og_title":"1, 2, 3, Here Are Accidents! - Vivotis","og_description":"Little Elephant falls, gets hurt, and learns to ask for help. He also discovers that some accidents are unintentional and that things can be repaired. A book to understand, feel reassured, and learn self-care.","og_url":"https:\/\/vivotis.com\/de\/produkt\/1-2-3-here-are-accidents\/","og_site_name":"Vivotis","article_modified_time":"2026-04-04T09:35:15+00:00","og_image":[{"width":1024,"height":1024,"url":"https:\/\/vivotis.com\/wp-content\/uploads\/2026\/04\/19.png","type":"image\/png"}],"twitter_card":"summary_large_image","twitter_misc":{"Gesch\u00e4tzte Lesezeit":"1\u00a0Minute"},"schema":{"@context":"https:\/\/schema.org","@graph":[{"@type":"WebPage","@id":"https:\/\/vivotis.com\/product\/1-2-3-here-are-accidents\/","url":"https:\/\/vivotis.com\/product\/1-2-3-here-are-accidents\/","name":"1, 2, 3, Here Are Accidents! - Vivotis","isPartOf":{"@id":"https:\/\/vivotis.com\/#website"},"primaryImageOfPage":{"@id":"https:\/\/vivotis.com\/product\/1-2-3-here-are-accidents\/#primaryimage"},"image":{"@id":"https:\/\/vivotis.com\/product\/1-2-3-here-are-accidents\/#primaryimage"},"thumbnailUrl":"https:\/\/vivotis.com\/wp-content\/uploads\/2026\/04\/19.png","datePublished":"2026-04-04T06:19:30+00:00","dateModified":"2026-04-04T09:35:15+00:00","breadcrumb":{"@id":"https:\/\/vivotis.com\/product\/1-2-3-here-are-accidents\/#breadcrumb"},"inLanguage":"de","potentialAction":[{"@type":"ReadAction","target":["https:\/\/vivotis.com\/product\/1-2-3-here-are-accidents\/"]}]},{"@type":"ImageObject","inLanguage":"de","@id":"https:\/\/vivotis.com\/product\/1-2-3-here-are-accidents\/#primaryimage","url":"https:\/\/vivotis.com\/wp-content\/uploads\/2026\/04\/19.png","contentUrl":"https:\/\/vivotis.com\/wp-content\/uploads\/2026\/04\/19.png","width":1024,"height":1024},{"@type":"BreadcrumbList","@id":"https:\/\/vivotis.com\/product\/1-2-3-here-are-accidents\/#breadcrumb","itemListElement":[{"@type":"ListItem","position":1,"name":"Home","item":"https:\/\/vivotis.com\/"},{"@type":"ListItem","position":2,"name":"Shop","item":"https:\/\/vivotis.com\/shop\/"},{"@type":"ListItem","position":3,"name":"1, 2, 3, Here Are Accidents!"}]},{"@type":"WebSite","@id":"https:\/\/vivotis.com\/#website","url":"https:\/\/vivotis.com\/","name":"Vivotis","description":"","publisher":{"@id":"https:\/\/vivotis.com\/#organization"},"potentialAction":[{"@type":"SearchAction","target":{"@type":"EntryPoint","urlTemplate":"https:\/\/vivotis.com\/?s={search_term_string}"},"query-input":{"@type":"PropertyValueSpecification","valueRequired":true,"valueName":"search_term_string"}}],"inLanguage":"de"},{"@type":"Organization","@id":"https:\/\/vivotis.com\/#organization","name":"Vivotis","url":"https:\/\/vivotis.com\/","logo":{"@type":"ImageObject","inLanguage":"de","@id":"https:\/\/vivotis.com\/#\/schema\/logo\/image\/","url":"https:\/\/vivotis.com\/wp-content\/uploads\/2025\/11\/logo-brand-000000-m-scaled.png","contentUrl":"https:\/\/vivotis.com\/wp-content\/uploads\/2025\/11\/logo-brand-000000-m-scaled.png","width":2560,"height":1281,"caption":"Vivotis"},"image":{"@id":"https:\/\/vivotis.com\/#\/schema\/logo\/image\/"}}]}},"_links":{"self":[{"href":"https:\/\/vivotis.com\/de\/wp-json\/wp\/v2\/product\/2847","targetHints":{"allow":["GET"]}}],"collection":[{"href":"https:\/\/vivotis.com\/de\/wp-json\/wp\/v2\/product"}],"about":[{"href":"https:\/\/vivotis.com\/de\/wp-json\/wp\/v2\/types\/product"}],"wp:featuredmedia":[{"embeddable":true,"href":"https:\/\/vivotis.com\/de\/wp-json\/wp\/v2\/media\/3092"}],"wp:attachment":[{"href":"https:\/\/vivotis.com\/de\/wp-json\/wp\/v2\/media?parent=2847"}],"wp:term":[{"taxonomy":"product_brand","embeddable":true,"href":"https:\/\/vivotis.com\/de\/wp-json\/wp\/v2\/product_brand?post=2847"},{"taxonomy":"product_cat","embeddable":true,"href":"https:\/\/vivotis.com\/de\/wp-json\/wp\/v2\/product_cat?post=2847"},{"taxonomy":"product_tag","embeddable":true,"href":"https:\/\/vivotis.com\/de\/wp-json\/wp\/v2\/product_tag?post=2847"}],"curies":[{"name":"wp","href":"https:\/\/api.w.org\/{rel}","templated":true}]}}