{"id":262,"date":"2025-11-15T13:51:19","date_gmt":"2025-11-15T13:51:19","guid":{"rendered":"https:\/\/vivotis.com\/product\/awareness-mug-kindness-is-never-wasted\/"},"modified":"2025-11-15T13:51:19","modified_gmt":"2025-11-15T13:51:19","slug":"bewusstseinsbecher-freundlichkeit-ist-nie-verschwendet","status":"publish","type":"product","link":"https:\/\/vivotis.com\/de\/product\/awareness-mug-kindness-is-never-wasted\/","title":{"rendered":"Awareness Mug - \u201cFreundlichkeit ist nie vergeudet\u201d.\u201d"},"content":{"rendered":"<p>Dieser Keramikbecher ist Teil der Vivotis Awareness Collection, die allt\u00e4gliche Momente in Gelegenheiten zum Lernen und zum Schutz verwandelt. Durch die gl\u00e4nzende wei\u00dfe Oberfl\u00e4che kommt jedes Design wunderbar zur Geltung. Langlebig, mikrowellen- und sp\u00fclmaschinengeeignet, garantiert er dauerhafte Qualit\u00e4t. 325 ml (11 Unzen). Die Produktsicherheit wurde von unabh\u00e4ngigen Drittlabors getestet.<\/p>","protected":false},"excerpt":{"rendered":"<p>Dieser Keramikbecher ist Teil der Vivotis Awareness Collection, die allt\u00e4gliche Momente in Gelegenheiten zum Lernen und zum Schutz verwandelt. Durch die gl\u00e4nzende wei\u00dfe Oberfl\u00e4che kommt jedes Design wunderbar zur Geltung. Langlebig, mikrowellen- und sp\u00fclmaschinengeeignet, garantiert er dauerhafte Qualit\u00e4t. 325 ml (11 Unzen). Die Produktsicherheit wurde von unabh\u00e4ngigen Drittlabors getestet.<\/p>","protected":false},"featured_media":261,"template":"","meta":{"pmpro_default_level":""},"product_brand":[],"product_cat":[15],"product_tag":[],"class_list":{"0":"post-262","1":"product","2":"type-product","3":"status-publish","4":"has-post-thumbnail","6":"product_cat-awareness-collection","7":"pmpro-has-access","9":"first","10":"instock","11":"shipping-taxable","12":"purchasable","13":"product-type-simple"},"yoast_head":"<!-- This site is optimized with the Yoast SEO plugin v27.3 - https:\/\/yoast.com\/product\/yoast-seo-wordpress\/ -->\n<title>Awareness Mug \u2013 \u201cKindness is never wasted.\u201d - Vivotis<\/title>\n<meta name=\"robots\" content=\"index, follow, max-snippet:-1, max-image-preview:large, max-video-preview:-1\" \/>\n<link rel=\"canonical\" href=\"https:\/\/vivotis.com\/de\/produkt\/bewusstseinsbecher-freundlichkeit-ist-nie-verschwendet\/\" \/>\n<meta property=\"og:locale\" content=\"de_DE\" \/>\n<meta property=\"og:type\" content=\"article\" \/>\n<meta property=\"og:title\" content=\"Awareness Mug \u2013 \u201cKindness is never wasted.\u201d - Vivotis\" \/>\n<meta property=\"og:description\" content=\"This ceramic mug is part of the Vivotis Awareness Collection, designed to turn everyday moments into opportunities for learning and protection. Its glossy white finish makes every design stand out beautifully. Durable, microwave-safe and dishwasher-safe, it ensures long-lasting quality. 325 ml (11 oz). Product safety tested by independent third-party laboratories.\" \/>\n<meta property=\"og:url\" content=\"https:\/\/vivotis.com\/de\/produkt\/bewusstseinsbecher-freundlichkeit-ist-nie-verschwendet\/\" \/>\n<meta property=\"og:site_name\" content=\"Vivotis\" \/>\n<meta property=\"og:image\" content=\"https:\/\/vivotis.com\/wp-content\/uploads\/2025\/11\/39eff202-4e1f-4e1a-8ff2-956305cf320c.jpg\" \/>\n\t<meta property=\"og:image:width\" content=\"2048\" \/>\n\t<meta property=\"og:image:height\" content=\"2048\" \/>\n\t<meta property=\"og:image:type\" content=\"image\/jpeg\" \/>\n<meta name=\"twitter:card\" content=\"summary_large_image\" \/>\n<script type=\"application\/ld+json\" class=\"yoast-schema-graph\">{\"@context\":\"https:\\\/\\\/schema.org\",\"@graph\":[{\"@type\":\"WebPage\",\"@id\":\"https:\\\/\\\/vivotis.com\\\/product\\\/awareness-mug-kindness-is-never-wasted\\\/\",\"url\":\"https:\\\/\\\/vivotis.com\\\/product\\\/awareness-mug-kindness-is-never-wasted\\\/\",\"name\":\"Awareness Mug \u2013 \u201cKindness is never wasted.\u201d - Vivotis\",\"isPartOf\":{\"@id\":\"https:\\\/\\\/vivotis.com\\\/#website\"},\"primaryImageOfPage\":{\"@id\":\"https:\\\/\\\/vivotis.com\\\/product\\\/awareness-mug-kindness-is-never-wasted\\\/#primaryimage\"},\"image\":{\"@id\":\"https:\\\/\\\/vivotis.com\\\/product\\\/awareness-mug-kindness-is-never-wasted\\\/#primaryimage\"},\"thumbnailUrl\":\"https:\\\/\\\/vivotis.com\\\/wp-content\\\/uploads\\\/2025\\\/11\\\/39eff202-4e1f-4e1a-8ff2-956305cf320c.jpg\",\"datePublished\":\"2025-11-15T13:51:19+00:00\",\"breadcrumb\":{\"@id\":\"https:\\\/\\\/vivotis.com\\\/product\\\/awareness-mug-kindness-is-never-wasted\\\/#breadcrumb\"},\"inLanguage\":\"de\",\"potentialAction\":[{\"@type\":\"ReadAction\",\"target\":[\"https:\\\/\\\/vivotis.com\\\/product\\\/awareness-mug-kindness-is-never-wasted\\\/\"]}]},{\"@type\":\"ImageObject\",\"inLanguage\":\"de\",\"@id\":\"https:\\\/\\\/vivotis.com\\\/product\\\/awareness-mug-kindness-is-never-wasted\\\/#primaryimage\",\"url\":\"https:\\\/\\\/vivotis.com\\\/wp-content\\\/uploads\\\/2025\\\/11\\\/39eff202-4e1f-4e1a-8ff2-956305cf320c.jpg\",\"contentUrl\":\"https:\\\/\\\/vivotis.com\\\/wp-content\\\/uploads\\\/2025\\\/11\\\/39eff202-4e1f-4e1a-8ff2-956305cf320c.jpg\",\"width\":2048,\"height\":2048},{\"@type\":\"BreadcrumbList\",\"@id\":\"https:\\\/\\\/vivotis.com\\\/product\\\/awareness-mug-kindness-is-never-wasted\\\/#breadcrumb\",\"itemListElement\":[{\"@type\":\"ListItem\",\"position\":1,\"name\":\"Home\",\"item\":\"https:\\\/\\\/vivotis.com\\\/\"},{\"@type\":\"ListItem\",\"position\":2,\"name\":\"Shop\",\"item\":\"https:\\\/\\\/vivotis.com\\\/shop\\\/\"},{\"@type\":\"ListItem\",\"position\":3,\"name\":\"Awareness Mug \u2013 \u201cKindness is never wasted.\u201d\"}]},{\"@type\":\"WebSite\",\"@id\":\"https:\\\/\\\/vivotis.com\\\/#website\",\"url\":\"https:\\\/\\\/vivotis.com\\\/\",\"name\":\"Vivotis\",\"description\":\"\",\"publisher\":{\"@id\":\"https:\\\/\\\/vivotis.com\\\/#organization\"},\"potentialAction\":[{\"@type\":\"SearchAction\",\"target\":{\"@type\":\"EntryPoint\",\"urlTemplate\":\"https:\\\/\\\/vivotis.com\\\/?s={search_term_string}\"},\"query-input\":{\"@type\":\"PropertyValueSpecification\",\"valueRequired\":true,\"valueName\":\"search_term_string\"}}],\"inLanguage\":\"de\"},{\"@type\":\"Organization\",\"@id\":\"https:\\\/\\\/vivotis.com\\\/#organization\",\"name\":\"Vivotis\",\"url\":\"https:\\\/\\\/vivotis.com\\\/\",\"logo\":{\"@type\":\"ImageObject\",\"inLanguage\":\"de\",\"@id\":\"https:\\\/\\\/vivotis.com\\\/#\\\/schema\\\/logo\\\/image\\\/\",\"url\":\"https:\\\/\\\/vivotis.com\\\/wp-content\\\/uploads\\\/2025\\\/11\\\/logo-brand-000000-m-scaled.png\",\"contentUrl\":\"https:\\\/\\\/vivotis.com\\\/wp-content\\\/uploads\\\/2025\\\/11\\\/logo-brand-000000-m-scaled.png\",\"width\":2560,\"height\":1281,\"caption\":\"Vivotis\"},\"image\":{\"@id\":\"https:\\\/\\\/vivotis.com\\\/#\\\/schema\\\/logo\\\/image\\\/\"}}]}<\/script>\n<!-- \/ Yoast SEO plugin. -->","yoast_head_json":{"title":"Awareness Mug - \u201cFreundlichkeit ist nie vergeudet\u201d. - Vivotis","robots":{"index":"index","follow":"follow","max-snippet":"max-snippet:-1","max-image-preview":"max-image-preview:large","max-video-preview":"max-video-preview:-1"},"canonical":"https:\/\/vivotis.com\/de\/produkt\/bewusstseinsbecher-freundlichkeit-ist-nie-verschwendet\/","og_locale":"de_DE","og_type":"article","og_title":"Awareness Mug \u2013 \u201cKindness is never wasted.\u201d - Vivotis","og_description":"This ceramic mug is part of the Vivotis Awareness Collection, designed to turn everyday moments into opportunities for learning and protection. Its glossy white finish makes every design stand out beautifully. Durable, microwave-safe and dishwasher-safe, it ensures long-lasting quality. 325 ml (11 oz). Product safety tested by independent third-party laboratories.","og_url":"https:\/\/vivotis.com\/de\/produkt\/bewusstseinsbecher-freundlichkeit-ist-nie-verschwendet\/","og_site_name":"Vivotis","og_image":[{"width":2048,"height":2048,"url":"https:\/\/vivotis.com\/wp-content\/uploads\/2025\/11\/39eff202-4e1f-4e1a-8ff2-956305cf320c.jpg","type":"image\/jpeg"}],"twitter_card":"summary_large_image","schema":{"@context":"https:\/\/schema.org","@graph":[{"@type":"WebPage","@id":"https:\/\/vivotis.com\/product\/awareness-mug-kindness-is-never-wasted\/","url":"https:\/\/vivotis.com\/product\/awareness-mug-kindness-is-never-wasted\/","name":"Awareness Mug - \u201cFreundlichkeit ist nie vergeudet\u201d. - Vivotis","isPartOf":{"@id":"https:\/\/vivotis.com\/#website"},"primaryImageOfPage":{"@id":"https:\/\/vivotis.com\/product\/awareness-mug-kindness-is-never-wasted\/#primaryimage"},"image":{"@id":"https:\/\/vivotis.com\/product\/awareness-mug-kindness-is-never-wasted\/#primaryimage"},"thumbnailUrl":"https:\/\/vivotis.com\/wp-content\/uploads\/2025\/11\/39eff202-4e1f-4e1a-8ff2-956305cf320c.jpg","datePublished":"2025-11-15T13:51:19+00:00","breadcrumb":{"@id":"https:\/\/vivotis.com\/product\/awareness-mug-kindness-is-never-wasted\/#breadcrumb"},"inLanguage":"de","potentialAction":[{"@type":"ReadAction","target":["https:\/\/vivotis.com\/product\/awareness-mug-kindness-is-never-wasted\/"]}]},{"@type":"ImageObject","inLanguage":"de","@id":"https:\/\/vivotis.com\/product\/awareness-mug-kindness-is-never-wasted\/#primaryimage","url":"https:\/\/vivotis.com\/wp-content\/uploads\/2025\/11\/39eff202-4e1f-4e1a-8ff2-956305cf320c.jpg","contentUrl":"https:\/\/vivotis.com\/wp-content\/uploads\/2025\/11\/39eff202-4e1f-4e1a-8ff2-956305cf320c.jpg","width":2048,"height":2048},{"@type":"BreadcrumbList","@id":"https:\/\/vivotis.com\/product\/awareness-mug-kindness-is-never-wasted\/#breadcrumb","itemListElement":[{"@type":"ListItem","position":1,"name":"Home","item":"https:\/\/vivotis.com\/"},{"@type":"ListItem","position":2,"name":"Shop","item":"https:\/\/vivotis.com\/shop\/"},{"@type":"ListItem","position":3,"name":"Awareness Mug \u2013 \u201cKindness is never wasted.\u201d"}]},{"@type":"WebSite","@id":"https:\/\/vivotis.com\/#website","url":"https:\/\/vivotis.com\/","name":"Vivotis","description":"","publisher":{"@id":"https:\/\/vivotis.com\/#organization"},"potentialAction":[{"@type":"SearchAction","target":{"@type":"EntryPoint","urlTemplate":"https:\/\/vivotis.com\/?s={search_term_string}"},"query-input":{"@type":"PropertyValueSpecification","valueRequired":true,"valueName":"search_term_string"}}],"inLanguage":"de"},{"@type":"Organization","@id":"https:\/\/vivotis.com\/#organization","name":"Vivotis","url":"https:\/\/vivotis.com\/","logo":{"@type":"ImageObject","inLanguage":"de","@id":"https:\/\/vivotis.com\/#\/schema\/logo\/image\/","url":"https:\/\/vivotis.com\/wp-content\/uploads\/2025\/11\/logo-brand-000000-m-scaled.png","contentUrl":"https:\/\/vivotis.com\/wp-content\/uploads\/2025\/11\/logo-brand-000000-m-scaled.png","width":2560,"height":1281,"caption":"Vivotis"},"image":{"@id":"https:\/\/vivotis.com\/#\/schema\/logo\/image\/"}}]}},"_links":{"self":[{"href":"https:\/\/vivotis.com\/de\/wp-json\/wp\/v2\/product\/262","targetHints":{"allow":["GET"]}}],"collection":[{"href":"https:\/\/vivotis.com\/de\/wp-json\/wp\/v2\/product"}],"about":[{"href":"https:\/\/vivotis.com\/de\/wp-json\/wp\/v2\/types\/product"}],"wp:featuredmedia":[{"embeddable":true,"href":"https:\/\/vivotis.com\/de\/wp-json\/wp\/v2\/media\/261"}],"wp:attachment":[{"href":"https:\/\/vivotis.com\/de\/wp-json\/wp\/v2\/media?parent=262"}],"wp:term":[{"taxonomy":"product_brand","embeddable":true,"href":"https:\/\/vivotis.com\/de\/wp-json\/wp\/v2\/product_brand?post=262"},{"taxonomy":"product_cat","embeddable":true,"href":"https:\/\/vivotis.com\/de\/wp-json\/wp\/v2\/product_cat?post=262"},{"taxonomy":"product_tag","embeddable":true,"href":"https:\/\/vivotis.com\/de\/wp-json\/wp\/v2\/product_tag?post=262"}],"curies":[{"name":"wp","href":"https:\/\/api.w.org\/{rel}","templated":true}]}}