{"id":2599,"date":"2025-12-27T16:19:37","date_gmt":"2025-12-27T16:19:37","guid":{"rendered":"https:\/\/vivotis.com\/?post_type=product&#038;p=2599"},"modified":"2026-04-03T19:38:19","modified_gmt":"2026-04-03T19:38:19","slug":"nein-nein-nein-lernen-wie-ich-mich-vor-sexueller-gewalt-schutzen-kann","status":"publish","type":"product","link":"https:\/\/vivotis.com\/de\/product\/no-no-no-learning-how-to-protect-myself-from-sexual-violence\/","title":{"rendered":"Nein! Nein! Nein! Lernen, wie ich mich vor sexueller Gewalt sch\u00fctzen kann"},"content":{"rendered":"<p>Ein wichtiges Buch, das Kindern hilft, ihren K\u00f6rper, ihre Gef\u00fchle und ihre Rechte zu verstehen, damit sie sich vor sexueller Gewalt sch\u00fctzen k\u00f6nnen. In einer einfachen, respektvollen Sprache wird Kindern beigebracht, wie sie unangenehme Situationen erkennen, Nein sagen und um Hilfe bitten k\u00f6nnen. Ein wichtiges Pr\u00e4ventionsinstrument f\u00fcr Familien und Fachleute.<\/p>","protected":false},"excerpt":{"rendered":"<p>Ein wichtiges Buch, das Kindern hilft, ihren K\u00f6rper, ihre Gef\u00fchle und ihre Rechte zu verstehen, damit sie sich vor sexueller Gewalt sch\u00fctzen k\u00f6nnen. In einer einfachen, respektvollen Sprache wird Kindern beigebracht, wie sie unangenehme Situationen erkennen, Nein sagen und um Hilfe bitten k\u00f6nnen. Ein wichtiges Pr\u00e4ventionsinstrument f\u00fcr Familien und Fachleute.<\/p>","protected":false},"featured_media":2600,"template":"","meta":{"pmpro_default_level":""},"product_brand":[],"product_cat":[148,66,151,146],"product_tag":[],"class_list":{"0":"post-2599","1":"product","2":"type-product","3":"status-publish","4":"has-post-thumbnail","6":"product_cat-books","7":"product_cat-childrens-books","8":"product_cat-books-not-little-elephant","9":"product_cat-pdf-gift-premium","10":"pmpro-has-access","12":"first","13":"instock","14":"shipping-taxable","15":"purchasable","16":"product-type-variable"},"yoast_head":"<!-- This site is optimized with the Yoast SEO plugin v27.3 - https:\/\/yoast.com\/product\/yoast-seo-wordpress\/ -->\n<title>No! No! No! Learning How to Protect Myself from Sexual Violence - Vivotis<\/title>\n<meta name=\"robots\" content=\"index, follow, max-snippet:-1, max-image-preview:large, max-video-preview:-1\" \/>\n<link rel=\"canonical\" href=\"https:\/\/vivotis.com\/de\/produkt\/nein-nein-nein-lernen-wie-ich-mich-vor-sexueller-gewalt-schutzen-kann\/\" \/>\n<meta property=\"og:locale\" content=\"de_DE\" \/>\n<meta property=\"og:type\" content=\"article\" \/>\n<meta property=\"og:title\" content=\"No! No! No! Learning How to Protect Myself from Sexual Violence - Vivotis\" \/>\n<meta property=\"og:description\" content=\"An essential book that helps children understand their bodies, feelings, and rights so they can protect themselves from sexual violence. Using simple, respectful language, it teaches children how to recognize uncomfortable situations, say no, and ask for help. A vital prevention tool for families and professionals.\" \/>\n<meta property=\"og:url\" content=\"https:\/\/vivotis.com\/de\/produkt\/nein-nein-nein-lernen-wie-ich-mich-vor-sexueller-gewalt-schutzen-kann\/\" \/>\n<meta property=\"og:site_name\" content=\"Vivotis\" \/>\n<meta property=\"article:modified_time\" content=\"2026-04-03T19:38:19+00:00\" \/>\n<meta property=\"og:image\" content=\"https:\/\/vivotis.com\/wp-content\/uploads\/2025\/12\/NNN.jpg\" \/>\n\t<meta property=\"og:image:width\" content=\"591\" \/>\n\t<meta property=\"og:image:height\" content=\"588\" \/>\n\t<meta property=\"og:image:type\" content=\"image\/jpeg\" \/>\n<meta name=\"twitter:card\" content=\"summary_large_image\" \/>\n<meta name=\"twitter:label1\" content=\"Gesch\u00e4tzte Lesezeit\" \/>\n\t<meta name=\"twitter:data1\" content=\"1\u00a0Minute\" \/>\n<script type=\"application\/ld+json\" class=\"yoast-schema-graph\">{\"@context\":\"https:\\\/\\\/schema.org\",\"@graph\":[{\"@type\":\"WebPage\",\"@id\":\"https:\\\/\\\/vivotis.com\\\/product\\\/no-no-no-learning-how-to-protect-myself-from-sexual-violence\\\/\",\"url\":\"https:\\\/\\\/vivotis.com\\\/product\\\/no-no-no-learning-how-to-protect-myself-from-sexual-violence\\\/\",\"name\":\"No! No! No! Learning How to Protect Myself from Sexual Violence - Vivotis\",\"isPartOf\":{\"@id\":\"https:\\\/\\\/vivotis.com\\\/#website\"},\"primaryImageOfPage\":{\"@id\":\"https:\\\/\\\/vivotis.com\\\/product\\\/no-no-no-learning-how-to-protect-myself-from-sexual-violence\\\/#primaryimage\"},\"image\":{\"@id\":\"https:\\\/\\\/vivotis.com\\\/product\\\/no-no-no-learning-how-to-protect-myself-from-sexual-violence\\\/#primaryimage\"},\"thumbnailUrl\":\"https:\\\/\\\/vivotis.com\\\/wp-content\\\/uploads\\\/2025\\\/12\\\/NNN.jpg\",\"datePublished\":\"2025-12-27T16:19:37+00:00\",\"dateModified\":\"2026-04-03T19:38:19+00:00\",\"breadcrumb\":{\"@id\":\"https:\\\/\\\/vivotis.com\\\/product\\\/no-no-no-learning-how-to-protect-myself-from-sexual-violence\\\/#breadcrumb\"},\"inLanguage\":\"de\",\"potentialAction\":[{\"@type\":\"ReadAction\",\"target\":[\"https:\\\/\\\/vivotis.com\\\/product\\\/no-no-no-learning-how-to-protect-myself-from-sexual-violence\\\/\"]}]},{\"@type\":\"ImageObject\",\"inLanguage\":\"de\",\"@id\":\"https:\\\/\\\/vivotis.com\\\/product\\\/no-no-no-learning-how-to-protect-myself-from-sexual-violence\\\/#primaryimage\",\"url\":\"https:\\\/\\\/vivotis.com\\\/wp-content\\\/uploads\\\/2025\\\/12\\\/NNN.jpg\",\"contentUrl\":\"https:\\\/\\\/vivotis.com\\\/wp-content\\\/uploads\\\/2025\\\/12\\\/NNN.jpg\",\"width\":591,\"height\":588},{\"@type\":\"BreadcrumbList\",\"@id\":\"https:\\\/\\\/vivotis.com\\\/product\\\/no-no-no-learning-how-to-protect-myself-from-sexual-violence\\\/#breadcrumb\",\"itemListElement\":[{\"@type\":\"ListItem\",\"position\":1,\"name\":\"Home\",\"item\":\"https:\\\/\\\/vivotis.com\\\/\"},{\"@type\":\"ListItem\",\"position\":2,\"name\":\"Shop\",\"item\":\"https:\\\/\\\/vivotis.com\\\/shop\\\/\"},{\"@type\":\"ListItem\",\"position\":3,\"name\":\"No! No! No! Learning How to Protect Myself from Sexual Violence\"}]},{\"@type\":\"WebSite\",\"@id\":\"https:\\\/\\\/vivotis.com\\\/#website\",\"url\":\"https:\\\/\\\/vivotis.com\\\/\",\"name\":\"Vivotis\",\"description\":\"\",\"publisher\":{\"@id\":\"https:\\\/\\\/vivotis.com\\\/#organization\"},\"potentialAction\":[{\"@type\":\"SearchAction\",\"target\":{\"@type\":\"EntryPoint\",\"urlTemplate\":\"https:\\\/\\\/vivotis.com\\\/?s={search_term_string}\"},\"query-input\":{\"@type\":\"PropertyValueSpecification\",\"valueRequired\":true,\"valueName\":\"search_term_string\"}}],\"inLanguage\":\"de\"},{\"@type\":\"Organization\",\"@id\":\"https:\\\/\\\/vivotis.com\\\/#organization\",\"name\":\"Vivotis\",\"url\":\"https:\\\/\\\/vivotis.com\\\/\",\"logo\":{\"@type\":\"ImageObject\",\"inLanguage\":\"de\",\"@id\":\"https:\\\/\\\/vivotis.com\\\/#\\\/schema\\\/logo\\\/image\\\/\",\"url\":\"https:\\\/\\\/vivotis.com\\\/wp-content\\\/uploads\\\/2025\\\/11\\\/logo-brand-000000-m-scaled.png\",\"contentUrl\":\"https:\\\/\\\/vivotis.com\\\/wp-content\\\/uploads\\\/2025\\\/11\\\/logo-brand-000000-m-scaled.png\",\"width\":2560,\"height\":1281,\"caption\":\"Vivotis\"},\"image\":{\"@id\":\"https:\\\/\\\/vivotis.com\\\/#\\\/schema\\\/logo\\\/image\\\/\"}}]}<\/script>\n<!-- \/ Yoast SEO plugin. -->","yoast_head_json":{"title":"Nein! Nein! Nein! Lernen, wie ich mich vor sexueller Gewalt sch\u00fctzen kann - Vivotis","robots":{"index":"index","follow":"follow","max-snippet":"max-snippet:-1","max-image-preview":"max-image-preview:large","max-video-preview":"max-video-preview:-1"},"canonical":"https:\/\/vivotis.com\/de\/produkt\/nein-nein-nein-lernen-wie-ich-mich-vor-sexueller-gewalt-schutzen-kann\/","og_locale":"de_DE","og_type":"article","og_title":"No! No! No! Learning How to Protect Myself from Sexual Violence - Vivotis","og_description":"An essential book that helps children understand their bodies, feelings, and rights so they can protect themselves from sexual violence. Using simple, respectful language, it teaches children how to recognize uncomfortable situations, say no, and ask for help. A vital prevention tool for families and professionals.","og_url":"https:\/\/vivotis.com\/de\/produkt\/nein-nein-nein-lernen-wie-ich-mich-vor-sexueller-gewalt-schutzen-kann\/","og_site_name":"Vivotis","article_modified_time":"2026-04-03T19:38:19+00:00","og_image":[{"width":591,"height":588,"url":"https:\/\/vivotis.com\/wp-content\/uploads\/2025\/12\/NNN.jpg","type":"image\/jpeg"}],"twitter_card":"summary_large_image","twitter_misc":{"Gesch\u00e4tzte Lesezeit":"1\u00a0Minute"},"schema":{"@context":"https:\/\/schema.org","@graph":[{"@type":"WebPage","@id":"https:\/\/vivotis.com\/product\/no-no-no-learning-how-to-protect-myself-from-sexual-violence\/","url":"https:\/\/vivotis.com\/product\/no-no-no-learning-how-to-protect-myself-from-sexual-violence\/","name":"Nein! Nein! Nein! Lernen, wie ich mich vor sexueller Gewalt sch\u00fctzen kann - Vivotis","isPartOf":{"@id":"https:\/\/vivotis.com\/#website"},"primaryImageOfPage":{"@id":"https:\/\/vivotis.com\/product\/no-no-no-learning-how-to-protect-myself-from-sexual-violence\/#primaryimage"},"image":{"@id":"https:\/\/vivotis.com\/product\/no-no-no-learning-how-to-protect-myself-from-sexual-violence\/#primaryimage"},"thumbnailUrl":"https:\/\/vivotis.com\/wp-content\/uploads\/2025\/12\/NNN.jpg","datePublished":"2025-12-27T16:19:37+00:00","dateModified":"2026-04-03T19:38:19+00:00","breadcrumb":{"@id":"https:\/\/vivotis.com\/product\/no-no-no-learning-how-to-protect-myself-from-sexual-violence\/#breadcrumb"},"inLanguage":"de","potentialAction":[{"@type":"ReadAction","target":["https:\/\/vivotis.com\/product\/no-no-no-learning-how-to-protect-myself-from-sexual-violence\/"]}]},{"@type":"ImageObject","inLanguage":"de","@id":"https:\/\/vivotis.com\/product\/no-no-no-learning-how-to-protect-myself-from-sexual-violence\/#primaryimage","url":"https:\/\/vivotis.com\/wp-content\/uploads\/2025\/12\/NNN.jpg","contentUrl":"https:\/\/vivotis.com\/wp-content\/uploads\/2025\/12\/NNN.jpg","width":591,"height":588},{"@type":"BreadcrumbList","@id":"https:\/\/vivotis.com\/product\/no-no-no-learning-how-to-protect-myself-from-sexual-violence\/#breadcrumb","itemListElement":[{"@type":"ListItem","position":1,"name":"Home","item":"https:\/\/vivotis.com\/"},{"@type":"ListItem","position":2,"name":"Shop","item":"https:\/\/vivotis.com\/shop\/"},{"@type":"ListItem","position":3,"name":"No! No! No! Learning How to Protect Myself from Sexual Violence"}]},{"@type":"WebSite","@id":"https:\/\/vivotis.com\/#website","url":"https:\/\/vivotis.com\/","name":"Vivotis","description":"","publisher":{"@id":"https:\/\/vivotis.com\/#organization"},"potentialAction":[{"@type":"SearchAction","target":{"@type":"EntryPoint","urlTemplate":"https:\/\/vivotis.com\/?s={search_term_string}"},"query-input":{"@type":"PropertyValueSpecification","valueRequired":true,"valueName":"search_term_string"}}],"inLanguage":"de"},{"@type":"Organization","@id":"https:\/\/vivotis.com\/#organization","name":"Vivotis","url":"https:\/\/vivotis.com\/","logo":{"@type":"ImageObject","inLanguage":"de","@id":"https:\/\/vivotis.com\/#\/schema\/logo\/image\/","url":"https:\/\/vivotis.com\/wp-content\/uploads\/2025\/11\/logo-brand-000000-m-scaled.png","contentUrl":"https:\/\/vivotis.com\/wp-content\/uploads\/2025\/11\/logo-brand-000000-m-scaled.png","width":2560,"height":1281,"caption":"Vivotis"},"image":{"@id":"https:\/\/vivotis.com\/#\/schema\/logo\/image\/"}}]}},"_links":{"self":[{"href":"https:\/\/vivotis.com\/de\/wp-json\/wp\/v2\/product\/2599","targetHints":{"allow":["GET"]}}],"collection":[{"href":"https:\/\/vivotis.com\/de\/wp-json\/wp\/v2\/product"}],"about":[{"href":"https:\/\/vivotis.com\/de\/wp-json\/wp\/v2\/types\/product"}],"wp:featuredmedia":[{"embeddable":true,"href":"https:\/\/vivotis.com\/de\/wp-json\/wp\/v2\/media\/2600"}],"wp:attachment":[{"href":"https:\/\/vivotis.com\/de\/wp-json\/wp\/v2\/media?parent=2599"}],"wp:term":[{"taxonomy":"product_brand","embeddable":true,"href":"https:\/\/vivotis.com\/de\/wp-json\/wp\/v2\/product_brand?post=2599"},{"taxonomy":"product_cat","embeddable":true,"href":"https:\/\/vivotis.com\/de\/wp-json\/wp\/v2\/product_cat?post=2599"},{"taxonomy":"product_tag","embeddable":true,"href":"https:\/\/vivotis.com\/de\/wp-json\/wp\/v2\/product_tag?post=2599"}],"curies":[{"name":"wp","href":"https:\/\/api.w.org\/{rel}","templated":true}]}}