{"id":2201,"date":"2025-11-27T19:20:05","date_gmt":"2025-11-27T19:20:05","guid":{"rendered":"https:\/\/vivotis.com\/?post_type=product&#038;p=2201"},"modified":"2026-04-03T19:38:19","modified_gmt":"2026-04-03T19:38:19","slug":"kleine-hande-groser-planet","status":"publish","type":"product","link":"https:\/\/vivotis.com\/de\/product\/small-hands-big-planet\/","title":{"rendered":"Kleine H\u00e4nde, gro\u00dfer Planet"},"content":{"rendered":"<p>An einem ganz gew\u00f6hnlichen Tag entdeckt ein junges M\u00e4dchen, dass jede Handlung f\u00fcr unseren Planeten z\u00e4hlt. Ein positives Bilderbuch, das Kinder in die Alltags\u00f6kologie einf\u00fchrt. Eine beruhigende Geschichte, die zeigt, dass der Schutz der Natur in jedermanns Reichweite liegt.<\/p>","protected":false},"excerpt":{"rendered":"<p>An einem ganz gew\u00f6hnlichen Tag entdeckt ein junges M\u00e4dchen, dass jede Handlung f\u00fcr unseren Planeten z\u00e4hlt. Ein positives Bilderbuch, das Kinder in die Alltags\u00f6kologie einf\u00fchrt. Eine beruhigende Geschichte, die zeigt, dass der Schutz der Natur in jedermanns Reichweite liegt.<\/p>","protected":false},"featured_media":2219,"template":"","meta":{"pmpro_default_level":""},"product_brand":[],"product_cat":[148,66,151,146],"product_tag":[],"class_list":{"0":"post-2201","1":"product","2":"type-product","3":"status-publish","4":"has-post-thumbnail","6":"product_cat-books","7":"product_cat-childrens-books","8":"product_cat-books-not-little-elephant","9":"product_cat-pdf-gift-premium","10":"pmpro-has-access","12":"first","13":"instock","14":"shipping-taxable","15":"purchasable","16":"product-type-variable"},"yoast_head":"<!-- This site is optimized with the Yoast SEO plugin v27.3 - https:\/\/yoast.com\/product\/yoast-seo-wordpress\/ -->\n<title>Small Hands, Big Planet - Vivotis<\/title>\n<meta name=\"robots\" content=\"index, follow, max-snippet:-1, max-image-preview:large, max-video-preview:-1\" \/>\n<link rel=\"canonical\" href=\"https:\/\/vivotis.com\/de\/produkt\/kleine-hande-groser-planet\/\" \/>\n<meta property=\"og:locale\" content=\"de_DE\" \/>\n<meta property=\"og:type\" content=\"article\" \/>\n<meta property=\"og:title\" content=\"Small Hands, Big Planet - Vivotis\" \/>\n<meta property=\"og:description\" content=\"Through an ordinary day, a young girl discovers that every action counts for the planet. A positive picture book that introduces children to everyday ecology. A reassuring story that shows protecting nature is within everyone\u2019s reach.\" \/>\n<meta property=\"og:url\" content=\"https:\/\/vivotis.com\/de\/produkt\/kleine-hande-groser-planet\/\" \/>\n<meta property=\"og:site_name\" content=\"Vivotis\" \/>\n<meta property=\"article:modified_time\" content=\"2026-04-03T19:38:19+00:00\" \/>\n<meta property=\"og:image\" content=\"https:\/\/vivotis.com\/wp-content\/uploads\/2025\/12\/L008.jpg\" \/>\n\t<meta property=\"og:image:width\" content=\"604\" \/>\n\t<meta property=\"og:image:height\" content=\"604\" \/>\n\t<meta property=\"og:image:type\" content=\"image\/jpeg\" \/>\n<meta name=\"twitter:card\" content=\"summary_large_image\" \/>\n<meta name=\"twitter:label1\" content=\"Gesch\u00e4tzte Lesezeit\" \/>\n\t<meta name=\"twitter:data1\" content=\"1\u00a0Minute\" \/>\n<script type=\"application\/ld+json\" class=\"yoast-schema-graph\">{\"@context\":\"https:\\\/\\\/schema.org\",\"@graph\":[{\"@type\":\"WebPage\",\"@id\":\"https:\\\/\\\/vivotis.com\\\/product\\\/small-hands-big-planet\\\/\",\"url\":\"https:\\\/\\\/vivotis.com\\\/product\\\/small-hands-big-planet\\\/\",\"name\":\"Small Hands, Big Planet - Vivotis\",\"isPartOf\":{\"@id\":\"https:\\\/\\\/vivotis.com\\\/#website\"},\"primaryImageOfPage\":{\"@id\":\"https:\\\/\\\/vivotis.com\\\/product\\\/small-hands-big-planet\\\/#primaryimage\"},\"image\":{\"@id\":\"https:\\\/\\\/vivotis.com\\\/product\\\/small-hands-big-planet\\\/#primaryimage\"},\"thumbnailUrl\":\"https:\\\/\\\/vivotis.com\\\/wp-content\\\/uploads\\\/2025\\\/12\\\/L008.jpg\",\"datePublished\":\"2025-11-27T19:20:05+00:00\",\"dateModified\":\"2026-04-03T19:38:19+00:00\",\"breadcrumb\":{\"@id\":\"https:\\\/\\\/vivotis.com\\\/product\\\/small-hands-big-planet\\\/#breadcrumb\"},\"inLanguage\":\"de\",\"potentialAction\":[{\"@type\":\"ReadAction\",\"target\":[\"https:\\\/\\\/vivotis.com\\\/product\\\/small-hands-big-planet\\\/\"]}]},{\"@type\":\"ImageObject\",\"inLanguage\":\"de\",\"@id\":\"https:\\\/\\\/vivotis.com\\\/product\\\/small-hands-big-planet\\\/#primaryimage\",\"url\":\"https:\\\/\\\/vivotis.com\\\/wp-content\\\/uploads\\\/2025\\\/12\\\/L008.jpg\",\"contentUrl\":\"https:\\\/\\\/vivotis.com\\\/wp-content\\\/uploads\\\/2025\\\/12\\\/L008.jpg\",\"width\":604,\"height\":604},{\"@type\":\"BreadcrumbList\",\"@id\":\"https:\\\/\\\/vivotis.com\\\/product\\\/small-hands-big-planet\\\/#breadcrumb\",\"itemListElement\":[{\"@type\":\"ListItem\",\"position\":1,\"name\":\"Home\",\"item\":\"https:\\\/\\\/vivotis.com\\\/\"},{\"@type\":\"ListItem\",\"position\":2,\"name\":\"Shop\",\"item\":\"https:\\\/\\\/vivotis.com\\\/shop\\\/\"},{\"@type\":\"ListItem\",\"position\":3,\"name\":\"Small Hands, Big Planet\"}]},{\"@type\":\"WebSite\",\"@id\":\"https:\\\/\\\/vivotis.com\\\/#website\",\"url\":\"https:\\\/\\\/vivotis.com\\\/\",\"name\":\"Vivotis\",\"description\":\"\",\"publisher\":{\"@id\":\"https:\\\/\\\/vivotis.com\\\/#organization\"},\"potentialAction\":[{\"@type\":\"SearchAction\",\"target\":{\"@type\":\"EntryPoint\",\"urlTemplate\":\"https:\\\/\\\/vivotis.com\\\/?s={search_term_string}\"},\"query-input\":{\"@type\":\"PropertyValueSpecification\",\"valueRequired\":true,\"valueName\":\"search_term_string\"}}],\"inLanguage\":\"de\"},{\"@type\":\"Organization\",\"@id\":\"https:\\\/\\\/vivotis.com\\\/#organization\",\"name\":\"Vivotis\",\"url\":\"https:\\\/\\\/vivotis.com\\\/\",\"logo\":{\"@type\":\"ImageObject\",\"inLanguage\":\"de\",\"@id\":\"https:\\\/\\\/vivotis.com\\\/#\\\/schema\\\/logo\\\/image\\\/\",\"url\":\"https:\\\/\\\/vivotis.com\\\/wp-content\\\/uploads\\\/2025\\\/11\\\/logo-brand-000000-m-scaled.png\",\"contentUrl\":\"https:\\\/\\\/vivotis.com\\\/wp-content\\\/uploads\\\/2025\\\/11\\\/logo-brand-000000-m-scaled.png\",\"width\":2560,\"height\":1281,\"caption\":\"Vivotis\"},\"image\":{\"@id\":\"https:\\\/\\\/vivotis.com\\\/#\\\/schema\\\/logo\\\/image\\\/\"}}]}<\/script>\n<!-- \/ Yoast SEO plugin. -->","yoast_head_json":{"title":"Kleine H\u00e4nde, gro\u00dfer Planet - Vivotis","robots":{"index":"index","follow":"follow","max-snippet":"max-snippet:-1","max-image-preview":"max-image-preview:large","max-video-preview":"max-video-preview:-1"},"canonical":"https:\/\/vivotis.com\/de\/produkt\/kleine-hande-groser-planet\/","og_locale":"de_DE","og_type":"article","og_title":"Small Hands, Big Planet - Vivotis","og_description":"Through an ordinary day, a young girl discovers that every action counts for the planet. A positive picture book that introduces children to everyday ecology. A reassuring story that shows protecting nature is within everyone\u2019s reach.","og_url":"https:\/\/vivotis.com\/de\/produkt\/kleine-hande-groser-planet\/","og_site_name":"Vivotis","article_modified_time":"2026-04-03T19:38:19+00:00","og_image":[{"width":604,"height":604,"url":"https:\/\/vivotis.com\/wp-content\/uploads\/2025\/12\/L008.jpg","type":"image\/jpeg"}],"twitter_card":"summary_large_image","twitter_misc":{"Gesch\u00e4tzte Lesezeit":"1\u00a0Minute"},"schema":{"@context":"https:\/\/schema.org","@graph":[{"@type":"WebPage","@id":"https:\/\/vivotis.com\/product\/small-hands-big-planet\/","url":"https:\/\/vivotis.com\/product\/small-hands-big-planet\/","name":"Kleine H\u00e4nde, gro\u00dfer Planet - Vivotis","isPartOf":{"@id":"https:\/\/vivotis.com\/#website"},"primaryImageOfPage":{"@id":"https:\/\/vivotis.com\/product\/small-hands-big-planet\/#primaryimage"},"image":{"@id":"https:\/\/vivotis.com\/product\/small-hands-big-planet\/#primaryimage"},"thumbnailUrl":"https:\/\/vivotis.com\/wp-content\/uploads\/2025\/12\/L008.jpg","datePublished":"2025-11-27T19:20:05+00:00","dateModified":"2026-04-03T19:38:19+00:00","breadcrumb":{"@id":"https:\/\/vivotis.com\/product\/small-hands-big-planet\/#breadcrumb"},"inLanguage":"de","potentialAction":[{"@type":"ReadAction","target":["https:\/\/vivotis.com\/product\/small-hands-big-planet\/"]}]},{"@type":"ImageObject","inLanguage":"de","@id":"https:\/\/vivotis.com\/product\/small-hands-big-planet\/#primaryimage","url":"https:\/\/vivotis.com\/wp-content\/uploads\/2025\/12\/L008.jpg","contentUrl":"https:\/\/vivotis.com\/wp-content\/uploads\/2025\/12\/L008.jpg","width":604,"height":604},{"@type":"BreadcrumbList","@id":"https:\/\/vivotis.com\/product\/small-hands-big-planet\/#breadcrumb","itemListElement":[{"@type":"ListItem","position":1,"name":"Home","item":"https:\/\/vivotis.com\/"},{"@type":"ListItem","position":2,"name":"Shop","item":"https:\/\/vivotis.com\/shop\/"},{"@type":"ListItem","position":3,"name":"Small Hands, Big Planet"}]},{"@type":"WebSite","@id":"https:\/\/vivotis.com\/#website","url":"https:\/\/vivotis.com\/","name":"Vivotis","description":"","publisher":{"@id":"https:\/\/vivotis.com\/#organization"},"potentialAction":[{"@type":"SearchAction","target":{"@type":"EntryPoint","urlTemplate":"https:\/\/vivotis.com\/?s={search_term_string}"},"query-input":{"@type":"PropertyValueSpecification","valueRequired":true,"valueName":"search_term_string"}}],"inLanguage":"de"},{"@type":"Organization","@id":"https:\/\/vivotis.com\/#organization","name":"Vivotis","url":"https:\/\/vivotis.com\/","logo":{"@type":"ImageObject","inLanguage":"de","@id":"https:\/\/vivotis.com\/#\/schema\/logo\/image\/","url":"https:\/\/vivotis.com\/wp-content\/uploads\/2025\/11\/logo-brand-000000-m-scaled.png","contentUrl":"https:\/\/vivotis.com\/wp-content\/uploads\/2025\/11\/logo-brand-000000-m-scaled.png","width":2560,"height":1281,"caption":"Vivotis"},"image":{"@id":"https:\/\/vivotis.com\/#\/schema\/logo\/image\/"}}]}},"_links":{"self":[{"href":"https:\/\/vivotis.com\/de\/wp-json\/wp\/v2\/product\/2201","targetHints":{"allow":["GET"]}}],"collection":[{"href":"https:\/\/vivotis.com\/de\/wp-json\/wp\/v2\/product"}],"about":[{"href":"https:\/\/vivotis.com\/de\/wp-json\/wp\/v2\/types\/product"}],"wp:featuredmedia":[{"embeddable":true,"href":"https:\/\/vivotis.com\/de\/wp-json\/wp\/v2\/media\/2219"}],"wp:attachment":[{"href":"https:\/\/vivotis.com\/de\/wp-json\/wp\/v2\/media?parent=2201"}],"wp:term":[{"taxonomy":"product_brand","embeddable":true,"href":"https:\/\/vivotis.com\/de\/wp-json\/wp\/v2\/product_brand?post=2201"},{"taxonomy":"product_cat","embeddable":true,"href":"https:\/\/vivotis.com\/de\/wp-json\/wp\/v2\/product_cat?post=2201"},{"taxonomy":"product_tag","embeddable":true,"href":"https:\/\/vivotis.com\/de\/wp-json\/wp\/v2\/product_tag?post=2201"}],"curies":[{"name":"wp","href":"https:\/\/api.w.org\/{rel}","templated":true}]}}