{"id":582,"date":"2025-11-18T17:32:39","date_gmt":"2025-11-18T17:32:39","guid":{"rendered":"https:\/\/vivotis.com\/?page_id=582"},"modified":"2025-11-18T19:21:54","modified_gmt":"2025-11-18T19:21:54","slug":"datenschutzbestimmungen","status":"publish","type":"page","link":"https:\/\/vivotis.com\/de\/privacy-policy\/","title":{"rendered":"Datenschutzbestimmungen"},"content":{"rendered":"<div class=\"wpb-content-wrapper\"><div class=\"vc_row wpb_row vc_row-fluid\"><div class=\"wpb_column vc_column_container vc_col-sm-12\"><div class=\"vc_column-inner\"><div class=\"wpb_wrapper\">\n\t<div class=\"wpb_text_column wpb_content_element\" >\n\t\t<div class=\"wpb_wrapper\">\n\t\t\t<p data-start=\"3124\" data-end=\"3371\">In dieser Datenschutzrichtlinie wird erl\u00e4utert, wie Vivotis\u2122 Ihre personenbezogenen Daten gem\u00e4\u00df den folgenden Bestimmungen erfasst, verarbeitet und sch\u00fctzt <strong data-start=\"3241\" data-end=\"3300\">Allgemeine Datenschutzverordnung (EU) 2016\/679 (GDPR)<\/strong> und die <strong data-start=\"3309\" data-end=\"3370\">Franz\u00f6sisches Datenschutzgesetz (Loi Informatique et Libert\u00e9s)<\/strong>.<\/p>\n<p data-start=\"3373\" data-end=\"3441\">Durch die Nutzung dieser Website erkl\u00e4ren Sie sich mit den nachstehend beschriebenen Praktiken einverstanden.<\/p>\n<hr data-start=\"3443\" data-end=\"3446\" \/>\n<h2 data-start=\"3448\" data-end=\"3473\"><strong data-start=\"3451\" data-end=\"3473\">1. Data Controller<\/strong><\/h2>\n<p data-start=\"3474\" data-end=\"3576\">Der Inhaber der Datenverarbeitung ist:<br data-start=\"3497\" data-end=\"3500\" \/><strong data-start=\"3500\" data-end=\"3543\">SBrochot - Einzelunternehmen<\/strong><br data-start=\"3543\" data-end=\"3546\" \/>URL: <strong data-start=\"3553\" data-end=\"3576\"><a class=\"decorated-link cursor-pointer\" href=\"https:\/\/vivotis.com\/de\/datenschutzanfrage\/\" rel=\"noopener\" data-start=\"3555\" data-end=\"3574\">https:\/\/vivotis.com\/privacy-request\/<\/a><\/strong><\/p>\n<p data-start=\"3578\" data-end=\"3652\">Association Une Vie\u2122 Network fungiert als redaktioneller und operativer Partner.<\/p>\n<hr data-start=\"3654\" data-end=\"3657\" \/>\n<h2 data-start=\"3659\" data-end=\"3684\"><strong data-start=\"3662\" data-end=\"3684\">2. Daten, die wir sammeln<\/strong><\/h2>\n<p data-start=\"3685\" data-end=\"3735\">Je nachdem, wie Sie die Website nutzen, k\u00f6nnen wir Daten sammeln:<\/p>\n<h3 data-start=\"3737\" data-end=\"3768\"><strong data-start=\"3741\" data-end=\"3768\">Von Ihnen bereitgestellte Informationen<\/strong><\/h3>\n<ul data-start=\"3769\" data-end=\"4039\">\n<li data-start=\"3769\" data-end=\"3816\">\n<p data-start=\"3771\" data-end=\"3816\">Name, E-Mail (Kontaktformulare - Gravity Forms)<\/p>\n<\/li>\n<li data-start=\"3817\" data-end=\"3861\">\n<p data-start=\"3819\" data-end=\"3861\">Kontoinformationen (WooCommerce, PMPro)<\/p>\n<\/li>\n<li data-start=\"3862\" data-end=\"3955\">\n<p data-start=\"3864\" data-end=\"3955\">Zahlungsinformationen (sicher \u00fcber Stripe verarbeitet - Vivotis speichert keine Kartendaten)<\/p>\n<\/li>\n<li data-start=\"3956\" data-end=\"4039\">\n<p data-start=\"3958\" data-end=\"4039\">Nachrichten, die \u00fcber den AI-Engine-Chatbot \u00fcbermittelt werden (Verarbeitung zur Bereitstellung von Antworten)<\/p>\n<\/li>\n<\/ul>\n<h3 data-start=\"4041\" data-end=\"4084\"><strong data-start=\"4045\" data-end=\"4084\">Automatisch erfasste Informationen<\/strong><\/h3>\n<ul data-start=\"4085\" data-end=\"4237\">\n<li data-start=\"4085\" data-end=\"4109\">\n<p data-start=\"4087\" data-end=\"4109\">Sprachpr\u00e4ferenzen<\/p>\n<\/li>\n<li data-start=\"4110\" data-end=\"4151\">\n<p data-start=\"4112\" data-end=\"4151\">IP-Adresse (f\u00fcr Analysezwecke anonymisiert)<\/p>\n<\/li>\n<li data-start=\"4152\" data-end=\"4186\">\n<p data-start=\"4154\" data-end=\"4186\">Browser- und Ger\u00e4teinformationen<\/p>\n<\/li>\n<li data-start=\"4187\" data-end=\"4237\">\n<p data-start=\"4189\" data-end=\"4237\">Navigationsdaten (Google Analytics, mit Zustimmung)<\/p>\n<\/li>\n<\/ul>\n<hr data-start=\"4239\" data-end=\"4242\" \/>\n<h2 data-start=\"4244\" data-end=\"4277\"><strong data-start=\"4247\" data-end=\"4277\">3. Zweck und Rechtsgrundlage<\/strong><\/h2>\n<p data-start=\"4278\" data-end=\"4300\">Ihre Daten werden f\u00fcr folgende Zwecke verwendet:<\/p>\n<div class=\"_tableContainer_1rjym_1\">\n<div class=\"group _tableWrapper_1rjym_13 flex w-fit flex-col-reverse\" tabindex=\"-1\">\n<table class=\"w-fit min-w-(--thread-content-width)\" data-start=\"4302\" data-end=\"4722\">\n<thead data-start=\"4302\" data-end=\"4327\">\n<tr data-start=\"4302\" data-end=\"4327\">\n<th data-start=\"4302\" data-end=\"4312\" data-col-size=\"sm\">Zweck<\/th>\n<th data-start=\"4312\" data-end=\"4327\" data-col-size=\"sm\">Rechtliche Grundlagen<\/th>\n<\/tr>\n<\/thead>\n<tbody data-start=\"4353\" data-end=\"4722\">\n<tr data-start=\"4353\" data-end=\"4402\">\n<td data-start=\"4353\" data-end=\"4390\" data-col-size=\"sm\">Erstellen und Verwalten Ihres Kontos<\/td>\n<td data-col-size=\"sm\" data-start=\"4390\" data-end=\"4402\">Vertrag<\/td>\n<\/tr>\n<tr data-start=\"4403\" data-end=\"4438\">\n<td data-start=\"4403\" data-end=\"4426\" data-col-size=\"sm\">Bearbeitung von K\u00e4ufen<\/td>\n<td data-col-size=\"sm\" data-start=\"4426\" data-end=\"4438\">Vertrag<\/td>\n<\/tr>\n<tr data-start=\"4439\" data-end=\"4488\">\n<td data-start=\"4439\" data-end=\"4465\" data-col-size=\"sm\">Beantwortung von Anfragen<\/td>\n<td data-col-size=\"sm\" data-start=\"4465\" data-end=\"4488\">Legitimes Interesse<\/td>\n<\/tr>\n<tr data-start=\"4489\" data-end=\"4546\">\n<td data-start=\"4489\" data-end=\"4523\" data-col-size=\"sm\">Versenden von Verwaltungsnachrichten<\/td>\n<td data-col-size=\"sm\" data-start=\"4523\" data-end=\"4546\">Legitimes Interesse<\/td>\n<\/tr>\n<tr data-start=\"4547\" data-end=\"4602\">\n<td data-start=\"4547\" data-end=\"4579\" data-col-size=\"sm\">Betrugspr\u00e4vention und Sicherheit<\/td>\n<td data-col-size=\"sm\" data-start=\"4579\" data-end=\"4602\">Legitimes Interesse<\/td>\n<\/tr>\n<tr data-start=\"4603\" data-end=\"4654\">\n<td data-start=\"4603\" data-end=\"4643\" data-col-size=\"sm\">Analytik und Leistungsmessung<\/td>\n<td data-col-size=\"sm\" data-start=\"4643\" data-end=\"4654\">Zustimmung<\/td>\n<\/tr>\n<tr data-start=\"4655\" data-end=\"4722\">\n<td data-start=\"4655\" data-end=\"4679\" data-col-size=\"sm\">Chatbot-Funktionalit\u00e4t<\/td>\n<td data-col-size=\"sm\" data-start=\"4679\" data-end=\"4722\">Berechtigtes Interesse (Erbringung von Dienstleistungen)<\/td>\n<\/tr>\n<\/tbody>\n<\/table>\n<\/div>\n<\/div>\n<hr data-start=\"4724\" data-end=\"4727\" \/>\n<h2 data-start=\"4729\" data-end=\"4747\"><strong data-start=\"4732\" data-end=\"4747\">4. Zahlungen<\/strong><\/h2>\n<p data-start=\"4748\" data-end=\"4871\">Die Zahlungen werden abgewickelt \u00fcber <strong data-start=\"4779\" data-end=\"4789\">Streifen<\/strong>, die vollst\u00e4ndig PCI-DSS-konform ist.<br data-start=\"4824\" data-end=\"4827\" \/>Vivotis speichert keine Zahlungskartendaten.<\/p>\n<hr data-start=\"4873\" data-end=\"4876\" \/>\n<h2 data-start=\"4878\" data-end=\"4902\"><strong data-start=\"4881\" data-end=\"4902\">5. Vorratsdatenspeicherung<\/strong><\/h2>\n<ul data-start=\"4903\" data-end=\"5141\">\n<li data-start=\"4903\" data-end=\"4954\">\n<p data-start=\"4905\" data-end=\"4954\">Kontodaten: Solange Ihr Konto aktiv ist<\/p>\n<\/li>\n<li data-start=\"4955\" data-end=\"4996\">\n<p data-start=\"4957\" data-end=\"4996\">K\u00e4ufe: 6 Jahre (gesetzliche Verpflichtung)<\/p>\n<\/li>\n<li data-start=\"4997\" data-end=\"5025\">\n<p data-start=\"4999\" data-end=\"5025\">Kontaktformulare: 12 Monate<\/p>\n<\/li>\n<li data-start=\"5026\" data-end=\"5082\">\n<p data-start=\"5028\" data-end=\"5082\">Analysedaten: je nach Ihren Cookie-Einstellungen<\/p>\n<\/li>\n<li data-start=\"5083\" data-end=\"5141\">\n<p data-start=\"5085\" data-end=\"5141\">Chatbot-Daten: vor\u00fcbergehend f\u00fcr den technischen Betrieb gespeichert<\/p>\n<\/li>\n<\/ul>\n<hr data-start=\"5143\" data-end=\"5146\" \/>\n<h2 data-start=\"5148\" data-end=\"5173\"><strong data-start=\"5151\" data-end=\"5173\">6. Gemeinsame Nutzung von Daten<\/strong><\/h2>\n<p data-start=\"5174\" data-end=\"5285\">Wir verkaufen niemals Ihre Daten.<br data-start=\"5198\" data-end=\"5201\" \/>Daten d\u00fcrfen nur mit vertrauensw\u00fcrdigen Dienstleistern ausgetauscht werden, die f\u00fcr den Betrieb der Website erforderlich sind:<\/p>\n<ul data-start=\"5287\" data-end=\"5471\">\n<li data-start=\"5287\" data-end=\"5312\">\n<p data-start=\"5289\" data-end=\"5312\"><strong data-start=\"5289\" data-end=\"5299\">Streifen<\/strong> (Zahlungen)<\/p>\n<\/li>\n<li data-start=\"5313\" data-end=\"5364\">\n<p data-start=\"5315\" data-end=\"5364\"><strong data-start=\"5315\" data-end=\"5335\">Google Analytics<\/strong> (Statistik, mit Zustimmung)<\/p>\n<\/li>\n<li data-start=\"5365\" data-end=\"5386\">\n<p data-start=\"5367\" data-end=\"5386\"><strong data-start=\"5367\" data-end=\"5374\">OVH<\/strong> (Gastgeber)<\/p>\n<\/li>\n<li data-start=\"5387\" data-end=\"5425\">\n<p data-start=\"5389\" data-end=\"5425\"><strong data-start=\"5389\" data-end=\"5402\">AI-Engine<\/strong> (Chatbot-Verarbeitung)<\/p>\n<\/li>\n<li data-start=\"5426\" data-end=\"5471\">\n<p data-start=\"5428\" data-end=\"5471\"><strong data-start=\"5428\" data-end=\"5457\">Schwerkraftformulare \/ WordPress<\/strong> (Formulare &amp; CMS)<\/p>\n<\/li>\n<\/ul>\n<p data-start=\"5473\" data-end=\"5529\">Alle Anbieter erf\u00fcllen die GDPR oder gleichwertige Sicherheitsvorkehrungen.<\/p>\n<hr data-start=\"5531\" data-end=\"5534\" \/>\n<h2 data-start=\"5536\" data-end=\"5557\"><strong data-start=\"5539\" data-end=\"5557\">7. Deine Rechte<\/strong><\/h2>\n<p data-start=\"5558\" data-end=\"5578\">Sie k\u00f6nnen jederzeit:<\/p>\n<ul data-start=\"5580\" data-end=\"5747\">\n<li data-start=\"5580\" data-end=\"5600\">\n<p data-start=\"5582\" data-end=\"5600\">Zugang zu Ihren Daten<\/p>\n<\/li>\n<li data-start=\"5601\" data-end=\"5622\">\n<p data-start=\"5603\" data-end=\"5622\">Ihre Daten berichtigen<\/p>\n<\/li>\n<li data-start=\"5623\" data-end=\"5669\">\n<p data-start=\"5625\" data-end=\"5669\">Antrag auf L\u00f6schung (\u201cRecht auf Vergessenwerden\u201d)<\/p>\n<\/li>\n<li data-start=\"5670\" data-end=\"5693\">\n<p data-start=\"5672\" data-end=\"5693\">Verarbeitung einschr\u00e4nken<\/p>\n<\/li>\n<li data-start=\"5694\" data-end=\"5718\">\n<p data-start=\"5696\" data-end=\"5718\">Widerspruch gegen die Verarbeitung<\/p>\n<\/li>\n<li data-start=\"5719\" data-end=\"5747\">\n<p data-start=\"5721\" data-end=\"5747\">Antrag auf Daten\u00fcbertragbarkeit<\/p>\n<\/li>\n<\/ul>\n<p data-start=\"5749\" data-end=\"5811\">Zur Aus\u00fcbung Ihrer Rechte wenden Sie sich bitte an:<br data-start=\"5782\" data-end=\"5785\" \/>URL: <strong data-start=\"3553\" data-end=\"3576\"><a class=\"decorated-link cursor-pointer\" href=\"https:\/\/vivotis.com\/de\/datenschutzanfrage\/\" rel=\"noopener\" data-start=\"3555\" data-end=\"3574\">https:\/\/vivotis.com\/privacy-request\/<\/a><\/strong><\/p>\n<p data-start=\"5813\" data-end=\"5897\">Sie k\u00f6nnen auch eine Beschwerde bei folgender Stelle einreichen <strong data-start=\"5853\" data-end=\"5861\">CNIL<\/strong> (Franz\u00f6sische Datenschutzbeh\u00f6rde).<\/p>\n<hr data-start=\"5899\" data-end=\"5902\" \/>\n<h2 data-start=\"5904\" data-end=\"5942\"><strong data-start=\"5907\" data-end=\"5942\">8. Internationale Daten\u00fcbermittlung<\/strong><\/h2>\n<p data-start=\"5943\" data-end=\"6098\">Einige Anbieter (z. B. Stripe, Google) verarbeiten m\u00f6glicherweise Daten au\u00dferhalb der EU.<br data-start=\"6013\" data-end=\"6016\" \/>\u00dcbermittlungen werden durch GDPR-konforme Schutzma\u00dfnahmen (Standardvertragsklauseln) abgedeckt.<\/p>\n<hr data-start=\"6100\" data-end=\"6103\" \/>\n<h2 data-start=\"6105\" data-end=\"6122\"><strong data-start=\"6108\" data-end=\"6122\">9. Aktualisierungen<\/strong><\/h2>\n<p data-start=\"6123\" data-end=\"6203\">Diese Politik kann aktualisiert werden. Die neueste Version ist immer auf dieser Seite verf\u00fcgbar.<\/p>\n\n\t\t<\/div>\n\t<\/div>\n<\/div><\/div><\/div><\/div>\n<\/div>","protected":false},"excerpt":{"rendered":"This Privacy Policy explains how Vivotis\u2122 collects, processes and protects your personal data in accordance with the General Data Protection Regulation (EU) 2016\/679 (GDPR) and the French Data Protection Act (Loi Informatique et Libert\u00e9s). By using this website, you consent to the practices described below. 1. Data Controller The data controller is:SBrochot \u2013 Individual BusinessURL: [...]","protected":false},"author":1,"featured_media":0,"parent":0,"menu_order":0,"comment_status":"closed","ping_status":"closed","template":"","meta":{"pmpro_default_level":"","footnotes":""},"class_list":["post-582","page","type-page","status-publish","hentry","pmpro-has-access"],"yoast_head":"<!-- This site is optimized with the Yoast SEO plugin v27.3 - https:\/\/yoast.com\/product\/yoast-seo-wordpress\/ -->\n<title>Privacy Policy<\/title>\n<meta name=\"robots\" content=\"index, follow, max-snippet:-1, max-image-preview:large, max-video-preview:-1\" \/>\n<link rel=\"canonical\" href=\"https:\/\/vivotis.com\/de\/datenschutzbestimmungen\/\" \/>\n<meta property=\"og:locale\" content=\"de_DE\" \/>\n<meta property=\"og:type\" content=\"article\" \/>\n<meta property=\"og:title\" content=\"Privacy Policy\" \/>\n<meta property=\"og:url\" content=\"https:\/\/vivotis.com\/de\/datenschutzbestimmungen\/\" \/>\n<meta property=\"og:site_name\" content=\"Vivotis\" \/>\n<meta property=\"article:modified_time\" content=\"2025-11-18T19:21:54+00:00\" \/>\n<meta name=\"twitter:card\" content=\"summary_large_image\" \/>\n<meta name=\"twitter:label1\" content=\"Gesch\u00e4tzte Lesezeit\" \/>\n\t<meta name=\"twitter:data1\" content=\"2\u00a0Minuten\" \/>\n<script type=\"application\/ld+json\" class=\"yoast-schema-graph\">{\"@context\":\"https:\\\/\\\/schema.org\",\"@graph\":[{\"@type\":\"WebPage\",\"@id\":\"https:\\\/\\\/vivotis.com\\\/privacy-policy\\\/\",\"url\":\"https:\\\/\\\/vivotis.com\\\/privacy-policy\\\/\",\"name\":\"Privacy Policy\",\"isPartOf\":{\"@id\":\"https:\\\/\\\/vivotis.com\\\/#website\"},\"datePublished\":\"2025-11-18T17:32:39+00:00\",\"dateModified\":\"2025-11-18T19:21:54+00:00\",\"breadcrumb\":{\"@id\":\"https:\\\/\\\/vivotis.com\\\/privacy-policy\\\/#breadcrumb\"},\"inLanguage\":\"de\",\"potentialAction\":[{\"@type\":\"ReadAction\",\"target\":[\"https:\\\/\\\/vivotis.com\\\/privacy-policy\\\/\"]}]},{\"@type\":\"BreadcrumbList\",\"@id\":\"https:\\\/\\\/vivotis.com\\\/privacy-policy\\\/#breadcrumb\",\"itemListElement\":[{\"@type\":\"ListItem\",\"position\":1,\"name\":\"Home\",\"item\":\"https:\\\/\\\/vivotis.com\\\/\"},{\"@type\":\"ListItem\",\"position\":2,\"name\":\"Privacy Policy\"}]},{\"@type\":\"WebSite\",\"@id\":\"https:\\\/\\\/vivotis.com\\\/#website\",\"url\":\"https:\\\/\\\/vivotis.com\\\/\",\"name\":\"Vivotis\",\"description\":\"\",\"publisher\":{\"@id\":\"https:\\\/\\\/vivotis.com\\\/#organization\"},\"potentialAction\":[{\"@type\":\"SearchAction\",\"target\":{\"@type\":\"EntryPoint\",\"urlTemplate\":\"https:\\\/\\\/vivotis.com\\\/?s={search_term_string}\"},\"query-input\":{\"@type\":\"PropertyValueSpecification\",\"valueRequired\":true,\"valueName\":\"search_term_string\"}}],\"inLanguage\":\"de\"},{\"@type\":\"Organization\",\"@id\":\"https:\\\/\\\/vivotis.com\\\/#organization\",\"name\":\"Vivotis\",\"url\":\"https:\\\/\\\/vivotis.com\\\/\",\"logo\":{\"@type\":\"ImageObject\",\"inLanguage\":\"de\",\"@id\":\"https:\\\/\\\/vivotis.com\\\/#\\\/schema\\\/logo\\\/image\\\/\",\"url\":\"https:\\\/\\\/vivotis.com\\\/wp-content\\\/uploads\\\/2025\\\/11\\\/logo-brand-000000-m-scaled.png\",\"contentUrl\":\"https:\\\/\\\/vivotis.com\\\/wp-content\\\/uploads\\\/2025\\\/11\\\/logo-brand-000000-m-scaled.png\",\"width\":2560,\"height\":1281,\"caption\":\"Vivotis\"},\"image\":{\"@id\":\"https:\\\/\\\/vivotis.com\\\/#\\\/schema\\\/logo\\\/image\\\/\"}}]}<\/script>\n<!-- \/ Yoast SEO plugin. -->","yoast_head_json":{"title":"Datenschutzbestimmungen","robots":{"index":"index","follow":"follow","max-snippet":"max-snippet:-1","max-image-preview":"max-image-preview:large","max-video-preview":"max-video-preview:-1"},"canonical":"https:\/\/vivotis.com\/de\/datenschutzbestimmungen\/","og_locale":"de_DE","og_type":"article","og_title":"Privacy Policy","og_url":"https:\/\/vivotis.com\/de\/datenschutzbestimmungen\/","og_site_name":"Vivotis","article_modified_time":"2025-11-18T19:21:54+00:00","twitter_card":"summary_large_image","twitter_misc":{"Gesch\u00e4tzte Lesezeit":"2\u00a0Minuten"},"schema":{"@context":"https:\/\/schema.org","@graph":[{"@type":"WebPage","@id":"https:\/\/vivotis.com\/privacy-policy\/","url":"https:\/\/vivotis.com\/privacy-policy\/","name":"Datenschutzbestimmungen","isPartOf":{"@id":"https:\/\/vivotis.com\/#website"},"datePublished":"2025-11-18T17:32:39+00:00","dateModified":"2025-11-18T19:21:54+00:00","breadcrumb":{"@id":"https:\/\/vivotis.com\/privacy-policy\/#breadcrumb"},"inLanguage":"de","potentialAction":[{"@type":"ReadAction","target":["https:\/\/vivotis.com\/privacy-policy\/"]}]},{"@type":"BreadcrumbList","@id":"https:\/\/vivotis.com\/privacy-policy\/#breadcrumb","itemListElement":[{"@type":"ListItem","position":1,"name":"Home","item":"https:\/\/vivotis.com\/"},{"@type":"ListItem","position":2,"name":"Privacy Policy"}]},{"@type":"WebSite","@id":"https:\/\/vivotis.com\/#website","url":"https:\/\/vivotis.com\/","name":"Vivotis","description":"","publisher":{"@id":"https:\/\/vivotis.com\/#organization"},"potentialAction":[{"@type":"SearchAction","target":{"@type":"EntryPoint","urlTemplate":"https:\/\/vivotis.com\/?s={search_term_string}"},"query-input":{"@type":"PropertyValueSpecification","valueRequired":true,"valueName":"search_term_string"}}],"inLanguage":"de"},{"@type":"Organization","@id":"https:\/\/vivotis.com\/#organization","name":"Vivotis","url":"https:\/\/vivotis.com\/","logo":{"@type":"ImageObject","inLanguage":"de","@id":"https:\/\/vivotis.com\/#\/schema\/logo\/image\/","url":"https:\/\/vivotis.com\/wp-content\/uploads\/2025\/11\/logo-brand-000000-m-scaled.png","contentUrl":"https:\/\/vivotis.com\/wp-content\/uploads\/2025\/11\/logo-brand-000000-m-scaled.png","width":2560,"height":1281,"caption":"Vivotis"},"image":{"@id":"https:\/\/vivotis.com\/#\/schema\/logo\/image\/"}}]}},"_links":{"self":[{"href":"https:\/\/vivotis.com\/de\/wp-json\/wp\/v2\/pages\/582","targetHints":{"allow":["GET"]}}],"collection":[{"href":"https:\/\/vivotis.com\/de\/wp-json\/wp\/v2\/pages"}],"about":[{"href":"https:\/\/vivotis.com\/de\/wp-json\/wp\/v2\/types\/page"}],"author":[{"embeddable":true,"href":"https:\/\/vivotis.com\/de\/wp-json\/wp\/v2\/users\/1"}],"replies":[{"embeddable":true,"href":"https:\/\/vivotis.com\/de\/wp-json\/wp\/v2\/comments?post=582"}],"version-history":[{"count":3,"href":"https:\/\/vivotis.com\/de\/wp-json\/wp\/v2\/pages\/582\/revisions"}],"predecessor-version":[{"id":613,"href":"https:\/\/vivotis.com\/de\/wp-json\/wp\/v2\/pages\/582\/revisions\/613"}],"wp:attachment":[{"href":"https:\/\/vivotis.com\/de\/wp-json\/wp\/v2\/media?parent=582"}],"curies":[{"name":"wp","href":"https:\/\/api.w.org\/{rel}","templated":true}]}}