{"id":555,"date":"2025-11-18T17:06:30","date_gmt":"2025-11-18T17:06:30","guid":{"rendered":"https:\/\/vivotis.com\/?page_id=555"},"modified":"2025-11-18T17:58:33","modified_gmt":"2025-11-18T17:58:33","slug":"hilfe","status":"publish","type":"page","link":"https:\/\/vivotis.com\/de\/help\/","title":{"rendered":"Brauchen Sie Hilfe?"},"content":{"rendered":"<p data-start=\"472\" data-end=\"831\">Vivotis\u2122 bietet eine Reihe mehrsprachiger digitaler Dienste an, darunter Online-Schulungen (Texte, PDFs, Videos, Audiomaterialien und Quiz), herunterladbare Ressourcen, KI-gest\u00fctzte Beratung und auf Anfrage produzierte physische Produkte.<br data-start=\"697\" data-end=\"700\" \/>Bevor Sie sich mit uns in Verbindung setzen, nehmen Sie sich bitte einen Moment Zeit, um die folgenden Informationen durchzulesen - die meisten Probleme k\u00f6nnen schnell und unabh\u00e4ngig gel\u00f6st werden.<\/p>\n<p data-start=\"833\" data-end=\"977\">Unser Ziel ist es, Ihnen den Zugriff auf Ihre Inhalte so effizient wie m\u00f6glich zu gestalten und gleichzeitig unsere Support-Ressourcen auf echte technische Probleme zu konzentrieren.<\/p>\n<hr data-start=\"979\" data-end=\"982\" \/>\n<h2 data-start=\"984\" data-end=\"1032\"><strong data-start=\"987\" data-end=\"1030\">Zugang zu Ihren Online-Schulungen (PMPro)<\/strong><\/h2>\n<p data-start=\"1033\" data-end=\"1175\">Alle Schulungen - ob kostenlos oder kostenpflichtig - sind \u00fcber Ihr PMPro-Konto zug\u00e4nglich.<br data-start=\"1112\" data-end=\"1115\" \/>Wenn Sie keinen Zugang zu einer Schulung haben, \u00fcberpr\u00fcfen Sie bitte Folgendes:<\/p>\n<ul data-start=\"1177\" data-end=\"1481\">\n<li data-start=\"1177\" data-end=\"1220\">\n<p data-start=\"1179\" data-end=\"1220\">Sie sind bei dem richtigen Konto angemeldet<\/p>\n<\/li>\n<li data-start=\"1221\" data-end=\"1265\">\n<p data-start=\"1223\" data-end=\"1265\">Ihre Mitgliedschaft ist aktiv (kostenlos oder bezahlt)<\/p>\n<\/li>\n<li data-start=\"1266\" data-end=\"1322\">\n<p data-start=\"1268\" data-end=\"1322\">Ihre Zahlung (falls zutreffend) wurde von Stripe best\u00e4tigt<\/p>\n<\/li>\n<li data-start=\"1323\" data-end=\"1362\">\n<p data-start=\"1325\" data-end=\"1362\">Ihr Browser-Cache wurde geleert<\/p>\n<\/li>\n<li data-start=\"1363\" data-end=\"1418\">\n<p data-start=\"1365\" data-end=\"1418\">Sie haben die automatischen Best\u00e4tigungs-E-Mails erhalten<\/p>\n<\/li>\n<li data-start=\"1419\" data-end=\"1481\">\n<p data-start=\"1421\" data-end=\"1481\">Sie verwenden einen kompatiblen Browser (Chrome, Firefox, Safari)<\/p>\n<\/li>\n<\/ul>\n<p data-start=\"1483\" data-end=\"1550\">Die meisten Zugangsprobleme lassen sich durch Abmelden und erneutes Anmelden l\u00f6sen.<\/p>\n<hr data-start=\"1552\" data-end=\"1555\" \/>\n<h2 data-start=\"1557\" data-end=\"1592\"><strong data-start=\"1560\" data-end=\"1590\">Herunterladen von PDFs und Dateien<\/strong><\/h2>\n<p data-start=\"1593\" data-end=\"1710\">Alle herunterladbaren Dateien werden automatisch \u00fcber Ihren PMPro-Mitgliedsbereich bereitgestellt.<br data-start=\"1679\" data-end=\"1682\" \/>Wenn eine Datei nicht heruntergeladen werden kann:<\/p>\n<ul data-start=\"1712\" data-end=\"1869\">\n<li data-start=\"1712\" data-end=\"1735\">\n<p data-start=\"1714\" data-end=\"1735\">Versuchen Sie einen anderen Browser<\/p>\n<\/li>\n<li data-start=\"1736\" data-end=\"1791\">\n<p data-start=\"1738\" data-end=\"1791\">Deaktivieren Sie Browsererweiterungen, die Downloads blockieren k\u00f6nnen<\/p>\n<\/li>\n<li data-start=\"1792\" data-end=\"1839\">\n<p data-start=\"1794\" data-end=\"1839\">Stellen Sie sicher, dass Ihr Ger\u00e4t \u00fcber freien Speicherplatz verf\u00fcgt<\/p>\n<\/li>\n<li data-start=\"1840\" data-end=\"1869\">\n<p data-start=\"1842\" data-end=\"1869\">Verbinden Sie sich erneut mit Ihrem Konto<\/p>\n<\/li>\n<\/ul>\n<p data-start=\"1871\" data-end=\"1940\">Die Downloads erfordern keine manuelle Aktivierung - alles ist automatisiert.<\/p>\n<hr data-start=\"1942\" data-end=\"1945\" \/>\n<h2 data-start=\"1947\" data-end=\"1990\"><strong data-start=\"1950\" data-end=\"1988\">Videos, Audiomaterial und Quizfragen<\/strong><\/h2>\n<p data-start=\"1991\" data-end=\"2075\">Die Schulungen k\u00f6nnen Videos, Audiodateien und Quizfragen enthalten.<br data-start=\"2046\" data-end=\"2049\" \/>Wenn etwas nicht geladen wird:<\/p>\n<ul data-start=\"2077\" data-end=\"2216\">\n<li data-start=\"2077\" data-end=\"2111\">\n<p data-start=\"2079\" data-end=\"2111\">\u00dcberpr\u00fcfen Sie Ihre Internetverbindung<\/p>\n<\/li>\n<li data-start=\"2112\" data-end=\"2139\">\n<p data-start=\"2114\" data-end=\"2139\">Versuchen Sie, die Seite zu aktualisieren<\/p>\n<\/li>\n<li data-start=\"2140\" data-end=\"2182\">\n<p data-start=\"2142\" data-end=\"2182\">Schlie\u00dfen Sie andere umfangreiche Anwendungen oder Browser-Tabs<\/p>\n<\/li>\n<li data-start=\"2183\" data-end=\"2216\">\n<p data-start=\"2185\" data-end=\"2216\">Versuchen Sie ein anderes Ger\u00e4t oder einen anderen Browser<\/p>\n<\/li>\n<\/ul>\n<p data-start=\"2218\" data-end=\"2386\">Die Videos und Audiodateien werden auf stabilen externen Plattformen gehostet, die eine internationale Wiedergabe gew\u00e4hrleisten sollen, aber sehr alte Ger\u00e4te oder restriktive Netzwerke k\u00f6nnen Probleme verursachen.<\/p>\n<hr data-start=\"2388\" data-end=\"2391\" \/>\n<h2 data-start=\"2393\" data-end=\"2424\"><strong data-start=\"2396\" data-end=\"2422\">KI-Assistent (Chatbot)<\/strong><\/h2>\n<p data-start=\"2425\" data-end=\"2532\">Der Vivotis\u2122-Assistent wird von der AI Engine unterst\u00fctzt.<br data-start=\"2472\" data-end=\"2475\" \/>Wenn der Chatbot nicht antwortet oder mitten im Gespr\u00e4ch abbricht:<\/p>\n<ul data-start=\"2534\" data-end=\"2679\">\n<li data-start=\"2534\" data-end=\"2554\">\n<p data-start=\"2536\" data-end=\"2554\">Aktualisieren Sie die Seite<\/p>\n<\/li>\n<li data-start=\"2555\" data-end=\"2583\">\n<p data-start=\"2557\" data-end=\"2583\">L\u00f6schen Sie Ihren Browser-Cache<\/p>\n<\/li>\n<li data-start=\"2584\" data-end=\"2622\">\n<p data-start=\"2586\" data-end=\"2622\">Vermeiden Sie die Verwendung des Privat-\/Inkognito-Modus<\/p>\n<\/li>\n<li data-start=\"2623\" data-end=\"2679\">\n<p data-start=\"2625\" data-end=\"2679\">Versuchen Sie es sp\u00e4ter noch einmal (es kann zu einer vor\u00fcbergehenden \u00dcberlastung des Servers kommen)<\/p>\n<\/li>\n<\/ul>\n<p data-start=\"2681\" data-end=\"2755\">Chatbot-Nachrichten werden nicht manuell bearbeitet - die Antworten sind vollst\u00e4ndig automatisiert.<\/p>\n<hr data-start=\"2757\" data-end=\"2760\" \/>\n<h2 data-start=\"2762\" data-end=\"2813\"><strong data-start=\"2765\" data-end=\"2811\">Bestellungen und Produkte (WooCommerce + Gelato)<\/strong><\/h2>\n<p data-start=\"2814\" data-end=\"2920\">Physische Produkte wie Tassen werden von Gelato auf Anfrage gedruckt und versandt.<br data-start=\"2889\" data-end=\"2892\" \/>Wenn Sie eine Bestellung aufgegeben haben:<\/p>\n<ul data-start=\"2922\" data-end=\"3111\">\n<li data-start=\"2922\" data-end=\"2973\">\n<p data-start=\"2924\" data-end=\"2973\">Pr\u00fcfen Sie Ihre Auftragsbest\u00e4tigung per E-Mail (automatisch)<\/p>\n<\/li>\n<li data-start=\"2974\" data-end=\"3030\">\n<p data-start=\"2976\" data-end=\"3030\">Verfolgen Sie die Sendung \u00fcber den von Gelato bereitgestellten Link<\/p>\n<\/li>\n<li data-start=\"3031\" data-end=\"3063\">\n<p data-start=\"3033\" data-end=\"3063\">\u00dcberpr\u00fcfen Sie Ihre Lieferadresse<\/p>\n<\/li>\n<li data-start=\"3064\" data-end=\"3111\">\n<p data-start=\"3066\" data-end=\"3111\">Mehr Zeit f\u00fcr internationale Lieferungen einplanen<\/p>\n<\/li>\n<\/ul>\n<p data-start=\"3113\" data-end=\"3184\">F\u00fcr k\u00fcnftige Produkte (Tragetaschen, T-Shirts) gilt das gleiche Verfahren.<\/p>\n<p data-start=\"3186\" data-end=\"3264\">Bitte beachten Sie: Vivotis\u2122 kann Ihre Bestellung nicht mehr \u00e4ndern, sobald sie in Produktion gegangen ist.<\/p>\n<hr data-start=\"3266\" data-end=\"3269\" \/>\n<h2 data-start=\"3271\" data-end=\"3300\"><strong data-start=\"3274\" data-end=\"3298\">Bevor Sie uns kontaktieren<\/strong><\/h2>\n<p data-start=\"3301\" data-end=\"3516\">Die meisten Probleme lassen sich schnell l\u00f6sen, wenn Sie die oben genannten Schritte befolgen.<br data-start=\"3364\" data-end=\"3367\" \/>Um unsere Reaktionszeit angemessen zu halten und echte technische Probleme vorrangig zu behandeln, bitten wir die Nutzer, alle relevanten Schritte zu versuchen, bevor sie sich an uns wenden.<\/p>\n<p data-start=\"3518\" data-end=\"3646\">Wenn Ihr Problem nach allen auf dieser Seite beschriebenen Pr\u00fcfungen weiterhin besteht, k\u00f6nnen Sie ein technisches Problem \u00fcber unser spezielles Formular melden.<\/p>\n<hr data-start=\"3648\" data-end=\"3651\" \/>\n<h2 data-start=\"3653\" data-end=\"3686\"><strong data-start=\"3656\" data-end=\"3684\">Ein technisches Problem melden<\/strong><\/h2>\n<p data-start=\"3687\" data-end=\"3818\">Dieses Formular ist reserviert <strong data-start=\"3709\" data-end=\"3724\">ausschlie\u00dflich<\/strong> f\u00fcr echte, ungel\u00f6ste technische Probleme, nachdem Sie alle Schritte zur Fehlerbehebung durchgef\u00fchrt haben.<\/p>\n<p data-start=\"3820\" data-end=\"3911\">\ud83d\udc49 Bitte benutzen Sie die Seite <a href=\"https:\/\/vivotis.com\/de\/hilfeersuchen\/\"><strong data-start=\"3843\" data-end=\"3872\">Anfrage an den technischen Support<\/strong><\/a> um einen Fehler oder ein anhaltendes Problem zu melden.<\/p>\n<p data-start=\"3913\" data-end=\"4042\">Wir werden Ihre Anfrage so schnell wie m\u00f6glich pr\u00fcfen, aber bitte beachten Sie, dass die Antwortzeiten je nach Umfang und Komplexit\u00e4t variieren k\u00f6nnen.<\/p>","protected":false},"excerpt":{"rendered":"<p>Vivotis\u2122 provides a range of multilingual digital services, including online trainings (text, PDFs, videos, audio materials and quizzes), downloadable resources, AI-assisted guidance, and physical products produced on demand.Before contacting us, please take a moment to review the information below \u2014 most issues can be resolved quickly and independently. Our goal is to help you access [&hellip;]<\/p>\n","protected":false},"author":1,"featured_media":0,"parent":0,"menu_order":0,"comment_status":"closed","ping_status":"closed","template":"","meta":{"pmpro_default_level":"","footnotes":""},"class_list":["post-555","page","type-page","status-publish","hentry","pmpro-has-access"],"yoast_head":"<!-- This site is optimized with the Yoast SEO plugin v27.3 - https:\/\/yoast.com\/product\/yoast-seo-wordpress\/ -->\n<title>Need Help?<\/title>\n<meta name=\"robots\" content=\"index, follow, max-snippet:-1, max-image-preview:large, max-video-preview:-1\" \/>\n<link rel=\"canonical\" href=\"https:\/\/vivotis.com\/de\/hilfe\/\" \/>\n<meta property=\"og:locale\" content=\"de_DE\" \/>\n<meta property=\"og:type\" content=\"article\" \/>\n<meta property=\"og:title\" content=\"Need Help?\" \/>\n<meta property=\"og:description\" content=\"Vivotis\u2122 provides a range of multilingual digital services, including online trainings (text, PDFs, videos, audio materials and quizzes), downloadable resources, AI-assisted guidance, and physical products produced on demand.Before contacting us, please take a moment to review the information below \u2014 most issues can be resolved quickly and independently. Our goal is to help you access [&hellip;]\" \/>\n<meta property=\"og:url\" content=\"https:\/\/vivotis.com\/de\/hilfe\/\" \/>\n<meta property=\"og:site_name\" content=\"Vivotis\" \/>\n<meta property=\"article:modified_time\" content=\"2025-11-18T17:58:33+00:00\" \/>\n<meta name=\"twitter:card\" content=\"summary_large_image\" \/>\n<meta name=\"twitter:label1\" content=\"Gesch\u00e4tzte Lesezeit\" \/>\n\t<meta name=\"twitter:data1\" content=\"3\u00a0Minuten\" \/>\n<script type=\"application\/ld+json\" class=\"yoast-schema-graph\">{\"@context\":\"https:\\\/\\\/schema.org\",\"@graph\":[{\"@type\":\"WebPage\",\"@id\":\"https:\\\/\\\/vivotis.com\\\/help\\\/\",\"url\":\"https:\\\/\\\/vivotis.com\\\/help\\\/\",\"name\":\"Need Help?\",\"isPartOf\":{\"@id\":\"https:\\\/\\\/vivotis.com\\\/#website\"},\"datePublished\":\"2025-11-18T17:06:30+00:00\",\"dateModified\":\"2025-11-18T17:58:33+00:00\",\"breadcrumb\":{\"@id\":\"https:\\\/\\\/vivotis.com\\\/help\\\/#breadcrumb\"},\"inLanguage\":\"de\",\"potentialAction\":[{\"@type\":\"ReadAction\",\"target\":[\"https:\\\/\\\/vivotis.com\\\/help\\\/\"]}]},{\"@type\":\"BreadcrumbList\",\"@id\":\"https:\\\/\\\/vivotis.com\\\/help\\\/#breadcrumb\",\"itemListElement\":[{\"@type\":\"ListItem\",\"position\":1,\"name\":\"Home\",\"item\":\"https:\\\/\\\/vivotis.com\\\/\"},{\"@type\":\"ListItem\",\"position\":2,\"name\":\"Need Help?\"}]},{\"@type\":\"WebSite\",\"@id\":\"https:\\\/\\\/vivotis.com\\\/#website\",\"url\":\"https:\\\/\\\/vivotis.com\\\/\",\"name\":\"Vivotis\",\"description\":\"\",\"publisher\":{\"@id\":\"https:\\\/\\\/vivotis.com\\\/#organization\"},\"potentialAction\":[{\"@type\":\"SearchAction\",\"target\":{\"@type\":\"EntryPoint\",\"urlTemplate\":\"https:\\\/\\\/vivotis.com\\\/?s={search_term_string}\"},\"query-input\":{\"@type\":\"PropertyValueSpecification\",\"valueRequired\":true,\"valueName\":\"search_term_string\"}}],\"inLanguage\":\"de\"},{\"@type\":\"Organization\",\"@id\":\"https:\\\/\\\/vivotis.com\\\/#organization\",\"name\":\"Vivotis\",\"url\":\"https:\\\/\\\/vivotis.com\\\/\",\"logo\":{\"@type\":\"ImageObject\",\"inLanguage\":\"de\",\"@id\":\"https:\\\/\\\/vivotis.com\\\/#\\\/schema\\\/logo\\\/image\\\/\",\"url\":\"https:\\\/\\\/vivotis.com\\\/wp-content\\\/uploads\\\/2025\\\/11\\\/logo-brand-000000-m-scaled.png\",\"contentUrl\":\"https:\\\/\\\/vivotis.com\\\/wp-content\\\/uploads\\\/2025\\\/11\\\/logo-brand-000000-m-scaled.png\",\"width\":2560,\"height\":1281,\"caption\":\"Vivotis\"},\"image\":{\"@id\":\"https:\\\/\\\/vivotis.com\\\/#\\\/schema\\\/logo\\\/image\\\/\"}}]}<\/script>\n<!-- \/ Yoast SEO plugin. -->","yoast_head_json":{"title":"Brauchen Sie Hilfe?","robots":{"index":"index","follow":"follow","max-snippet":"max-snippet:-1","max-image-preview":"max-image-preview:large","max-video-preview":"max-video-preview:-1"},"canonical":"https:\/\/vivotis.com\/de\/hilfe\/","og_locale":"de_DE","og_type":"article","og_title":"Need Help?","og_description":"Vivotis\u2122 provides a range of multilingual digital services, including online trainings (text, PDFs, videos, audio materials and quizzes), downloadable resources, AI-assisted guidance, and physical products produced on demand.Before contacting us, please take a moment to review the information below \u2014 most issues can be resolved quickly and independently. Our goal is to help you access [&hellip;]","og_url":"https:\/\/vivotis.com\/de\/hilfe\/","og_site_name":"Vivotis","article_modified_time":"2025-11-18T17:58:33+00:00","twitter_card":"summary_large_image","twitter_misc":{"Gesch\u00e4tzte Lesezeit":"3\u00a0Minuten"},"schema":{"@context":"https:\/\/schema.org","@graph":[{"@type":"WebPage","@id":"https:\/\/vivotis.com\/help\/","url":"https:\/\/vivotis.com\/help\/","name":"Brauchen Sie Hilfe?","isPartOf":{"@id":"https:\/\/vivotis.com\/#website"},"datePublished":"2025-11-18T17:06:30+00:00","dateModified":"2025-11-18T17:58:33+00:00","breadcrumb":{"@id":"https:\/\/vivotis.com\/help\/#breadcrumb"},"inLanguage":"de","potentialAction":[{"@type":"ReadAction","target":["https:\/\/vivotis.com\/help\/"]}]},{"@type":"BreadcrumbList","@id":"https:\/\/vivotis.com\/help\/#breadcrumb","itemListElement":[{"@type":"ListItem","position":1,"name":"Home","item":"https:\/\/vivotis.com\/"},{"@type":"ListItem","position":2,"name":"Need Help?"}]},{"@type":"WebSite","@id":"https:\/\/vivotis.com\/#website","url":"https:\/\/vivotis.com\/","name":"Vivotis","description":"","publisher":{"@id":"https:\/\/vivotis.com\/#organization"},"potentialAction":[{"@type":"SearchAction","target":{"@type":"EntryPoint","urlTemplate":"https:\/\/vivotis.com\/?s={search_term_string}"},"query-input":{"@type":"PropertyValueSpecification","valueRequired":true,"valueName":"search_term_string"}}],"inLanguage":"de"},{"@type":"Organization","@id":"https:\/\/vivotis.com\/#organization","name":"Vivotis","url":"https:\/\/vivotis.com\/","logo":{"@type":"ImageObject","inLanguage":"de","@id":"https:\/\/vivotis.com\/#\/schema\/logo\/image\/","url":"https:\/\/vivotis.com\/wp-content\/uploads\/2025\/11\/logo-brand-000000-m-scaled.png","contentUrl":"https:\/\/vivotis.com\/wp-content\/uploads\/2025\/11\/logo-brand-000000-m-scaled.png","width":2560,"height":1281,"caption":"Vivotis"},"image":{"@id":"https:\/\/vivotis.com\/#\/schema\/logo\/image\/"}}]}},"_links":{"self":[{"href":"https:\/\/vivotis.com\/de\/wp-json\/wp\/v2\/pages\/555","targetHints":{"allow":["GET"]}}],"collection":[{"href":"https:\/\/vivotis.com\/de\/wp-json\/wp\/v2\/pages"}],"about":[{"href":"https:\/\/vivotis.com\/de\/wp-json\/wp\/v2\/types\/page"}],"author":[{"embeddable":true,"href":"https:\/\/vivotis.com\/de\/wp-json\/wp\/v2\/users\/1"}],"replies":[{"embeddable":true,"href":"https:\/\/vivotis.com\/de\/wp-json\/wp\/v2\/comments?post=555"}],"version-history":[{"count":5,"href":"https:\/\/vivotis.com\/de\/wp-json\/wp\/v2\/pages\/555\/revisions"}],"predecessor-version":[{"id":599,"href":"https:\/\/vivotis.com\/de\/wp-json\/wp\/v2\/pages\/555\/revisions\/599"}],"wp:attachment":[{"href":"https:\/\/vivotis.com\/de\/wp-json\/wp\/v2\/media?parent=555"}],"curies":[{"name":"wp","href":"https:\/\/api.w.org\/{rel}","templated":true}]}}